{"id":8978,"date":"2022-07-13T14:28:21","date_gmt":"2022-07-13T14:28:21","guid":{"rendered":"https:\/\/areton-ltd.com\/?post_type=product&#038;p=8978"},"modified":"2024-09-18T15:40:18","modified_gmt":"2024-09-18T15:40:18","slug":"xanthremover-glycolic-acid-peel-for-xanthelasma-removal-syringoma-removal-moles-and-etc","status":"publish","type":"product","link":"https:\/\/areton-ltd.com\/es\/producto\/xanthremover-glycolic-acid-peel-for-xanthelasma-removal-syringoma-removal-moles-and-etc\/","title":{"rendered":"Exfoliaci\u00f3n con \u00e1cido glic\u00f3lico XanthRemover para eliminaci\u00f3n de xantelasma, eliminaci\u00f3n de siringoma, lunares, etc."},"content":{"rendered":"<p>The XanthRemover is the most effective, one of the safest, and inexpensive Xanthelasma removal solutions. Thousands of people around the world have now removed their Xanthelasma by using the XanthRemover.<\/p>\n<p>&nbsp;<\/p>\n<p>The XanthRemover is also used for: &#8212;&#8212;&#8212;&#8212;&#8212;&#8212;&#8212;&#8212;&#8212;&#8212;&#8212;&#8212;&#8212;&#8212;&#8212;&#8212;&#8212;&#8212;-<\/p>\n<p>* Professional Cosmetic Peels achieving same or better exfoliation than other cosmetic peels at expensive cosmetic clinics. The first professional cosmetic peel for home use. * Brown Spots Removal (also Called Liver Spots). * Age Spots Removal. * Syringoma Removal. * Seborrheic Keratosis Removal. * Benign Moles Removal. * Skin Imperfection Removal. * Skin Tightening. * Improving the Appearance of Fine Lines and Wrinkles. * Upper Eyelid Tightening. * Lower Eyelid Tightening * Crows Feet Attenuation. * Skin Brightening. * Stretch Marks Removal * Milia treatment Visit our website for information \\: For more Information Visit : Xanthelasmaremoval.com<\/p>","protected":false},"excerpt":{"rendered":"<p>Professional Cosmetic Peels achieving same or better exfoliation than other cosmetic peels at expensive cosmetic clinics. The first professional cosmetic peel for home use. * Brown Spots Removal (also Called Liver Spots). * Age Spots Removal. * Syringoma Removal. * Seborrheic Keratosis Removal. * Benign Moles Removal. * Skin Imperfection Removal. * Skin Tightening. * Improving the Appearance of Fine Lines and Wrinkles. * Upper Eyelid Tightening. * Lower Eyelid Tightening * Crows Feet Attenuation. * Skin Brightening. * Stretch Marks Removal * Milia treatment Visit our website for information<\/p>\n<p>\\: For more Information Visit : Xanthelasmaremoval.com<\/p>","protected":false},"featured_media":17286,"comment_status":"closed","ping_status":"closed","template":"","meta":{"_monsterinsights_skip_tracking":false,"_monsterinsights_sitenote_active":false,"_monsterinsights_sitenote_note":"","_monsterinsights_sitenote_category":0},"product_brand":[],"product_cat":[125],"product_tag":[],"class_list":{"0":"post-8978","1":"product","2":"type-product","3":"status-publish","4":"has-post-thumbnail","6":"product_cat-skin-care","7":"product_shipping_class-xanthremover-100","9":"first","10":"instock","11":"featured","12":"shipping-taxable","13":"purchasable","14":"product-type-simple"},"yoast_head":"<!-- This site is optimized with the Yoast SEO Premium plugin v22.8 (Yoast SEO v27.2) - https:\/\/yoast.com\/product\/yoast-seo-premium-wordpress\/ -->\n<title>XanthRemover Glycolic acid Peel for Xanthelasma Removal, Syringoma Removal , Moles and etc - Areton<\/title>\n<meta name=\"robots\" content=\"index, follow, max-snippet:-1, max-image-preview:large, max-video-preview:-1\" \/>\n<link rel=\"canonical\" href=\"https:\/\/areton-ltd.com\/es\/producto\/xanthremover-glycolic-acid-peel-for-xanthelasma-removal-syringoma-removal-moles-and-etc\/\" \/>\n<meta property=\"og:locale\" content=\"es_ES\" \/>\n<meta property=\"og:type\" content=\"article\" \/>\n<meta property=\"og:title\" content=\"XanthRemover Glycolic acid Peel for Xanthelasma Removal, Syringoma Removal , Moles and etc\" \/>\n<meta property=\"og:description\" content=\"Professional Cosmetic Peels achieving same or better exfoliation than other cosmetic peels at expensive cosmetic clinics. The first professional cosmetic peel for home use. * Brown Spots Removal (also Called Liver Spots). * Age Spots Removal. * Syringoma Removal. * Seborrheic Keratosis Removal. * Benign Moles Removal. * Skin Imperfection Removal. * Skin Tightening. * Improving the Appearance of Fine Lines and Wrinkles. * Upper Eyelid Tightening. * Lower Eyelid Tightening * Crows Feet Attenuation. * Skin Brightening. * Stretch Marks Removal * Milia treatment Visit our website for information  : For more Information Visit : Xanthelasmaremoval.com\" \/>\n<meta property=\"og:url\" content=\"https:\/\/areton-ltd.com\/es\/producto\/xanthremover-glycolic-acid-peel-for-xanthelasma-removal-syringoma-removal-moles-and-etc\/\" \/>\n<meta property=\"og:site_name\" content=\"Areton\" \/>\n<meta property=\"article:publisher\" content=\"https:\/\/www.facebook.com\/aretonEU\/\" \/>\n<meta property=\"article:modified_time\" content=\"2024-09-18T15:40:18+00:00\" \/>\n<meta property=\"og:image\" content=\"https:\/\/areton-ltd.com\/wp-content\/uploads\/2022\/07\/s-l1600.webp\" \/>\n\t<meta property=\"og:image:width\" content=\"1024\" \/>\n\t<meta property=\"og:image:height\" content=\"768\" \/>\n\t<meta property=\"og:image:type\" content=\"image\/webp\" \/>\n<meta name=\"twitter:card\" content=\"summary_large_image\" \/>\n<meta name=\"twitter:label1\" content=\"Tiempo de lectura\" \/>\n\t<meta name=\"twitter:data1\" content=\"1 minuto\" \/>\n<script type=\"application\/ld+json\" class=\"yoast-schema-graph\">{\"@context\":\"https:\/\/schema.org\",\"@graph\":[{\"@type\":\"WebPage\",\"@id\":\"https:\/\/areton-ltd.com\/product\/xanthremover-glycolic-acid-peel-for-xanthelasma-removal-syringoma-removal-moles-and-etc\/\",\"url\":\"https:\/\/areton-ltd.com\/product\/xanthremover-glycolic-acid-peel-for-xanthelasma-removal-syringoma-removal-moles-and-etc\/\",\"name\":\"XanthRemover Glycolic acid Peel for Xanthelasma Removal, Syringoma Removal , Moles and etc - Areton\",\"isPartOf\":{\"@id\":\"https:\/\/areton-ltd.com\/#website\"},\"primaryImageOfPage\":{\"@id\":\"https:\/\/areton-ltd.com\/product\/xanthremover-glycolic-acid-peel-for-xanthelasma-removal-syringoma-removal-moles-and-etc\/#primaryimage\"},\"image\":{\"@id\":\"https:\/\/areton-ltd.com\/product\/xanthremover-glycolic-acid-peel-for-xanthelasma-removal-syringoma-removal-moles-and-etc\/#primaryimage\"},\"thumbnailUrl\":\"https:\/\/areton-ltd.com\/wp-content\/uploads\/2022\/07\/s-l1600.webp\",\"datePublished\":\"2022-07-13T14:28:21+00:00\",\"dateModified\":\"2024-09-18T15:40:18+00:00\",\"breadcrumb\":{\"@id\":\"https:\/\/areton-ltd.com\/product\/xanthremover-glycolic-acid-peel-for-xanthelasma-removal-syringoma-removal-moles-and-etc\/#breadcrumb\"},\"inLanguage\":\"es\",\"potentialAction\":[{\"@type\":\"ReadAction\",\"target\":[\"https:\/\/areton-ltd.com\/product\/xanthremover-glycolic-acid-peel-for-xanthelasma-removal-syringoma-removal-moles-and-etc\/\"]}]},{\"@type\":\"ImageObject\",\"inLanguage\":\"es\",\"@id\":\"https:\/\/areton-ltd.com\/product\/xanthremover-glycolic-acid-peel-for-xanthelasma-removal-syringoma-removal-moles-and-etc\/#primaryimage\",\"url\":\"https:\/\/areton-ltd.com\/wp-content\/uploads\/2022\/07\/s-l1600.webp\",\"contentUrl\":\"https:\/\/areton-ltd.com\/wp-content\/uploads\/2022\/07\/s-l1600.webp\",\"width\":1024,\"height\":768},{\"@type\":\"BreadcrumbList\",\"@id\":\"https:\/\/areton-ltd.com\/product\/xanthremover-glycolic-acid-peel-for-xanthelasma-removal-syringoma-removal-moles-and-etc\/#breadcrumb\",\"itemListElement\":[{\"@type\":\"ListItem\",\"position\":1,\"name\":\"Home\",\"item\":\"https:\/\/areton-ltd.com\/\"},{\"@type\":\"ListItem\",\"position\":2,\"name\":\"Shop\",\"item\":\"https:\/\/areton-ltd.com\/shop\/\"},{\"@type\":\"ListItem\",\"position\":3,\"name\":\"XanthRemover Glycolic acid Peel for Xanthelasma Removal, Syringoma Removal , Moles and etc\"}]},{\"@type\":\"WebSite\",\"@id\":\"https:\/\/areton-ltd.com\/#website\",\"url\":\"https:\/\/areton-ltd.com\/\",\"name\":\"Areton LTD\",\"description\":\"Organic Skin Care &amp; Hair Care Products\",\"publisher\":{\"@id\":\"https:\/\/areton-ltd.com\/#organization\"},\"potentialAction\":[{\"@type\":\"SearchAction\",\"target\":{\"@type\":\"EntryPoint\",\"urlTemplate\":\"https:\/\/areton-ltd.com\/?s={search_term_string}\"},\"query-input\":{\"@type\":\"PropertyValueSpecification\",\"valueRequired\":true,\"valueName\":\"search_term_string\"}}],\"inLanguage\":\"es\"},{\"@type\":\"Organization\",\"@id\":\"https:\/\/areton-ltd.com\/#organization\",\"name\":\"Areton\",\"url\":\"https:\/\/areton-ltd.com\/\",\"logo\":{\"@type\":\"ImageObject\",\"inLanguage\":\"es\",\"@id\":\"https:\/\/areton-ltd.com\/#\/schema\/logo\/image\/\",\"url\":\"https:\/\/areton-ltd.com\/wp-content\/uploads\/2024\/05\/logo.png\",\"contentUrl\":\"https:\/\/areton-ltd.com\/wp-content\/uploads\/2024\/05\/logo.png\",\"width\":400,\"height\":400,\"caption\":\"Areton\"},\"image\":{\"@id\":\"https:\/\/areton-ltd.com\/#\/schema\/logo\/image\/\"},\"sameAs\":[\"https:\/\/www.facebook.com\/aretonEU\/\"],\"email\":\"info@areton-ltd.com\",\"telephone\":\"+44 7830 885825\",\"legalName\":\"Aretom LTD\",\"vatID\":\"09397231\",\"publishingPrinciples\":\"https:\/\/areton-ltd.com\/about-us\/\",\"ownershipFundingInfo\":\"https:\/\/areton-ltd.com\/about-us\/\"}]}<\/script>\n<!-- \/ Yoast SEO Premium plugin. -->","yoast_head_json":{"title":"XanthRemover Glycolic acid Peel for Xanthelasma Removal, Syringoma Removal , Moles and etc - Areton","robots":{"index":"index","follow":"follow","max-snippet":"max-snippet:-1","max-image-preview":"max-image-preview:large","max-video-preview":"max-video-preview:-1"},"canonical":"https:\/\/areton-ltd.com\/es\/producto\/xanthremover-glycolic-acid-peel-for-xanthelasma-removal-syringoma-removal-moles-and-etc\/","og_locale":"es_ES","og_type":"article","og_title":"XanthRemover Glycolic acid Peel for Xanthelasma Removal, Syringoma Removal , Moles and etc","og_description":"Professional Cosmetic Peels achieving same or better exfoliation than other cosmetic peels at expensive cosmetic clinics. The first professional cosmetic peel for home use. * Brown Spots Removal (also Called Liver Spots). * Age Spots Removal. * Syringoma Removal. * Seborrheic Keratosis Removal. * Benign Moles Removal. * Skin Imperfection Removal. * Skin Tightening. * Improving the Appearance of Fine Lines and Wrinkles. * Upper Eyelid Tightening. * Lower Eyelid Tightening * Crows Feet Attenuation. * Skin Brightening. * Stretch Marks Removal * Milia treatment Visit our website for information  : For more Information Visit : Xanthelasmaremoval.com","og_url":"https:\/\/areton-ltd.com\/es\/producto\/xanthremover-glycolic-acid-peel-for-xanthelasma-removal-syringoma-removal-moles-and-etc\/","og_site_name":"Areton","article_publisher":"https:\/\/www.facebook.com\/aretonEU\/","article_modified_time":"2024-09-18T15:40:18+00:00","og_image":[{"width":1024,"height":768,"url":"https:\/\/areton-ltd.com\/wp-content\/uploads\/2022\/07\/s-l1600.webp","type":"image\/webp"}],"twitter_card":"summary_large_image","twitter_misc":{"Tiempo de lectura":"1 minuto"},"schema":{"@context":"https:\/\/schema.org","@graph":[{"@type":"WebPage","@id":"https:\/\/areton-ltd.com\/product\/xanthremover-glycolic-acid-peel-for-xanthelasma-removal-syringoma-removal-moles-and-etc\/","url":"https:\/\/areton-ltd.com\/product\/xanthremover-glycolic-acid-peel-for-xanthelasma-removal-syringoma-removal-moles-and-etc\/","name":"XanthRemover Glycolic acid Peel for Xanthelasma Removal, Syringoma Removal , Moles and etc - Areton","isPartOf":{"@id":"https:\/\/areton-ltd.com\/#website"},"primaryImageOfPage":{"@id":"https:\/\/areton-ltd.com\/product\/xanthremover-glycolic-acid-peel-for-xanthelasma-removal-syringoma-removal-moles-and-etc\/#primaryimage"},"image":{"@id":"https:\/\/areton-ltd.com\/product\/xanthremover-glycolic-acid-peel-for-xanthelasma-removal-syringoma-removal-moles-and-etc\/#primaryimage"},"thumbnailUrl":"https:\/\/areton-ltd.com\/wp-content\/uploads\/2022\/07\/s-l1600.webp","datePublished":"2022-07-13T14:28:21+00:00","dateModified":"2024-09-18T15:40:18+00:00","breadcrumb":{"@id":"https:\/\/areton-ltd.com\/product\/xanthremover-glycolic-acid-peel-for-xanthelasma-removal-syringoma-removal-moles-and-etc\/#breadcrumb"},"inLanguage":"es","potentialAction":[{"@type":"ReadAction","target":["https:\/\/areton-ltd.com\/product\/xanthremover-glycolic-acid-peel-for-xanthelasma-removal-syringoma-removal-moles-and-etc\/"]}]},{"@type":"ImageObject","inLanguage":"es","@id":"https:\/\/areton-ltd.com\/product\/xanthremover-glycolic-acid-peel-for-xanthelasma-removal-syringoma-removal-moles-and-etc\/#primaryimage","url":"https:\/\/areton-ltd.com\/wp-content\/uploads\/2022\/07\/s-l1600.webp","contentUrl":"https:\/\/areton-ltd.com\/wp-content\/uploads\/2022\/07\/s-l1600.webp","width":1024,"height":768},{"@type":"BreadcrumbList","@id":"https:\/\/areton-ltd.com\/product\/xanthremover-glycolic-acid-peel-for-xanthelasma-removal-syringoma-removal-moles-and-etc\/#breadcrumb","itemListElement":[{"@type":"ListItem","position":1,"name":"Home","item":"https:\/\/areton-ltd.com\/"},{"@type":"ListItem","position":2,"name":"Shop","item":"https:\/\/areton-ltd.com\/shop\/"},{"@type":"ListItem","position":3,"name":"XanthRemover Glycolic acid Peel for Xanthelasma Removal, Syringoma Removal , Moles and etc"}]},{"@type":"WebSite","@id":"https:\/\/areton-ltd.com\/#website","url":"https:\/\/areton-ltd.com\/","name":"Areton LTD","description":"Organic Skin Care &amp; Hair Care Products","publisher":{"@id":"https:\/\/areton-ltd.com\/#organization"},"potentialAction":[{"@type":"SearchAction","target":{"@type":"EntryPoint","urlTemplate":"https:\/\/areton-ltd.com\/?s={search_term_string}"},"query-input":{"@type":"PropertyValueSpecification","valueRequired":true,"valueName":"search_term_string"}}],"inLanguage":"es"},{"@type":"Organization","@id":"https:\/\/areton-ltd.com\/#organization","name":"Areton","url":"https:\/\/areton-ltd.com\/","logo":{"@type":"ImageObject","inLanguage":"es","@id":"https:\/\/areton-ltd.com\/#\/schema\/logo\/image\/","url":"https:\/\/areton-ltd.com\/wp-content\/uploads\/2024\/05\/logo.png","contentUrl":"https:\/\/areton-ltd.com\/wp-content\/uploads\/2024\/05\/logo.png","width":400,"height":400,"caption":"Areton"},"image":{"@id":"https:\/\/areton-ltd.com\/#\/schema\/logo\/image\/"},"sameAs":["https:\/\/www.facebook.com\/aretonEU\/"],"email":"info@areton-ltd.com","telephone":"+44 7830 885825","legalName":"Aretom LTD","vatID":"09397231","publishingPrinciples":"https:\/\/areton-ltd.com\/about-us\/","ownershipFundingInfo":"https:\/\/areton-ltd.com\/about-us\/"}]}},"_links":{"self":[{"href":"https:\/\/areton-ltd.com\/es\/wp-json\/wp\/v2\/product\/8978","targetHints":{"allow":["GET"]}}],"collection":[{"href":"https:\/\/areton-ltd.com\/es\/wp-json\/wp\/v2\/product"}],"about":[{"href":"https:\/\/areton-ltd.com\/es\/wp-json\/wp\/v2\/types\/product"}],"replies":[{"embeddable":true,"href":"https:\/\/areton-ltd.com\/es\/wp-json\/wp\/v2\/comments?post=8978"}],"version-history":[{"count":1,"href":"https:\/\/areton-ltd.com\/es\/wp-json\/wp\/v2\/product\/8978\/revisions"}],"predecessor-version":[{"id":17287,"href":"https:\/\/areton-ltd.com\/es\/wp-json\/wp\/v2\/product\/8978\/revisions\/17287"}],"wp:featuredmedia":[{"embeddable":true,"href":"https:\/\/areton-ltd.com\/es\/wp-json\/wp\/v2\/media\/17286"}],"wp:attachment":[{"href":"https:\/\/areton-ltd.com\/es\/wp-json\/wp\/v2\/media?parent=8978"}],"wp:term":[{"taxonomy":"product_brand","embeddable":true,"href":"https:\/\/areton-ltd.com\/es\/wp-json\/wp\/v2\/product_brand?post=8978"},{"taxonomy":"product_cat","embeddable":true,"href":"https:\/\/areton-ltd.com\/es\/wp-json\/wp\/v2\/product_cat?post=8978"},{"taxonomy":"product_tag","embeddable":true,"href":"https:\/\/areton-ltd.com\/es\/wp-json\/wp\/v2\/product_tag?post=8978"}],"curies":[{"name":"wp","href":"https:\/\/api.w.org\/{rel}","templated":true}]}}