{"id":8499,"date":"2022-05-13T09:47:09","date_gmt":"2022-05-13T09:47:09","guid":{"rendered":"https:\/\/areton-ltd.com\/?post_type=product&#038;p=8499"},"modified":"2024-08-12T04:32:33","modified_gmt":"2024-08-12T04:32:33","slug":"areton-sali-soap","status":"publish","type":"product","link":"https:\/\/areton-ltd.com\/es\/producto\/areton-sali-soap\/","title":{"rendered":"El Jab\u00f3n Salisoap Areton  con 4 Principios Activos, \u00c1cido Salic\u00edlico, \u00c1cido K\u00f3jico, Azufre y Aloe Vera 80 gramos"},"content":{"rendered":"<h1 class=\"a-size-base-plus a-text-bold\">Acerca de este art\u00edculo<\/h1>\n<ul class=\"a-unordered-list a-vertical a-spacing-mini\">\n<li><span class=\"a-list-item\">2% Salicylic Acid, 10% Sulphur, 1% Kojic Acid, 1% Aloe Vera. Deep Pore Cleansing, Skin Smoothing, Exfoliating, Anti-Blemishes, Skin Brightening, Blackhead Removal, Helps Unclog Pores.<\/span><\/li>\n<li><span class=\"a-list-item\">Formulado espec\u00edficamente con aloe vera y \u00e1cido salic\u00edlico para suavizar la piel \u00e1spera y callosa. El \u00e1cido k\u00f3jico ayuda a iluminar la piel, fomentando una piel m\u00e1s limpia y refinada.<\/span><\/li>\n<li><span class=\"a-list-item\">Helps in the prevention of blemishes. Areton Salicylic acid soap exfoliates the skin&#8217;s surface, removes the dead cells, and cleanses away impurities.<\/span><\/li>\n<li><span class=\"a-list-item\">El \u00e1cido salic\u00edlico trabaja con el jab\u00f3n para limpiar a fondo el exceso de grasa y toxinas, brindando una piel brillante y saludable.<\/span><\/li>\n<li><span class=\"a-list-item\">El jab\u00f3n con \u00e1cido k\u00f3jico de Areton contiene ingredientes potentes: \u00e1cido salic\u00edlico, azufre y aloe vera para una piel sana, brillante, aclarante y rejuvenecedora.<\/span><\/li>\n<\/ul>\n<h3>Descripci\u00f3n del Producto<\/h3>\n<p>&nbsp;<\/p>\n<p>Beneficios del producto:<\/p>\n<p>4 ingredientes activos en un solo Jab\u00f3n. Antienvejecimiento, Suavizado de la piel, Limpieza profunda de los poros, Antienvejecimiento, Iluminaci\u00f3n de la piel, Exfoliaci\u00f3n de la piel, aclarante y rejuvenecimiento. Antienvejecimiento, Suavizado de la piel, Limpieza profunda de poros, Iluminaci\u00f3n de la piel, Rejuvenecimiento de la piel. Ayuda a purificar los poros, reduce y previene los brotes provocados por los poros obstruidos, Antibacteriano. Resultados garantizados.<\/p>\n<p>Descripci\u00f3n :<\/p>\n<p>Este es un jab\u00f3n que tiene 4 ingredientes activos. 2% \u00c1cido Salic\u00edlico, 10% Azufre, 1% \u00c1cido K\u00f3jico, 1% Aloe Vera. Por lo general, todos los dem\u00e1s jabones similares tienen uno o dos ingredientes activos; nosotros le hemos agregado 4 ingredientes m\u00e1s de alta calidad en lugar de uno o dos. Por lo tanto usted tendr\u00e1 los beneficios de los 4 ingredientes activos en lugar de comprar m\u00faltiples jabones para diferentes aplicaciones. Esto hace que este producto sea mejor que los competidores en el mercado respaldados por una marca Areton bien establecida desde hace a\u00f1os.<\/p>\n<p>\u00c1cido Salic\u00edlico=exfoliaci\u00f3n. Azufre = Limpieza profunda de los poros. \u00c1cido K\u00f3jico = Aclarante de la piel. Aloe Vera = Suavizado de la piel.<\/p>\n<p>1: Limpieza profunda de poros, suavizado de la piel, exfoliante, anti-imperfecciones, brillo de la piel, eliminaci\u00f3n de los puntos negros, ayuda a destapar los poros.<\/p>\n<p>2: Formulado espec\u00edficamente con aloe vera y el \u00e1cido salic\u00edlico para suavizar la piel \u00e1spera y callosa. El \u00e1cido k\u00f3jico ayuda a aclarar la piel, fomentando una piel m\u00e1s limpia y uniforme.<\/p>\n<p>3: Ayuda a la prevenci\u00f3n de imperfecciones y las manchas oscuras.<\/p>\n<p>4: Areton Salicylic acid soap exfoliates the skin&#8217;s surface, removes the dead cells, and cleanses away impurities.<\/p>\n<p>5. El jab\u00f3n con \u00e1cido k\u00f3jico de Areton contiene los siguientes potentes ingredientes: \u00e1cido salic\u00edlico, azufre y aloe vera para una piel sana, brillante, brillante y rejuvenecida.<\/p>\n<p>6: El \u00e1cido salic\u00edlico trabaja con el jab\u00f3n para limpiar profundamente el exceso de grasa, las toxinas y brinda una piel brillante y saludable.<\/p>\n<p>7: Calmante, Aclarante Quita las manchas oscuras, Exfoliante, Control de la grasa y Limpieza de los poros<\/p>\n<p>&nbsp;<\/p>\n<h3>Ingredientes<\/h3>\n<p>Kojic Acid, Salicylic Acid, Aloe Vera, Sulphur<\/p>","protected":false},"excerpt":{"rendered":"<h1 class=\"a-size-base-plus a-text-bold\">Acerca de este art\u00edculo<\/h1>\n<ul class=\"a-unordered-list a-vertical a-spacing-mini\">\n<li><span class=\"a-list-item\">2% Salicylic Acid, 10% Sulphur, 1% Kojic Acid, 1% Aloe Vera. Deep Pore Cleansing, Skin Smoothing, Exfoliating, Anti-Blemishes, Skin Brightening, Blackhead Removal, Helps Unclog Pores.<\/span><\/li>\n<li><span class=\"a-list-item\">Formulado espec\u00edficamente con aloe vera y \u00e1cido salic\u00edlico para suavizar la piel \u00e1spera y callosa. El \u00e1cido k\u00f3jico ayuda a iluminar la piel, fomentando una piel m\u00e1s limpia y refinada.<\/span><\/li>\n<li><span class=\"a-list-item\">Helps in the prevention of blemishes. Areton Salicylic acid soap exfoliates the skin&#8217;s surface, removes the dead cells, and cleanses away impurities.<\/span><\/li>\n<li><span class=\"a-list-item\">El \u00e1cido salic\u00edlico trabaja con el jab\u00f3n para limpiar a fondo el exceso de grasa y toxinas, brindando una piel brillante y saludable.<\/span><\/li>\n<li><span class=\"a-list-item\"><span class=\"a-list-item\"><span class=\"a-list-item\">El jab\u00f3n con \u00e1cido k\u00f3jico de Areton contiene ingredientes potentes: \u00e1cido salic\u00edlico, azufre y aloe vera para una piel sana, brillante, aclarante y rejuvenecedora.<\/span><\/span><\/span><\/li>\n<\/ul>\n<h3 class=\"a-size-base-plus a-text-bold\">Buy More than 1 Get Extra Discount on Shipping<\/h3>","protected":false},"featured_media":17288,"comment_status":"closed","ping_status":"closed","template":"","meta":{"_monsterinsights_skip_tracking":false,"_monsterinsights_sitenote_active":false,"_monsterinsights_sitenote_note":"","_monsterinsights_sitenote_category":0},"product_brand":[],"product_cat":[160],"product_tag":[],"class_list":{"0":"post-8499","1":"product","2":"type-product","3":"status-publish","4":"has-post-thumbnail","6":"product_cat-uncategorized","7":"product_shipping_class-soap","9":"first","10":"instock","11":"shipping-taxable","12":"purchasable","13":"product-type-simple"},"yoast_head":"<!-- This site is optimized with the Yoast SEO Premium plugin v22.8 (Yoast SEO v27.2) - https:\/\/yoast.com\/product\/yoast-seo-premium-wordpress\/ -->\n<title>The Areton Sali Soap with 4 Active ingredients, Salicylic Acid, Kojic Acid, Sulphur and Aloe Vera 80 gram - Areton<\/title>\n<meta name=\"robots\" content=\"index, follow, max-snippet:-1, max-image-preview:large, max-video-preview:-1\" \/>\n<link rel=\"canonical\" href=\"https:\/\/areton-ltd.com\/es\/producto\/areton-sali-soap\/\" \/>\n<meta property=\"og:locale\" content=\"es_ES\" \/>\n<meta property=\"og:type\" content=\"article\" \/>\n<meta property=\"og:title\" content=\"The Areton Sali Soap with 4 Active ingredients, Salicylic Acid, Kojic Acid, Sulphur and Aloe Vera 80 gram\" \/>\n<meta property=\"og:description\" content=\"About this item   2% Salicylic Acid, 10% Sulphur, 1% Kojic Acid, 1% Aloe Vera. Deep Pore Cleansing, Skin Smoothing, Exfoliating, Anti-Blemishes, Skin Brightening, Blackhead Removal, Helps Unclog Pores.  Specifically formulated with Aloe Vera and Salicylic Acid to smooth rough and soften calloused skin. Kojic Acid helps to Skin Brightening, Encouraging more clean and refined skin.  Helps in the prevention of blemishes. Areton Salicylic acid soap exfoliates the skin&#039;s surface, removes the dead cells, and cleanses away impurities.  Salicylic Acid works with soap to thoroughly cleanse away excess oils and toxins and gives glowing and healthy skin.  Areton Kojic acid soap contains powerful ingredients Salicylic acid, Sulphur with Aloe Vera for healthy, glowing, Skin brightening, and rejuvenating skin  Buy More than 1 Get Extra Discount on Shipping\" \/>\n<meta property=\"og:url\" content=\"https:\/\/areton-ltd.com\/es\/producto\/areton-sali-soap\/\" \/>\n<meta property=\"og:site_name\" content=\"Areton\" \/>\n<meta property=\"article:publisher\" content=\"https:\/\/www.facebook.com\/aretonEU\/\" \/>\n<meta property=\"article:modified_time\" content=\"2024-08-12T04:32:33+00:00\" \/>\n<meta property=\"og:image\" content=\"https:\/\/areton-ltd.com\/wp-content\/uploads\/2022\/05\/51ewaExoEpL._AC_.webp\" \/>\n\t<meta property=\"og:image:width\" content=\"907\" \/>\n\t<meta property=\"og:image:height\" content=\"618\" \/>\n\t<meta property=\"og:image:type\" content=\"image\/webp\" \/>\n<meta name=\"twitter:card\" content=\"summary_large_image\" \/>\n<meta name=\"twitter:label1\" content=\"Tiempo de lectura\" \/>\n\t<meta name=\"twitter:data1\" content=\"2 minutos\" \/>\n<script type=\"application\/ld+json\" class=\"yoast-schema-graph\">{\"@context\":\"https:\/\/schema.org\",\"@graph\":[{\"@type\":\"WebPage\",\"@id\":\"https:\/\/areton-ltd.com\/product\/areton-sali-soap\/\",\"url\":\"https:\/\/areton-ltd.com\/product\/areton-sali-soap\/\",\"name\":\"The Areton Sali Soap with 4 Active ingredients, Salicylic Acid, Kojic Acid, Sulphur and Aloe Vera 80 gram - Areton\",\"isPartOf\":{\"@id\":\"https:\/\/areton-ltd.com\/#website\"},\"primaryImageOfPage\":{\"@id\":\"https:\/\/areton-ltd.com\/product\/areton-sali-soap\/#primaryimage\"},\"image\":{\"@id\":\"https:\/\/areton-ltd.com\/product\/areton-sali-soap\/#primaryimage\"},\"thumbnailUrl\":\"https:\/\/areton-ltd.com\/wp-content\/uploads\/2022\/05\/51ewaExoEpL._AC_.webp\",\"datePublished\":\"2022-05-13T09:47:09+00:00\",\"dateModified\":\"2024-08-12T04:32:33+00:00\",\"breadcrumb\":{\"@id\":\"https:\/\/areton-ltd.com\/product\/areton-sali-soap\/#breadcrumb\"},\"inLanguage\":\"es\",\"potentialAction\":[{\"@type\":\"ReadAction\",\"target\":[\"https:\/\/areton-ltd.com\/product\/areton-sali-soap\/\"]}]},{\"@type\":\"ImageObject\",\"inLanguage\":\"es\",\"@id\":\"https:\/\/areton-ltd.com\/product\/areton-sali-soap\/#primaryimage\",\"url\":\"https:\/\/areton-ltd.com\/wp-content\/uploads\/2022\/05\/51ewaExoEpL._AC_.webp\",\"contentUrl\":\"https:\/\/areton-ltd.com\/wp-content\/uploads\/2022\/05\/51ewaExoEpL._AC_.webp\",\"width\":907,\"height\":618},{\"@type\":\"BreadcrumbList\",\"@id\":\"https:\/\/areton-ltd.com\/product\/areton-sali-soap\/#breadcrumb\",\"itemListElement\":[{\"@type\":\"ListItem\",\"position\":1,\"name\":\"Home\",\"item\":\"https:\/\/areton-ltd.com\/\"},{\"@type\":\"ListItem\",\"position\":2,\"name\":\"Shop\",\"item\":\"https:\/\/areton-ltd.com\/shop\/\"},{\"@type\":\"ListItem\",\"position\":3,\"name\":\"The Areton Sali Soap with 4 Active ingredients, Salicylic Acid, Kojic Acid, Sulphur and Aloe Vera 80 gram\"}]},{\"@type\":\"WebSite\",\"@id\":\"https:\/\/areton-ltd.com\/#website\",\"url\":\"https:\/\/areton-ltd.com\/\",\"name\":\"Areton LTD\",\"description\":\"Organic Skin Care &amp; Hair Care Products\",\"publisher\":{\"@id\":\"https:\/\/areton-ltd.com\/#organization\"},\"potentialAction\":[{\"@type\":\"SearchAction\",\"target\":{\"@type\":\"EntryPoint\",\"urlTemplate\":\"https:\/\/areton-ltd.com\/?s={search_term_string}\"},\"query-input\":{\"@type\":\"PropertyValueSpecification\",\"valueRequired\":true,\"valueName\":\"search_term_string\"}}],\"inLanguage\":\"es\"},{\"@type\":\"Organization\",\"@id\":\"https:\/\/areton-ltd.com\/#organization\",\"name\":\"Areton\",\"url\":\"https:\/\/areton-ltd.com\/\",\"logo\":{\"@type\":\"ImageObject\",\"inLanguage\":\"es\",\"@id\":\"https:\/\/areton-ltd.com\/#\/schema\/logo\/image\/\",\"url\":\"https:\/\/areton-ltd.com\/wp-content\/uploads\/2024\/05\/logo.png\",\"contentUrl\":\"https:\/\/areton-ltd.com\/wp-content\/uploads\/2024\/05\/logo.png\",\"width\":400,\"height\":400,\"caption\":\"Areton\"},\"image\":{\"@id\":\"https:\/\/areton-ltd.com\/#\/schema\/logo\/image\/\"},\"sameAs\":[\"https:\/\/www.facebook.com\/aretonEU\/\"],\"email\":\"info@areton-ltd.com\",\"telephone\":\"+44 7830 885825\",\"legalName\":\"Aretom LTD\",\"vatID\":\"09397231\",\"publishingPrinciples\":\"https:\/\/areton-ltd.com\/about-us\/\",\"ownershipFundingInfo\":\"https:\/\/areton-ltd.com\/about-us\/\"}]}<\/script>\n<!-- \/ Yoast SEO Premium plugin. -->","yoast_head_json":{"title":"The Areton Sali Soap with 4 Active ingredients, Salicylic Acid, Kojic Acid, Sulphur and Aloe Vera 80 gram - Areton","robots":{"index":"index","follow":"follow","max-snippet":"max-snippet:-1","max-image-preview":"max-image-preview:large","max-video-preview":"max-video-preview:-1"},"canonical":"https:\/\/areton-ltd.com\/es\/producto\/areton-sali-soap\/","og_locale":"es_ES","og_type":"article","og_title":"The Areton Sali Soap with 4 Active ingredients, Salicylic Acid, Kojic Acid, Sulphur and Aloe Vera 80 gram","og_description":"About this item   2% Salicylic Acid, 10% Sulphur, 1% Kojic Acid, 1% Aloe Vera. Deep Pore Cleansing, Skin Smoothing, Exfoliating, Anti-Blemishes, Skin Brightening, Blackhead Removal, Helps Unclog Pores.  Specifically formulated with Aloe Vera and Salicylic Acid to smooth rough and soften calloused skin. Kojic Acid helps to Skin Brightening, Encouraging more clean and refined skin.  Helps in the prevention of blemishes. Areton Salicylic acid soap exfoliates the skin's surface, removes the dead cells, and cleanses away impurities.  Salicylic Acid works with soap to thoroughly cleanse away excess oils and toxins and gives glowing and healthy skin.  Areton Kojic acid soap contains powerful ingredients Salicylic acid, Sulphur with Aloe Vera for healthy, glowing, Skin brightening, and rejuvenating skin  Buy More than 1 Get Extra Discount on Shipping","og_url":"https:\/\/areton-ltd.com\/es\/producto\/areton-sali-soap\/","og_site_name":"Areton","article_publisher":"https:\/\/www.facebook.com\/aretonEU\/","article_modified_time":"2024-08-12T04:32:33+00:00","og_image":[{"width":907,"height":618,"url":"https:\/\/areton-ltd.com\/wp-content\/uploads\/2022\/05\/51ewaExoEpL._AC_.webp","type":"image\/webp"}],"twitter_card":"summary_large_image","twitter_misc":{"Tiempo de lectura":"2 minutos"},"schema":{"@context":"https:\/\/schema.org","@graph":[{"@type":"WebPage","@id":"https:\/\/areton-ltd.com\/product\/areton-sali-soap\/","url":"https:\/\/areton-ltd.com\/product\/areton-sali-soap\/","name":"The Areton Sali Soap with 4 Active ingredients, Salicylic Acid, Kojic Acid, Sulphur and Aloe Vera 80 gram - Areton","isPartOf":{"@id":"https:\/\/areton-ltd.com\/#website"},"primaryImageOfPage":{"@id":"https:\/\/areton-ltd.com\/product\/areton-sali-soap\/#primaryimage"},"image":{"@id":"https:\/\/areton-ltd.com\/product\/areton-sali-soap\/#primaryimage"},"thumbnailUrl":"https:\/\/areton-ltd.com\/wp-content\/uploads\/2022\/05\/51ewaExoEpL._AC_.webp","datePublished":"2022-05-13T09:47:09+00:00","dateModified":"2024-08-12T04:32:33+00:00","breadcrumb":{"@id":"https:\/\/areton-ltd.com\/product\/areton-sali-soap\/#breadcrumb"},"inLanguage":"es","potentialAction":[{"@type":"ReadAction","target":["https:\/\/areton-ltd.com\/product\/areton-sali-soap\/"]}]},{"@type":"ImageObject","inLanguage":"es","@id":"https:\/\/areton-ltd.com\/product\/areton-sali-soap\/#primaryimage","url":"https:\/\/areton-ltd.com\/wp-content\/uploads\/2022\/05\/51ewaExoEpL._AC_.webp","contentUrl":"https:\/\/areton-ltd.com\/wp-content\/uploads\/2022\/05\/51ewaExoEpL._AC_.webp","width":907,"height":618},{"@type":"BreadcrumbList","@id":"https:\/\/areton-ltd.com\/product\/areton-sali-soap\/#breadcrumb","itemListElement":[{"@type":"ListItem","position":1,"name":"Home","item":"https:\/\/areton-ltd.com\/"},{"@type":"ListItem","position":2,"name":"Shop","item":"https:\/\/areton-ltd.com\/shop\/"},{"@type":"ListItem","position":3,"name":"The Areton Sali Soap with 4 Active ingredients, Salicylic Acid, Kojic Acid, Sulphur and Aloe Vera 80 gram"}]},{"@type":"WebSite","@id":"https:\/\/areton-ltd.com\/#website","url":"https:\/\/areton-ltd.com\/","name":"Areton LTD","description":"Organic Skin Care &amp; Hair Care Products","publisher":{"@id":"https:\/\/areton-ltd.com\/#organization"},"potentialAction":[{"@type":"SearchAction","target":{"@type":"EntryPoint","urlTemplate":"https:\/\/areton-ltd.com\/?s={search_term_string}"},"query-input":{"@type":"PropertyValueSpecification","valueRequired":true,"valueName":"search_term_string"}}],"inLanguage":"es"},{"@type":"Organization","@id":"https:\/\/areton-ltd.com\/#organization","name":"Areton","url":"https:\/\/areton-ltd.com\/","logo":{"@type":"ImageObject","inLanguage":"es","@id":"https:\/\/areton-ltd.com\/#\/schema\/logo\/image\/","url":"https:\/\/areton-ltd.com\/wp-content\/uploads\/2024\/05\/logo.png","contentUrl":"https:\/\/areton-ltd.com\/wp-content\/uploads\/2024\/05\/logo.png","width":400,"height":400,"caption":"Areton"},"image":{"@id":"https:\/\/areton-ltd.com\/#\/schema\/logo\/image\/"},"sameAs":["https:\/\/www.facebook.com\/aretonEU\/"],"email":"info@areton-ltd.com","telephone":"+44 7830 885825","legalName":"Aretom LTD","vatID":"09397231","publishingPrinciples":"https:\/\/areton-ltd.com\/about-us\/","ownershipFundingInfo":"https:\/\/areton-ltd.com\/about-us\/"}]}},"_links":{"self":[{"href":"https:\/\/areton-ltd.com\/es\/wp-json\/wp\/v2\/product\/8499","targetHints":{"allow":["GET"]}}],"collection":[{"href":"https:\/\/areton-ltd.com\/es\/wp-json\/wp\/v2\/product"}],"about":[{"href":"https:\/\/areton-ltd.com\/es\/wp-json\/wp\/v2\/types\/product"}],"replies":[{"embeddable":true,"href":"https:\/\/areton-ltd.com\/es\/wp-json\/wp\/v2\/comments?post=8499"}],"version-history":[{"count":2,"href":"https:\/\/areton-ltd.com\/es\/wp-json\/wp\/v2\/product\/8499\/revisions"}],"predecessor-version":[{"id":20414,"href":"https:\/\/areton-ltd.com\/es\/wp-json\/wp\/v2\/product\/8499\/revisions\/20414"}],"wp:featuredmedia":[{"embeddable":true,"href":"https:\/\/areton-ltd.com\/es\/wp-json\/wp\/v2\/media\/17288"}],"wp:attachment":[{"href":"https:\/\/areton-ltd.com\/es\/wp-json\/wp\/v2\/media?parent=8499"}],"wp:term":[{"taxonomy":"product_brand","embeddable":true,"href":"https:\/\/areton-ltd.com\/es\/wp-json\/wp\/v2\/product_brand?post=8499"},{"taxonomy":"product_cat","embeddable":true,"href":"https:\/\/areton-ltd.com\/es\/wp-json\/wp\/v2\/product_cat?post=8499"},{"taxonomy":"product_tag","embeddable":true,"href":"https:\/\/areton-ltd.com\/es\/wp-json\/wp\/v2\/product_tag?post=8499"}],"curies":[{"name":"wp","href":"https:\/\/api.w.org\/{rel}","templated":true}]}}