{"id":7151,"date":"2019-09-11T10:49:07","date_gmt":"2019-09-11T10:49:07","guid":{"rendered":"http:\/\/areton-ltd.com\/?page_id=7151"},"modified":"2024-02-03T08:50:13","modified_gmt":"2024-02-03T08:50:13","slug":"beautyteck-plus-online-tests","status":"publish","type":"page","link":"https:\/\/areton-ltd.com\/es\/beautyteck-plus-online-tests\/","title":{"rendered":"Pruebas en l\u00ednea del Beautyteck Plus"},"content":{"rendered":"<div data-elementor-type=\"wp-page\" data-elementor-id=\"7151\" class=\"elementor elementor-7151\">\n\t\t\t\t<div class=\"elementor-element elementor-element-24eac74a e-flex e-con-boxed wpr-particle-no wpr-jarallax-no wpr-parallax-no wpr-sticky-section-no e-con e-parent\" data-id=\"24eac74a\" data-element_type=\"container\" data-e-type=\"container\" data-settings=\"{&quot;ekit_has_onepagescroll_dot&quot;:&quot;yes&quot;}\">\n\t\t\t\t\t<div class=\"e-con-inner\">\n\t\t\t\t<div class=\"elementor-element elementor-element-4b012480 color-scheme-inherit text-left elementor-widget elementor-widget-text-editor\" data-id=\"4b012480\" data-element_type=\"widget\" data-e-type=\"widget\" data-settings=\"{&quot;ekit_we_effect_on&quot;:&quot;none&quot;}\" data-widget_type=\"text-editor.default\">\n\t\t\t\t<div class=\"elementor-widget-container\">\n\t\t\t\t\t\t\t\t\t<div class=\"wpb_text_column wpb_content_element\"><div class=\"wpb_wrapper\"><h2 class=\"white\">El - Beautyteck PLUS PERIODO TRANSITORIO<\/h2><\/div><\/div><div class=\"vc_empty_space\">\u00a0<\/div><div class=\"wpb_text_column wpb_content_element wpb_animate_when_almost_visible wpb_top-to-bottom top-to-bottom wpb_start_animation animated\"><div class=\"wpb_wrapper\"><p class=\"white\">\u00bfCu\u00e1ndo iniciamos la ARCO? \u00bfQu\u00e9 pasa en el per\u00edodo de transici\u00f3n? Cuando iniciamos el arco, este no llegar\u00e1 bruscamente a su valor final debido al per\u00edodo de transici\u00f3n en el que el crecimiento es exponencial y, luego de unos milisegundos, pasa del 80 al 100% de su valor nominal.<\/p><p class=\"white\">Lo mismo sucede cuando apagamos el ARCO. El arco no se apagar\u00e1 inmediatamente. Se necesitar\u00e1 un poco de tiempo para apagar el arco. En ese momento particular, el valor del arco disminuir\u00e1 continuamente.<a href=\"http:\/\/areton-ltd.com\/wp-content\/uploads\/2019\/06\/New-Project-600x404-2.png\"><br \/><\/a><a href=\"https:\/\/i0.wp.com\/areton-ltd.com\/wp-content\/uploads\/2019\/09\/arc-1.png\"><img fetchpriority=\"high\" decoding=\"async\" class=\"wp-image-7174 size-medium alignright\" src=\"https:\/\/i0.wp.com\/areton-ltd.com\/wp-content\/uploads\/2019\/09\/arc-1-300x202.png?resize=300%2C202\" sizes=\"(max-width: 300px) 100vw, 300px\" srcset=\"https:\/\/i0.wp.com\/areton-ltd.com\/wp-content\/uploads\/2019\/09\/arc-1.png?resize=300%2C202&amp;ssl=1 300w, https:\/\/i0.wp.com\/areton-ltd.com\/wp-content\/uploads\/2019\/09\/arc-1.png?w=600&amp;ssl=1 600w\" alt=\"\" width=\"300\" height=\"202\" \/><\/a><\/p><p class=\"white\"><span data-preserver-spaces=\"true\">B\u00e1sicamente, para darte una idea, vamos a explicar el gr\u00e1fico de la derecha. digamos que cuando\u00a0<\/span><strong><span data-preserver-spaces=\"true\">ENCENDEMOS<\/span><\/strong><span data-preserver-spaces=\"true\">\u00a0el arco en (Fig. 1 Punto A), el arco comienza r\u00e1pidamente en el orden de 10 a 20 milisegundos (Fig. 1 Punto A). Despu\u00e9s de 20-115 milisegundos, llegamos al valle, que es s\u00f3lo una fracci\u00f3n del valor final.<\/span><\/p><p class=\"white\">Despu\u00e9s de movernos continuamente en diferentes regiones de milisegundos, finalmente alcanzaremos el valor casi m\u00e1ximo aproximadamente.<\/p><p class=\"white\">Lo mismo sucede en el horario OFF. En el tiempo de APAGADO, cuando apagamos el dispositivo, continuar\u00e1 chispeando, generando chispa durante un breve per\u00edodo de tiempo en la regi\u00f3n de 100 milisegundos o menos. El arco no se apaga inmediatamente. Se necesitar\u00e1 un poco de tiempo para apagar el arco. En ese momento particular, el valor del arco disminuir\u00e1 continuamente.<\/p><\/div><\/div><div class=\"wpb_single_image wpb_content_element vc_align_center\"><figure class=\"wpb_wrapper vc_figure\"><div class=\"vc_single_image-wrapper   vc_box_border_grey\"><img decoding=\"async\" class=\"vc_single_image-img attachment-full aligncenter\" title=\"physics of arc\" src=\"https:\/\/i0.wp.com\/areton-ltd.com\/wp-content\/uploads\/2019\/05\/physics-of-arc.png?fit=524%2C331&amp;ssl=1\" sizes=\"(max-width: 524px) 100vw, 524px\" srcset=\"https:\/\/i0.wp.com\/areton-ltd.com\/wp-content\/uploads\/2019\/05\/physics-of-arc.png?w=524&amp;ssl=1 524w, https:\/\/i0.wp.com\/areton-ltd.com\/wp-content\/uploads\/2019\/05\/physics-of-arc.png?resize=300%2C190&amp;ssl=1 300w\" alt=\"physics of arc\" width=\"524\" height=\"331\" \/><\/div><\/figure><\/div><div class=\"wpb_text_column wpb_content_element\"><div class=\"wpb_wrapper\"><h2 class=\"white\">PERIODO TRANSITORIO INGL\u00c9S PLUS<\/h2><\/div><\/div>\t\t\t\t\t\t\t\t<\/div>\n\t\t\t\t<\/div>\n\t\t\t\t\t<\/div>\n\t\t\t\t<\/div>\n\t\t<div class=\"elementor-element elementor-element-a4d51f5 e-flex e-con-boxed wpr-particle-no wpr-jarallax-no wpr-parallax-no wpr-sticky-section-no e-con e-parent\" data-id=\"a4d51f5\" data-element_type=\"container\" data-e-type=\"container\" data-settings=\"{&quot;ekit_has_onepagescroll_dot&quot;:&quot;yes&quot;}\">\n\t\t\t\t\t<div class=\"e-con-inner\">\n\t\t<div class=\"elementor-element elementor-element-c44b839 e-con-full e-flex wpr-particle-no wpr-jarallax-no wpr-parallax-no wpr-sticky-section-no e-con e-child\" data-id=\"c44b839\" data-element_type=\"container\" data-e-type=\"container\" data-settings=\"{&quot;ekit_has_onepagescroll_dot&quot;:&quot;yes&quot;}\">\n\t\t\t\t<div class=\"elementor-element elementor-element-967824e elementor-widget elementor-widget-video\" data-id=\"967824e\" data-element_type=\"widget\" data-e-type=\"widget\" data-settings=\"{&quot;youtube_url&quot;:&quot;https:\\\/\\\/youtu.be\\\/7m2TLXclgHI&quot;,&quot;video_type&quot;:&quot;youtube&quot;,&quot;controls&quot;:&quot;yes&quot;,&quot;ekit_we_effect_on&quot;:&quot;none&quot;}\" data-widget_type=\"video.default\">\n\t\t\t\t<div class=\"elementor-widget-container\">\n\t\t\t\t\t\t\t<div class=\"elementor-wrapper elementor-open-inline\">\n\t\t\t<div class=\"elementor-video\"><\/div>\t\t<\/div>\n\t\t\t\t\t\t<\/div>\n\t\t\t\t<\/div>\n\t\t\t\t<\/div>\n\t\t<div class=\"elementor-element elementor-element-148dace e-con-full e-flex wpr-particle-no wpr-jarallax-no wpr-parallax-no wpr-sticky-section-no e-con e-child\" data-id=\"148dace\" data-element_type=\"container\" data-e-type=\"container\" data-settings=\"{&quot;ekit_has_onepagescroll_dot&quot;:&quot;yes&quot;}\">\n\t\t\t\t<div class=\"elementor-element elementor-element-3da2b31 elementor-widget elementor-widget-video\" data-id=\"3da2b31\" data-element_type=\"widget\" data-e-type=\"widget\" data-settings=\"{&quot;youtube_url&quot;:&quot;https:\\\/\\\/youtu.be\\\/MLTBVSEt7KQ&quot;,&quot;video_type&quot;:&quot;youtube&quot;,&quot;controls&quot;:&quot;yes&quot;,&quot;ekit_we_effect_on&quot;:&quot;none&quot;}\" data-widget_type=\"video.default\">\n\t\t\t\t<div class=\"elementor-widget-container\">\n\t\t\t\t\t\t\t<div class=\"elementor-wrapper elementor-open-inline\">\n\t\t\t<div class=\"elementor-video\"><\/div>\t\t<\/div>\n\t\t\t\t\t\t<\/div>\n\t\t\t\t<\/div>\n\t\t\t\t<\/div>\n\t\t<div class=\"elementor-element elementor-element-4dbc493 e-con-full e-flex wpr-particle-no wpr-jarallax-no wpr-parallax-no wpr-sticky-section-no e-con e-child\" data-id=\"4dbc493\" data-element_type=\"container\" data-e-type=\"container\" data-settings=\"{&quot;ekit_has_onepagescroll_dot&quot;:&quot;yes&quot;}\">\n\t\t\t\t<\/div>\n\t\t\t\t\t<\/div>\n\t\t\t\t<\/div>\n\t\t\t\t<\/div>","protected":false},"excerpt":{"rendered":"<p>Beautyteck PLUS TRANSIENT PERIOD \u00a0 When, We start the ARC what happens in the transition period? When we start the<\/p>","protected":false},"author":5,"featured_media":0,"parent":0,"menu_order":0,"comment_status":"closed","ping_status":"closed","template":"","meta":{"_monsterinsights_skip_tracking":false,"_monsterinsights_sitenote_active":false,"_monsterinsights_sitenote_note":"","_monsterinsights_sitenote_category":0,"footnotes":""},"class_list":["post-7151","page","type-page","status-publish","hentry"],"yoast_head":"<!-- This site is optimized with the Yoast SEO Premium plugin v22.8 (Yoast SEO v27.2) - https:\/\/yoast.com\/product\/yoast-seo-premium-wordpress\/ -->\n<title>Beautyteck Plus Online Tests - Areton<\/title>\n<meta name=\"robots\" content=\"index, follow, max-snippet:-1, max-image-preview:large, max-video-preview:-1\" \/>\n<link rel=\"canonical\" href=\"https:\/\/areton-ltd.com\/es\/beautyteck-plus-online-tests\/\" \/>\n<meta property=\"og:locale\" content=\"es_ES\" \/>\n<meta property=\"og:type\" content=\"article\" \/>\n<meta property=\"og:title\" content=\"Beautyteck Plus Online Tests\" \/>\n<meta property=\"og:description\" content=\"Beautyteck PLUS TRANSIENT PERIOD \u00a0 When, We start the ARC what happens in the transition period? When we start the\" \/>\n<meta property=\"og:url\" content=\"https:\/\/areton-ltd.com\/es\/beautyteck-plus-online-tests\/\" \/>\n<meta property=\"og:site_name\" content=\"Areton\" \/>\n<meta property=\"article:publisher\" content=\"https:\/\/www.facebook.com\/aretonEU\/\" \/>\n<meta property=\"article:modified_time\" content=\"2024-02-03T08:50:13+00:00\" \/>\n<meta property=\"og:image\" content=\"https:\/\/i0.wp.com\/areton-ltd.com\/wp-content\/uploads\/2019\/09\/arc-1-300x202.png?resize=300%2C202\" \/>\n<meta name=\"twitter:card\" content=\"summary_large_image\" \/>\n<meta name=\"twitter:label1\" content=\"Tiempo de lectura\" \/>\n\t<meta name=\"twitter:data1\" content=\"1 minuto\" \/>\n<script type=\"application\/ld+json\" class=\"yoast-schema-graph\">{\"@context\":\"https:\/\/schema.org\",\"@graph\":[{\"@type\":\"WebPage\",\"@id\":\"https:\/\/areton-ltd.com\/es\/beautyteck-plus-online-tests\/\",\"url\":\"https:\/\/areton-ltd.com\/es\/beautyteck-plus-online-tests\/\",\"name\":\"Beautyteck Plus Online Tests - Areton\",\"isPartOf\":{\"@id\":\"https:\/\/areton-ltd.com\/#website\"},\"primaryImageOfPage\":{\"@id\":\"https:\/\/areton-ltd.com\/es\/beautyteck-plus-online-tests\/#primaryimage\"},\"image\":{\"@id\":\"https:\/\/areton-ltd.com\/es\/beautyteck-plus-online-tests\/#primaryimage\"},\"thumbnailUrl\":\"https:\/\/i0.wp.com\/areton-ltd.com\/wp-content\/uploads\/2019\/09\/arc-1-300x202.png?resize=300%2C202\",\"datePublished\":\"2019-09-11T10:49:07+00:00\",\"dateModified\":\"2024-02-03T08:50:13+00:00\",\"breadcrumb\":{\"@id\":\"https:\/\/areton-ltd.com\/es\/beautyteck-plus-online-tests\/#breadcrumb\"},\"inLanguage\":\"es\",\"potentialAction\":[{\"@type\":\"ReadAction\",\"target\":[\"https:\/\/areton-ltd.com\/es\/beautyteck-plus-online-tests\/\"]}]},{\"@type\":\"ImageObject\",\"inLanguage\":\"es\",\"@id\":\"https:\/\/areton-ltd.com\/es\/beautyteck-plus-online-tests\/#primaryimage\",\"url\":\"https:\/\/i0.wp.com\/areton-ltd.com\/wp-content\/uploads\/2019\/09\/arc-1-300x202.png?resize=300%2C202\",\"contentUrl\":\"https:\/\/i0.wp.com\/areton-ltd.com\/wp-content\/uploads\/2019\/09\/arc-1-300x202.png?resize=300%2C202\"},{\"@type\":\"BreadcrumbList\",\"@id\":\"https:\/\/areton-ltd.com\/es\/beautyteck-plus-online-tests\/#breadcrumb\",\"itemListElement\":[{\"@type\":\"ListItem\",\"position\":1,\"name\":\"Home\",\"item\":\"https:\/\/areton-ltd.com\/\"},{\"@type\":\"ListItem\",\"position\":2,\"name\":\"Beautyteck Plus Online Tests\"}]},{\"@type\":\"WebSite\",\"@id\":\"https:\/\/areton-ltd.com\/#website\",\"url\":\"https:\/\/areton-ltd.com\/\",\"name\":\"Areton LTD\",\"description\":\"Organic Skin Care &amp; Hair Care Products\",\"publisher\":{\"@id\":\"https:\/\/areton-ltd.com\/#organization\"},\"potentialAction\":[{\"@type\":\"SearchAction\",\"target\":{\"@type\":\"EntryPoint\",\"urlTemplate\":\"https:\/\/areton-ltd.com\/?s={search_term_string}\"},\"query-input\":{\"@type\":\"PropertyValueSpecification\",\"valueRequired\":true,\"valueName\":\"search_term_string\"}}],\"inLanguage\":\"es\"},{\"@type\":\"Organization\",\"@id\":\"https:\/\/areton-ltd.com\/#organization\",\"name\":\"Areton\",\"url\":\"https:\/\/areton-ltd.com\/\",\"logo\":{\"@type\":\"ImageObject\",\"inLanguage\":\"es\",\"@id\":\"https:\/\/areton-ltd.com\/#\/schema\/logo\/image\/\",\"url\":\"https:\/\/areton-ltd.com\/wp-content\/uploads\/2024\/05\/logo.png\",\"contentUrl\":\"https:\/\/areton-ltd.com\/wp-content\/uploads\/2024\/05\/logo.png\",\"width\":400,\"height\":400,\"caption\":\"Areton\"},\"image\":{\"@id\":\"https:\/\/areton-ltd.com\/#\/schema\/logo\/image\/\"},\"sameAs\":[\"https:\/\/www.facebook.com\/aretonEU\/\"],\"email\":\"info@areton-ltd.com\",\"telephone\":\"+44 7830 885825\",\"legalName\":\"Aretom LTD\",\"vatID\":\"09397231\",\"publishingPrinciples\":\"https:\/\/areton-ltd.com\/about-us\/\",\"ownershipFundingInfo\":\"https:\/\/areton-ltd.com\/about-us\/\"}]}<\/script>\n<!-- \/ Yoast SEO Premium plugin. -->","yoast_head_json":{"title":"Beautyteck Plus Online Tests - Areton","robots":{"index":"index","follow":"follow","max-snippet":"max-snippet:-1","max-image-preview":"max-image-preview:large","max-video-preview":"max-video-preview:-1"},"canonical":"https:\/\/areton-ltd.com\/es\/beautyteck-plus-online-tests\/","og_locale":"es_ES","og_type":"article","og_title":"Beautyteck Plus Online Tests","og_description":"Beautyteck PLUS TRANSIENT PERIOD \u00a0 When, We start the ARC what happens in the transition period? When we start the","og_url":"https:\/\/areton-ltd.com\/es\/beautyteck-plus-online-tests\/","og_site_name":"Areton","article_publisher":"https:\/\/www.facebook.com\/aretonEU\/","article_modified_time":"2024-02-03T08:50:13+00:00","og_image":[{"url":"https:\/\/i0.wp.com\/areton-ltd.com\/wp-content\/uploads\/2019\/09\/arc-1-300x202.png?resize=300%2C202","type":"","width":"","height":""}],"twitter_card":"summary_large_image","twitter_misc":{"Tiempo de lectura":"1 minuto"},"schema":{"@context":"https:\/\/schema.org","@graph":[{"@type":"WebPage","@id":"https:\/\/areton-ltd.com\/es\/beautyteck-plus-online-tests\/","url":"https:\/\/areton-ltd.com\/es\/beautyteck-plus-online-tests\/","name":"Beautyteck Plus Online Tests - Areton","isPartOf":{"@id":"https:\/\/areton-ltd.com\/#website"},"primaryImageOfPage":{"@id":"https:\/\/areton-ltd.com\/es\/beautyteck-plus-online-tests\/#primaryimage"},"image":{"@id":"https:\/\/areton-ltd.com\/es\/beautyteck-plus-online-tests\/#primaryimage"},"thumbnailUrl":"https:\/\/i0.wp.com\/areton-ltd.com\/wp-content\/uploads\/2019\/09\/arc-1-300x202.png?resize=300%2C202","datePublished":"2019-09-11T10:49:07+00:00","dateModified":"2024-02-03T08:50:13+00:00","breadcrumb":{"@id":"https:\/\/areton-ltd.com\/es\/beautyteck-plus-online-tests\/#breadcrumb"},"inLanguage":"es","potentialAction":[{"@type":"ReadAction","target":["https:\/\/areton-ltd.com\/es\/beautyteck-plus-online-tests\/"]}]},{"@type":"ImageObject","inLanguage":"es","@id":"https:\/\/areton-ltd.com\/es\/beautyteck-plus-online-tests\/#primaryimage","url":"https:\/\/i0.wp.com\/areton-ltd.com\/wp-content\/uploads\/2019\/09\/arc-1-300x202.png?resize=300%2C202","contentUrl":"https:\/\/i0.wp.com\/areton-ltd.com\/wp-content\/uploads\/2019\/09\/arc-1-300x202.png?resize=300%2C202"},{"@type":"BreadcrumbList","@id":"https:\/\/areton-ltd.com\/es\/beautyteck-plus-online-tests\/#breadcrumb","itemListElement":[{"@type":"ListItem","position":1,"name":"Home","item":"https:\/\/areton-ltd.com\/"},{"@type":"ListItem","position":2,"name":"Beautyteck Plus Online Tests"}]},{"@type":"WebSite","@id":"https:\/\/areton-ltd.com\/#website","url":"https:\/\/areton-ltd.com\/","name":"Areton LTD","description":"Organic Skin Care &amp; Hair Care Products","publisher":{"@id":"https:\/\/areton-ltd.com\/#organization"},"potentialAction":[{"@type":"SearchAction","target":{"@type":"EntryPoint","urlTemplate":"https:\/\/areton-ltd.com\/?s={search_term_string}"},"query-input":{"@type":"PropertyValueSpecification","valueRequired":true,"valueName":"search_term_string"}}],"inLanguage":"es"},{"@type":"Organization","@id":"https:\/\/areton-ltd.com\/#organization","name":"Areton","url":"https:\/\/areton-ltd.com\/","logo":{"@type":"ImageObject","inLanguage":"es","@id":"https:\/\/areton-ltd.com\/#\/schema\/logo\/image\/","url":"https:\/\/areton-ltd.com\/wp-content\/uploads\/2024\/05\/logo.png","contentUrl":"https:\/\/areton-ltd.com\/wp-content\/uploads\/2024\/05\/logo.png","width":400,"height":400,"caption":"Areton"},"image":{"@id":"https:\/\/areton-ltd.com\/#\/schema\/logo\/image\/"},"sameAs":["https:\/\/www.facebook.com\/aretonEU\/"],"email":"info@areton-ltd.com","telephone":"+44 7830 885825","legalName":"Aretom LTD","vatID":"09397231","publishingPrinciples":"https:\/\/areton-ltd.com\/about-us\/","ownershipFundingInfo":"https:\/\/areton-ltd.com\/about-us\/"}]}},"_links":{"self":[{"href":"https:\/\/areton-ltd.com\/es\/wp-json\/wp\/v2\/pages\/7151","targetHints":{"allow":["GET"]}}],"collection":[{"href":"https:\/\/areton-ltd.com\/es\/wp-json\/wp\/v2\/pages"}],"about":[{"href":"https:\/\/areton-ltd.com\/es\/wp-json\/wp\/v2\/types\/page"}],"author":[{"embeddable":true,"href":"https:\/\/areton-ltd.com\/es\/wp-json\/wp\/v2\/users\/5"}],"replies":[{"embeddable":true,"href":"https:\/\/areton-ltd.com\/es\/wp-json\/wp\/v2\/comments?post=7151"}],"version-history":[{"count":6,"href":"https:\/\/areton-ltd.com\/es\/wp-json\/wp\/v2\/pages\/7151\/revisions"}],"predecessor-version":[{"id":16746,"href":"https:\/\/areton-ltd.com\/es\/wp-json\/wp\/v2\/pages\/7151\/revisions\/16746"}],"wp:attachment":[{"href":"https:\/\/areton-ltd.com\/es\/wp-json\/wp\/v2\/media?parent=7151"}],"curies":[{"name":"wp","href":"https:\/\/api.w.org\/{rel}","templated":true}]}}