{"id":6660,"date":"2019-07-01T06:46:19","date_gmt":"2019-07-01T06:46:19","guid":{"rendered":"http:\/\/areton-ltd.com\/?page_id=6660"},"modified":"2024-02-03T08:54:38","modified_gmt":"2024-02-03T08:54:38","slug":"beautyteck-information","status":"publish","type":"page","link":"https:\/\/areton-ltd.com\/es\/beautyteck-information\/","title":{"rendered":"Informaci\u00f3n del Beautyteck"},"content":{"rendered":"<div data-elementor-type=\"wp-page\" data-elementor-id=\"6660\" class=\"elementor elementor-6660\">\n\t\t\t\t<div class=\"wd-negative-gap elementor-element elementor-element-39dd29e0 e-flex e-con-boxed wpr-particle-no wpr-jarallax-no wpr-parallax-no wpr-sticky-section-no e-con e-parent\" data-id=\"39dd29e0\" data-element_type=\"container\" data-e-type=\"container\" data-settings=\"{&quot;ekit_has_onepagescroll_dot&quot;:&quot;yes&quot;}\">\n\t\t\t\t\t<div class=\"e-con-inner\">\n\t\t\t\t<div class=\"elementor-element elementor-element-21250daa color-scheme-inherit text-left elementor-widget elementor-widget-text-editor\" data-id=\"21250daa\" data-element_type=\"widget\" data-e-type=\"widget\" data-settings=\"{&quot;ekit_we_effect_on&quot;:&quot;none&quot;}\" data-widget_type=\"text-editor.default\">\n\t\t\t\t<div class=\"elementor-widget-container\">\n\t\t\t\t\t\t\t\t\t<div class=\"vc_row wpb_row vc_row-fluid\"><div class=\"wpb_column vc_column_container vc_col-sm-12\"><div class=\"vc_column-inner\"><div class=\"wpb_wrapper\"><div class=\"wpb_single_image wpb_content_element vc_align_center\"><figure class=\"wpb_wrapper vc_figure\"><div class=\"vc_single_image-wrapper vc_box_border_grey\"><img fetchpriority=\"high\" decoding=\"async\" class=\"vc_single_image-img attachment-full\" title=\"BeFunky Design\" src=\"https:\/\/i0.wp.com\/areton-ltd.com\/wp-content\/uploads\/2019\/09\/BeFunky-Design-e1567940976654.png?fit=1280%2C989&amp;ssl=1\" alt=\"\" width=\"1280\" height=\"989\" \/><\/div><\/figure><\/div><\/div><\/div><\/div><\/div><div class=\"vc_row wpb_row vc_row-fluid\"><div class=\"wpb_column vc_column_container vc_col-sm-12\"><div class=\"vc_column-inner\"><div class=\"wpb_wrapper\"><div class=\"wpb_text_column wpb_content_element\"><div class=\"wpb_wrapper\"><h1>\u00bfQu\u00e9 es el dispositivo Beautyteck Plus?<\/h1><p><strong>Para mejorar la eficacia y seguridad del tratamiento, el dispositivo de Plasma BeautyTeck Plus  ha ingresado al mundo est\u00e9tico para estirar los p\u00e1rpados superiores e inferiores, reafirmar la eliminaci\u00f3n de tatuajes y otras lesiones cut\u00e1neas benignas.\u00a0<a href=\"http:\/\/areton-ltd.com\/beauty-devices\/beautyteck-plus-manual\/\">Leer m\u00e1s<\/a>\u00a0<\/strong><\/p><h2><a href=\"http:\/\/areton-ltd.com\/quiz\/beauty-teck\/\">Tome la prueba ahora<\/a><\/h2><\/div><\/div><div class=\"wpb_text_column wpb_content_element\"><div class=\"wpb_wrapper\"><h1>Contador de inicio \"Start counter\"<\/h1><p>La duraci\u00f3n del arco es muy importante. Por lo tanto, cuando pretendemos utilizar los dispositivos para estirar la piel, el nivel de potencia es muy bajo. Es todo un desaf\u00edo controlar el arco de manera eficiente usando las manos y los ojos o la duraci\u00f3n total del arco cuando trabajamos en la regi\u00f3n de milisegundos.<br \/><a href=\"http:\/\/areton-ltd.com\/beauty-devices\/beautyteck-plus-start-counter-mode\/\">Leer m\u00e1s<\/a><\/p><h2><span style=\"color: #ff6600;\"><a style=\"color: #ff6600;\" href=\"http:\/\/areton-ltd.com\/beauty-devices\/quiz\/start-counter\/\">Tome la prueba ahora<\/a><\/span><\/h2><\/div><\/div><div class=\"wpb_text_column wpb_content_element\"><div class=\"wpb_wrapper\"><h1>Contador completo \"Whole Counter\"<\/h1><p class=\"white\">El modo Whole counter\u00a0<strong>es una de las funciones m\u00e1s importantes<\/strong>\u00a0del nuevo dispositivo Beautyteck Plus. Hoy en d\u00eda, uno de los problemas de todos los dispositivos del mercado es la falta de control digital de la duraci\u00f3n del arco.\u00a0\u00a0<a href=\"http:\/\/areton-ltd.com\/beauty-devices\/beautyteck-whole-counter-mode\/\">Leer m\u00e1s<\/a><\/p><h2><span style=\"color: #ff6600;\"><a style=\"color: #ff6600;\" href=\"http:\/\/areton-ltd.com\/quiz\/whole-counter\/\">Tome la prueba ahora<\/a><\/span><\/h2><\/div><\/div><div class=\"wpb_text_column wpb_content_element\"><div class=\"wpb_wrapper\"><h1>Modo Pulso<\/h1><p>La raz\u00f3n principal para introducir el\u00a0<strong>modo PULSO es permitirle utilizar plasma caliente, no plasma fr\u00edo, para realizar el rejuvenecimiento de la piel.<\/strong>. Cuando realiza un rejuvenecimiento de la piel con plasma caliente, el modo PULSO le permite realizar tratamientos mesoterap\u00e9uticos. Porque despu\u00e9s de haber realizado el rejuvenecimiento de la piel usando el modo PULSO, puede aplicar cualquier producto que desee en la parte de la piel que ha tratado y la piel ser\u00e1 muy susceptible a absorber casi cualquier tipo de producto que le est\u00e9 aplicando.\u00a0<strong>Por lo tanto, el Modo Pulso le brinda una ventaja adicional para su cl\u00ednica. El punto m\u00e1s importante es que puede utilizar  Plasma CALIENTE para realizar un rejuvenecimiento de la piel sin ning\u00fan anest\u00e9sicos.\u00a0\u00a0<span style=\"color: #ff6600;\"><a style=\"color: #ff6600;\" href=\"http:\/\/areton-ltd.com\/beauty-devices\/pulse-mode\/\">Leer m\u00e1s<\/a>\u00a0<\/span><\/strong><\/p><h2><span style=\"color: #ff6600;\"><a style=\"color: #ff6600;\" href=\"http:\/\/areton-ltd.com\/quiz\/pluse-mode\/\">Tome la prueba ahora<\/a><\/span><\/h2><\/div><\/div><\/div><\/div><\/div><\/div>\t\t\t\t\t\t\t\t<\/div>\n\t\t\t\t<\/div>\n\t\t\t\t\t<\/div>\n\t\t\t\t<\/div>\n\t\t\t\t<\/div>","protected":false},"excerpt":{"rendered":"<p>What is Beautyteck Plus Device To improve treatment efficacy and safety, The BeautyTeck Plus Plasma device has entered into the<\/p>","protected":false},"author":5,"featured_media":0,"parent":0,"menu_order":0,"comment_status":"closed","ping_status":"closed","template":"","meta":{"_monsterinsights_skip_tracking":false,"_monsterinsights_sitenote_active":false,"_monsterinsights_sitenote_note":"","_monsterinsights_sitenote_category":0,"footnotes":""},"class_list":["post-6660","page","type-page","status-publish","hentry"],"yoast_head":"<!-- This site is optimized with the Yoast SEO Premium plugin v22.8 (Yoast SEO v27.2) - https:\/\/yoast.com\/product\/yoast-seo-premium-wordpress\/ -->\n<title>Beautyteck Information - Areton<\/title>\n<meta name=\"robots\" content=\"index, follow, max-snippet:-1, max-image-preview:large, max-video-preview:-1\" \/>\n<link rel=\"canonical\" href=\"https:\/\/areton-ltd.com\/es\/beautyteck-information\/\" \/>\n<meta property=\"og:locale\" content=\"es_ES\" \/>\n<meta property=\"og:type\" content=\"article\" \/>\n<meta property=\"og:title\" content=\"Beautyteck Information\" \/>\n<meta property=\"og:description\" content=\"What is Beautyteck Plus Device To improve treatment efficacy and safety, The BeautyTeck Plus Plasma device has entered into the\" \/>\n<meta property=\"og:url\" content=\"https:\/\/areton-ltd.com\/es\/beautyteck-information\/\" \/>\n<meta property=\"og:site_name\" content=\"Areton\" \/>\n<meta property=\"article:publisher\" content=\"https:\/\/www.facebook.com\/aretonEU\/\" \/>\n<meta property=\"article:modified_time\" content=\"2024-02-03T08:54:38+00:00\" \/>\n<meta property=\"og:image\" content=\"https:\/\/i0.wp.com\/areton-ltd.com\/wp-content\/uploads\/2019\/09\/BeFunky-Design-e1567940976654.png?fit=1280%2C989&amp;ssl=1\" \/>\n<meta name=\"twitter:card\" content=\"summary_large_image\" \/>\n<meta name=\"twitter:label1\" content=\"Tiempo de lectura\" \/>\n\t<meta name=\"twitter:data1\" content=\"1 minuto\" \/>\n<script type=\"application\/ld+json\" class=\"yoast-schema-graph\">{\"@context\":\"https:\/\/schema.org\",\"@graph\":[{\"@type\":\"WebPage\",\"@id\":\"https:\/\/areton-ltd.com\/es\/beautyteck-information\/\",\"url\":\"https:\/\/areton-ltd.com\/es\/beautyteck-information\/\",\"name\":\"Beautyteck Information - Areton\",\"isPartOf\":{\"@id\":\"https:\/\/areton-ltd.com\/#website\"},\"primaryImageOfPage\":{\"@id\":\"https:\/\/areton-ltd.com\/es\/beautyteck-information\/#primaryimage\"},\"image\":{\"@id\":\"https:\/\/areton-ltd.com\/es\/beautyteck-information\/#primaryimage\"},\"thumbnailUrl\":\"https:\/\/i0.wp.com\/areton-ltd.com\/wp-content\/uploads\/2019\/09\/BeFunky-Design-e1567940976654.png?fit=1280%2C989&amp;ssl=1\",\"datePublished\":\"2019-07-01T06:46:19+00:00\",\"dateModified\":\"2024-02-03T08:54:38+00:00\",\"breadcrumb\":{\"@id\":\"https:\/\/areton-ltd.com\/es\/beautyteck-information\/#breadcrumb\"},\"inLanguage\":\"es\",\"potentialAction\":[{\"@type\":\"ReadAction\",\"target\":[\"https:\/\/areton-ltd.com\/es\/beautyteck-information\/\"]}]},{\"@type\":\"ImageObject\",\"inLanguage\":\"es\",\"@id\":\"https:\/\/areton-ltd.com\/es\/beautyteck-information\/#primaryimage\",\"url\":\"https:\/\/i0.wp.com\/areton-ltd.com\/wp-content\/uploads\/2019\/09\/BeFunky-Design-e1567940976654.png?fit=1280%2C989&amp;ssl=1\",\"contentUrl\":\"https:\/\/i0.wp.com\/areton-ltd.com\/wp-content\/uploads\/2019\/09\/BeFunky-Design-e1567940976654.png?fit=1280%2C989&amp;ssl=1\"},{\"@type\":\"BreadcrumbList\",\"@id\":\"https:\/\/areton-ltd.com\/es\/beautyteck-information\/#breadcrumb\",\"itemListElement\":[{\"@type\":\"ListItem\",\"position\":1,\"name\":\"Home\",\"item\":\"https:\/\/areton-ltd.com\/\"},{\"@type\":\"ListItem\",\"position\":2,\"name\":\"Beautyteck Information\"}]},{\"@type\":\"WebSite\",\"@id\":\"https:\/\/areton-ltd.com\/#website\",\"url\":\"https:\/\/areton-ltd.com\/\",\"name\":\"Areton LTD\",\"description\":\"Organic Skin Care &amp; Hair Care Products\",\"publisher\":{\"@id\":\"https:\/\/areton-ltd.com\/#organization\"},\"potentialAction\":[{\"@type\":\"SearchAction\",\"target\":{\"@type\":\"EntryPoint\",\"urlTemplate\":\"https:\/\/areton-ltd.com\/?s={search_term_string}\"},\"query-input\":{\"@type\":\"PropertyValueSpecification\",\"valueRequired\":true,\"valueName\":\"search_term_string\"}}],\"inLanguage\":\"es\"},{\"@type\":\"Organization\",\"@id\":\"https:\/\/areton-ltd.com\/#organization\",\"name\":\"Areton\",\"url\":\"https:\/\/areton-ltd.com\/\",\"logo\":{\"@type\":\"ImageObject\",\"inLanguage\":\"es\",\"@id\":\"https:\/\/areton-ltd.com\/#\/schema\/logo\/image\/\",\"url\":\"https:\/\/areton-ltd.com\/wp-content\/uploads\/2024\/05\/logo.png\",\"contentUrl\":\"https:\/\/areton-ltd.com\/wp-content\/uploads\/2024\/05\/logo.png\",\"width\":400,\"height\":400,\"caption\":\"Areton\"},\"image\":{\"@id\":\"https:\/\/areton-ltd.com\/#\/schema\/logo\/image\/\"},\"sameAs\":[\"https:\/\/www.facebook.com\/aretonEU\/\"],\"email\":\"info@areton-ltd.com\",\"telephone\":\"+44 7830 885825\",\"legalName\":\"Aretom LTD\",\"vatID\":\"09397231\",\"publishingPrinciples\":\"https:\/\/areton-ltd.com\/about-us\/\",\"ownershipFundingInfo\":\"https:\/\/areton-ltd.com\/about-us\/\"}]}<\/script>\n<!-- \/ Yoast SEO Premium plugin. -->","yoast_head_json":{"title":"Beautyteck Information - Areton","robots":{"index":"index","follow":"follow","max-snippet":"max-snippet:-1","max-image-preview":"max-image-preview:large","max-video-preview":"max-video-preview:-1"},"canonical":"https:\/\/areton-ltd.com\/es\/beautyteck-information\/","og_locale":"es_ES","og_type":"article","og_title":"Beautyteck Information","og_description":"What is Beautyteck Plus Device To improve treatment efficacy and safety, The BeautyTeck Plus Plasma device has entered into the","og_url":"https:\/\/areton-ltd.com\/es\/beautyteck-information\/","og_site_name":"Areton","article_publisher":"https:\/\/www.facebook.com\/aretonEU\/","article_modified_time":"2024-02-03T08:54:38+00:00","og_image":[{"url":"https:\/\/i0.wp.com\/areton-ltd.com\/wp-content\/uploads\/2019\/09\/BeFunky-Design-e1567940976654.png?fit=1280%2C989&amp;ssl=1","type":"","width":"","height":""}],"twitter_card":"summary_large_image","twitter_misc":{"Tiempo de lectura":"1 minuto"},"schema":{"@context":"https:\/\/schema.org","@graph":[{"@type":"WebPage","@id":"https:\/\/areton-ltd.com\/es\/beautyteck-information\/","url":"https:\/\/areton-ltd.com\/es\/beautyteck-information\/","name":"Beautyteck Information - Areton","isPartOf":{"@id":"https:\/\/areton-ltd.com\/#website"},"primaryImageOfPage":{"@id":"https:\/\/areton-ltd.com\/es\/beautyteck-information\/#primaryimage"},"image":{"@id":"https:\/\/areton-ltd.com\/es\/beautyteck-information\/#primaryimage"},"thumbnailUrl":"https:\/\/i0.wp.com\/areton-ltd.com\/wp-content\/uploads\/2019\/09\/BeFunky-Design-e1567940976654.png?fit=1280%2C989&amp;ssl=1","datePublished":"2019-07-01T06:46:19+00:00","dateModified":"2024-02-03T08:54:38+00:00","breadcrumb":{"@id":"https:\/\/areton-ltd.com\/es\/beautyteck-information\/#breadcrumb"},"inLanguage":"es","potentialAction":[{"@type":"ReadAction","target":["https:\/\/areton-ltd.com\/es\/beautyteck-information\/"]}]},{"@type":"ImageObject","inLanguage":"es","@id":"https:\/\/areton-ltd.com\/es\/beautyteck-information\/#primaryimage","url":"https:\/\/i0.wp.com\/areton-ltd.com\/wp-content\/uploads\/2019\/09\/BeFunky-Design-e1567940976654.png?fit=1280%2C989&amp;ssl=1","contentUrl":"https:\/\/i0.wp.com\/areton-ltd.com\/wp-content\/uploads\/2019\/09\/BeFunky-Design-e1567940976654.png?fit=1280%2C989&amp;ssl=1"},{"@type":"BreadcrumbList","@id":"https:\/\/areton-ltd.com\/es\/beautyteck-information\/#breadcrumb","itemListElement":[{"@type":"ListItem","position":1,"name":"Home","item":"https:\/\/areton-ltd.com\/"},{"@type":"ListItem","position":2,"name":"Beautyteck Information"}]},{"@type":"WebSite","@id":"https:\/\/areton-ltd.com\/#website","url":"https:\/\/areton-ltd.com\/","name":"Areton LTD","description":"Organic Skin Care &amp; Hair Care Products","publisher":{"@id":"https:\/\/areton-ltd.com\/#organization"},"potentialAction":[{"@type":"SearchAction","target":{"@type":"EntryPoint","urlTemplate":"https:\/\/areton-ltd.com\/?s={search_term_string}"},"query-input":{"@type":"PropertyValueSpecification","valueRequired":true,"valueName":"search_term_string"}}],"inLanguage":"es"},{"@type":"Organization","@id":"https:\/\/areton-ltd.com\/#organization","name":"Areton","url":"https:\/\/areton-ltd.com\/","logo":{"@type":"ImageObject","inLanguage":"es","@id":"https:\/\/areton-ltd.com\/#\/schema\/logo\/image\/","url":"https:\/\/areton-ltd.com\/wp-content\/uploads\/2024\/05\/logo.png","contentUrl":"https:\/\/areton-ltd.com\/wp-content\/uploads\/2024\/05\/logo.png","width":400,"height":400,"caption":"Areton"},"image":{"@id":"https:\/\/areton-ltd.com\/#\/schema\/logo\/image\/"},"sameAs":["https:\/\/www.facebook.com\/aretonEU\/"],"email":"info@areton-ltd.com","telephone":"+44 7830 885825","legalName":"Aretom LTD","vatID":"09397231","publishingPrinciples":"https:\/\/areton-ltd.com\/about-us\/","ownershipFundingInfo":"https:\/\/areton-ltd.com\/about-us\/"}]}},"_links":{"self":[{"href":"https:\/\/areton-ltd.com\/es\/wp-json\/wp\/v2\/pages\/6660","targetHints":{"allow":["GET"]}}],"collection":[{"href":"https:\/\/areton-ltd.com\/es\/wp-json\/wp\/v2\/pages"}],"about":[{"href":"https:\/\/areton-ltd.com\/es\/wp-json\/wp\/v2\/types\/page"}],"author":[{"embeddable":true,"href":"https:\/\/areton-ltd.com\/es\/wp-json\/wp\/v2\/users\/5"}],"replies":[{"embeddable":true,"href":"https:\/\/areton-ltd.com\/es\/wp-json\/wp\/v2\/comments?post=6660"}],"version-history":[{"count":3,"href":"https:\/\/areton-ltd.com\/es\/wp-json\/wp\/v2\/pages\/6660\/revisions"}],"predecessor-version":[{"id":16750,"href":"https:\/\/areton-ltd.com\/es\/wp-json\/wp\/v2\/pages\/6660\/revisions\/16750"}],"wp:attachment":[{"href":"https:\/\/areton-ltd.com\/es\/wp-json\/wp\/v2\/media?parent=6660"}],"curies":[{"name":"wp","href":"https:\/\/api.w.org\/{rel}","templated":true}]}}