{"id":3987,"date":"2019-03-30T12:24:50","date_gmt":"2019-03-30T12:24:50","guid":{"rendered":"http:\/\/areton-ltd.com\/?page_id=3987"},"modified":"2024-02-02T07:29:39","modified_gmt":"2024-02-02T07:29:39","slug":"hifu-manual-face-neck","status":"publish","type":"page","link":"https:\/\/areton-ltd.com\/es\/hifu-manual-face-neck\/","title":{"rendered":"Manual de HIFU (Cara y Cuello)"},"content":{"rendered":"<div data-elementor-type=\"wp-page\" data-elementor-id=\"3987\" class=\"elementor elementor-3987\">\n\t\t\t\t<div class=\"elementor-element elementor-element-464dc9a8 e-flex e-con-boxed wpr-particle-no wpr-jarallax-no wpr-parallax-no wpr-sticky-section-no e-con e-parent\" data-id=\"464dc9a8\" data-element_type=\"container\" data-e-type=\"container\" data-settings=\"{&quot;ekit_has_onepagescroll_dot&quot;:&quot;yes&quot;}\">\n\t\t\t\t\t<div class=\"e-con-inner\">\n\t\t\t\t<div class=\"elementor-element elementor-element-803047f color-scheme-inherit text-left elementor-widget elementor-widget-text-editor\" data-id=\"803047f\" data-element_type=\"widget\" data-e-type=\"widget\" data-settings=\"{&quot;ekit_we_effect_on&quot;:&quot;none&quot;}\" data-widget_type=\"text-editor.default\">\n\t\t\t\t<div class=\"elementor-widget-container\">\n\t\t\t\t\t\t\t\t\t<h2>MANUAL DE USUARIO M\u00c1QUINA DE HIFU (CARA Y CUELLO)<\/h2><div>\u00a0 \u00a0<\/div><p><img fetchpriority=\"high\" decoding=\"async\" class=\"size-medium wp-image-16683 alignleft\" src=\"http:\/\/areton.co.uk\/wp-content\/uploads\/2024\/02\/NEW-FREE-SUPPOrT-VIDEOs-ON-REQUEST-2-1-400x200.webp\" alt=\"\" width=\"400\" height=\"200\" srcset=\"https:\/\/areton-ltd.com\/wp-content\/uploads\/2024\/02\/NEW-FREE-SUPPOrT-VIDEOs-ON-REQUEST-2-1-400x200.webp 400w, https:\/\/areton-ltd.com\/wp-content\/uploads\/2024\/02\/NEW-FREE-SUPPOrT-VIDEOs-ON-REQUEST-2-1-600x300.webp 600w, https:\/\/areton-ltd.com\/wp-content\/uploads\/2024\/02\/NEW-FREE-SUPPOrT-VIDEOs-ON-REQUEST-2-1-150x75.webp 150w, https:\/\/areton-ltd.com\/wp-content\/uploads\/2024\/02\/NEW-FREE-SUPPOrT-VIDEOs-ON-REQUEST-2-1-768x384.webp 768w, https:\/\/areton-ltd.com\/wp-content\/uploads\/2024\/02\/NEW-FREE-SUPPOrT-VIDEOs-ON-REQUEST-2-1.webp 1024w\" sizes=\"(max-width: 400px) 100vw, 400px\" \/> <img decoding=\"async\" class=\"size-medium wp-image-16682 alignnone\" src=\"http:\/\/areton.co.uk\/wp-content\/uploads\/2024\/02\/NEW-FREE-SUPPOrT-VIDEOs-ON-REQUEST-1-400x200.webp\" alt=\"\" width=\"400\" height=\"200\" srcset=\"https:\/\/areton-ltd.com\/wp-content\/uploads\/2024\/02\/NEW-FREE-SUPPOrT-VIDEOs-ON-REQUEST-1-400x200.webp 400w, https:\/\/areton-ltd.com\/wp-content\/uploads\/2024\/02\/NEW-FREE-SUPPOrT-VIDEOs-ON-REQUEST-1-600x300.webp 600w, https:\/\/areton-ltd.com\/wp-content\/uploads\/2024\/02\/NEW-FREE-SUPPOrT-VIDEOs-ON-REQUEST-1-150x75.webp 150w, https:\/\/areton-ltd.com\/wp-content\/uploads\/2024\/02\/NEW-FREE-SUPPOrT-VIDEOs-ON-REQUEST-1-768x384.webp 768w, https:\/\/areton-ltd.com\/wp-content\/uploads\/2024\/02\/NEW-FREE-SUPPOrT-VIDEOs-ON-REQUEST-1.webp 1024w\" sizes=\"(max-width: 400px) 100vw, 400px\" \/><\/p><table><tbody><tr><td>Programa de entrenamiento<\/td><td>Leer m\u00e1s<\/td><\/tr><tr><td>Instrucciones sobre los man\u00edpulos de mano<\/td><td>Leer m\u00e1s<\/td><\/tr><tr><td>Tratamiento facial<\/td><td>Leer m\u00e1s<\/td><\/tr><tr><td>Preste m\u00e1s atenci\u00f3n durante el funcionamiento de la m\u00e1quina HIFU<\/td><td>Leer m\u00e1s<\/td><\/tr><tr><td>Cursos de tratamiento<\/td><td><a href=\"#\">Leer m\u00e1s<\/a><\/td><\/tr><\/tbody><\/table><p>\u00a0<\/p><p>\u00a0<\/p><p>\u00a0<\/p><table width=\"717\"><tbody><tr><td><strong>Entrenador<\/strong><\/td><td><strong>Aprendiz<\/strong><\/td><\/tr><tr><td>Objetivo de entrenamiento<\/td><td><ol><li>C\u00f3mo operar una m\u00e1quina y c\u00f3mo mantenerla;<\/li><li>Operaci\u00f3n h\u00e1bil de la m\u00e1quina HIFU de manera segura y c\u00f3mo manejarla de manera eficiente para obtener los mejores resultados;<\/li><li>C\u00f3mo presentar la m\u00e1quina HIFU a los clientes y comunicarse con ellos sin problemas.<\/li><\/ol><\/td><\/tr><tr><td>Objetivo de entrenamiento<\/td><td><ol><li>Sobre el aspecto de la m\u00e1quina y c\u00f3mo encenderla\/apagarla y por qu\u00e9 deber\u00edamos prestar m\u00e1s atenci\u00f3n al funcionamiento de la m\u00e1quina\/dispositivo.<\/li><li>C\u00f3mo operar la pantalla de la m\u00e1quina;<\/li><li>Sobre qu\u00e9 tipos de aplicaci\u00f3n tienen las piezas de mano y c\u00f3mo operarlas;<\/li><li>C\u00f3mo utilizar una m\u00e1quina para tratar a los clientes;<\/li><li>C\u00f3mo comunicarse con los clientes sobre el funcionamiento de la m\u00e1quina;<\/li><li>C\u00f3mo mantener la m\u00e1quina y solucionar las aver\u00edas habituales.<\/li><\/ol><\/td><\/tr><tr><td>Examinador<\/td><td>asistente examinador<\/td><\/tr><tr><td colspan=\"2\"><p><strong><em>Any questions after training, please contact our company\u2019s training department,<br \/><\/em><em>Cualquier duda despu\u00e9s de la formaci\u00f3n, p\u00f3ngase en contacto con el departamento de formaci\u00f3n de nuestra empresa, Tel\u00e9fono:0086 755 27832600.<\/em><\/strong><\/p><\/td><\/tr><\/tbody><\/table><p>\u00a0<\/p><p>\u00a0<\/p><h2>\u00a0Introducci\u00f3n sobre los man\u00edpulos de mano<\/h2><p style=\"text-align: justify;\">La perspectiva de 3 man\u00edpulos de mano es similar. Las diferencias entre los 3 man\u00edpulos de mano son la profundidad del tratamiento<em>(4,5 mm\/3,0 mm\/1,5 mm, respectivamente)<\/em>y duraci\u00f3n de la energ\u00eda para el tratamiento. A menudo tratamos una cara con dos piezas de mano de diferente profundidad para obtener los mejores resultados.<\/p><p style=\"text-align: justify;\"><strong>Teor\u00eda de las t\u00e9cnicas de los man\u00edpulos de mano:<\/strong><strong>\uff1a<\/strong>El dispositivo HIFU es un ultrasonido enfocado de alta intensidad. La potencia del ultrasonido llega al extremo inferior de la piel llamado capa m\u00fasculoaponeur\u00f3tico superficial. El poder ayuda a la capa m\u00fasculoaponeur\u00f3tico superficial a mejorar la flacidez de la piel de manera efectiva mediante los man\u00edpulos de mano, con el cartucho de 4,5 mm de profundidad. Cuando el poder alcanza una profundidad de 3,0 mm sobre una capa de piel de col\u00e1geno, ayuda a que el col\u00e1geno se reproduzca y regenere. El col\u00e1geno es una especie de prote\u00edna que recupera la elasticidad de la piel, la blanquea, elimina las arrugas, reduce los poros y sana los problemas del antienvejecimiento.<\/p><ul style=\"list-style-type: circle;\"><li style=\"text-align: justify;\"><strong>Man\u00edpulos de mano para el primer tratamiento:<\/strong> Se utilizan para identificar el \u00e1rea de tratamiento de la piel. A menudo cubre todo el rostro con una energ\u00eda muy intensiva. Los pacientes pueden sentir un poco de calor en la piel y dolor en las mejillas y el ment\u00f3n. Durante el tratamiento, es posible que tambi\u00e9n sientan dolor en los dientes. Debido a que la energ\u00eda pasa a la capa m\u00fasculoaponeur\u00f3tico superficial de la mand\u00edbula y hay varios vasos sangu\u00edneos que se cruzan en la enc\u00eda del diente.<strong style=\"text-align: justify;\">Man\u00edpulos de mano para el segundo tratamiento:<\/strong><span style=\"text-align: justify;\"> se utilizan para tratar la capa m\u00fasculoaponeur\u00f3tico superficial de la mand\u00edbula inferior y la esquina de los ojos. Los pacientes pueden sentir un poco de dolor durante el tratamiento.<br \/><\/span><strong style=\"text-align: justify;\">Man\u00edpulos de mano para el tercer tratamiento<\/strong><span style=\"text-align: justify;\"> Se utilizan para tratar la capa de la dermis. El tratamiento ayuda a que el col\u00e1geno \u00f3seo se reduzca y luego el col\u00e1geno comienza a regenerarse y reagruparse para recuperar la elasticidad de la piel. El calor en la capa de la dermis hace que la piel se tense. Los pacientes pueden tener una sensaci\u00f3n de calor en la cara similar a la sensaci\u00f3n que tenemos durante un SPA.<\/span><\/li><\/ul><p><img decoding=\"async\" class=\"size-medium wp-image-16684 aligncenter\" src=\"http:\/\/areton.co.uk\/wp-content\/uploads\/2024\/02\/handle-1-400x190.webp\" alt=\"\" width=\"400\" height=\"190\" data-wp-editing=\"1\" srcset=\"https:\/\/areton-ltd.com\/wp-content\/uploads\/2024\/02\/handle-1-400x190.webp 400w, https:\/\/areton-ltd.com\/wp-content\/uploads\/2024\/02\/handle-1-150x71.webp 150w, https:\/\/areton-ltd.com\/wp-content\/uploads\/2024\/02\/handle-1.webp 500w\" sizes=\"(max-width: 400px) 100vw, 400px\" \/><\/p><h2><strong>Formas de tratamiento en la cara y el cuello.<\/strong><\/h2><ol><li style=\"text-align: justify;\">Diagnosticar si la cara a tratar esta lista antes de operar con el dispositivo. Limpie y seque la cara y el cuello, luego cubra con gel la zona y por \u00faltimo opere con la m\u00e1quina HIFU.<\/li><li style=\"text-align: justify;\">A menudo tratamos con un man\u00edpulo de mano de 4,5 mm de profundidad desde la mand\u00edbula (parte inferior del ment\u00f3n) hasta la mejilla para deslizarla hacia arriba y transversalmente hacia la frente (como en la imagen 2) y evitar el hueso orbital y el tri\u00e1ngulo.<\/li><li>A menudo tratamos con un man\u00edpulo de mano de 3,0 mm de profundidad desde la mand\u00edbula (parte inferior del ment\u00f3n) hasta la mejilla para deslizar, levantar y erigir hacia la frente (como en la imagen 3) y evitar el hueso orbital y el tri\u00e1ngulo <span style=\"color: #ff0000;\">el punto de partida (imagen), deslizamiento intensivo y elevaci\u00f3n hacia arriba, punto final\u3002<\/span><\/li><li>A menudo tratamos con un man\u00edpulo de mano de 1,5 mm de profundidad en toda la cara para deslizar, levantar y erigir hacia arriba (como en la imagen 3) y evitar el hueso orbital y el tri\u00e1ngulo.<\/li><\/ol><p>\u00a0<\/p><h2><strong>Aplicaciones<\/strong><\/h2><ol><li style=\"text-align: justify;\">Contorno y forma del rostro: Elimina las arrugas de la frente, alrededor de los ojos y los labios; estirar y encoger la papada; recuperar la elasticidad de la piel; Mejora la textura de la piel, la piel delicada, suave y blanqueada.<\/li><\/ol><ol style=\"text-align: justify;\" start=\"2\"><li>Regeneraci\u00f3n de c\u00e9lulas de la capa facial (m\u00fasculoaponeur\u00f3tico superficial): un ultrasonido enfocado con un tratamiento no invasivo promueve que la capa m\u00fasculoaponeur\u00f3tico superficial produzca una gran cantidad de col\u00e1genos que retrasan el envejecimiento de la piel.<\/li><\/ol><ol style=\"text-align: justify;\" start=\"3\"><li>Hacer un lifting y estirar la piel alrededor del ojo y el p\u00e1rpado reduciendo las arrugas<\/li><\/ol><p style=\"text-align: justify;\">Mejora la ca\u00edda de los p\u00e1rpados, las bolsas de los ojos y las arrugas alrededor de los ojos, estira los ojos y las cejas para que los ojos se vean m\u00e1s grandes y m\u00e1s relucientes.<\/p><p>\u00a0<\/p><h4>Aplicable para las siguientes personas:<\/h4><ol><li style=\"text-align: justify;\">Si La persona tiene arrugas en la cara, alrededor de los ojos, frente, cuello, pliegues nasolabiales, estr\u00edas, etc.;<\/li><li style=\"text-align: justify;\">Si la Persona es de edad avanzada con piel fl\u00e1cida y ca\u00edda;<\/li><li style=\"text-align: justify;\">Si la persona tiene papada, la piel de las comisuras de los ojos est\u00e1 ca\u00edda y la piel de la punta de las cejas est\u00e1 ca\u00edda;<\/li><li style=\"text-align: justify;\">Si la persona tiene la piel fl\u00e1cida e hinchada.<\/li><li style=\"text-align: justify;\">Si la persona tiene laxitud de la piel del rostro, mucha grasa en brazos, gl\u00fateos y abdomen, y pierde la forma de la figura despu\u00e9s del parto.<\/li><\/ol><p>\u00a0<\/p><h2><strong>Preste m\u00e1s atenci\u00f3n para operar la m\u00e1quina.<\/strong><\/h2><ol><li style=\"text-align: justify;\">Opere la m\u00e1quina sobre la piel, pero evite la posici\u00f3n del hueso orbital y la posici\u00f3n angular (labios, caja de huesos de la boca y nariz).<\/li><li style=\"text-align: justify;\">Una persona sentir\u00e1 una peque\u00f1a molestia durante el ciclo del tratamiento debido a la producci\u00f3n de calor en la piel que se transmite a trav\u00e9s de las diferentes capas de la piel y reconstruye el col\u00e1geno.<\/li><li style=\"text-align: justify;\">La piel tratada tendr\u00e1 un poco de enrojecimiento; normalmente despu\u00e9s del tratamiento, y se aliviar\u00e1 y desaparecer\u00e1 en unas pocas horas.<\/li><li style=\"text-align: justify;\">Los pacientes no permitir\u00e1n tener joyas de metal durante el tratamiento en ejecuci\u00f3n.<\/li><\/ol><p>\u00a0<\/p><h2 style=\"text-align: center;\"><strong>\u00a0Recomendaciones para los cursos de tratamiento<\/strong><\/h2><ol><li style=\"text-align: justify;\"><strong>Curso de estiramiento de la piel y reducci\u00f3n de las arrugas<\/strong>Si la persona tiene mucha grasa en la cara, o tiene una cara deformada, o tiene muchas arrugas en la cara y la frente, o tiene pliegues nasolabiales o l\u00edneas de cola de pez.<\/li><li style=\"text-align: justify;\"><strong>Curso de eliminaci\u00f3n de la papada:<\/strong> Retire, encoja y estire la papada.<\/li><li style=\"text-align: justify;\"><strong>Curso de antienvejecimiento en el cuello:<\/strong> Si la persona tiene arrugas y piel fl\u00e1cida en el cuello.<\/li><\/ol><p><strong>\u00a0Ser tratado 3 veces como curso de tratamiento para la persona anterior:<\/strong><\/p><ul><li style=\"text-align: justify;\">Una vez al mes, ser\u00e1 necesario realizar un tratamiento solo una vez para la persona que tiene pseudoarrugas y desea recibir tratamiento de estiramiento por partes de la cara.<\/li><li style=\"text-align: justify;\">Se tratar\u00e1 (operar\u00e1) 1 vez en un mes y las dos \u00faltimas veces para la persona que tiene piel envejecida leve.<\/li><li style=\"text-align: justify;\">Se tratar\u00e1 1 vez en un mes y durar\u00e1 3 veces para la persona que tiene piel fl\u00e1cida severa (38 a\u00f1os-50 a\u00f1os Piel madura metabolismo lento).<\/li><\/ul><p>\u00a0<\/p>\t\t\t\t\t\t\t\t<\/div>\n\t\t\t\t<\/div>\n\t\t\t\t\t<\/div>\n\t\t\t\t<\/div>\n\t\t\t\t<\/div>","protected":false},"excerpt":{"rendered":"<p>USER MANUAL HIFU MACHINE (FACE AND NECK) \u00a0 \u00a0 Training Schedule Read More Hand pieces Instructions Read More Face treatment<\/p>","protected":false},"author":5,"featured_media":0,"parent":0,"menu_order":0,"comment_status":"closed","ping_status":"closed","template":"","meta":{"_monsterinsights_skip_tracking":false,"_monsterinsights_sitenote_active":false,"_monsterinsights_sitenote_note":"","_monsterinsights_sitenote_category":0,"footnotes":""},"class_list":["post-3987","page","type-page","status-publish","hentry"],"yoast_head":"<!-- This site is optimized with the Yoast SEO Premium plugin v22.8 (Yoast SEO v27.2) - https:\/\/yoast.com\/product\/yoast-seo-premium-wordpress\/ -->\n<title>HIFU Manual (Face &amp; Neck) - Areton<\/title>\n<meta name=\"robots\" content=\"index, follow, max-snippet:-1, max-image-preview:large, max-video-preview:-1\" \/>\n<link rel=\"canonical\" href=\"https:\/\/areton-ltd.com\/es\/hifu-manual-face-neck\/\" \/>\n<meta property=\"og:locale\" content=\"es_ES\" \/>\n<meta property=\"og:type\" content=\"article\" \/>\n<meta property=\"og:title\" content=\"HIFU Manual (Face &amp; Neck)\" \/>\n<meta property=\"og:description\" content=\"USER MANUAL HIFU MACHINE (FACE AND NECK) \u00a0 \u00a0 Training Schedule Read More Hand pieces Instructions Read More Face treatment\" \/>\n<meta property=\"og:url\" content=\"https:\/\/areton-ltd.com\/es\/hifu-manual-face-neck\/\" \/>\n<meta property=\"og:site_name\" content=\"Areton\" \/>\n<meta property=\"article:publisher\" content=\"https:\/\/www.facebook.com\/aretonEU\/\" \/>\n<meta property=\"article:modified_time\" content=\"2024-02-02T07:29:39+00:00\" \/>\n<meta property=\"og:image\" content=\"http:\/\/areton.co.uk\/wp-content\/uploads\/2024\/02\/NEW-FREE-SUPPOrT-VIDEOs-ON-REQUEST-2-1-400x200.webp\" \/>\n<meta name=\"twitter:card\" content=\"summary_large_image\" \/>\n<meta name=\"twitter:label1\" content=\"Tiempo de lectura\" \/>\n\t<meta name=\"twitter:data1\" content=\"5 minutos\" \/>\n<script type=\"application\/ld+json\" class=\"yoast-schema-graph\">{\"@context\":\"https:\/\/schema.org\",\"@graph\":[{\"@type\":\"WebPage\",\"@id\":\"https:\/\/areton-ltd.com\/es\/hifu-manual-face-neck\/\",\"url\":\"https:\/\/areton-ltd.com\/es\/hifu-manual-face-neck\/\",\"name\":\"HIFU Manual (Face & Neck) - Areton\",\"isPartOf\":{\"@id\":\"https:\/\/areton-ltd.com\/#website\"},\"primaryImageOfPage\":{\"@id\":\"https:\/\/areton-ltd.com\/es\/hifu-manual-face-neck\/#primaryimage\"},\"image\":{\"@id\":\"https:\/\/areton-ltd.com\/es\/hifu-manual-face-neck\/#primaryimage\"},\"thumbnailUrl\":\"http:\/\/areton.co.uk\/wp-content\/uploads\/2024\/02\/NEW-FREE-SUPPOrT-VIDEOs-ON-REQUEST-2-1-400x200.webp\",\"datePublished\":\"2019-03-30T12:24:50+00:00\",\"dateModified\":\"2024-02-02T07:29:39+00:00\",\"breadcrumb\":{\"@id\":\"https:\/\/areton-ltd.com\/es\/hifu-manual-face-neck\/#breadcrumb\"},\"inLanguage\":\"es\",\"potentialAction\":[{\"@type\":\"ReadAction\",\"target\":[\"https:\/\/areton-ltd.com\/es\/hifu-manual-face-neck\/\"]}]},{\"@type\":\"ImageObject\",\"inLanguage\":\"es\",\"@id\":\"https:\/\/areton-ltd.com\/es\/hifu-manual-face-neck\/#primaryimage\",\"url\":\"http:\/\/areton.co.uk\/wp-content\/uploads\/2024\/02\/NEW-FREE-SUPPOrT-VIDEOs-ON-REQUEST-2-1-400x200.webp\",\"contentUrl\":\"http:\/\/areton.co.uk\/wp-content\/uploads\/2024\/02\/NEW-FREE-SUPPOrT-VIDEOs-ON-REQUEST-2-1-400x200.webp\"},{\"@type\":\"BreadcrumbList\",\"@id\":\"https:\/\/areton-ltd.com\/es\/hifu-manual-face-neck\/#breadcrumb\",\"itemListElement\":[{\"@type\":\"ListItem\",\"position\":1,\"name\":\"Home\",\"item\":\"https:\/\/areton-ltd.com\/\"},{\"@type\":\"ListItem\",\"position\":2,\"name\":\"HIFU Manual (Face &#038; Neck)\"}]},{\"@type\":\"WebSite\",\"@id\":\"https:\/\/areton-ltd.com\/#website\",\"url\":\"https:\/\/areton-ltd.com\/\",\"name\":\"Areton LTD\",\"description\":\"Organic Skin Care &amp; Hair Care Products\",\"publisher\":{\"@id\":\"https:\/\/areton-ltd.com\/#organization\"},\"potentialAction\":[{\"@type\":\"SearchAction\",\"target\":{\"@type\":\"EntryPoint\",\"urlTemplate\":\"https:\/\/areton-ltd.com\/?s={search_term_string}\"},\"query-input\":{\"@type\":\"PropertyValueSpecification\",\"valueRequired\":true,\"valueName\":\"search_term_string\"}}],\"inLanguage\":\"es\"},{\"@type\":\"Organization\",\"@id\":\"https:\/\/areton-ltd.com\/#organization\",\"name\":\"Areton\",\"url\":\"https:\/\/areton-ltd.com\/\",\"logo\":{\"@type\":\"ImageObject\",\"inLanguage\":\"es\",\"@id\":\"https:\/\/areton-ltd.com\/#\/schema\/logo\/image\/\",\"url\":\"https:\/\/areton-ltd.com\/wp-content\/uploads\/2024\/05\/logo.png\",\"contentUrl\":\"https:\/\/areton-ltd.com\/wp-content\/uploads\/2024\/05\/logo.png\",\"width\":400,\"height\":400,\"caption\":\"Areton\"},\"image\":{\"@id\":\"https:\/\/areton-ltd.com\/#\/schema\/logo\/image\/\"},\"sameAs\":[\"https:\/\/www.facebook.com\/aretonEU\/\"],\"email\":\"info@areton-ltd.com\",\"telephone\":\"+44 7830 885825\",\"legalName\":\"Aretom LTD\",\"vatID\":\"09397231\",\"publishingPrinciples\":\"https:\/\/areton-ltd.com\/about-us\/\",\"ownershipFundingInfo\":\"https:\/\/areton-ltd.com\/about-us\/\"}]}<\/script>\n<!-- \/ Yoast SEO Premium plugin. -->","yoast_head_json":{"title":"HIFU Manual (Face & Neck) - Areton","robots":{"index":"index","follow":"follow","max-snippet":"max-snippet:-1","max-image-preview":"max-image-preview:large","max-video-preview":"max-video-preview:-1"},"canonical":"https:\/\/areton-ltd.com\/es\/hifu-manual-face-neck\/","og_locale":"es_ES","og_type":"article","og_title":"HIFU Manual (Face & Neck)","og_description":"USER MANUAL HIFU MACHINE (FACE AND NECK) \u00a0 \u00a0 Training Schedule Read More Hand pieces Instructions Read More Face treatment","og_url":"https:\/\/areton-ltd.com\/es\/hifu-manual-face-neck\/","og_site_name":"Areton","article_publisher":"https:\/\/www.facebook.com\/aretonEU\/","article_modified_time":"2024-02-02T07:29:39+00:00","og_image":[{"url":"http:\/\/areton.co.uk\/wp-content\/uploads\/2024\/02\/NEW-FREE-SUPPOrT-VIDEOs-ON-REQUEST-2-1-400x200.webp","type":"","width":"","height":""}],"twitter_card":"summary_large_image","twitter_misc":{"Tiempo de lectura":"5 minutos"},"schema":{"@context":"https:\/\/schema.org","@graph":[{"@type":"WebPage","@id":"https:\/\/areton-ltd.com\/es\/hifu-manual-face-neck\/","url":"https:\/\/areton-ltd.com\/es\/hifu-manual-face-neck\/","name":"HIFU Manual (Face & Neck) - Areton","isPartOf":{"@id":"https:\/\/areton-ltd.com\/#website"},"primaryImageOfPage":{"@id":"https:\/\/areton-ltd.com\/es\/hifu-manual-face-neck\/#primaryimage"},"image":{"@id":"https:\/\/areton-ltd.com\/es\/hifu-manual-face-neck\/#primaryimage"},"thumbnailUrl":"http:\/\/areton.co.uk\/wp-content\/uploads\/2024\/02\/NEW-FREE-SUPPOrT-VIDEOs-ON-REQUEST-2-1-400x200.webp","datePublished":"2019-03-30T12:24:50+00:00","dateModified":"2024-02-02T07:29:39+00:00","breadcrumb":{"@id":"https:\/\/areton-ltd.com\/es\/hifu-manual-face-neck\/#breadcrumb"},"inLanguage":"es","potentialAction":[{"@type":"ReadAction","target":["https:\/\/areton-ltd.com\/es\/hifu-manual-face-neck\/"]}]},{"@type":"ImageObject","inLanguage":"es","@id":"https:\/\/areton-ltd.com\/es\/hifu-manual-face-neck\/#primaryimage","url":"http:\/\/areton.co.uk\/wp-content\/uploads\/2024\/02\/NEW-FREE-SUPPOrT-VIDEOs-ON-REQUEST-2-1-400x200.webp","contentUrl":"http:\/\/areton.co.uk\/wp-content\/uploads\/2024\/02\/NEW-FREE-SUPPOrT-VIDEOs-ON-REQUEST-2-1-400x200.webp"},{"@type":"BreadcrumbList","@id":"https:\/\/areton-ltd.com\/es\/hifu-manual-face-neck\/#breadcrumb","itemListElement":[{"@type":"ListItem","position":1,"name":"Home","item":"https:\/\/areton-ltd.com\/"},{"@type":"ListItem","position":2,"name":"HIFU Manual (Face &#038; Neck)"}]},{"@type":"WebSite","@id":"https:\/\/areton-ltd.com\/#website","url":"https:\/\/areton-ltd.com\/","name":"Areton LTD","description":"Organic Skin Care &amp; Hair Care Products","publisher":{"@id":"https:\/\/areton-ltd.com\/#organization"},"potentialAction":[{"@type":"SearchAction","target":{"@type":"EntryPoint","urlTemplate":"https:\/\/areton-ltd.com\/?s={search_term_string}"},"query-input":{"@type":"PropertyValueSpecification","valueRequired":true,"valueName":"search_term_string"}}],"inLanguage":"es"},{"@type":"Organization","@id":"https:\/\/areton-ltd.com\/#organization","name":"Areton","url":"https:\/\/areton-ltd.com\/","logo":{"@type":"ImageObject","inLanguage":"es","@id":"https:\/\/areton-ltd.com\/#\/schema\/logo\/image\/","url":"https:\/\/areton-ltd.com\/wp-content\/uploads\/2024\/05\/logo.png","contentUrl":"https:\/\/areton-ltd.com\/wp-content\/uploads\/2024\/05\/logo.png","width":400,"height":400,"caption":"Areton"},"image":{"@id":"https:\/\/areton-ltd.com\/#\/schema\/logo\/image\/"},"sameAs":["https:\/\/www.facebook.com\/aretonEU\/"],"email":"info@areton-ltd.com","telephone":"+44 7830 885825","legalName":"Aretom LTD","vatID":"09397231","publishingPrinciples":"https:\/\/areton-ltd.com\/about-us\/","ownershipFundingInfo":"https:\/\/areton-ltd.com\/about-us\/"}]}},"_links":{"self":[{"href":"https:\/\/areton-ltd.com\/es\/wp-json\/wp\/v2\/pages\/3987","targetHints":{"allow":["GET"]}}],"collection":[{"href":"https:\/\/areton-ltd.com\/es\/wp-json\/wp\/v2\/pages"}],"about":[{"href":"https:\/\/areton-ltd.com\/es\/wp-json\/wp\/v2\/types\/page"}],"author":[{"embeddable":true,"href":"https:\/\/areton-ltd.com\/es\/wp-json\/wp\/v2\/users\/5"}],"replies":[{"embeddable":true,"href":"https:\/\/areton-ltd.com\/es\/wp-json\/wp\/v2\/comments?post=3987"}],"version-history":[{"count":3,"href":"https:\/\/areton-ltd.com\/es\/wp-json\/wp\/v2\/pages\/3987\/revisions"}],"predecessor-version":[{"id":16687,"href":"https:\/\/areton-ltd.com\/es\/wp-json\/wp\/v2\/pages\/3987\/revisions\/16687"}],"wp:attachment":[{"href":"https:\/\/areton-ltd.com\/es\/wp-json\/wp\/v2\/media?parent=3987"}],"curies":[{"name":"wp","href":"https:\/\/api.w.org\/{rel}","templated":true}]}}