{"id":3356,"date":"2018-04-09T19:22:26","date_gmt":"2018-04-09T19:22:26","guid":{"rendered":"http:\/\/areton-ltd.com\/?page_id=3356"},"modified":"2018-04-09T19:22:26","modified_gmt":"2018-04-09T19:22:26","slug":"multiline-hifu-cartridges-prices","status":"publish","type":"page","link":"https:\/\/areton-ltd.com\/es\/multiline-hifu-cartridges-prices\/","title":{"rendered":"Precios de los cartuchos de HIFU multil\u00ednea"},"content":{"rendered":"<h1 style=\"text-align: center;\">Los \u00fanicos consumibles para los dispositivos HIFU son los cascos ultras\u00f3nicos. Esto se debe a que el transductor de ultrasonido se desgasta con el tiempo.<\/h1>\n<h1><img fetchpriority=\"high\" decoding=\"async\" class=\"aligncenter size-full wp-image-3360\" src=\"http:\/\/areton-ltd.com\/wp-content\/uploads\/2018\/04\/multiline.jpg\" alt=\"\" width=\"730\" height=\"362\" \/><\/h1>\n<h1 style=\"text-align: center;\"><strong>Haga clic a continuaci\u00f3n para solicitar su cartucho de repuesto. Precio \u00a3499 m\u00e1s IVA y \u00a317 de env\u00edo.<\/strong><\/h1>\n<form action=\"https:\/\/www.paypal.com\/cgi-bin\/webscr\" method=\"post\" target=\"_top\"><input name=\"cmd\" type=\"hidden\" value=\"_s-xclick\" \/><br \/>\n<input name=\"hosted_button_id\" type=\"hidden\" value=\"TLC5LR9QCSNZW\" \/><\/p>\n<table class=\"alignleft\">\n<tbody>\n<tr>\n<td style=\"text-align: center;\"><input name=\"on0\" type=\"hidden\" value=\"Depth\" \/>Profundidad<\/td>\n<\/tr>\n<tr>\n<td><select name=\"os0\"><option value=\"1.5mm\">1.5mm \u00a3499.00 GBP<\/option><option value=\"3.0mm\">3.0mm \u00a3499.00 GBP<\/option><option value=\"4.5mm\">4.5mm \u00a3499.00 GBP<\/option><option value=\"6.0mm\">6.0mm \u00a3499.00 GBP<\/option><option value=\"8.0mm\">8.0mm \u00a3499.00 GBP<\/option><option value=\"13.0mm\">13.0mm \u00a3499.00 GBP<\/option><option value=\"16.0mm\">16.0mm \u00a3499.00 GBP<\/option><\/select><\/td>\n<\/tr>\n<\/tbody>\n<\/table>\n<p style=\"text-align: center;\"><input name=\"currency_code\" type=\"hidden\" value=\"GBP\" \/><br \/>\n<input alt=\"PayPal \u2013 The safer, easier way to pay online!\" name=\"submit\" src=\"https:\/\/www.paypalobjects.com\/en_US\/GB\/i\/btn\/btn_buynowCC_LG.gif\" type=\"image\" \/><br \/>\n<img decoding=\"async\" class=\"left\" src=\"https:\/\/www.paypalobjects.com\/en_GB\/i\/scr\/pixel.gif\" alt=\"\" width=\"4\" height=\"4\" border=\"0\" \/><\/p>\n<\/form>\n<h1 style=\"text-align: left;\"><\/h1>\n<h1 style=\"text-align: center;\">La opci\u00f3n de 10.000 l\u00edneas de disparos<\/h1>\n<h1 style=\"text-align: center;\">En esta opci\u00f3n, el transductor ultras\u00f3nico perder\u00e1 gradualmente su potencia operativa despu\u00e9s de que se disparen entre 7000 y 8000 l\u00edneas. Por tanto las \u00faltimas l\u00edneas pueden tener una distribuci\u00f3n desigual. Esto no compromete la seguridad de funcionamiento de la unidad. Tenga en cuenta que estamos hablando de una cantidad de l\u00edneas disparadas, no de la cantidad de disparos. Una toma puede generar una cierta cantidad de l\u00edneas, hasta 11 l\u00edneas como m\u00e1ximo.<\/h1>\n<h1 style=\"text-align: center;\"><\/h1>\n<p>&nbsp;<\/p>","protected":false},"excerpt":{"rendered":"<p>Los \u00fanicos consumibles para los dispositivos HIFU son los cascos ultras\u00f3nicos. Esto se debe a que el transductor de ultrasonido se desgasta con el tiempo.<\/p>","protected":false},"author":5,"featured_media":0,"parent":0,"menu_order":0,"comment_status":"closed","ping_status":"closed","template":"","meta":{"_monsterinsights_skip_tracking":false,"_monsterinsights_sitenote_active":false,"_monsterinsights_sitenote_note":"","_monsterinsights_sitenote_category":0,"footnotes":""},"class_list":["post-3356","page","type-page","status-publish","hentry"],"yoast_head":"<!-- This site is optimized with the Yoast SEO Premium plugin v22.8 (Yoast SEO v27.2) - https:\/\/yoast.com\/product\/yoast-seo-premium-wordpress\/ -->\n<title>Multiline HIFU Cartridges Prices - Areton<\/title>\n<meta name=\"robots\" content=\"index, follow, max-snippet:-1, max-image-preview:large, max-video-preview:-1\" \/>\n<link rel=\"canonical\" href=\"https:\/\/areton-ltd.com\/es\/multiline-hifu-cartridges-prices\/\" \/>\n<meta property=\"og:locale\" content=\"es_ES\" \/>\n<meta property=\"og:type\" content=\"article\" \/>\n<meta property=\"og:title\" content=\"Multiline HIFU Cartridges Prices\" \/>\n<meta property=\"og:description\" content=\"The only consumables for HIFU Devices are the ultrasonic headpieces. This is because the ultrasound transducer wears out over time.\" \/>\n<meta property=\"og:url\" content=\"https:\/\/areton-ltd.com\/es\/multiline-hifu-cartridges-prices\/\" \/>\n<meta property=\"og:site_name\" content=\"Areton\" \/>\n<meta property=\"article:publisher\" content=\"https:\/\/www.facebook.com\/aretonEU\/\" \/>\n<meta property=\"og:image\" content=\"http:\/\/areton-ltd.com\/wp-content\/uploads\/2018\/04\/multiline.jpg\" \/>\n<meta name=\"twitter:card\" content=\"summary_large_image\" \/>\n<meta name=\"twitter:label1\" content=\"Tiempo de lectura\" \/>\n\t<meta name=\"twitter:data1\" content=\"1 minuto\" \/>\n<script type=\"application\/ld+json\" class=\"yoast-schema-graph\">{\"@context\":\"https:\/\/schema.org\",\"@graph\":[{\"@type\":\"WebPage\",\"@id\":\"https:\/\/areton-ltd.com\/es\/multiline-hifu-cartridges-prices\/\",\"url\":\"https:\/\/areton-ltd.com\/es\/multiline-hifu-cartridges-prices\/\",\"name\":\"Multiline HIFU Cartridges Prices - Areton\",\"isPartOf\":{\"@id\":\"https:\/\/areton-ltd.com\/#website\"},\"primaryImageOfPage\":{\"@id\":\"https:\/\/areton-ltd.com\/es\/multiline-hifu-cartridges-prices\/#primaryimage\"},\"image\":{\"@id\":\"https:\/\/areton-ltd.com\/es\/multiline-hifu-cartridges-prices\/#primaryimage\"},\"thumbnailUrl\":\"http:\/\/areton-ltd.com\/wp-content\/uploads\/2018\/04\/multiline.jpg\",\"datePublished\":\"2018-04-09T19:22:26+00:00\",\"breadcrumb\":{\"@id\":\"https:\/\/areton-ltd.com\/es\/multiline-hifu-cartridges-prices\/#breadcrumb\"},\"inLanguage\":\"es\",\"potentialAction\":[{\"@type\":\"ReadAction\",\"target\":[\"https:\/\/areton-ltd.com\/es\/multiline-hifu-cartridges-prices\/\"]}]},{\"@type\":\"ImageObject\",\"inLanguage\":\"es\",\"@id\":\"https:\/\/areton-ltd.com\/es\/multiline-hifu-cartridges-prices\/#primaryimage\",\"url\":\"http:\/\/areton-ltd.com\/wp-content\/uploads\/2018\/04\/multiline.jpg\",\"contentUrl\":\"http:\/\/areton-ltd.com\/wp-content\/uploads\/2018\/04\/multiline.jpg\"},{\"@type\":\"BreadcrumbList\",\"@id\":\"https:\/\/areton-ltd.com\/es\/multiline-hifu-cartridges-prices\/#breadcrumb\",\"itemListElement\":[{\"@type\":\"ListItem\",\"position\":1,\"name\":\"Home\",\"item\":\"https:\/\/areton-ltd.com\/\"},{\"@type\":\"ListItem\",\"position\":2,\"name\":\"Multiline HIFU Cartridges Prices\"}]},{\"@type\":\"WebSite\",\"@id\":\"https:\/\/areton-ltd.com\/#website\",\"url\":\"https:\/\/areton-ltd.com\/\",\"name\":\"Areton LTD\",\"description\":\"Organic Skin Care &amp; Hair Care Products\",\"publisher\":{\"@id\":\"https:\/\/areton-ltd.com\/#organization\"},\"potentialAction\":[{\"@type\":\"SearchAction\",\"target\":{\"@type\":\"EntryPoint\",\"urlTemplate\":\"https:\/\/areton-ltd.com\/?s={search_term_string}\"},\"query-input\":{\"@type\":\"PropertyValueSpecification\",\"valueRequired\":true,\"valueName\":\"search_term_string\"}}],\"inLanguage\":\"es\"},{\"@type\":\"Organization\",\"@id\":\"https:\/\/areton-ltd.com\/#organization\",\"name\":\"Areton\",\"url\":\"https:\/\/areton-ltd.com\/\",\"logo\":{\"@type\":\"ImageObject\",\"inLanguage\":\"es\",\"@id\":\"https:\/\/areton-ltd.com\/#\/schema\/logo\/image\/\",\"url\":\"https:\/\/areton-ltd.com\/wp-content\/uploads\/2024\/05\/logo.png\",\"contentUrl\":\"https:\/\/areton-ltd.com\/wp-content\/uploads\/2024\/05\/logo.png\",\"width\":400,\"height\":400,\"caption\":\"Areton\"},\"image\":{\"@id\":\"https:\/\/areton-ltd.com\/#\/schema\/logo\/image\/\"},\"sameAs\":[\"https:\/\/www.facebook.com\/aretonEU\/\"],\"email\":\"info@areton-ltd.com\",\"telephone\":\"+44 7830 885825\",\"legalName\":\"Aretom LTD\",\"vatID\":\"09397231\",\"publishingPrinciples\":\"https:\/\/areton-ltd.com\/about-us\/\",\"ownershipFundingInfo\":\"https:\/\/areton-ltd.com\/about-us\/\"}]}<\/script>\n<!-- \/ Yoast SEO Premium plugin. -->","yoast_head_json":{"title":"Multiline HIFU Cartridges Prices - Areton","robots":{"index":"index","follow":"follow","max-snippet":"max-snippet:-1","max-image-preview":"max-image-preview:large","max-video-preview":"max-video-preview:-1"},"canonical":"https:\/\/areton-ltd.com\/es\/multiline-hifu-cartridges-prices\/","og_locale":"es_ES","og_type":"article","og_title":"Multiline HIFU Cartridges Prices","og_description":"The only consumables for HIFU Devices are the ultrasonic headpieces. This is because the ultrasound transducer wears out over time.","og_url":"https:\/\/areton-ltd.com\/es\/multiline-hifu-cartridges-prices\/","og_site_name":"Areton","article_publisher":"https:\/\/www.facebook.com\/aretonEU\/","og_image":[{"url":"http:\/\/areton-ltd.com\/wp-content\/uploads\/2018\/04\/multiline.jpg","type":"","width":"","height":""}],"twitter_card":"summary_large_image","twitter_misc":{"Tiempo de lectura":"1 minuto"},"schema":{"@context":"https:\/\/schema.org","@graph":[{"@type":"WebPage","@id":"https:\/\/areton-ltd.com\/es\/multiline-hifu-cartridges-prices\/","url":"https:\/\/areton-ltd.com\/es\/multiline-hifu-cartridges-prices\/","name":"Multiline HIFU Cartridges Prices - Areton","isPartOf":{"@id":"https:\/\/areton-ltd.com\/#website"},"primaryImageOfPage":{"@id":"https:\/\/areton-ltd.com\/es\/multiline-hifu-cartridges-prices\/#primaryimage"},"image":{"@id":"https:\/\/areton-ltd.com\/es\/multiline-hifu-cartridges-prices\/#primaryimage"},"thumbnailUrl":"http:\/\/areton-ltd.com\/wp-content\/uploads\/2018\/04\/multiline.jpg","datePublished":"2018-04-09T19:22:26+00:00","breadcrumb":{"@id":"https:\/\/areton-ltd.com\/es\/multiline-hifu-cartridges-prices\/#breadcrumb"},"inLanguage":"es","potentialAction":[{"@type":"ReadAction","target":["https:\/\/areton-ltd.com\/es\/multiline-hifu-cartridges-prices\/"]}]},{"@type":"ImageObject","inLanguage":"es","@id":"https:\/\/areton-ltd.com\/es\/multiline-hifu-cartridges-prices\/#primaryimage","url":"http:\/\/areton-ltd.com\/wp-content\/uploads\/2018\/04\/multiline.jpg","contentUrl":"http:\/\/areton-ltd.com\/wp-content\/uploads\/2018\/04\/multiline.jpg"},{"@type":"BreadcrumbList","@id":"https:\/\/areton-ltd.com\/es\/multiline-hifu-cartridges-prices\/#breadcrumb","itemListElement":[{"@type":"ListItem","position":1,"name":"Home","item":"https:\/\/areton-ltd.com\/"},{"@type":"ListItem","position":2,"name":"Multiline HIFU Cartridges Prices"}]},{"@type":"WebSite","@id":"https:\/\/areton-ltd.com\/#website","url":"https:\/\/areton-ltd.com\/","name":"Areton LTD","description":"Organic Skin Care &amp; Hair Care Products","publisher":{"@id":"https:\/\/areton-ltd.com\/#organization"},"potentialAction":[{"@type":"SearchAction","target":{"@type":"EntryPoint","urlTemplate":"https:\/\/areton-ltd.com\/?s={search_term_string}"},"query-input":{"@type":"PropertyValueSpecification","valueRequired":true,"valueName":"search_term_string"}}],"inLanguage":"es"},{"@type":"Organization","@id":"https:\/\/areton-ltd.com\/#organization","name":"Areton","url":"https:\/\/areton-ltd.com\/","logo":{"@type":"ImageObject","inLanguage":"es","@id":"https:\/\/areton-ltd.com\/#\/schema\/logo\/image\/","url":"https:\/\/areton-ltd.com\/wp-content\/uploads\/2024\/05\/logo.png","contentUrl":"https:\/\/areton-ltd.com\/wp-content\/uploads\/2024\/05\/logo.png","width":400,"height":400,"caption":"Areton"},"image":{"@id":"https:\/\/areton-ltd.com\/#\/schema\/logo\/image\/"},"sameAs":["https:\/\/www.facebook.com\/aretonEU\/"],"email":"info@areton-ltd.com","telephone":"+44 7830 885825","legalName":"Aretom LTD","vatID":"09397231","publishingPrinciples":"https:\/\/areton-ltd.com\/about-us\/","ownershipFundingInfo":"https:\/\/areton-ltd.com\/about-us\/"}]}},"_links":{"self":[{"href":"https:\/\/areton-ltd.com\/es\/wp-json\/wp\/v2\/pages\/3356","targetHints":{"allow":["GET"]}}],"collection":[{"href":"https:\/\/areton-ltd.com\/es\/wp-json\/wp\/v2\/pages"}],"about":[{"href":"https:\/\/areton-ltd.com\/es\/wp-json\/wp\/v2\/types\/page"}],"author":[{"embeddable":true,"href":"https:\/\/areton-ltd.com\/es\/wp-json\/wp\/v2\/users\/5"}],"replies":[{"embeddable":true,"href":"https:\/\/areton-ltd.com\/es\/wp-json\/wp\/v2\/comments?post=3356"}],"version-history":[{"count":0,"href":"https:\/\/areton-ltd.com\/es\/wp-json\/wp\/v2\/pages\/3356\/revisions"}],"wp:attachment":[{"href":"https:\/\/areton-ltd.com\/es\/wp-json\/wp\/v2\/media?parent=3356"}],"curies":[{"name":"wp","href":"https:\/\/api.w.org\/{rel}","templated":true}]}}