{"id":3204,"date":"2018-03-12T13:10:12","date_gmt":"2018-03-12T13:10:12","guid":{"rendered":"http:\/\/areton-ltd.com\/?page_id=3204"},"modified":"2024-02-06T06:47:32","modified_gmt":"2024-02-06T06:47:32","slug":"microneedling-for-the-facial","status":"publish","type":"page","link":"https:\/\/areton-ltd.com\/es\/microneedling-for-the-facial\/","title":{"rendered":"Las Micro-agujas para la cara"},"content":{"rendered":"<h1 style=\"text-align: center;\">Las Micro-agujas para la cara<\/h1>\n<div class=\"fusion-title title fusion-sep-none fusion-title-size-one fusion-border-below-title\">\n<h4>\u00a1El tratamiento facial con micro-agujas es la mejor soluci\u00f3n para revertir los signos del envejecimiento!<\/h4>\n<\/div>\n<h2><img decoding=\"async\" class=\"aligncenter\" src=\"https:\/\/static1.squarespace.com\/static\/51882e59e4b00d33ee9bf77b\/t\/5541af2de4b081498522bd04\/1430368046645\/dermapen+microneedling+NYC?format=750w\" alt=\"Related image\" \/><\/h2>\n<div class=\"fusion-text\">A medida que envejecemos, notaremos la aparici\u00f3n de l\u00edneas finas y arrugas en nuestro rostro debido a la descomposici\u00f3n del col\u00e1geno y la elastina en la piel. Incluso si tienes la mejor piel, el tiempo pasar\u00e1 factura y tendr\u00e1s que enfrentarte a los problemas de la piel. En ese momento, usted desear\u00e1 que la piel tenga un aspecto m\u00e1s joven y libre de arrugas y l\u00edneas finas. Para ello, deber\u00eda probar el nuevo tratamiento cosm\u00e9tico facial que te ayudar\u00e1 a tratar los signos del envejecimiento al inducir la propia producci\u00f3n de col\u00e1geno y elastina de la piel.<\/div>\n<h4><\/h4>\n<h4><\/h4>\n<h2 style=\"text-align: center;\"><b>\u00bfQu\u00e9 es la micro-aguja?<\/b><\/h2>\n<p><img fetchpriority=\"high\" decoding=\"async\" class=\"size-medium aligncenter\" src=\"http:\/\/voltaicplasma.com\/wp-content\/uploads\/2018\/03\/cb0c7f0e898d6262f31d8be2412d58cc.jpg\" width=\"300\" height=\"225\" \/><\/p>\n<div class=\"fusion-text\">\n<p>Las micro-agujas, tambi\u00e9n conocida como terapia de inducci\u00f3n de col\u00e1geno, es la tendencia de m\u00e1s r\u00e1pido crecimiento que ver\u00e1 en los tratamientos cosm\u00e9ticos y antienvejecimiento. Las micro-agujas se han vuelto muy populares entre los fan\u00e1ticos del cuidado de la piel;<em><a href=\"http:\/\/www.vogue.com\/13402411\/microneedling-skin-care-next-big-thing\/\" target=\"_blank\" rel=\"noopener\">Vogue<\/a>\u00a0<\/em>as llama la pr\u00f3xima gran novedad del antienvejecimiento. Esto se debe a que la micro-aguja facial es un tratamiento libre de qu\u00edmicos, muy seguro y m\u00ednimamente invasivo que frena los signos del envejecimiento en cualquier tipo y tono de piel.<\/p>\n<p>Implica el uso de agujas finas para crear cientos de peque\u00f1as heridas punzantes invisibles en la capa superior de la piel.<\/p>\n<p>El tratamiento facial con micro-agujas es uno de los mejores tratamientos de rejuvenecimiento de la piel y se realiza con un dispositivo que tiene agujas finas. La pluma crea peque\u00f1as heridas en la capa superior de la piel, lo que ayudar\u00e1 a que la piel comience a curarse por s\u00ed sola y har\u00e1 que el cuerpo produzca nuevo col\u00e1geno y elastina.<\/p>\n<p>La mejor parte del tratamiento facial con las micro-agujas es que no se limita a un tono y tipo de piel espec\u00edficos. Se puede realizar en todo tipo y color de piel y brinda resultados fenomenales similares a los que se pueden obtener con el tratamiento con l\u00e1ser.<\/p>\n<\/div>\n<div class=\"fusion-text\">\n<h3 style=\"text-align: center;\"><b>\u00bfCu\u00e1l es el resultado del tratamiento con la micro-aguja facial?<\/b>?<\/h3>\n<p>Las micro-agujas, como tratamiento avanzado para el cuidado de la piel, reducir\u00e1n la aparici\u00f3n de arrugas, l\u00edneas finas, cicatrices, da\u00f1o solar, mejorar\u00e1n el tono y la textura de la piel y le brindar\u00e1n una piel m\u00e1s tersa y tersa. A medida que el tratamiento mejora la capacidad de su piel para auto regenerarse mediante la producci\u00f3n de nuevo col\u00e1geno y elastina, ver\u00e1 resultados excepcionales con un tiempo de inactividad m\u00ednimo. Tendr\u00e1 una piel m\u00e1s firme y m\u00e1s joven con este tratamiento seguro y libre de qu\u00edmicos.<\/p>\n<p><img decoding=\"async\" class=\"aligncenter\" src=\"http:\/\/skinperfectinseattle.com\/wp-content\/uploads\/2017\/12\/eclipsemn.jpg\" alt=\"Related image\" \/><\/p>\n<p>Casi todos los pacientes toleran f\u00e1cilmente el procedimiento de micro-agujas y se puede adaptar profundizando en las \u00e1reas espec\u00edficas donde el da\u00f1o de la piel necesita un enfoque m\u00e1s fuerte.<\/p>\n<p>Cuando comience este tratamiento, despu\u00e9s de uno o dos tratamientos, ver\u00e1 la reducci\u00f3n de los signos de:<\/p>\n<ul>\n<li>Arrugas y l\u00edneas finas<\/li>\n<li>cicatrizaci\u00f3n<\/li>\n<li>Poros dilatados<\/li>\n<li>Acn\u00e9<\/li>\n<li>Estr\u00edas<\/li>\n<\/ul>\n<div class=\"fusion-text\">\n<p><img decoding=\"async\" class=\"aligncenter\" src=\"https:\/\/3.imimg.com\/data3\/LN\/XK\/MY-7322043\/skin-polishing-dermarollers-microneedling-250x250.png\" alt=\"Related image\" \/><\/p>\n<\/div>\n<\/div>\n<h4 class=\"listicle-h2\">Las micro-agujas ayudan a la piel envejecida<\/h4>\n<p class=\"listicle-para\">Adem\u00e1s de la capacidad de las micro-agujas para suavizar y corregir la piel da\u00f1ada, tambi\u00e9n tiene la ventaja adicional de tensar la piel fl\u00e1cida, lo que la hace ideal para hombres y mujeres mayores. (Recuerde: cuanto mayor es, menos col\u00e1geno produce de forma natural). Un estudio de 2015 en el\u00a0<em><a href=\"https:\/\/www.ncbi.nlm.nih.gov\/pubmed\/26096653\" target=\"_blank\" rel=\"noopener\">International Journal of Dermatology<\/a><\/em>\u00a0confirma que las micro-agujas son una nueva forma de lograr \"rejuvenecimiento, reafirmaci\u00f3n y remodelaci\u00f3n de cicatrices de la piel\" y que ofrece un \u201ctratamiento simple y eficaz para pieles foto-envejecidas\u201d con efectos secundarios y tiempo de inactividad m\u00ednimos. La piel envejecida tambi\u00e9n puede beneficiarse enormemente del combustible adecuado, as\u00ed que agregue estos\u00a0<a href=\"https:\/\/www.rd.com\/health\/beauty\/8-essential-foods-for-beautiful-skin\/1\/\">beauty foods<\/a>\u00a0alimentos de belleza a su dieta para obtener ese brillo.<\/p>\n<div class=\"fusion-text\">\n<h4><b>\u00bfQu\u00e9 cuidados se deben tener antes del tratamiento facial con la micro-aguja?<\/b><strong>ial treatment?<\/strong><\/h4>\n<\/div>\n<div class=\"fusion-text\">\n<ul>\n<li>La piel debe estar libre de maquillaje y limpiada en su m\u00e1xima profundidad.<\/li>\n<li>Evite cualquier terapia o producto autoinmune 12 horas antes del tratamiento.<\/li>\n<li>Evite la exposici\u00f3n prolongada al sol en la zona de tratamiento 24 horas antes del tratamiento.<\/li>\n<\/ul>\n<p><img decoding=\"async\" src=\"http:\/\/beautyteck.com\/wp-content\/uploads\/2016\/09\/aftercare.png\" alt=\"Image result for After care\\\" \/><\/p>\n<h2 style=\"text-align: center;\"><b>\u00bfCu\u00e1l es el cuidado posterior que debe tener en cuenta?<\/b><\/h2>\n<ul>\n<li>Debe mantenerse alejado de los productos a base de alcohol durante las primeras 24 horas, ya que eso puede resecar mucho la piel.<\/li>\n<li>Evite la luz solar directa durante 24 horas<\/li>\n<li>No aplique ning\u00fan protector solar, loci\u00f3n bronceadora ni ning\u00fan otro producto para el cuidado de la piel porque los micro-canales de la piel est\u00e1n abiertos durante un per\u00edodo de tiempo y tambi\u00e9n porque muchos de los productos para el cuidado de la piel tienen ingredientes t\u00f3xicos.<\/li>\n<li>No aplicar ning\u00fan tipo de maquillaje durante al menos 12 horas.<\/li>\n<li>L\u00e1vese bien la cara despu\u00e9s del tratamiento facial con micro-agujas con el Dermapen.<\/li>\n<li>Evite la exposici\u00f3n directa al sol durante un m\u00ednimo de 10 d\u00edas.<\/li>\n<li>No utilice t\u00f3nicos a base de alcohol durante al menos 15 d\u00edas.<\/li>\n<\/ul>\n<\/div>\n<div class=\"fusion-text\">\n<\/div>\n<div class=\"fusion-text\">\n<p><img decoding=\"async\" src=\"http:\/\/areton-ltd.com\/wp-content\/uploads\/2017\/06\/how-many-treatments-are-needed-1.jpg\" alt=\"Image result for how many treatments are needed\" \/><\/p>\n<p>Cuando se somete a un tratamiento con micro-agujas, no obtendr\u00e1 los resultados despu\u00e9s del primer tratamiento, pero necesitar\u00e1 m\u00faltiples tratamientos. La cantidad de tratamientos que necesita depende del \u00e1rea de la piel que desea tratar y de lo que desea lograr. Generalmente, para tratar problemas b\u00e1sicos de la piel, se necesitar\u00e1n de tres a seis tratamientos con micro-agujas para obtener mejores resultados.<\/p>\n<p>Si desea tratar el da\u00f1o solar extremo, las arrugas profundas o las cicatrices, deber\u00e1 realizar 6 o m\u00e1s tratamientos con micro-agujas.<\/p>\n<h3 style=\"text-align: center;\"><b>\u00bfDuele el tratamiento facial con micro-agujas? <\/b><strong>facial hurt?<\/strong><\/h3>\n<p><img decoding=\"async\" class=\"aligncenter\" src=\"https:\/\/encrypted-tbn0.gstatic.com\/images?q=tbn:ANd9GcTY9HFiZSvo31z_iDSc3pXyJFg5F37SY7a9yLChDpdLDCQQ-73SOA\" alt=\"Image result for hurt\" \/><\/p>\n<p>Como la micro-aguja tiene las finas agujas con las que se realiza el tratamiento, hay muchas personas que temen que las agujas les puedan hacer da\u00f1o. Pero, en realidad, es s\u00f3lo un mito. Usar el bol\u00edgrafo solo le dar\u00e1 una sensaci\u00f3n de hormigueo y ligero pinchazo. Obviamente no se sentir\u00e1 bien, pero al mismo tiempo no sentir\u00e1 ning\u00fan dolor. S\u00f3lo tendr\u00e1 un enrojecimiento temporal durante apenas 1 o 2 horas despu\u00e9s del tratamiento facial con micro-agujas.<\/p>\n<h3 style=\"text-align: center;\"><b>\u00bfCu\u00e1les son los beneficios del tratamiento facial con micro-aguja?<\/b><strong> facial?<\/strong><\/h3>\n<p><img decoding=\"async\" class=\"aligncenter\" src=\"http:\/\/www.hrreview.co.uk\/wp-content\/uploads\/benefits.jpg\" alt=\"Related image\" \/><\/p>\n<ul>\n<li>Uno de los mejores beneficios de este tratamiento es que no utiliza ninguna soluci\u00f3n qu\u00edmica para revitalizar la piel.<\/li>\n<li>No hay dolor y el tiempo de inactividad es m\u00ednimo.<\/li>\n<li>En comparaci\u00f3n con el tratamiento con l\u00e1ser, las micro-agujas causan dolor, hinchaz\u00f3n y enrojecimiento insignificantes.<\/li>\n<li>Elimina cicatrices y lesiones de la piel.<\/li>\n<li>Mejora el tono de piel<\/li>\n<li>Reduce la desagradable pigmentaci\u00f3n de la piel.<\/li>\n<\/ul>\n<p><img decoding=\"async\" class=\"aligncenter size-full wp-image-3617\" src=\"https:\/\/areton-ltd.com\/wp-content\/uploads\/2018\/08\/\u0645\u06cc\u06a9\u0631\u0648\u0646\u06cc\u062f\u0644\u06cc\u0646\u06af-\u0628\u0627-\u062f\u0631\u0645\u0627\u067e\u0646.jpg\" alt=\"\" width=\"598\" height=\"400\" \/><\/p>\n<p>La conclusi\u00f3n es que el tratamiento facial con micro-agujas es el mejor tratamiento c\u00f3smico para las personas que quieren revertir los signos del envejecimiento pero no quieren usar exfoliaciones qu\u00edmicas o quieren evitar la cirug\u00eda y los tratamientos invasivos.<\/p>\n<\/div>\n<p><img decoding=\"async\" class=\"aligncenter size-full wp-image-3615\" src=\"https:\/\/areton-ltd.com\/wp-content\/uploads\/2018\/08\/\u0645\u06cc\u06a9\u0631\u0648\u0646\u06cc\u062f\u0644\u06cc\u0646\u06af-1.jpg\" alt=\"\" width=\"440\" height=\"290\" \/><\/p>","protected":false},"excerpt":{"rendered":"<p>Microneedling for the facial Microneedling facial treatment is the best solution for reversing the signs of ageing! As you age,<\/p>","protected":false},"author":5,"featured_media":0,"parent":0,"menu_order":0,"comment_status":"closed","ping_status":"closed","template":"","meta":{"_monsterinsights_skip_tracking":false,"_monsterinsights_sitenote_active":false,"_monsterinsights_sitenote_note":"","_monsterinsights_sitenote_category":0,"footnotes":""},"class_list":["post-3204","page","type-page","status-publish","hentry"],"yoast_head":"<!-- This site is optimized with the Yoast SEO Premium plugin v22.8 (Yoast SEO v27.2) - https:\/\/yoast.com\/product\/yoast-seo-premium-wordpress\/ -->\n<title>Microneedling for the facial - Areton<\/title>\n<meta name=\"robots\" content=\"index, follow, max-snippet:-1, max-image-preview:large, max-video-preview:-1\" \/>\n<link rel=\"canonical\" href=\"https:\/\/areton-ltd.com\/es\/microneedling-for-the-facial\/\" \/>\n<meta property=\"og:locale\" content=\"es_ES\" \/>\n<meta property=\"og:type\" content=\"article\" \/>\n<meta property=\"og:title\" content=\"Microneedling for the facial\" \/>\n<meta property=\"og:description\" content=\"Microneedling for the facial Microneedling facial treatment is the best solution for reversing the signs of ageing! As you age,\" \/>\n<meta property=\"og:url\" content=\"https:\/\/areton-ltd.com\/es\/microneedling-for-the-facial\/\" \/>\n<meta property=\"og:site_name\" content=\"Areton\" \/>\n<meta property=\"article:publisher\" content=\"https:\/\/www.facebook.com\/aretonEU\/\" \/>\n<meta property=\"article:modified_time\" content=\"2024-02-06T06:47:32+00:00\" \/>\n<meta property=\"og:image\" content=\"https:\/\/static1.squarespace.com\/static\/51882e59e4b00d33ee9bf77b\/t\/5541af2de4b081498522bd04\/1430368046645\/dermapen+microneedling+NYC?format=750w\" \/>\n<meta name=\"twitter:card\" content=\"summary_large_image\" \/>\n<meta name=\"twitter:label1\" content=\"Tiempo de lectura\" \/>\n\t<meta name=\"twitter:data1\" content=\"5 minutos\" \/>\n<script type=\"application\/ld+json\" class=\"yoast-schema-graph\">{\"@context\":\"https:\/\/schema.org\",\"@graph\":[{\"@type\":\"WebPage\",\"@id\":\"https:\/\/areton-ltd.com\/es\/microneedling-for-the-facial\/\",\"url\":\"https:\/\/areton-ltd.com\/es\/microneedling-for-the-facial\/\",\"name\":\"Microneedling for the facial - Areton\",\"isPartOf\":{\"@id\":\"https:\/\/areton-ltd.com\/#website\"},\"primaryImageOfPage\":{\"@id\":\"https:\/\/areton-ltd.com\/es\/microneedling-for-the-facial\/#primaryimage\"},\"image\":{\"@id\":\"https:\/\/areton-ltd.com\/es\/microneedling-for-the-facial\/#primaryimage\"},\"thumbnailUrl\":\"https:\/\/static1.squarespace.com\/static\/51882e59e4b00d33ee9bf77b\/t\/5541af2de4b081498522bd04\/1430368046645\/dermapen+microneedling+NYC?format=750w\",\"datePublished\":\"2018-03-12T13:10:12+00:00\",\"dateModified\":\"2024-02-06T06:47:32+00:00\",\"breadcrumb\":{\"@id\":\"https:\/\/areton-ltd.com\/es\/microneedling-for-the-facial\/#breadcrumb\"},\"inLanguage\":\"es\",\"potentialAction\":[{\"@type\":\"ReadAction\",\"target\":[\"https:\/\/areton-ltd.com\/es\/microneedling-for-the-facial\/\"]}]},{\"@type\":\"ImageObject\",\"inLanguage\":\"es\",\"@id\":\"https:\/\/areton-ltd.com\/es\/microneedling-for-the-facial\/#primaryimage\",\"url\":\"https:\/\/static1.squarespace.com\/static\/51882e59e4b00d33ee9bf77b\/t\/5541af2de4b081498522bd04\/1430368046645\/dermapen+microneedling+NYC?format=750w\",\"contentUrl\":\"https:\/\/static1.squarespace.com\/static\/51882e59e4b00d33ee9bf77b\/t\/5541af2de4b081498522bd04\/1430368046645\/dermapen+microneedling+NYC?format=750w\"},{\"@type\":\"BreadcrumbList\",\"@id\":\"https:\/\/areton-ltd.com\/es\/microneedling-for-the-facial\/#breadcrumb\",\"itemListElement\":[{\"@type\":\"ListItem\",\"position\":1,\"name\":\"Home\",\"item\":\"https:\/\/areton-ltd.com\/\"},{\"@type\":\"ListItem\",\"position\":2,\"name\":\"Microneedling for the facial\"}]},{\"@type\":\"WebSite\",\"@id\":\"https:\/\/areton-ltd.com\/#website\",\"url\":\"https:\/\/areton-ltd.com\/\",\"name\":\"Areton LTD\",\"description\":\"Organic Skin Care &amp; Hair Care Products\",\"publisher\":{\"@id\":\"https:\/\/areton-ltd.com\/#organization\"},\"potentialAction\":[{\"@type\":\"SearchAction\",\"target\":{\"@type\":\"EntryPoint\",\"urlTemplate\":\"https:\/\/areton-ltd.com\/?s={search_term_string}\"},\"query-input\":{\"@type\":\"PropertyValueSpecification\",\"valueRequired\":true,\"valueName\":\"search_term_string\"}}],\"inLanguage\":\"es\"},{\"@type\":\"Organization\",\"@id\":\"https:\/\/areton-ltd.com\/#organization\",\"name\":\"Areton\",\"url\":\"https:\/\/areton-ltd.com\/\",\"logo\":{\"@type\":\"ImageObject\",\"inLanguage\":\"es\",\"@id\":\"https:\/\/areton-ltd.com\/#\/schema\/logo\/image\/\",\"url\":\"https:\/\/areton-ltd.com\/wp-content\/uploads\/2024\/05\/logo.png\",\"contentUrl\":\"https:\/\/areton-ltd.com\/wp-content\/uploads\/2024\/05\/logo.png\",\"width\":400,\"height\":400,\"caption\":\"Areton\"},\"image\":{\"@id\":\"https:\/\/areton-ltd.com\/#\/schema\/logo\/image\/\"},\"sameAs\":[\"https:\/\/www.facebook.com\/aretonEU\/\"],\"email\":\"info@areton-ltd.com\",\"telephone\":\"+44 7830 885825\",\"legalName\":\"Aretom LTD\",\"vatID\":\"09397231\",\"publishingPrinciples\":\"https:\/\/areton-ltd.com\/about-us\/\",\"ownershipFundingInfo\":\"https:\/\/areton-ltd.com\/about-us\/\"}]}<\/script>\n<!-- \/ Yoast SEO Premium plugin. -->","yoast_head_json":{"title":"Microneedling for the facial - Areton","robots":{"index":"index","follow":"follow","max-snippet":"max-snippet:-1","max-image-preview":"max-image-preview:large","max-video-preview":"max-video-preview:-1"},"canonical":"https:\/\/areton-ltd.com\/es\/microneedling-for-the-facial\/","og_locale":"es_ES","og_type":"article","og_title":"Microneedling for the facial","og_description":"Microneedling for the facial Microneedling facial treatment is the best solution for reversing the signs of ageing! As you age,","og_url":"https:\/\/areton-ltd.com\/es\/microneedling-for-the-facial\/","og_site_name":"Areton","article_publisher":"https:\/\/www.facebook.com\/aretonEU\/","article_modified_time":"2024-02-06T06:47:32+00:00","og_image":[{"url":"https:\/\/static1.squarespace.com\/static\/51882e59e4b00d33ee9bf77b\/t\/5541af2de4b081498522bd04\/1430368046645\/dermapen+microneedling+NYC?format=750w","type":"","width":"","height":""}],"twitter_card":"summary_large_image","twitter_misc":{"Tiempo de lectura":"5 minutos"},"schema":{"@context":"https:\/\/schema.org","@graph":[{"@type":"WebPage","@id":"https:\/\/areton-ltd.com\/es\/microneedling-for-the-facial\/","url":"https:\/\/areton-ltd.com\/es\/microneedling-for-the-facial\/","name":"Microneedling for the facial - Areton","isPartOf":{"@id":"https:\/\/areton-ltd.com\/#website"},"primaryImageOfPage":{"@id":"https:\/\/areton-ltd.com\/es\/microneedling-for-the-facial\/#primaryimage"},"image":{"@id":"https:\/\/areton-ltd.com\/es\/microneedling-for-the-facial\/#primaryimage"},"thumbnailUrl":"https:\/\/static1.squarespace.com\/static\/51882e59e4b00d33ee9bf77b\/t\/5541af2de4b081498522bd04\/1430368046645\/dermapen+microneedling+NYC?format=750w","datePublished":"2018-03-12T13:10:12+00:00","dateModified":"2024-02-06T06:47:32+00:00","breadcrumb":{"@id":"https:\/\/areton-ltd.com\/es\/microneedling-for-the-facial\/#breadcrumb"},"inLanguage":"es","potentialAction":[{"@type":"ReadAction","target":["https:\/\/areton-ltd.com\/es\/microneedling-for-the-facial\/"]}]},{"@type":"ImageObject","inLanguage":"es","@id":"https:\/\/areton-ltd.com\/es\/microneedling-for-the-facial\/#primaryimage","url":"https:\/\/static1.squarespace.com\/static\/51882e59e4b00d33ee9bf77b\/t\/5541af2de4b081498522bd04\/1430368046645\/dermapen+microneedling+NYC?format=750w","contentUrl":"https:\/\/static1.squarespace.com\/static\/51882e59e4b00d33ee9bf77b\/t\/5541af2de4b081498522bd04\/1430368046645\/dermapen+microneedling+NYC?format=750w"},{"@type":"BreadcrumbList","@id":"https:\/\/areton-ltd.com\/es\/microneedling-for-the-facial\/#breadcrumb","itemListElement":[{"@type":"ListItem","position":1,"name":"Home","item":"https:\/\/areton-ltd.com\/"},{"@type":"ListItem","position":2,"name":"Microneedling for the facial"}]},{"@type":"WebSite","@id":"https:\/\/areton-ltd.com\/#website","url":"https:\/\/areton-ltd.com\/","name":"Areton LTD","description":"Organic Skin Care &amp; Hair Care Products","publisher":{"@id":"https:\/\/areton-ltd.com\/#organization"},"potentialAction":[{"@type":"SearchAction","target":{"@type":"EntryPoint","urlTemplate":"https:\/\/areton-ltd.com\/?s={search_term_string}"},"query-input":{"@type":"PropertyValueSpecification","valueRequired":true,"valueName":"search_term_string"}}],"inLanguage":"es"},{"@type":"Organization","@id":"https:\/\/areton-ltd.com\/#organization","name":"Areton","url":"https:\/\/areton-ltd.com\/","logo":{"@type":"ImageObject","inLanguage":"es","@id":"https:\/\/areton-ltd.com\/#\/schema\/logo\/image\/","url":"https:\/\/areton-ltd.com\/wp-content\/uploads\/2024\/05\/logo.png","contentUrl":"https:\/\/areton-ltd.com\/wp-content\/uploads\/2024\/05\/logo.png","width":400,"height":400,"caption":"Areton"},"image":{"@id":"https:\/\/areton-ltd.com\/#\/schema\/logo\/image\/"},"sameAs":["https:\/\/www.facebook.com\/aretonEU\/"],"email":"info@areton-ltd.com","telephone":"+44 7830 885825","legalName":"Aretom LTD","vatID":"09397231","publishingPrinciples":"https:\/\/areton-ltd.com\/about-us\/","ownershipFundingInfo":"https:\/\/areton-ltd.com\/about-us\/"}]}},"_links":{"self":[{"href":"https:\/\/areton-ltd.com\/es\/wp-json\/wp\/v2\/pages\/3204","targetHints":{"allow":["GET"]}}],"collection":[{"href":"https:\/\/areton-ltd.com\/es\/wp-json\/wp\/v2\/pages"}],"about":[{"href":"https:\/\/areton-ltd.com\/es\/wp-json\/wp\/v2\/types\/page"}],"author":[{"embeddable":true,"href":"https:\/\/areton-ltd.com\/es\/wp-json\/wp\/v2\/users\/5"}],"replies":[{"embeddable":true,"href":"https:\/\/areton-ltd.com\/es\/wp-json\/wp\/v2\/comments?post=3204"}],"version-history":[{"count":1,"href":"https:\/\/areton-ltd.com\/es\/wp-json\/wp\/v2\/pages\/3204\/revisions"}],"predecessor-version":[{"id":17156,"href":"https:\/\/areton-ltd.com\/es\/wp-json\/wp\/v2\/pages\/3204\/revisions\/17156"}],"wp:attachment":[{"href":"https:\/\/areton-ltd.com\/es\/wp-json\/wp\/v2\/media?parent=3204"}],"curies":[{"name":"wp","href":"https:\/\/api.w.org\/{rel}","templated":true}]}}