{"id":3147,"date":"2018-03-09T03:29:38","date_gmt":"2018-03-09T03:29:38","guid":{"rendered":"http:\/\/areton-ltd.com\/?page_id=3147"},"modified":"2018-03-09T03:29:38","modified_gmt":"2018-03-09T03:29:38","slug":"microneedling-introduction","status":"publish","type":"page","link":"https:\/\/areton-ltd.com\/es\/microneedling-introduction\/","title":{"rendered":"Introducci\u00f3n a las micro-agujas"},"content":{"rendered":"<h3><a href=\"http:\/\/voltaicplasma.com\/wp-content\/uploads\/2018\/03\/fair-2.png\"><img fetchpriority=\"high\" decoding=\"async\" class=\"aligncenter wp-image-5049 size-full\" src=\"http:\/\/voltaicplasma.com\/wp-content\/uploads\/2018\/03\/fair-2.png\" alt=\"\" width=\"560\" height=\"315\" \/><\/a><\/h3>\n<h3><\/h3>\n<h2 style=\"text-align: center;\">\u00bfQu\u00e9 es la microaguja?<\/h2>\n<p>La micro-aguja, tambi\u00e9n conocida como terapia de inducci\u00f3n de col\u00e1geno, es la tendencia de m\u00e1s r\u00e1pido crecimiento que ver\u00e1 en los tratamientos cosm\u00e9ticos y de antienvejecimiento. Es porque; La micro-aguja facial es un tratamiento muy seguro, libre de qu\u00edmicos y m\u00ednimamente invasivo que frena los signos del envejecimiento en cualquier tipo y tono de piel.<\/p>\n<p>El tratamiento facial con micro-agujas es uno de los mejores tratamientos de rejuvenecimiento de la piel y se realiza con un dispositivo que tiene agujas finas. La pluma crea peque\u00f1as heridas en la capa superior de la piel, lo que ayudar\u00e1 a que la piel comience a curarse por s\u00ed sola y har\u00e1 que el cuerpo produzca nuevo col\u00e1geno y elastina.<\/p>\n<p><img decoding=\"async\" class=\"aligncenter\" src=\"https:\/\/www.altheamedspa.com\/wp-content\/uploads\/2017\/04\/micro-needling-compared-to-other-popular-skin-treatments-580x335.jpg\" alt=\"Image result for microneedling\" \/><\/p>\n<p>La mejor parte del tratamiento facial con las micro-agujas es que no se limita a un tono y tipo de piel espec\u00edficos. Se puede realizar en todo tipo y color de piel y brinda resultados fenomenales similares a los que se pueden obtener con el tratamiento con l\u00e1ser.<\/p>\n<p>&nbsp;<\/p>\n<h1 id=\"how-micro-needling-work\" class=\"title-heading-left\" style=\"text-align: center;\">C\u00d3MO FUNCIONA LA MICRO-AGUJA<\/h1>\n<p>La pluma de las micro-agujas proporciona una respuesta incomparable mediante la administraci\u00f3n fraccionada de micro-agujas, creando micro-lesiones en la epidermis y la dermis. As\u00ed es \"c\u00f3mo funciona la micro-aguja\", al crear estas micro-lesiones en la piel, fomentar y aprovechar el poder de la capacidad innata del cuerpo para reparar la piel a trav\u00e9s de la fisiolog\u00eda normal de la piel. La primera fase comienza con la liberaci\u00f3n de los factores de crecimiento del cuerpo y la cascada adicional de nuevo crecimiento epid\u00e9rmico, quimiotaxis de fibroblastos, proliferaci\u00f3n de fibroblastos y producci\u00f3n de matriz. Esta proliferaci\u00f3n del tejido del cuerpo contin\u00faa liberando factores de crecimiento a partir de fibroblastos, queratinocitos y monocitos. La segunda fase de la cicatrizaci\u00f3n de heridas implica el dep\u00f3sito de col\u00e1geno III, IV y I, elastina, proteoglicanos y GAG. La \u00faltima fase da como resultado la remodelaci\u00f3n del tejido donde la matriz vascular de la piel madura y se tensa. La capacidad del cuerpo para curarse a s\u00ed mismo es la base de este asombroso proceso.<\/p>\n<p>&nbsp;<\/p>\n<h2 style=\"text-align: center;\">\u00bfPor qu\u00e9 es \u00fatil?<\/h2>\n<p>&nbsp;<\/p>\n<p><a href=\"http:\/\/voltaicplasma.com\/wp-content\/uploads\/2018\/03\/Uses-of.png\"><img decoding=\"async\" class=\"aligncenter wp-image-5028 size-medium\" src=\"http:\/\/voltaicplasma.com\/wp-content\/uploads\/2018\/03\/Uses-of-200x300.png\" alt=\"\" width=\"200\" height=\"300\" \/><\/a><\/p>\n<p>&nbsp;<\/p>\n<ul>\n<li>Se utiliza para eliminar<b> los signos<\/b> del<b> envejecimiento<\/b> (arrugas, flacidez).<\/li>\n<li>Se puede utilizar para eliminar <strong>cicatrices<\/strong>, <strong>estr\u00edas<\/strong>,<strong> acn\u00e9<\/strong><\/li>\n<li>Elimina la<strong> opacidad<\/strong> opacidad tensando la piel y<strong> mejorando las texturas.<\/strong><\/li>\n<li>Se puede operar en cara, piernas, brazos, est\u00f3mago.<\/li>\n<li>Le hace<strong> parecer m\u00e1s joven<\/strong><\/li>\n<\/ul>\n<p><a href=\"http:\/\/voltaicplasma.com\/wp-content\/uploads\/2018\/03\/cb0c7f0e898d6262f31d8be2412d58cc.jpg\"><img decoding=\"async\" class=\"aligncenter size-full wp-image-5026\" src=\"http:\/\/voltaicplasma.com\/wp-content\/uploads\/2018\/03\/cb0c7f0e898d6262f31d8be2412d58cc.jpg\" alt=\"\" width=\"300\" height=\"225\" \/><\/a><\/p>\n<h2><\/h2>\n<h1 style=\"text-align: center;\">El proceso<\/h1>\n<p>Entonces, \u00bfCu\u00e1l es la teor\u00eda detr\u00e1s de la operaci\u00f3n de las micro-agujas?<\/p>\n<p>La piel, como usted sabe, est\u00e1 formada por m\u00faltiples capas, que a su vez est\u00e1n formadas por c\u00e9lulas. Una de estas c\u00e9lulas son las <b>c\u00e9lulas de fibroblastos.<\/b>Estas c\u00e9lulas de fibroblastos sintetizan (producen) col\u00e1geno y matriz extracelular que son esenciales para la <b>cicatrizaci\u00f3n de heridas.<\/b>Entonces, la micro-aguja es el proceso de desencadenar la producci\u00f3n de nuevo col\u00e1geno.<\/p>\n<div id=\"attachment_5055\" style=\"width: 610px\" class=\"wp-caption aligncenter\"><a href=\"http:\/\/voltaicplasma.com\/wp-content\/uploads\/2018\/03\/Vitamin-c-increases-collagen-in-the-dermis-e1492279515913.png\"><img loading=\"lazy\" decoding=\"async\" aria-describedby=\"caption-attachment-5055\" class=\"wp-image-5055 size-full\" src=\"http:\/\/voltaicplasma.com\/wp-content\/uploads\/2018\/03\/Vitamin-c-increases-collagen-in-the-dermis-e1492279515913.png\" alt=\"\" width=\"600\" height=\"452\" \/><\/a><p id=\"caption-attachment-5055\" class=\"wp-caption-text\">Fuente de la imagen: https:\/\/browsandbody.com<\/p><\/div>\n<p>Entremos un poco en el proceso detallado de las micro-agujas.<\/p>\n<p>Se utiliza un dispositivo controlado manualmente (que se muestra a continuaci\u00f3n) con agujas peque\u00f1as para perforar la capa superior de la piel y crear una lesi\u00f3n cut\u00e1nea controlada. Este da\u00f1o a la piel estimular\u00e1 a su cuerpo a producir nuevo col\u00e1geno y la elastina. Por lo tanto, el col\u00e1geno m\u00e1s nuevo ayudar\u00e1 a sanar o rejuvenecer la piel.<\/p>\n<p>&nbsp;<\/p>\n<div id=\"attachment_5053\" style=\"width: 626px\" class=\"wp-caption aligncenter\"><a href=\"http:\/\/voltaicplasma.com\/wp-content\/uploads\/2018\/03\/MicroneedlingJenAnniston.png\"><img loading=\"lazy\" decoding=\"async\" aria-describedby=\"caption-attachment-5053\" class=\"wp-image-5053 size-full\" src=\"http:\/\/voltaicplasma.com\/wp-content\/uploads\/2018\/03\/MicroneedlingJenAnniston.png\" alt=\"\" width=\"616\" height=\"399\" \/><\/a><p id=\"caption-attachment-5053\" class=\"wp-caption-text\">Fuente de la imagen: http:\/\/www.essencewellness.ca<\/p><\/div>","protected":false},"excerpt":{"rendered":"<p>What is Microneedling? Microneedling also known as collagen induction therapy is the fastest-growing trends you will see in the cosmetic<\/p>","protected":false},"author":5,"featured_media":0,"parent":0,"menu_order":0,"comment_status":"closed","ping_status":"closed","template":"","meta":{"_monsterinsights_skip_tracking":false,"_monsterinsights_sitenote_active":false,"_monsterinsights_sitenote_note":"","_monsterinsights_sitenote_category":0,"footnotes":""},"class_list":["post-3147","page","type-page","status-publish","hentry"],"yoast_head":"<!-- This site is optimized with the Yoast SEO Premium plugin v22.8 (Yoast SEO v27.2) - https:\/\/yoast.com\/product\/yoast-seo-premium-wordpress\/ -->\n<title>Microneedling Introduction - Areton<\/title>\n<meta name=\"robots\" content=\"index, follow, max-snippet:-1, max-image-preview:large, max-video-preview:-1\" \/>\n<link rel=\"canonical\" href=\"https:\/\/areton-ltd.com\/es\/microneedling-introduction\/\" \/>\n<meta property=\"og:locale\" content=\"es_ES\" \/>\n<meta property=\"og:type\" content=\"article\" \/>\n<meta property=\"og:title\" content=\"Microneedling Introduction\" \/>\n<meta property=\"og:description\" content=\"What is Microneedling? Microneedling also known as collagen induction therapy is the fastest-growing trends you will see in the cosmetic\" \/>\n<meta property=\"og:url\" content=\"https:\/\/areton-ltd.com\/es\/microneedling-introduction\/\" \/>\n<meta property=\"og:site_name\" content=\"Areton\" \/>\n<meta property=\"article:publisher\" content=\"https:\/\/www.facebook.com\/aretonEU\/\" \/>\n<meta property=\"og:image\" content=\"http:\/\/voltaicplasma.com\/wp-content\/uploads\/2018\/03\/fair-2.png\" \/>\n<meta name=\"twitter:card\" content=\"summary_large_image\" \/>\n<meta name=\"twitter:label1\" content=\"Tiempo de lectura\" \/>\n\t<meta name=\"twitter:data1\" content=\"2 minutos\" \/>\n<script type=\"application\/ld+json\" class=\"yoast-schema-graph\">{\"@context\":\"https:\/\/schema.org\",\"@graph\":[{\"@type\":\"WebPage\",\"@id\":\"https:\/\/areton-ltd.com\/es\/microneedling-introduction\/\",\"url\":\"https:\/\/areton-ltd.com\/es\/microneedling-introduction\/\",\"name\":\"Microneedling Introduction - Areton\",\"isPartOf\":{\"@id\":\"https:\/\/areton-ltd.com\/#website\"},\"primaryImageOfPage\":{\"@id\":\"https:\/\/areton-ltd.com\/es\/microneedling-introduction\/#primaryimage\"},\"image\":{\"@id\":\"https:\/\/areton-ltd.com\/es\/microneedling-introduction\/#primaryimage\"},\"thumbnailUrl\":\"http:\/\/voltaicplasma.com\/wp-content\/uploads\/2018\/03\/fair-2.png\",\"datePublished\":\"2018-03-09T03:29:38+00:00\",\"breadcrumb\":{\"@id\":\"https:\/\/areton-ltd.com\/es\/microneedling-introduction\/#breadcrumb\"},\"inLanguage\":\"es\",\"potentialAction\":[{\"@type\":\"ReadAction\",\"target\":[\"https:\/\/areton-ltd.com\/es\/microneedling-introduction\/\"]}]},{\"@type\":\"ImageObject\",\"inLanguage\":\"es\",\"@id\":\"https:\/\/areton-ltd.com\/es\/microneedling-introduction\/#primaryimage\",\"url\":\"http:\/\/voltaicplasma.com\/wp-content\/uploads\/2018\/03\/fair-2.png\",\"contentUrl\":\"http:\/\/voltaicplasma.com\/wp-content\/uploads\/2018\/03\/fair-2.png\"},{\"@type\":\"BreadcrumbList\",\"@id\":\"https:\/\/areton-ltd.com\/es\/microneedling-introduction\/#breadcrumb\",\"itemListElement\":[{\"@type\":\"ListItem\",\"position\":1,\"name\":\"Home\",\"item\":\"https:\/\/areton-ltd.com\/\"},{\"@type\":\"ListItem\",\"position\":2,\"name\":\"Microneedling Introduction\"}]},{\"@type\":\"WebSite\",\"@id\":\"https:\/\/areton-ltd.com\/#website\",\"url\":\"https:\/\/areton-ltd.com\/\",\"name\":\"Areton LTD\",\"description\":\"Organic Skin Care &amp; Hair Care Products\",\"publisher\":{\"@id\":\"https:\/\/areton-ltd.com\/#organization\"},\"potentialAction\":[{\"@type\":\"SearchAction\",\"target\":{\"@type\":\"EntryPoint\",\"urlTemplate\":\"https:\/\/areton-ltd.com\/?s={search_term_string}\"},\"query-input\":{\"@type\":\"PropertyValueSpecification\",\"valueRequired\":true,\"valueName\":\"search_term_string\"}}],\"inLanguage\":\"es\"},{\"@type\":\"Organization\",\"@id\":\"https:\/\/areton-ltd.com\/#organization\",\"name\":\"Areton\",\"url\":\"https:\/\/areton-ltd.com\/\",\"logo\":{\"@type\":\"ImageObject\",\"inLanguage\":\"es\",\"@id\":\"https:\/\/areton-ltd.com\/#\/schema\/logo\/image\/\",\"url\":\"https:\/\/areton-ltd.com\/wp-content\/uploads\/2024\/05\/logo.png\",\"contentUrl\":\"https:\/\/areton-ltd.com\/wp-content\/uploads\/2024\/05\/logo.png\",\"width\":400,\"height\":400,\"caption\":\"Areton\"},\"image\":{\"@id\":\"https:\/\/areton-ltd.com\/#\/schema\/logo\/image\/\"},\"sameAs\":[\"https:\/\/www.facebook.com\/aretonEU\/\"],\"email\":\"info@areton-ltd.com\",\"telephone\":\"+44 7830 885825\",\"legalName\":\"Aretom LTD\",\"vatID\":\"09397231\",\"publishingPrinciples\":\"https:\/\/areton-ltd.com\/about-us\/\",\"ownershipFundingInfo\":\"https:\/\/areton-ltd.com\/about-us\/\"}]}<\/script>\n<!-- \/ Yoast SEO Premium plugin. -->","yoast_head_json":{"title":"Microneedling Introduction - Areton","robots":{"index":"index","follow":"follow","max-snippet":"max-snippet:-1","max-image-preview":"max-image-preview:large","max-video-preview":"max-video-preview:-1"},"canonical":"https:\/\/areton-ltd.com\/es\/microneedling-introduction\/","og_locale":"es_ES","og_type":"article","og_title":"Microneedling Introduction","og_description":"What is Microneedling? Microneedling also known as collagen induction therapy is the fastest-growing trends you will see in the cosmetic","og_url":"https:\/\/areton-ltd.com\/es\/microneedling-introduction\/","og_site_name":"Areton","article_publisher":"https:\/\/www.facebook.com\/aretonEU\/","og_image":[{"url":"http:\/\/voltaicplasma.com\/wp-content\/uploads\/2018\/03\/fair-2.png","type":"","width":"","height":""}],"twitter_card":"summary_large_image","twitter_misc":{"Tiempo de lectura":"2 minutos"},"schema":{"@context":"https:\/\/schema.org","@graph":[{"@type":"WebPage","@id":"https:\/\/areton-ltd.com\/es\/microneedling-introduction\/","url":"https:\/\/areton-ltd.com\/es\/microneedling-introduction\/","name":"Microneedling Introduction - Areton","isPartOf":{"@id":"https:\/\/areton-ltd.com\/#website"},"primaryImageOfPage":{"@id":"https:\/\/areton-ltd.com\/es\/microneedling-introduction\/#primaryimage"},"image":{"@id":"https:\/\/areton-ltd.com\/es\/microneedling-introduction\/#primaryimage"},"thumbnailUrl":"http:\/\/voltaicplasma.com\/wp-content\/uploads\/2018\/03\/fair-2.png","datePublished":"2018-03-09T03:29:38+00:00","breadcrumb":{"@id":"https:\/\/areton-ltd.com\/es\/microneedling-introduction\/#breadcrumb"},"inLanguage":"es","potentialAction":[{"@type":"ReadAction","target":["https:\/\/areton-ltd.com\/es\/microneedling-introduction\/"]}]},{"@type":"ImageObject","inLanguage":"es","@id":"https:\/\/areton-ltd.com\/es\/microneedling-introduction\/#primaryimage","url":"http:\/\/voltaicplasma.com\/wp-content\/uploads\/2018\/03\/fair-2.png","contentUrl":"http:\/\/voltaicplasma.com\/wp-content\/uploads\/2018\/03\/fair-2.png"},{"@type":"BreadcrumbList","@id":"https:\/\/areton-ltd.com\/es\/microneedling-introduction\/#breadcrumb","itemListElement":[{"@type":"ListItem","position":1,"name":"Home","item":"https:\/\/areton-ltd.com\/"},{"@type":"ListItem","position":2,"name":"Microneedling Introduction"}]},{"@type":"WebSite","@id":"https:\/\/areton-ltd.com\/#website","url":"https:\/\/areton-ltd.com\/","name":"Areton LTD","description":"Organic Skin Care &amp; Hair Care Products","publisher":{"@id":"https:\/\/areton-ltd.com\/#organization"},"potentialAction":[{"@type":"SearchAction","target":{"@type":"EntryPoint","urlTemplate":"https:\/\/areton-ltd.com\/?s={search_term_string}"},"query-input":{"@type":"PropertyValueSpecification","valueRequired":true,"valueName":"search_term_string"}}],"inLanguage":"es"},{"@type":"Organization","@id":"https:\/\/areton-ltd.com\/#organization","name":"Areton","url":"https:\/\/areton-ltd.com\/","logo":{"@type":"ImageObject","inLanguage":"es","@id":"https:\/\/areton-ltd.com\/#\/schema\/logo\/image\/","url":"https:\/\/areton-ltd.com\/wp-content\/uploads\/2024\/05\/logo.png","contentUrl":"https:\/\/areton-ltd.com\/wp-content\/uploads\/2024\/05\/logo.png","width":400,"height":400,"caption":"Areton"},"image":{"@id":"https:\/\/areton-ltd.com\/#\/schema\/logo\/image\/"},"sameAs":["https:\/\/www.facebook.com\/aretonEU\/"],"email":"info@areton-ltd.com","telephone":"+44 7830 885825","legalName":"Aretom LTD","vatID":"09397231","publishingPrinciples":"https:\/\/areton-ltd.com\/about-us\/","ownershipFundingInfo":"https:\/\/areton-ltd.com\/about-us\/"}]}},"_links":{"self":[{"href":"https:\/\/areton-ltd.com\/es\/wp-json\/wp\/v2\/pages\/3147","targetHints":{"allow":["GET"]}}],"collection":[{"href":"https:\/\/areton-ltd.com\/es\/wp-json\/wp\/v2\/pages"}],"about":[{"href":"https:\/\/areton-ltd.com\/es\/wp-json\/wp\/v2\/types\/page"}],"author":[{"embeddable":true,"href":"https:\/\/areton-ltd.com\/es\/wp-json\/wp\/v2\/users\/5"}],"replies":[{"embeddable":true,"href":"https:\/\/areton-ltd.com\/es\/wp-json\/wp\/v2\/comments?post=3147"}],"version-history":[{"count":0,"href":"https:\/\/areton-ltd.com\/es\/wp-json\/wp\/v2\/pages\/3147\/revisions"}],"wp:attachment":[{"href":"https:\/\/areton-ltd.com\/es\/wp-json\/wp\/v2\/media?parent=3147"}],"curies":[{"name":"wp","href":"https:\/\/api.w.org\/{rel}","templated":true}]}}