{"id":2656,"date":"2017-11-27T00:07:26","date_gmt":"2017-11-27T00:07:26","guid":{"rendered":"http:\/\/areton-ltd.com\/?page_id=2656"},"modified":"2017-11-27T00:07:26","modified_gmt":"2017-11-27T00:07:26","slug":"hifu-3-in-1-sample-consent-form","status":"publish","type":"page","link":"https:\/\/areton-ltd.com\/es\/hifu-3-in-1-sample-consent-form\/","title":{"rendered":"Ejemplo del Formulario de consentimiento informado del HIFU 3 en 1."},"content":{"rendered":"<p><img fetchpriority=\"high\" decoding=\"async\" class=\"aligncenter size-full wp-image-2657\" src=\"http:\/\/areton-ltd.com\/wp-content\/uploads\/2017\/11\/consentform.jpg\" alt=\"\" width=\"1280\" height=\"851\" \/><\/p>\n<p style=\"text-align: center;\"><em>Areton Ltd presenta este documento como plantilla para comodidad de sus clientes \u00fanicamente y no de terceros. Se recomienda encarecidamente que consulte a su aseguradora y a sus asesores legales antes de utilizar este documento (es posible que se requieran modificaciones) Recuerde es solo una plantilla. Areton Limited no asume ninguna responsabilidad por cualquier inclusi\u00f3n, error u omisi\u00f3n en este documento. Se recomienda conservar una copia firmada para su registro y entregar una al cliente.<\/em><\/p>\n<p>&nbsp;<\/p>\n<p style=\"text-align: center;\"><strong>QU\u00c9 EXPECTATIVA TENER DURANTE Y DESPU\u00c9S DEL TRATAMIENTO CON HIFU<\/strong><\/p>\n<p>Usted Puede tener expectativa de experimentar algunas molestias a medida que se administra la energ\u00eda del ultrasonido. Su m\u00e9dico est\u00e9tico acordar\u00e1 un plan para optimizar su comodidad durante el procedimiento.<br \/>\nEl tratamiento con HIFU es eficaz. Por ejemplo, un tratamiento para todo el rostro y el cuello durar\u00e1<br \/>\naproximadamente entre 40 a 45 minutos.<\/p>\n<p>&nbsp;<\/p>\n<p style=\"text-align: center;\"><strong>POSIBLES EFECTOS SECUNDARIOS DEL TRATAMIENTO CON  HIFU<\/strong><\/p>\n<p>\u2022 Su piel puede aparecer enrojecida durante algunas horas despu\u00e9s del tratamiento con el dispositivo HIFU.<br \/>\n\u2022 Es posible que experimente una ligera hinchaz\u00f3n, hormigueo o sensibilidad durante unos d\u00edas despu\u00e9s del tratamiento. Raramente,<br \/>\nAlgunas personas pueden experimentar moretones o entumecimiento temporales.<br \/>\n\u2022 Existe un ligero riesgo de quemadura en la piel, que puede o no provocar cicatrices. Tanto una quemadura como cualquier cicatriz responder\u00e1n al tratamiento m\u00e9dico.<br \/>\n\u2022 La inflamaci\u00f3n temporal de los nervios se resolver\u00e1 en unos d\u00edas o semanas posteriores al tratamiento.<br \/>\n\u2022 Si un nervio motor se ha inflamado, es posible que experimente alguna lesi\u00f3n muscular local temporal.<br \/>\nPodr\u00eda haber algo de entumecimiento temporal si un nervio sensorial se ha inflamado.<\/p>\n<p>&nbsp;<\/p>\n<p style=\"text-align: center;\"><strong>DECLARACI\u00d3N<\/strong><\/p>\n<p>He le\u00eddo y comprendido toda la informaci\u00f3n proporcionada y he tenido la oportunidad de preguntar cualquier<br \/>\npregunta sobre la naturaleza del tratamiento, sus resultados esperados y sus posibles riesgos y complicaciones.<br \/>\ncomplications.<\/p>\n<p>Me han explicado que los resultados del tratamiento con HIFU pueden variar de persona a persona. Soy consciente que en ocasiones, el col\u00e1geno que se acumula en las capas profundas de la piel, proporcionando soporte a la estructura de la piel y ayudando a contrarrestar los efectos de la gravedad, puede no tener un efecto visible<br \/>\nsobre la superficie de la piel.<\/p>\n<p>Tambi\u00e9n entiendo que los resultados se ver\u00e1n gradualmente durante un per\u00edodo de 3 a 6 meses y que algunas personas se beneficiar\u00e1n de m\u00e1s de un tratamiento.<\/p>\n<p>Entiendo que el tratamiento con HIFU es un tratamiento no invasivo. No est\u00e1 dise\u00f1ado para producir los mismos resultados que un procedimiento quir\u00fargico invasivo.<\/p>\n<p>&nbsp;<\/p>\n<p><strong>He le\u00eddo el documento anterior y doy mi consentimiento para recibir el tratamiento a mi propia discreci\u00f3n.<\/strong><\/p>\n<p>Firma del cliente: \u2026\u2026\u2026\u2026\u2026\u2026\u2026\u2026\u2026\u2026\u2026\u2026\u2026.. Fecha: \u2026\u2026\u2026\u2026\u2026\u2026\u2026\u2026\u2026<\/p>\n<p>&nbsp;<\/p>\n<p style=\"text-align: center;\"><strong>FOTOGRAF\u00cdAS<\/strong><\/p>\n<p>Autorizo \u200b\u200bla toma de fotograf\u00edas y secuencias de video que se conservar\u00e1n como un registro privado para la cl\u00ednica y el m\u00e9dico en particular.<\/p>\n<p>Firma del cliente: \u2026\u2026\u2026\u2026\u2026\u2026\u2026\u2026\u2026\u2026\u2026\u2026\u2026.. Fecha: \u2026\u2026\u2026\u2026\u2026\u2026\u2026\u2026\u2026<\/p>\n<p>&nbsp;<\/p>\n<p>TAMBI\u00c9N SOY CONCIENTE DEL USO DE MIS FOTOGRAF\u00cdAS Y VIDEOS DE FORMA GRATUITA PARA FINES DE MARKETING.<\/p>\n<p>Firma del cliente: \u2026\u2026\u2026\u2026\u2026\u2026\u2026\u2026\u2026\u2026\u2026\u2026\u2026.. Fecha: \u2026\u2026\u2026\u2026\u2026\u2026\u2026\u2026\u2026<\/p>","protected":false},"excerpt":{"rendered":"<p>Areton Ltd presents this document as a template for the convenience of its customers only and not any other party.<\/p>","protected":false},"author":5,"featured_media":0,"parent":0,"menu_order":0,"comment_status":"closed","ping_status":"closed","template":"","meta":{"_monsterinsights_skip_tracking":false,"_monsterinsights_sitenote_active":false,"_monsterinsights_sitenote_note":"","_monsterinsights_sitenote_category":0,"footnotes":""},"class_list":["post-2656","page","type-page","status-publish","hentry"],"yoast_head":"<!-- This site is optimized with the Yoast SEO Premium plugin v22.8 (Yoast SEO v27.2) - https:\/\/yoast.com\/product\/yoast-seo-premium-wordpress\/ -->\n<title>Hifu 3 in 1 Sample Consent Form. - Areton<\/title>\n<meta name=\"robots\" content=\"index, follow, max-snippet:-1, max-image-preview:large, max-video-preview:-1\" \/>\n<link rel=\"canonical\" href=\"https:\/\/areton-ltd.com\/es\/hifu-3-in-1-sample-consent-form\/\" \/>\n<meta property=\"og:locale\" content=\"es_ES\" \/>\n<meta property=\"og:type\" content=\"article\" \/>\n<meta property=\"og:title\" content=\"Hifu 3 in 1 Sample Consent Form.\" \/>\n<meta property=\"og:description\" content=\"Areton Ltd presents this document as a template for the convenience of its customers only and not any other party.\" \/>\n<meta property=\"og:url\" content=\"https:\/\/areton-ltd.com\/es\/hifu-3-in-1-sample-consent-form\/\" \/>\n<meta property=\"og:site_name\" content=\"Areton\" \/>\n<meta property=\"article:publisher\" content=\"https:\/\/www.facebook.com\/aretonEU\/\" \/>\n<meta property=\"og:image\" content=\"http:\/\/areton-ltd.com\/wp-content\/uploads\/2017\/11\/consentform.jpg\" \/>\n<meta name=\"twitter:card\" content=\"summary_large_image\" \/>\n<meta name=\"twitter:label1\" content=\"Tiempo de lectura\" \/>\n\t<meta name=\"twitter:data1\" content=\"2 minutos\" \/>\n<script type=\"application\/ld+json\" class=\"yoast-schema-graph\">{\"@context\":\"https:\/\/schema.org\",\"@graph\":[{\"@type\":\"WebPage\",\"@id\":\"https:\/\/areton-ltd.com\/es\/hifu-3-in-1-sample-consent-form\/\",\"url\":\"https:\/\/areton-ltd.com\/es\/hifu-3-in-1-sample-consent-form\/\",\"name\":\"Hifu 3 in 1 Sample Consent Form. - Areton\",\"isPartOf\":{\"@id\":\"https:\/\/areton-ltd.com\/#website\"},\"primaryImageOfPage\":{\"@id\":\"https:\/\/areton-ltd.com\/es\/hifu-3-in-1-sample-consent-form\/#primaryimage\"},\"image\":{\"@id\":\"https:\/\/areton-ltd.com\/es\/hifu-3-in-1-sample-consent-form\/#primaryimage\"},\"thumbnailUrl\":\"http:\/\/areton-ltd.com\/wp-content\/uploads\/2017\/11\/consentform.jpg\",\"datePublished\":\"2017-11-27T00:07:26+00:00\",\"breadcrumb\":{\"@id\":\"https:\/\/areton-ltd.com\/es\/hifu-3-in-1-sample-consent-form\/#breadcrumb\"},\"inLanguage\":\"es\",\"potentialAction\":[{\"@type\":\"ReadAction\",\"target\":[\"https:\/\/areton-ltd.com\/es\/hifu-3-in-1-sample-consent-form\/\"]}]},{\"@type\":\"ImageObject\",\"inLanguage\":\"es\",\"@id\":\"https:\/\/areton-ltd.com\/es\/hifu-3-in-1-sample-consent-form\/#primaryimage\",\"url\":\"http:\/\/areton-ltd.com\/wp-content\/uploads\/2017\/11\/consentform.jpg\",\"contentUrl\":\"http:\/\/areton-ltd.com\/wp-content\/uploads\/2017\/11\/consentform.jpg\"},{\"@type\":\"BreadcrumbList\",\"@id\":\"https:\/\/areton-ltd.com\/es\/hifu-3-in-1-sample-consent-form\/#breadcrumb\",\"itemListElement\":[{\"@type\":\"ListItem\",\"position\":1,\"name\":\"Home\",\"item\":\"https:\/\/areton-ltd.com\/\"},{\"@type\":\"ListItem\",\"position\":2,\"name\":\"Hifu 3 in 1 Sample Consent Form.\"}]},{\"@type\":\"WebSite\",\"@id\":\"https:\/\/areton-ltd.com\/#website\",\"url\":\"https:\/\/areton-ltd.com\/\",\"name\":\"Areton LTD\",\"description\":\"Organic Skin Care &amp; Hair Care Products\",\"publisher\":{\"@id\":\"https:\/\/areton-ltd.com\/#organization\"},\"potentialAction\":[{\"@type\":\"SearchAction\",\"target\":{\"@type\":\"EntryPoint\",\"urlTemplate\":\"https:\/\/areton-ltd.com\/?s={search_term_string}\"},\"query-input\":{\"@type\":\"PropertyValueSpecification\",\"valueRequired\":true,\"valueName\":\"search_term_string\"}}],\"inLanguage\":\"es\"},{\"@type\":\"Organization\",\"@id\":\"https:\/\/areton-ltd.com\/#organization\",\"name\":\"Areton\",\"url\":\"https:\/\/areton-ltd.com\/\",\"logo\":{\"@type\":\"ImageObject\",\"inLanguage\":\"es\",\"@id\":\"https:\/\/areton-ltd.com\/#\/schema\/logo\/image\/\",\"url\":\"https:\/\/areton-ltd.com\/wp-content\/uploads\/2024\/05\/logo.png\",\"contentUrl\":\"https:\/\/areton-ltd.com\/wp-content\/uploads\/2024\/05\/logo.png\",\"width\":400,\"height\":400,\"caption\":\"Areton\"},\"image\":{\"@id\":\"https:\/\/areton-ltd.com\/#\/schema\/logo\/image\/\"},\"sameAs\":[\"https:\/\/www.facebook.com\/aretonEU\/\"],\"email\":\"info@areton-ltd.com\",\"telephone\":\"+44 7830 885825\",\"legalName\":\"Aretom LTD\",\"vatID\":\"09397231\",\"publishingPrinciples\":\"https:\/\/areton-ltd.com\/about-us\/\",\"ownershipFundingInfo\":\"https:\/\/areton-ltd.com\/about-us\/\"}]}<\/script>\n<!-- \/ Yoast SEO Premium plugin. -->","yoast_head_json":{"title":"Hifu 3 in 1 Sample Consent Form. - Areton","robots":{"index":"index","follow":"follow","max-snippet":"max-snippet:-1","max-image-preview":"max-image-preview:large","max-video-preview":"max-video-preview:-1"},"canonical":"https:\/\/areton-ltd.com\/es\/hifu-3-in-1-sample-consent-form\/","og_locale":"es_ES","og_type":"article","og_title":"Hifu 3 in 1 Sample Consent Form.","og_description":"Areton Ltd presents this document as a template for the convenience of its customers only and not any other party.","og_url":"https:\/\/areton-ltd.com\/es\/hifu-3-in-1-sample-consent-form\/","og_site_name":"Areton","article_publisher":"https:\/\/www.facebook.com\/aretonEU\/","og_image":[{"url":"http:\/\/areton-ltd.com\/wp-content\/uploads\/2017\/11\/consentform.jpg","type":"","width":"","height":""}],"twitter_card":"summary_large_image","twitter_misc":{"Tiempo de lectura":"2 minutos"},"schema":{"@context":"https:\/\/schema.org","@graph":[{"@type":"WebPage","@id":"https:\/\/areton-ltd.com\/es\/hifu-3-in-1-sample-consent-form\/","url":"https:\/\/areton-ltd.com\/es\/hifu-3-in-1-sample-consent-form\/","name":"Hifu 3 in 1 Sample Consent Form. - Areton","isPartOf":{"@id":"https:\/\/areton-ltd.com\/#website"},"primaryImageOfPage":{"@id":"https:\/\/areton-ltd.com\/es\/hifu-3-in-1-sample-consent-form\/#primaryimage"},"image":{"@id":"https:\/\/areton-ltd.com\/es\/hifu-3-in-1-sample-consent-form\/#primaryimage"},"thumbnailUrl":"http:\/\/areton-ltd.com\/wp-content\/uploads\/2017\/11\/consentform.jpg","datePublished":"2017-11-27T00:07:26+00:00","breadcrumb":{"@id":"https:\/\/areton-ltd.com\/es\/hifu-3-in-1-sample-consent-form\/#breadcrumb"},"inLanguage":"es","potentialAction":[{"@type":"ReadAction","target":["https:\/\/areton-ltd.com\/es\/hifu-3-in-1-sample-consent-form\/"]}]},{"@type":"ImageObject","inLanguage":"es","@id":"https:\/\/areton-ltd.com\/es\/hifu-3-in-1-sample-consent-form\/#primaryimage","url":"http:\/\/areton-ltd.com\/wp-content\/uploads\/2017\/11\/consentform.jpg","contentUrl":"http:\/\/areton-ltd.com\/wp-content\/uploads\/2017\/11\/consentform.jpg"},{"@type":"BreadcrumbList","@id":"https:\/\/areton-ltd.com\/es\/hifu-3-in-1-sample-consent-form\/#breadcrumb","itemListElement":[{"@type":"ListItem","position":1,"name":"Home","item":"https:\/\/areton-ltd.com\/"},{"@type":"ListItem","position":2,"name":"Hifu 3 in 1 Sample Consent Form."}]},{"@type":"WebSite","@id":"https:\/\/areton-ltd.com\/#website","url":"https:\/\/areton-ltd.com\/","name":"Areton LTD","description":"Organic Skin Care &amp; Hair Care Products","publisher":{"@id":"https:\/\/areton-ltd.com\/#organization"},"potentialAction":[{"@type":"SearchAction","target":{"@type":"EntryPoint","urlTemplate":"https:\/\/areton-ltd.com\/?s={search_term_string}"},"query-input":{"@type":"PropertyValueSpecification","valueRequired":true,"valueName":"search_term_string"}}],"inLanguage":"es"},{"@type":"Organization","@id":"https:\/\/areton-ltd.com\/#organization","name":"Areton","url":"https:\/\/areton-ltd.com\/","logo":{"@type":"ImageObject","inLanguage":"es","@id":"https:\/\/areton-ltd.com\/#\/schema\/logo\/image\/","url":"https:\/\/areton-ltd.com\/wp-content\/uploads\/2024\/05\/logo.png","contentUrl":"https:\/\/areton-ltd.com\/wp-content\/uploads\/2024\/05\/logo.png","width":400,"height":400,"caption":"Areton"},"image":{"@id":"https:\/\/areton-ltd.com\/#\/schema\/logo\/image\/"},"sameAs":["https:\/\/www.facebook.com\/aretonEU\/"],"email":"info@areton-ltd.com","telephone":"+44 7830 885825","legalName":"Aretom LTD","vatID":"09397231","publishingPrinciples":"https:\/\/areton-ltd.com\/about-us\/","ownershipFundingInfo":"https:\/\/areton-ltd.com\/about-us\/"}]}},"_links":{"self":[{"href":"https:\/\/areton-ltd.com\/es\/wp-json\/wp\/v2\/pages\/2656","targetHints":{"allow":["GET"]}}],"collection":[{"href":"https:\/\/areton-ltd.com\/es\/wp-json\/wp\/v2\/pages"}],"about":[{"href":"https:\/\/areton-ltd.com\/es\/wp-json\/wp\/v2\/types\/page"}],"author":[{"embeddable":true,"href":"https:\/\/areton-ltd.com\/es\/wp-json\/wp\/v2\/users\/5"}],"replies":[{"embeddable":true,"href":"https:\/\/areton-ltd.com\/es\/wp-json\/wp\/v2\/comments?post=2656"}],"version-history":[{"count":0,"href":"https:\/\/areton-ltd.com\/es\/wp-json\/wp\/v2\/pages\/2656\/revisions"}],"wp:attachment":[{"href":"https:\/\/areton-ltd.com\/es\/wp-json\/wp\/v2\/media?parent=2656"}],"curies":[{"name":"wp","href":"https:\/\/api.w.org\/{rel}","templated":true}]}}