{"id":2580,"date":"2017-11-16T01:27:37","date_gmt":"2017-11-16T01:27:37","guid":{"rendered":"http:\/\/areton-ltd.com\/?page_id=2580"},"modified":"2017-11-16T01:27:37","modified_gmt":"2017-11-16T01:27:37","slug":"hifu-adverse-reactions","status":"publish","type":"page","link":"https:\/\/areton-ltd.com\/es\/hifu-adverse-reactions\/","title":{"rendered":"Reacciones adversas del HIFU"},"content":{"rendered":"<h1 style=\"text-align: center;\">Pagina a\u00fan en construcci\u00f3n.<\/h1>\n<p>En esta p\u00e1gina nos centraremos en<\/p>\n<ul>\n<li>Las zonas del cuerpo donde no se debe evitar por completo el tratamiento y el por qu\u00e9.<\/li>\n<li>Las reacciones adversas a los tratamientos profesionales hechos con HIFU.<\/li>\n<\/ul>\n<p>&nbsp;<\/p>\n<h2 style=\"text-align: center;\">Naturaleza ablativa del HIFU profesional<\/h2>\n<p>Para empezar es fundamental comprender la naturaleza ablativa de los dispositivos HIFU profesionales para los usos est\u00e9ticos. Como sabemos, estos dispositivos pueden causar abolladuras en piezas duras de metacrilato, romper vidrio, etc., esto demuestra su poder ablativo, que es significativo y no debe ser subestimado. Es por esta naturaleza ablativa que estos dispositivos, si se usan incorrectamente, pueden causar diversas lesiones. Tanto es as\u00ed que  estos dispositivos se les denominan \u201ccuchillos ultras\u00f3nicos\u201d, esto para enfatizar el car\u00e1cter ablativo de estos dispositivos est\u00e9ticos. Por este motivo, el usuario debe tener cuidado al utilizar estos dispositivos con fines netamente est\u00e9ticos. El cuidado se ejerce de dos formas principales:<\/p>\n<ul>\n<li>Comprender la fisiolog\u00eda del rostro y del cuerpo para evitar el tratamiento que cause alg\u00fan riesgo en determinadas zonas del rostro y del cuerpo.<\/li>\n<li>Utilizando el dispositivo a la m\u00ednima potencia al principio y aumentando hasta que el cliente a\u00fan pueda soportar el tratamiento.<\/li>\n<\/ul>\n<p>\u00bfCu\u00e1les son las reacciones adversas reportadas al enfrentar tratamientos con HIFU profesionales?<\/p>\n<p>La mayor\u00eda de los fabricantes no publican reacciones adversas, esto se hace para evitar posibles p\u00e9rdidas de negocios. Sin embargo, se han informado casos de algunas reacciones adversas temporales a los tratamientos con HIFU.<\/p>\n<p>Las reacciones adversas reportadas son:<\/p>\n<ul>\n<li>Par\u00e1lisis Mandibular Marginal Temporal.<\/li>\n<li>Moretones en la zona tratada.<\/li>\n<\/ul>\n<p>&nbsp;<\/p>\n<p><strong>\u00bfPor qu\u00e9 se ha reportado Par\u00e1lisis Mandibular Marginal Temporal y por qu\u00e9 ocurri\u00f3 este  da\u00f1o?<\/strong><\/p>\n<div id=\"attachment_2606\" style=\"width: 973px\" class=\"wp-caption aligncenter\"><img fetchpriority=\"high\" decoding=\"async\" aria-describedby=\"caption-attachment-2606\" class=\"wp-image-2606 size-full\" src=\"http:\/\/areton-ltd.com\/wp-content\/uploads\/2017\/11\/-2017-11-19-13.57.36-e1511241161909.png\" alt=\"\" width=\"963\" height=\"564\" \/><p id=\"caption-attachment-2606\" class=\"wp-caption-text\">En luz azul la ubicaci\u00f3n del Nervio Marginal Mandibular.<\/p><\/div>\n<p>Este tipo de par\u00e1lisis se produce cuando el nervio se ha lesionado de alguna forma. Estas lesiones al nervio pueden ocurrir durante las inyecciones ((generalmente rellenos inyectables o el botox) si la aguja toca el nervio. Tambi\u00e9n se han reportado lesiones similares en este nervio despu\u00e9s de la cirug\u00eda pl\u00e1stica. Tambi\u00e9n ha ocurrido durante la cirug\u00eda pl\u00e1stica y esto ha sucedido porque los cartuchos de 3.0 y 4.5 mm pueden entregar la energ\u00eda enfocada a las profundidades donde se encuentra el nervio. Afortunadamente, como veremos, este tipo de lesi\u00f3n no ha sido permanente hasta la fecha y se puede evitar tomando ciertas precauciones durante el tratamiento<\/p>\n<p><img decoding=\"async\" class=\"aligncenter size-full wp-image-2690\" src=\"http:\/\/areton-ltd.com\/wp-content\/uploads\/2017\/11\/hifu-non-treatment-area.jpg\" alt=\"\" width=\"652\" height=\"720\" \/><\/p>\n<p>Este tipo de lesiones es el principal efecto secundario que produce el mal uso de los dispositivos HIFU. Esto se debe al poder ablativo de los dispositivos HIFU profesionales. En las im\u00e1genes siguientes puedes ver los efectos que este tipo de lesiones produce en el sujeto.<\/p>\n<div id=\"attachment_2599\" style=\"width: 695px\" class=\"wp-caption aligncenter\"><img decoding=\"async\" aria-describedby=\"caption-attachment-2599\" class=\"wp-image-2599 size-full\" src=\"http:\/\/areton-ltd.com\/wp-content\/uploads\/2017\/11\/aps-42-735-g003.jpg\" alt=\"\" width=\"685\" height=\"211\" \/><p id=\"caption-attachment-2599\" class=\"wp-caption-text\">(A) Efectos de la par\u00e1lisis parcial temporal del Nervio Mandibular. (B) El Sujeto despu\u00e9s de una recuperaci\u00f3n completa.<\/p><\/div>\n<div id=\"attachment_2602\" style=\"width: 620px\" class=\"wp-caption aligncenter\"><img loading=\"lazy\" decoding=\"async\" aria-describedby=\"caption-attachment-2602\" class=\"wp-image-2602 size-full\" src=\"http:\/\/areton-ltd.com\/wp-content\/uploads\/2017\/11\/neck-dissectionoverview-74-638-e1511068129239.jpg\" alt=\"\" width=\"610\" height=\"350\" \/><p id=\"caption-attachment-2602\" class=\"wp-caption-text\">Otro ejemplo m\u00e1s de los efectos de la lesi\u00f3n del nervio mandibular marginal.<\/p><\/div>\n<p>Hay dos tipos de par\u00e1lisis del nervio marginal mandibular.<\/p>\n<ol>\n<li>Permanente. Cuando se corta el nervio.<\/li>\n<li>Temporario. Cuando el nervio no est\u00e1 cortado sino s\u00f3lo lesionado.<\/li>\n<\/ol>\n<p>La par\u00e1lisis permanente ocurre cuando se corta el nervio. En este caso la lesi\u00f3n es permanente y no se conocen formas de revertir esta par\u00e1lisis. Este tipo de lesi\u00f3n del nervio permanente puede ocurrir durante un procedimiento quir\u00fargico en la zona mandibular o el ment\u00f3n donde se encuentra la terminaci\u00f3n nerviosa.<\/p>\n<p>Sin embargo, solo se corta el nervio, la par\u00e1lisis es permanente; sin embargo, cuando la lesi\u00f3n no implica el truncamiento del nervio (es decir, inyecciones, tratamientos con HIFU, contusiones, etc.) causa una par\u00e1lisis temporal. Esto se debe a que las lesiones a los nervios perif\u00e9ricos que no lo hacen e implican el truncamiento del nervio y se resuelven solos con el tiempo.<\/p>\n<p><img loading=\"lazy\" decoding=\"async\" class=\"aligncenter size-full wp-image-2610\" src=\"http:\/\/areton-ltd.com\/wp-content\/uploads\/2017\/11\/-2017-11-19-14.06.02-e1511071749610.png\" alt=\"\" width=\"2212\" height=\"1147\" \/><\/p>\n<p><img loading=\"lazy\" decoding=\"async\" class=\"aligncenter size-full wp-image-2609\" src=\"http:\/\/areton-ltd.com\/wp-content\/uploads\/2017\/11\/Inked\u5c4f\u5e55\u622a\u56fe-2017-11-19-14.02.06_LI-e1511071486226.jpg\" alt=\"\" width=\"2220\" height=\"1125\" \/><\/p>\n<p><img loading=\"lazy\" decoding=\"async\" class=\"aligncenter size-full wp-image-2607\" src=\"http:\/\/areton-ltd.com\/wp-content\/uploads\/2017\/11\/-2017-11-19-13.57.36-1-e1511071237259.png\" alt=\"\" width=\"1042\" height=\"1065\" \/><\/p>\n<p><img loading=\"lazy\" decoding=\"async\" class=\"aligncenter size-full wp-image-2606\" src=\"http:\/\/areton-ltd.com\/wp-content\/uploads\/2017\/11\/-2017-11-19-13.57.36-e1511071123878.png\" alt=\"\" width=\"967\" height=\"1080\" \/><\/p>\n<p><img loading=\"lazy\" decoding=\"async\" class=\"aligncenter wp-image-2605 size-full\" src=\"http:\/\/areton-ltd.com\/wp-content\/uploads\/2017\/11\/-2017-11-19-13.53.13-e1511070933932.png\" alt=\"\" width=\"997\" height=\"1120\" \/><\/p>\n<p><img loading=\"lazy\" decoding=\"async\" class=\"aligncenter wp-image-2598 size-full\" src=\"http:\/\/areton-ltd.com\/wp-content\/uploads\/2017\/11\/A60_i140_L-e1511067905710.gif\" alt=\"\" width=\"540\" height=\"307\" \/><\/p>\n<p><img loading=\"lazy\" decoding=\"async\" class=\"aligncenter size-full wp-image-2600\" src=\"http:\/\/areton-ltd.com\/wp-content\/uploads\/2017\/11\/B9780323074001000063_f14ab.jpg\" alt=\"\" width=\"551\" height=\"367\" \/><\/p>\n<p><img loading=\"lazy\" decoding=\"async\" class=\"aligncenter size-full wp-image-2601\" src=\"http:\/\/areton-ltd.com\/wp-content\/uploads\/2017\/11\/facial-nerve.gif\" alt=\"\" width=\"540\" height=\"400\" \/> <img loading=\"lazy\" decoding=\"async\" class=\"aligncenter wp-image-2602 size-full\" src=\"http:\/\/areton-ltd.com\/wp-content\/uploads\/2017\/11\/neck-dissectionoverview-74-638-e1511068129239.jpg\" alt=\"\" width=\"610\" height=\"350\" \/> <img loading=\"lazy\" decoding=\"async\" class=\"aligncenter size-full wp-image-2603\" src=\"http:\/\/areton-ltd.com\/wp-content\/uploads\/2017\/11\/SUPRAORBITAL-NERVE.jpg\" alt=\"\" width=\"480\" height=\"360\" \/><\/p>\n<p>Los Moretones, los hematomas son una reacci\u00f3n esperable y no deben considerarse adversos como tales porque<\/p>\n<p><img loading=\"lazy\" decoding=\"async\" class=\"aligncenter size-full wp-image-2600\" src=\"http:\/\/areton-ltd.com\/wp-content\/uploads\/2017\/11\/B9780323074001000063_f14ab.jpg\" alt=\"\" width=\"551\" height=\"367\" \/><\/p>\n<p>A pesar de las afirmaciones de efectos no adversos realizadas por varios fabricantes de los dispositivos HIFU con fines est\u00e9ticos, se han informado casos de reacciones adversas:<br \/>\nDa\u00f1o del NERVIO MANDIBULAR MARGIANL. Esto puede causar angustia al sujeto que se ha sometido al tratamiento. Hay dos tipos de da\u00f1o del NERVIO MANDIBULAR MARGIANL, uno es permanente y el otro se recuperar\u00e1 por s\u00ed solo en un per\u00edodo de semanas. El da\u00f1o permanente ocurre s\u00f3lo cuando el nervio est\u00e1 completamente roto (cortado). En este caso el da\u00f1o es permanente y no hay remedio posible. Afortunadamente, hasta la fecha no se ha informado de da\u00f1os permanentes a los nervios con los dispositivos HIFU, y esto es coherente con la naturaleza del ultrasonido.<\/p>\n<p>&nbsp;<\/p>\n<p><strong>\u00bfC\u00f3mo prevenir la par\u00e1lisis temporal del nervio mandibular?<\/strong><\/p>\n<p>Aseg\u00farese de que el tratamiento con los cartuchos de 4,5 mm y 3,0 mm no cubra la zona donde se encuentra el nervio AMdibulr (la zona cercana al hueso mandibular no est\u00e1 cubierta por el tratamiento). (No involucra los cartuchos 4.5 durante el tratamiento. Esta es la mejor manera de evitar este tipo de reacci\u00f3n adversa.<\/p>\n<p>Adem\u00e1s, es preferible evitar el uso de anest\u00e9sicos para evitar este tipo de lesiones, debido a que el tratamiento con dispositivos HIFU se puede realizar a intensidades tolerables por el sujeto y, por lo tanto, si se produce una lesi\u00f3n nerviosa, esta es solo menor.<\/p>\n<p>Al tratar con los dipositivos HIFU, evite siempre cualquier tratamiento en las \u00e1reas donde se encuentra el nervio con cartuchos de 4,5 y 3,0 mm.<\/p>\n<p>&nbsp;<\/p>\n<p><strong>Moretones en la piel<\/strong><\/p>\n<p>Una de las reacciones adversas a los tratamientos faciales con los dispositivos HIFU son los hematomas. Los hematomas son una reacci\u00f3n adversa normal al tratamiento porque la ablaci\u00f3n se produce en la capa d\u00e9rmica donde est\u00e1 presente el suministro de sangre, por lo que la energ\u00eda del dispositivo HIFU puede romper algunos vasos sangu\u00edneos. Esto es inevitable debido a la propia naturaleza del tipo de tratamiento. Afortunadamente, esto es s\u00f3lo temporal y es necesario este tipo de tratamiento.<\/p>\n<p>&nbsp;<\/p>","protected":false},"excerpt":{"rendered":"<p>Page under construction. In this page we will focus on The areas of the body where the treatment has not<\/p>","protected":false},"author":5,"featured_media":0,"parent":0,"menu_order":0,"comment_status":"closed","ping_status":"closed","template":"","meta":{"_monsterinsights_skip_tracking":false,"_monsterinsights_sitenote_active":false,"_monsterinsights_sitenote_note":"","_monsterinsights_sitenote_category":0,"footnotes":""},"class_list":["post-2580","page","type-page","status-publish","hentry"],"yoast_head":"<!-- This site is optimized with the Yoast SEO Premium plugin v22.8 (Yoast SEO v27.2) - https:\/\/yoast.com\/product\/yoast-seo-premium-wordpress\/ -->\n<title>HIFU Adverse Reactions - Areton<\/title>\n<meta name=\"robots\" content=\"index, follow, max-snippet:-1, max-image-preview:large, max-video-preview:-1\" \/>\n<link rel=\"canonical\" href=\"https:\/\/areton-ltd.com\/es\/hifu-adverse-reactions\/\" \/>\n<meta property=\"og:locale\" content=\"es_ES\" \/>\n<meta property=\"og:type\" content=\"article\" \/>\n<meta property=\"og:title\" content=\"HIFU Adverse Reactions\" \/>\n<meta property=\"og:description\" content=\"Page under construction. In this page we will focus on The areas of the body where the treatment has not\" \/>\n<meta property=\"og:url\" content=\"https:\/\/areton-ltd.com\/es\/hifu-adverse-reactions\/\" \/>\n<meta property=\"og:site_name\" content=\"Areton\" \/>\n<meta property=\"article:publisher\" content=\"https:\/\/www.facebook.com\/aretonEU\/\" \/>\n<meta property=\"og:image\" content=\"http:\/\/areton-ltd.com\/wp-content\/uploads\/2017\/11\/-2017-11-19-13.57.36-e1511241161909.png\" \/>\n<meta name=\"twitter:card\" content=\"summary_large_image\" \/>\n<meta name=\"twitter:label1\" content=\"Tiempo de lectura\" \/>\n\t<meta name=\"twitter:data1\" content=\"5 minutos\" \/>\n<script type=\"application\/ld+json\" class=\"yoast-schema-graph\">{\"@context\":\"https:\/\/schema.org\",\"@graph\":[{\"@type\":\"WebPage\",\"@id\":\"https:\/\/areton-ltd.com\/es\/hifu-adverse-reactions\/\",\"url\":\"https:\/\/areton-ltd.com\/es\/hifu-adverse-reactions\/\",\"name\":\"HIFU Adverse Reactions - Areton\",\"isPartOf\":{\"@id\":\"https:\/\/areton-ltd.com\/#website\"},\"primaryImageOfPage\":{\"@id\":\"https:\/\/areton-ltd.com\/es\/hifu-adverse-reactions\/#primaryimage\"},\"image\":{\"@id\":\"https:\/\/areton-ltd.com\/es\/hifu-adverse-reactions\/#primaryimage\"},\"thumbnailUrl\":\"http:\/\/areton-ltd.com\/wp-content\/uploads\/2017\/11\/-2017-11-19-13.57.36-e1511241161909.png\",\"datePublished\":\"2017-11-16T01:27:37+00:00\",\"breadcrumb\":{\"@id\":\"https:\/\/areton-ltd.com\/es\/hifu-adverse-reactions\/#breadcrumb\"},\"inLanguage\":\"es\",\"potentialAction\":[{\"@type\":\"ReadAction\",\"target\":[\"https:\/\/areton-ltd.com\/es\/hifu-adverse-reactions\/\"]}]},{\"@type\":\"ImageObject\",\"inLanguage\":\"es\",\"@id\":\"https:\/\/areton-ltd.com\/es\/hifu-adverse-reactions\/#primaryimage\",\"url\":\"http:\/\/areton-ltd.com\/wp-content\/uploads\/2017\/11\/-2017-11-19-13.57.36-e1511241161909.png\",\"contentUrl\":\"http:\/\/areton-ltd.com\/wp-content\/uploads\/2017\/11\/-2017-11-19-13.57.36-e1511241161909.png\"},{\"@type\":\"BreadcrumbList\",\"@id\":\"https:\/\/areton-ltd.com\/es\/hifu-adverse-reactions\/#breadcrumb\",\"itemListElement\":[{\"@type\":\"ListItem\",\"position\":1,\"name\":\"Home\",\"item\":\"https:\/\/areton-ltd.com\/\"},{\"@type\":\"ListItem\",\"position\":2,\"name\":\"HIFU Adverse Reactions\"}]},{\"@type\":\"WebSite\",\"@id\":\"https:\/\/areton-ltd.com\/#website\",\"url\":\"https:\/\/areton-ltd.com\/\",\"name\":\"Areton LTD\",\"description\":\"Organic Skin Care &amp; Hair Care Products\",\"publisher\":{\"@id\":\"https:\/\/areton-ltd.com\/#organization\"},\"potentialAction\":[{\"@type\":\"SearchAction\",\"target\":{\"@type\":\"EntryPoint\",\"urlTemplate\":\"https:\/\/areton-ltd.com\/?s={search_term_string}\"},\"query-input\":{\"@type\":\"PropertyValueSpecification\",\"valueRequired\":true,\"valueName\":\"search_term_string\"}}],\"inLanguage\":\"es\"},{\"@type\":\"Organization\",\"@id\":\"https:\/\/areton-ltd.com\/#organization\",\"name\":\"Areton\",\"url\":\"https:\/\/areton-ltd.com\/\",\"logo\":{\"@type\":\"ImageObject\",\"inLanguage\":\"es\",\"@id\":\"https:\/\/areton-ltd.com\/#\/schema\/logo\/image\/\",\"url\":\"https:\/\/areton-ltd.com\/wp-content\/uploads\/2024\/05\/logo.png\",\"contentUrl\":\"https:\/\/areton-ltd.com\/wp-content\/uploads\/2024\/05\/logo.png\",\"width\":400,\"height\":400,\"caption\":\"Areton\"},\"image\":{\"@id\":\"https:\/\/areton-ltd.com\/#\/schema\/logo\/image\/\"},\"sameAs\":[\"https:\/\/www.facebook.com\/aretonEU\/\"],\"email\":\"info@areton-ltd.com\",\"telephone\":\"+44 7830 885825\",\"legalName\":\"Aretom LTD\",\"vatID\":\"09397231\",\"publishingPrinciples\":\"https:\/\/areton-ltd.com\/about-us\/\",\"ownershipFundingInfo\":\"https:\/\/areton-ltd.com\/about-us\/\"}]}<\/script>\n<!-- \/ Yoast SEO Premium plugin. -->","yoast_head_json":{"title":"HIFU Adverse Reactions - Areton","robots":{"index":"index","follow":"follow","max-snippet":"max-snippet:-1","max-image-preview":"max-image-preview:large","max-video-preview":"max-video-preview:-1"},"canonical":"https:\/\/areton-ltd.com\/es\/hifu-adverse-reactions\/","og_locale":"es_ES","og_type":"article","og_title":"HIFU Adverse Reactions","og_description":"Page under construction. In this page we will focus on The areas of the body where the treatment has not","og_url":"https:\/\/areton-ltd.com\/es\/hifu-adverse-reactions\/","og_site_name":"Areton","article_publisher":"https:\/\/www.facebook.com\/aretonEU\/","og_image":[{"url":"http:\/\/areton-ltd.com\/wp-content\/uploads\/2017\/11\/-2017-11-19-13.57.36-e1511241161909.png","type":"","width":"","height":""}],"twitter_card":"summary_large_image","twitter_misc":{"Tiempo de lectura":"5 minutos"},"schema":{"@context":"https:\/\/schema.org","@graph":[{"@type":"WebPage","@id":"https:\/\/areton-ltd.com\/es\/hifu-adverse-reactions\/","url":"https:\/\/areton-ltd.com\/es\/hifu-adverse-reactions\/","name":"HIFU Adverse Reactions - Areton","isPartOf":{"@id":"https:\/\/areton-ltd.com\/#website"},"primaryImageOfPage":{"@id":"https:\/\/areton-ltd.com\/es\/hifu-adverse-reactions\/#primaryimage"},"image":{"@id":"https:\/\/areton-ltd.com\/es\/hifu-adverse-reactions\/#primaryimage"},"thumbnailUrl":"http:\/\/areton-ltd.com\/wp-content\/uploads\/2017\/11\/-2017-11-19-13.57.36-e1511241161909.png","datePublished":"2017-11-16T01:27:37+00:00","breadcrumb":{"@id":"https:\/\/areton-ltd.com\/es\/hifu-adverse-reactions\/#breadcrumb"},"inLanguage":"es","potentialAction":[{"@type":"ReadAction","target":["https:\/\/areton-ltd.com\/es\/hifu-adverse-reactions\/"]}]},{"@type":"ImageObject","inLanguage":"es","@id":"https:\/\/areton-ltd.com\/es\/hifu-adverse-reactions\/#primaryimage","url":"http:\/\/areton-ltd.com\/wp-content\/uploads\/2017\/11\/-2017-11-19-13.57.36-e1511241161909.png","contentUrl":"http:\/\/areton-ltd.com\/wp-content\/uploads\/2017\/11\/-2017-11-19-13.57.36-e1511241161909.png"},{"@type":"BreadcrumbList","@id":"https:\/\/areton-ltd.com\/es\/hifu-adverse-reactions\/#breadcrumb","itemListElement":[{"@type":"ListItem","position":1,"name":"Home","item":"https:\/\/areton-ltd.com\/"},{"@type":"ListItem","position":2,"name":"HIFU Adverse Reactions"}]},{"@type":"WebSite","@id":"https:\/\/areton-ltd.com\/#website","url":"https:\/\/areton-ltd.com\/","name":"Areton LTD","description":"Organic Skin Care &amp; Hair Care Products","publisher":{"@id":"https:\/\/areton-ltd.com\/#organization"},"potentialAction":[{"@type":"SearchAction","target":{"@type":"EntryPoint","urlTemplate":"https:\/\/areton-ltd.com\/?s={search_term_string}"},"query-input":{"@type":"PropertyValueSpecification","valueRequired":true,"valueName":"search_term_string"}}],"inLanguage":"es"},{"@type":"Organization","@id":"https:\/\/areton-ltd.com\/#organization","name":"Areton","url":"https:\/\/areton-ltd.com\/","logo":{"@type":"ImageObject","inLanguage":"es","@id":"https:\/\/areton-ltd.com\/#\/schema\/logo\/image\/","url":"https:\/\/areton-ltd.com\/wp-content\/uploads\/2024\/05\/logo.png","contentUrl":"https:\/\/areton-ltd.com\/wp-content\/uploads\/2024\/05\/logo.png","width":400,"height":400,"caption":"Areton"},"image":{"@id":"https:\/\/areton-ltd.com\/#\/schema\/logo\/image\/"},"sameAs":["https:\/\/www.facebook.com\/aretonEU\/"],"email":"info@areton-ltd.com","telephone":"+44 7830 885825","legalName":"Aretom LTD","vatID":"09397231","publishingPrinciples":"https:\/\/areton-ltd.com\/about-us\/","ownershipFundingInfo":"https:\/\/areton-ltd.com\/about-us\/"}]}},"_links":{"self":[{"href":"https:\/\/areton-ltd.com\/es\/wp-json\/wp\/v2\/pages\/2580","targetHints":{"allow":["GET"]}}],"collection":[{"href":"https:\/\/areton-ltd.com\/es\/wp-json\/wp\/v2\/pages"}],"about":[{"href":"https:\/\/areton-ltd.com\/es\/wp-json\/wp\/v2\/types\/page"}],"author":[{"embeddable":true,"href":"https:\/\/areton-ltd.com\/es\/wp-json\/wp\/v2\/users\/5"}],"replies":[{"embeddable":true,"href":"https:\/\/areton-ltd.com\/es\/wp-json\/wp\/v2\/comments?post=2580"}],"version-history":[{"count":0,"href":"https:\/\/areton-ltd.com\/es\/wp-json\/wp\/v2\/pages\/2580\/revisions"}],"wp:attachment":[{"href":"https:\/\/areton-ltd.com\/es\/wp-json\/wp\/v2\/media?parent=2580"}],"curies":[{"name":"wp","href":"https:\/\/api.w.org\/{rel}","templated":true}]}}