{"id":2514,"date":"2017-11-11T01:31:43","date_gmt":"2017-11-11T01:31:43","guid":{"rendered":"http:\/\/areton-ltd.com\/?page_id=2514"},"modified":"2024-02-02T07:43:41","modified_gmt":"2024-02-02T07:43:41","slug":"multi-line-hifu-rental-option","status":"publish","type":"page","link":"https:\/\/areton-ltd.com\/es\/multi-line-hifu-rental-option\/","title":{"rendered":"Opci\u00f3n de alquiler del dispositivo HIFU multil\u00ednea"},"content":{"rendered":"<h1 style=\"text-align: center;\">\u00a1Hemos hecho que sea extremadamente f\u00e1cil para usted alquilar el nuevo dispositivo HIFU multil\u00ednea TAMBI\u00c9N! \u00a1Solo \u00a3490 al mes con IVA incluido!<\/h1>\n<h3 style=\"text-align: center;\">No se requieren dep\u00f3sitos y le daremos los cartuchos gratis para que no tenga que comprarlos por separado cuando se quede sin disparos.<\/h3>\n<h3 style=\"text-align: center;\">Si es una sociedad limitada o un comerciante en el Reino Unido, ahora puede alquilar el dispositivo HIFU Areton Multil\u00ednea para el lifting facial y contorno corporal en lugar de comprarlo directamente. Esta es la soluci\u00f3n perfecta si desea probar el dispositivo sin comprometerse con un alto gasto de capital.\u00a1 usted Podr\u00e1 tener tu Areton Multil\u00ednea HIFU por s\u00f3lo \u00a3490 + IVA incluido!<\/h3>\n<p><img fetchpriority=\"high\" decoding=\"async\" class=\"size-full wp-image-6236 aligncenter\" src=\"https:\/\/areton-ltd.com\/wp-content\/uploads\/2019\/05\/3-in-1-hiu.jpg\" alt=\"\" width=\"300\" height=\"300\" \/><\/p>\n<h2><\/h2>\n<h2 style=\"text-align: center;\">Ventajas<\/h2>\n<ul>\n<li><strong>Le daremos 4 nuevos cartuchos de 10000 l\u00edneas de disparos<\/strong> (3,0 mm, 4,5 mm para tratamiento facial y 8,0 mm, 13,0 mm Body Sculpting) despu\u00e9s de que haya completado sus primeros 12 pagos mensuales.<strong> De esta forma, no tendr\u00e1 que preocuparse por comprar los cartuchos extra una vez que usted haya agotado el n\u00famero total de disparos (Esto no incluye los primeros 6 meses m\u00ednimos de contrato).<\/strong>Normalmente, esto es suficiente para la demanda de la mayor\u00eda de las cl\u00ednicas y no se requieren cartuchos adicionales. Si usted compra estas unidades, tendr\u00e1 que seguir comprando cartuchos adicionales cada vez que se quede sin disparos.<\/li>\n<li>Es de nuestro inter\u00e9s que usted siga trabajando, por lo tanto, si el dispositivo se estropea durante el alquiler, lo repararemos o lo reemplazaremos de forma gratuita. Esto significa tranquilidad para usted.<\/li>\n<li>Su empresa no necesitar\u00e1 asignar todos los recursos en efectivo para comprar la unidad directamente. Esto le permite directamente a su empresa tener m\u00e1s dinero extra para concentrarse en sus actividades comerciales cuando m\u00e1s lo necesita.<\/li>\n<li>Respetaremos cualquier garant\u00eda durante todo el per\u00edodo de alquiler. Despu\u00e9s de todo, nos interesa asegurarnos de que el dispositivo funcione y que usted mantenga el alquiler. (Los cartuchos adicionales tambi\u00e9n son de alquiler adicional)<\/li>\n<li>Entrega GRATIS en el Reino Unido.<\/li>\n<li>No es necesario pagar intereses a entidades financieras.<\/li>\n<\/ul>\n<h2 style=\"text-align: center;\"><img decoding=\"async\" class=\"size-medium wp-image-5427 aligncenter\" src=\"https:\/\/areton-ltd.com\/wp-content\/uploads\/2017\/12\/3d-hifu-high-intensity-focused-ultrasound-3-269x300.jpg\" alt=\"\" width=\"269\" height=\"300\" \/>Haga clic en el bot\u00f3n debajo de su pedido para alquilar el HIFU 3 en 1 de Areton . El plazo m\u00ednimo es de 6 meses. Primero realice el pago por 6 meses de alquiler (\u00a3 490 x 6 meses =) \u00a3 2,940 IVA incluido. Los pagos mensuales continuos solo se aplicar\u00e1n despu\u00e9s de los primeros 6 meses. Si desea devolver la unidad despu\u00e9s de 6 meses de alquiler, se cancelar\u00e1 esta configuraci\u00f3n de pago por adelantado.<\/h2>\n<h3><\/h3>\n<h3 style=\"text-align: center;\">T\u00e9rminos clave<\/h3>\n<ul>\n<li>S\u00f3lo las sociedades limitadas y comerciantes del Reino Unido.<\/li>\n<li>Plazo m\u00ednimo de alquiler son de 6 meses.<\/li>\n<li>El plazo m\u00ednimo de alquiler mensual no incluye consumibles extras.<\/li>\n<li><strong>Pagos mensuales posteriores \u00a3490 IVA INCLUIDO<\/strong><\/li>\n<li>Sin dep\u00f3sitos.<\/li>\n<li><strong>Sin compromisos despu\u00e9s de los primeros 6 meses de alquiler.<\/strong>\u00a0Siguiendo el contrato (se hace pago sobre la marcha).<\/li>\n<\/ul>\n<p>Los pagos de alquiler no contribuyen a la compra de la unidad. Si usted tiene alguna pregunta por favor <a href=\"http:\/\/areton-ltd.com\/contact\/\"><strong>no dude en contactarnos.<\/strong><\/a>.<\/p>\n<p>Por favor lea los <a href=\"http:\/\/areton-ltd.com\/beautyteck-hire-terms-and-conditions\/\">t\u00e9rminos y condiciones<\/a> antes de alquilar el dispositivo.<\/p>","protected":false},"excerpt":{"rendered":"<p>We have made it extremely easy for you to rent the brand New Multiline Areton HIFU \u00a0TOO! Only \u00a3490 including<\/p>","protected":false},"author":5,"featured_media":0,"parent":0,"menu_order":0,"comment_status":"closed","ping_status":"closed","template":"","meta":{"_monsterinsights_skip_tracking":false,"_monsterinsights_sitenote_active":false,"_monsterinsights_sitenote_note":"","_monsterinsights_sitenote_category":0,"footnotes":""},"class_list":["post-2514","page","type-page","status-publish","hentry"],"yoast_head":"<!-- This site is optimized with the Yoast SEO Premium plugin v22.8 (Yoast SEO v27.2) - https:\/\/yoast.com\/product\/yoast-seo-premium-wordpress\/ -->\n<title>Multi Line HIFU Rental Option - Areton<\/title>\n<meta name=\"robots\" content=\"index, follow, max-snippet:-1, max-image-preview:large, max-video-preview:-1\" \/>\n<link rel=\"canonical\" href=\"https:\/\/areton-ltd.com\/es\/multi-line-hifu-rental-option\/\" \/>\n<meta property=\"og:locale\" content=\"es_ES\" \/>\n<meta property=\"og:type\" content=\"article\" \/>\n<meta property=\"og:title\" content=\"Multi Line HIFU Rental Option\" \/>\n<meta property=\"og:description\" content=\"We have made it extremely easy for you to rent the brand New Multiline Areton HIFU \u00a0TOO! Only \u00a3490 including\" \/>\n<meta property=\"og:url\" content=\"https:\/\/areton-ltd.com\/es\/multi-line-hifu-rental-option\/\" \/>\n<meta property=\"og:site_name\" content=\"Areton\" \/>\n<meta property=\"article:publisher\" content=\"https:\/\/www.facebook.com\/aretonEU\/\" \/>\n<meta property=\"article:modified_time\" content=\"2024-02-02T07:43:41+00:00\" \/>\n<meta property=\"og:image\" content=\"https:\/\/areton-ltd.com\/wp-content\/uploads\/2019\/05\/3-in-1-hiu.jpg\" \/>\n<meta name=\"twitter:card\" content=\"summary_large_image\" \/>\n<meta name=\"twitter:label1\" content=\"Tiempo de lectura\" \/>\n\t<meta name=\"twitter:data1\" content=\"2 minutos\" \/>\n<script type=\"application\/ld+json\" class=\"yoast-schema-graph\">{\"@context\":\"https:\/\/schema.org\",\"@graph\":[{\"@type\":\"WebPage\",\"@id\":\"https:\/\/areton-ltd.com\/es\/multi-line-hifu-rental-option\/\",\"url\":\"https:\/\/areton-ltd.com\/es\/multi-line-hifu-rental-option\/\",\"name\":\"Multi Line HIFU Rental Option - Areton\",\"isPartOf\":{\"@id\":\"https:\/\/areton-ltd.com\/#website\"},\"primaryImageOfPage\":{\"@id\":\"https:\/\/areton-ltd.com\/es\/multi-line-hifu-rental-option\/#primaryimage\"},\"image\":{\"@id\":\"https:\/\/areton-ltd.com\/es\/multi-line-hifu-rental-option\/#primaryimage\"},\"thumbnailUrl\":\"https:\/\/areton-ltd.com\/wp-content\/uploads\/2019\/05\/3-in-1-hiu.jpg\",\"datePublished\":\"2017-11-11T01:31:43+00:00\",\"dateModified\":\"2024-02-02T07:43:41+00:00\",\"breadcrumb\":{\"@id\":\"https:\/\/areton-ltd.com\/es\/multi-line-hifu-rental-option\/#breadcrumb\"},\"inLanguage\":\"es\",\"potentialAction\":[{\"@type\":\"ReadAction\",\"target\":[\"https:\/\/areton-ltd.com\/es\/multi-line-hifu-rental-option\/\"]}]},{\"@type\":\"ImageObject\",\"inLanguage\":\"es\",\"@id\":\"https:\/\/areton-ltd.com\/es\/multi-line-hifu-rental-option\/#primaryimage\",\"url\":\"https:\/\/areton-ltd.com\/wp-content\/uploads\/2019\/05\/3-in-1-hiu.jpg\",\"contentUrl\":\"https:\/\/areton-ltd.com\/wp-content\/uploads\/2019\/05\/3-in-1-hiu.jpg\"},{\"@type\":\"BreadcrumbList\",\"@id\":\"https:\/\/areton-ltd.com\/es\/multi-line-hifu-rental-option\/#breadcrumb\",\"itemListElement\":[{\"@type\":\"ListItem\",\"position\":1,\"name\":\"Home\",\"item\":\"https:\/\/areton-ltd.com\/\"},{\"@type\":\"ListItem\",\"position\":2,\"name\":\"Multi Line HIFU Rental Option\"}]},{\"@type\":\"WebSite\",\"@id\":\"https:\/\/areton-ltd.com\/#website\",\"url\":\"https:\/\/areton-ltd.com\/\",\"name\":\"Areton LTD\",\"description\":\"Organic Skin Care &amp; Hair Care Products\",\"publisher\":{\"@id\":\"https:\/\/areton-ltd.com\/#organization\"},\"potentialAction\":[{\"@type\":\"SearchAction\",\"target\":{\"@type\":\"EntryPoint\",\"urlTemplate\":\"https:\/\/areton-ltd.com\/?s={search_term_string}\"},\"query-input\":{\"@type\":\"PropertyValueSpecification\",\"valueRequired\":true,\"valueName\":\"search_term_string\"}}],\"inLanguage\":\"es\"},{\"@type\":\"Organization\",\"@id\":\"https:\/\/areton-ltd.com\/#organization\",\"name\":\"Areton\",\"url\":\"https:\/\/areton-ltd.com\/\",\"logo\":{\"@type\":\"ImageObject\",\"inLanguage\":\"es\",\"@id\":\"https:\/\/areton-ltd.com\/#\/schema\/logo\/image\/\",\"url\":\"https:\/\/areton-ltd.com\/wp-content\/uploads\/2024\/05\/logo.png\",\"contentUrl\":\"https:\/\/areton-ltd.com\/wp-content\/uploads\/2024\/05\/logo.png\",\"width\":400,\"height\":400,\"caption\":\"Areton\"},\"image\":{\"@id\":\"https:\/\/areton-ltd.com\/#\/schema\/logo\/image\/\"},\"sameAs\":[\"https:\/\/www.facebook.com\/aretonEU\/\"],\"email\":\"info@areton-ltd.com\",\"telephone\":\"+44 7830 885825\",\"legalName\":\"Aretom LTD\",\"vatID\":\"09397231\",\"publishingPrinciples\":\"https:\/\/areton-ltd.com\/about-us\/\",\"ownershipFundingInfo\":\"https:\/\/areton-ltd.com\/about-us\/\"}]}<\/script>\n<!-- \/ Yoast SEO Premium plugin. -->","yoast_head_json":{"title":"Multi Line HIFU Rental Option - Areton","robots":{"index":"index","follow":"follow","max-snippet":"max-snippet:-1","max-image-preview":"max-image-preview:large","max-video-preview":"max-video-preview:-1"},"canonical":"https:\/\/areton-ltd.com\/es\/multi-line-hifu-rental-option\/","og_locale":"es_ES","og_type":"article","og_title":"Multi Line HIFU Rental Option","og_description":"We have made it extremely easy for you to rent the brand New Multiline Areton HIFU \u00a0TOO! Only \u00a3490 including","og_url":"https:\/\/areton-ltd.com\/es\/multi-line-hifu-rental-option\/","og_site_name":"Areton","article_publisher":"https:\/\/www.facebook.com\/aretonEU\/","article_modified_time":"2024-02-02T07:43:41+00:00","og_image":[{"url":"https:\/\/areton-ltd.com\/wp-content\/uploads\/2019\/05\/3-in-1-hiu.jpg","type":"","width":"","height":""}],"twitter_card":"summary_large_image","twitter_misc":{"Tiempo de lectura":"2 minutos"},"schema":{"@context":"https:\/\/schema.org","@graph":[{"@type":"WebPage","@id":"https:\/\/areton-ltd.com\/es\/multi-line-hifu-rental-option\/","url":"https:\/\/areton-ltd.com\/es\/multi-line-hifu-rental-option\/","name":"Multi Line HIFU Rental Option - Areton","isPartOf":{"@id":"https:\/\/areton-ltd.com\/#website"},"primaryImageOfPage":{"@id":"https:\/\/areton-ltd.com\/es\/multi-line-hifu-rental-option\/#primaryimage"},"image":{"@id":"https:\/\/areton-ltd.com\/es\/multi-line-hifu-rental-option\/#primaryimage"},"thumbnailUrl":"https:\/\/areton-ltd.com\/wp-content\/uploads\/2019\/05\/3-in-1-hiu.jpg","datePublished":"2017-11-11T01:31:43+00:00","dateModified":"2024-02-02T07:43:41+00:00","breadcrumb":{"@id":"https:\/\/areton-ltd.com\/es\/multi-line-hifu-rental-option\/#breadcrumb"},"inLanguage":"es","potentialAction":[{"@type":"ReadAction","target":["https:\/\/areton-ltd.com\/es\/multi-line-hifu-rental-option\/"]}]},{"@type":"ImageObject","inLanguage":"es","@id":"https:\/\/areton-ltd.com\/es\/multi-line-hifu-rental-option\/#primaryimage","url":"https:\/\/areton-ltd.com\/wp-content\/uploads\/2019\/05\/3-in-1-hiu.jpg","contentUrl":"https:\/\/areton-ltd.com\/wp-content\/uploads\/2019\/05\/3-in-1-hiu.jpg"},{"@type":"BreadcrumbList","@id":"https:\/\/areton-ltd.com\/es\/multi-line-hifu-rental-option\/#breadcrumb","itemListElement":[{"@type":"ListItem","position":1,"name":"Home","item":"https:\/\/areton-ltd.com\/"},{"@type":"ListItem","position":2,"name":"Multi Line HIFU Rental Option"}]},{"@type":"WebSite","@id":"https:\/\/areton-ltd.com\/#website","url":"https:\/\/areton-ltd.com\/","name":"Areton LTD","description":"Organic Skin Care &amp; Hair Care Products","publisher":{"@id":"https:\/\/areton-ltd.com\/#organization"},"potentialAction":[{"@type":"SearchAction","target":{"@type":"EntryPoint","urlTemplate":"https:\/\/areton-ltd.com\/?s={search_term_string}"},"query-input":{"@type":"PropertyValueSpecification","valueRequired":true,"valueName":"search_term_string"}}],"inLanguage":"es"},{"@type":"Organization","@id":"https:\/\/areton-ltd.com\/#organization","name":"Areton","url":"https:\/\/areton-ltd.com\/","logo":{"@type":"ImageObject","inLanguage":"es","@id":"https:\/\/areton-ltd.com\/#\/schema\/logo\/image\/","url":"https:\/\/areton-ltd.com\/wp-content\/uploads\/2024\/05\/logo.png","contentUrl":"https:\/\/areton-ltd.com\/wp-content\/uploads\/2024\/05\/logo.png","width":400,"height":400,"caption":"Areton"},"image":{"@id":"https:\/\/areton-ltd.com\/#\/schema\/logo\/image\/"},"sameAs":["https:\/\/www.facebook.com\/aretonEU\/"],"email":"info@areton-ltd.com","telephone":"+44 7830 885825","legalName":"Aretom LTD","vatID":"09397231","publishingPrinciples":"https:\/\/areton-ltd.com\/about-us\/","ownershipFundingInfo":"https:\/\/areton-ltd.com\/about-us\/"}]}},"_links":{"self":[{"href":"https:\/\/areton-ltd.com\/es\/wp-json\/wp\/v2\/pages\/2514","targetHints":{"allow":["GET"]}}],"collection":[{"href":"https:\/\/areton-ltd.com\/es\/wp-json\/wp\/v2\/pages"}],"about":[{"href":"https:\/\/areton-ltd.com\/es\/wp-json\/wp\/v2\/types\/page"}],"author":[{"embeddable":true,"href":"https:\/\/areton-ltd.com\/es\/wp-json\/wp\/v2\/users\/5"}],"replies":[{"embeddable":true,"href":"https:\/\/areton-ltd.com\/es\/wp-json\/wp\/v2\/comments?post=2514"}],"version-history":[{"count":1,"href":"https:\/\/areton-ltd.com\/es\/wp-json\/wp\/v2\/pages\/2514\/revisions"}],"predecessor-version":[{"id":16693,"href":"https:\/\/areton-ltd.com\/es\/wp-json\/wp\/v2\/pages\/2514\/revisions\/16693"}],"wp:attachment":[{"href":"https:\/\/areton-ltd.com\/es\/wp-json\/wp\/v2\/media?parent=2514"}],"curies":[{"name":"wp","href":"https:\/\/api.w.org\/{rel}","templated":true}]}}