{"id":2253,"date":"2017-10-07T09:38:13","date_gmt":"2017-10-07T09:38:13","guid":{"rendered":"http:\/\/areton-ltd.com\/?page_id=2253"},"modified":"2024-02-02T07:00:27","modified_gmt":"2024-02-02T07:00:27","slug":"portable-professional-hifu-rental","status":"publish","type":"page","link":"https:\/\/areton-ltd.com\/es\/portable-professional-hifu-rental\/","title":{"rendered":"Alquiler del dispositivo HIFU profesional port\u00e1til"},"content":{"rendered":"<div data-elementor-type=\"wp-page\" data-elementor-id=\"2253\" class=\"elementor elementor-2253\">\n\t\t\t\t<div class=\"elementor-element elementor-element-18054e91 e-flex e-con-boxed wpr-particle-no wpr-jarallax-no wpr-parallax-no wpr-sticky-section-no e-con e-parent\" data-id=\"18054e91\" data-element_type=\"container\" data-e-type=\"container\" data-settings=\"{&quot;ekit_has_onepagescroll_dot&quot;:&quot;yes&quot;}\">\n\t\t\t\t\t<div class=\"e-con-inner\">\n\t\t\t\t<div class=\"elementor-element elementor-element-a56918e color-scheme-inherit text-left elementor-widget elementor-widget-text-editor\" data-id=\"a56918e\" data-element_type=\"widget\" data-e-type=\"widget\" data-settings=\"{&quot;ekit_we_effect_on&quot;:&quot;none&quot;}\" data-widget_type=\"text-editor.default\">\n\t\t\t\t<div class=\"elementor-widget-container\">\n\t\t\t\t\t\t\t\t\t<h1 style=\"text-align: center;\">\u00a1Hemos hecho que para usted sea extremadamente f\u00e1cil alquilar TAMBI\u00c9N el dispositivo HIFU Port\u00e1til Profesional de Areton! \u00a1Solo \u00a3260  + IVA incluido al mes!<\/h1>\n<h1 style=\"text-align: center;\">\u00a1No se requieren de dep\u00f3sitos!<\/h1>\n<h3 style=\"text-align: center;\">Si es una sociedad limitada o un comerciante en el Reino Unido, ahora puede alquilar el dispositivo Portable Professional  HIFU de Areton en lugar de comprarlo directamente. Esta es la soluci\u00f3n perfecta si desea probar el dispositivo sin comprometerse con un alto gasto de capital <strong>\u00a1Usted Puede tener este Dispositivo por s\u00f3lo \u00a3260 + IVA incluido! <\/strong><\/h3>\n<h2>&nbsp;<\/h2>\n<h2 style=\"text-align: center;\">Ventajas<\/h2>\n<ul>\n<li>Su empresa no necesitar\u00e1 asignar todos los recursos en efectivo para comprar la unidad directamente. Esto le permite directamente a su empresa tener m\u00e1s dinero extra para concentrarse en sus actividades comerciales cuando m\u00e1s lo necesita.<\/li>\n<li>Respetaremos cualquier garant\u00eda durante todo el per\u00edodo de alquiler. Despu\u00e9s de todo, nos interesa asegurarnos de que el dispositivo funcione y que usted mantenga el alquiler. (Los cartuchos adicionales tambi\u00e9n son de alquiler adicional)<\/li>\n<li>Un cartucho 5000 disparos gratis de su elecci\u00f3n cada 6 meses. Por lo tanto, no tendr\u00e1 que preocuparse por comprar cartuchos adicionales una vez que haya agotado el n\u00famero total de disparos. Normalmente, esto es suficiente para la demanda de la mayor\u00eda de las cl\u00ednicas y no se requieren cartuchos adicionales. Si usted compra estas unidades,  usted tendr\u00e1 que comprar cartuchos adicionales cada vez que se acaben las municiones.<\/li>\n<li>Entrega GRATIS en el Reino Unido.<\/li>\n<li>No es necesario pagar intereses a entidades financieras.<\/li>\n<li>Los cartuchos incluidos son de 1,5 mm, 3,0 mm, 4,5 mm, 8,0 mm y 13,0 mm. 5000 disparos cada uno<\/li>\n<\/ul>\n<h2>&nbsp;<img fetchpriority=\"high\" decoding=\"async\" class=\"aligncenter wp-image-2259\" src=\"http:\/\/areton-ltd.com\/wp-content\/uploads\/2017\/10\/490835948258013097.jpg\" alt=\"\" width=\"806\" height=\"605\"><\/h2>\n<h2>Haga clic en el bot\u00f3n debajo de su pedido para el alquiler de este dispositivo HIFU. El plazo m\u00ednimo es de 4 meses. Primero realice el pago de 4 meses de alquiler (\u00a3 260 x 4 meses =) \u00a3 1,040 + IVA incluido. Los pagos mensuales continuos solo se aplicar\u00e1n despu\u00e9s de los primeros 4 meses. Si desea devolver la unidad despu\u00e9s de 4 meses de alquiler, se cancelar\u00e1 esta configuraci\u00f3n de pago continuo.<\/h2>\n<h3 style=\"text-align: center;\">T\u00e9rminos clave<\/h3>\n<ul>\n<li>S\u00f3lo las sociedades limitadas y comerciantes del Reino Unido.<\/li>\n<li>Plazo m\u00ednimo de alquiler es de 4 meses.<\/li>\n<li>El plazo m\u00ednimo de alquiler mensual no incluye consumibles extras.<\/li>\n<li>Pagos mensuales posteriores 260\u20ac + IVA INCLUIDO.<\/li>\n<li>Sin dep\u00f3sitos.<\/li>\n<li>Sin compromisos despu\u00e9s de los primeros 4 meses de alquiler. Siguiendo el contrato (paga sobre la marcha).<\/li>\n<\/ul>\n<p>Los pagos de alquiler no contribuyen a la compra de la unidad. Si tiene alguna pregunta <a href=\"http:\/\/areton-ltd.com\/contact\/\"><strong>no dude en contactarnos.<\/strong><\/a>.<br><a name=\"specs\"><\/a><\/p>\n<h1 style=\"text-align: center;\">&nbsp;<\/h1>\n<h1 style=\"text-align: center;\">Especificaciones t\u00e9cnicas.<\/h1>\n<table border=\"1\" width=\"100%\" cellspacing=\"0\" cellpadding=\"7\">\n<colgroup>\n<col width=\"85*\">\n<col width=\"85*\">\n<col width=\"86*\"><\/colgroup>\n<tbody>\n<tr valign=\"TOP\">\n<td width=\"33%\" height=\"31\">\n<p class=\"cjk\" align=\"CENTER\"><b>Tecnolog\u00eda<\/b><\/p>\n<\/td>\n<td width=\"33%\">\n<p class=\"cjk\" align=\"CENTER\"><b>Ultrasonido enfocado de alta intensidad<\/b><\/p>\n<\/td>\n<td width=\"33%\">\n<p class=\"cjk\" align=\"CENTER\"><b>L\u00ednea simple&nbsp;<\/b><\/p>\n<\/td>\n<\/tr>\n<tr valign=\"TOP\">\n<td width=\"33%\">\n<p class=\"cjk\"><b>Consumibles&nbsp;<\/b><\/p>\n<\/td>\n<td colspan=\"2\" width=\"67%\">\n<p class=\"cjk\" align=\"CENTER\"><b>Cartuchos 5000 Disparos Cada uno<\/b><\/p>\n<\/td>\n<\/tr>\n<tr valign=\"TOP\">\n<td width=\"33%\">\n<p class=\"cjk\" align=\"CENTER\"><b>Approximate<\/b><b>&nbsp;Energ\u00eda de salida aproximada<\/b><\/p>\n<\/td>\n<td width=\"33%\">&nbsp;<\/td>\n<td width=\"33%\">\n<p class=\"cjk\" align=\"CENTER\"><b>0,2 julios a 2 julios Incrementales&nbsp;<\/b><b>en pasos de 0,2 julios.<\/b><b>.<\/b><\/p>\n<\/td>\n<\/tr>\n<tr valign=\"TOP\">\n<td width=\"33%\">\n<p class=\"cjk\" align=\"CENTER\"><b>Profundidades de los cartuchos<\/b><\/p>\n<\/td>\n<td width=\"33%\">&nbsp;<\/td>\n<td width=\"33%\">\n<p class=\"cjk\" align=\"CENTER\"><b>1,5 mm, 3,0 mm, 4,5 mm, 8,0 mm, 13,0 mm&nbsp;<\/b><\/p>\n<\/td>\n<\/tr>\n<tr valign=\"TOP\">\n<td rowspan=\"2\" width=\"33%\">\n<p class=\"cjk\" align=\"CENTER\"><b>Duraci\u00f3n aproximada de un solo disparo<\/b><\/p>\n<\/td>\n<td width=\"33%\">&nbsp;<\/td>\n<td rowspan=\"2\" width=\"33%\">\n<p class=\"cjk\" align=\"CENTER\"><b>Explosi\u00f3n de energ\u00eda de 0,03 segundos.&nbsp;<\/b><\/p>\n<\/td>\n<\/tr>\n<tr valign=\"TOP\">\n<td width=\"33%\">&nbsp;<\/td>\n<\/tr>\n<tr valign=\"TOP\">\n<td width=\"33%\">\n<p class=\"cjk\" align=\"CENTER\"><b>Interfaz de usuario<\/b><\/p>\n<\/td>\n<td colspan=\"2\" width=\"67%\">\n<p class=\"cjk\" align=\"CENTER\"><b>Pantalla t\u00e1ctil integrada&nbsp;<\/b><\/p>\n<\/td>\n<\/tr>\n<tr valign=\"TOP\">\n<td width=\"33%\">\n<p class=\"cjk\" align=\"CENTER\"><b>Dimensiones generales del empaque de carga<\/b><\/p>\n<\/td>\n<td colspan=\"2\" width=\"67%\">\n<p class=\"cjk\" align=\"CENTER\"><b>420 mil\u00edmetros \u00d7 340 mil\u00edmetros \u00d7 350 metros<\/b><\/p>\n<\/td>\n<\/tr>\n<tr valign=\"TOP\">\n<td width=\"33%\">\n<p class=\"cjk\" align=\"CENTER\"><b>Dimensiones totales<\/b><\/p>\n<\/td>\n<td colspan=\"2\" width=\"67%\">\n<p class=\"cjk\" align=\"CENTER\"><b>310 mm \u00d7 220 mm \u00d7 100 mm<\/b><\/p>\n<\/td>\n<\/tr>\n<tr valign=\"TOP\">\n<td width=\"33%\">\n<p class=\"cjk\" align=\"CENTER\"><b>Peso incluida la carcasa de transporte&nbsp;<\/b><b>Transport<\/b><b>&nbsp;Casing<\/b><\/p>\n<\/td>\n<td colspan=\"2\" width=\"67%\">\n<p class=\"cjk\" align=\"CENTER\"><b>10 kilogramos<\/b><\/p>\n<\/td>\n<\/tr>\n<tr valign=\"TOP\">\n<td width=\"33%\">\n<p class=\"cjk\" align=\"CENTER\"><b>Peso del dispositivo<\/b><\/p>\n<\/td>\n<td colspan=\"2\" width=\"67%\">\n<p class=\"cjk\" align=\"CENTER\"><b>4 kilos<\/b><\/p>\n<\/td>\n<\/tr>\n<tr valign=\"TOP\">\n<td width=\"33%\">\n<p class=\"cjk\" align=\"CENTER\"><b>Entrada nominal&nbsp;<\/b><\/p>\n<\/td>\n<td colspan=\"2\" width=\"67%\">\n<p class=\"cjk\" align=\"CENTER\"><b>CA 220 V, 50\/60 HZ 10 A con fusible.<\/b><b>\uff0c<\/b><b>50\/60HZ 10A Fused<\/b><\/p>\n<\/td>\n<\/tr>\n<tr valign=\"TOP\">\n<td width=\"33%\">\n<p class=\"cjk\" align=\"CENTER\"><b>Accesorios&nbsp;<\/b><\/p>\n<\/td>\n<td colspan=\"2\" width=\"67%\">\n<p class=\"cjk\" align=\"CENTER\"><b>5 cartuchos&nbsp;<\/b><\/p>\n<\/td>\n<\/tr>\n<tr valign=\"TOP\">\n<td width=\"33%\">\n<p class=\"cjk\" align=\"CENTER\"><b>Usos previstos<\/b><\/p>\n<\/td>\n<td colspan=\"2\" width=\"67%\">\n<p class=\"cjk\" align=\"CENTER\"><b>S\u00f3lo nivel est\u00e9tico<\/b><\/p>\n<\/td>\n<\/tr>\n<\/tbody>\n<\/table>\t\t\t\t\t\t\t\t<\/div>\n\t\t\t\t<\/div>\n\t\t\t\t\t<\/div>\n\t\t\t\t<\/div>\n\t\t\t\t<\/div>","protected":false},"excerpt":{"rendered":"<p>We have made it extremely easy for you to rent the Portable Professional Areton HIFU TOO! Only \u00a3260 including VAT<\/p>","protected":false},"author":5,"featured_media":0,"parent":0,"menu_order":0,"comment_status":"closed","ping_status":"closed","template":"","meta":{"_monsterinsights_skip_tracking":false,"_monsterinsights_sitenote_active":false,"_monsterinsights_sitenote_note":"","_monsterinsights_sitenote_category":0,"footnotes":""},"class_list":["post-2253","page","type-page","status-publish","hentry"],"yoast_head":"<!-- This site is optimized with the Yoast SEO Premium plugin v22.8 (Yoast SEO v27.2) - https:\/\/yoast.com\/product\/yoast-seo-premium-wordpress\/ -->\n<title>Portable Professional HIFU Rental - Areton<\/title>\n<meta name=\"robots\" content=\"index, follow, max-snippet:-1, max-image-preview:large, max-video-preview:-1\" \/>\n<link rel=\"canonical\" href=\"https:\/\/areton-ltd.com\/es\/portable-professional-hifu-rental\/\" \/>\n<meta property=\"og:locale\" content=\"es_ES\" \/>\n<meta property=\"og:type\" content=\"article\" \/>\n<meta property=\"og:title\" content=\"Portable Professional HIFU Rental\" \/>\n<meta property=\"og:description\" content=\"We have made it extremely easy for you to rent the Portable Professional Areton HIFU TOO! Only \u00a3260 including VAT\" \/>\n<meta property=\"og:url\" content=\"https:\/\/areton-ltd.com\/es\/portable-professional-hifu-rental\/\" \/>\n<meta property=\"og:site_name\" content=\"Areton\" \/>\n<meta property=\"article:publisher\" content=\"https:\/\/www.facebook.com\/aretonEU\/\" \/>\n<meta property=\"article:modified_time\" content=\"2024-02-02T07:00:27+00:00\" \/>\n<meta property=\"og:image\" content=\"http:\/\/areton-ltd.com\/wp-content\/uploads\/2017\/10\/490835948258013097.jpg\" \/>\n<meta name=\"twitter:card\" content=\"summary_large_image\" \/>\n<meta name=\"twitter:label1\" content=\"Tiempo de lectura\" \/>\n\t<meta name=\"twitter:data1\" content=\"2 minutos\" \/>\n<script type=\"application\/ld+json\" class=\"yoast-schema-graph\">{\"@context\":\"https:\/\/schema.org\",\"@graph\":[{\"@type\":\"WebPage\",\"@id\":\"https:\/\/areton-ltd.com\/es\/portable-professional-hifu-rental\/\",\"url\":\"https:\/\/areton-ltd.com\/es\/portable-professional-hifu-rental\/\",\"name\":\"Portable Professional HIFU Rental - Areton\",\"isPartOf\":{\"@id\":\"https:\/\/areton-ltd.com\/#website\"},\"primaryImageOfPage\":{\"@id\":\"https:\/\/areton-ltd.com\/es\/portable-professional-hifu-rental\/#primaryimage\"},\"image\":{\"@id\":\"https:\/\/areton-ltd.com\/es\/portable-professional-hifu-rental\/#primaryimage\"},\"thumbnailUrl\":\"http:\/\/areton-ltd.com\/wp-content\/uploads\/2017\/10\/490835948258013097.jpg\",\"datePublished\":\"2017-10-07T09:38:13+00:00\",\"dateModified\":\"2024-02-02T07:00:27+00:00\",\"breadcrumb\":{\"@id\":\"https:\/\/areton-ltd.com\/es\/portable-professional-hifu-rental\/#breadcrumb\"},\"inLanguage\":\"es\",\"potentialAction\":[{\"@type\":\"ReadAction\",\"target\":[\"https:\/\/areton-ltd.com\/es\/portable-professional-hifu-rental\/\"]}]},{\"@type\":\"ImageObject\",\"inLanguage\":\"es\",\"@id\":\"https:\/\/areton-ltd.com\/es\/portable-professional-hifu-rental\/#primaryimage\",\"url\":\"http:\/\/areton-ltd.com\/wp-content\/uploads\/2017\/10\/490835948258013097.jpg\",\"contentUrl\":\"http:\/\/areton-ltd.com\/wp-content\/uploads\/2017\/10\/490835948258013097.jpg\"},{\"@type\":\"BreadcrumbList\",\"@id\":\"https:\/\/areton-ltd.com\/es\/portable-professional-hifu-rental\/#breadcrumb\",\"itemListElement\":[{\"@type\":\"ListItem\",\"position\":1,\"name\":\"Home\",\"item\":\"https:\/\/areton-ltd.com\/\"},{\"@type\":\"ListItem\",\"position\":2,\"name\":\"Portable Professional HIFU Rental\"}]},{\"@type\":\"WebSite\",\"@id\":\"https:\/\/areton-ltd.com\/#website\",\"url\":\"https:\/\/areton-ltd.com\/\",\"name\":\"Areton LTD\",\"description\":\"Organic Skin Care &amp; Hair Care Products\",\"publisher\":{\"@id\":\"https:\/\/areton-ltd.com\/#organization\"},\"potentialAction\":[{\"@type\":\"SearchAction\",\"target\":{\"@type\":\"EntryPoint\",\"urlTemplate\":\"https:\/\/areton-ltd.com\/?s={search_term_string}\"},\"query-input\":{\"@type\":\"PropertyValueSpecification\",\"valueRequired\":true,\"valueName\":\"search_term_string\"}}],\"inLanguage\":\"es\"},{\"@type\":\"Organization\",\"@id\":\"https:\/\/areton-ltd.com\/#organization\",\"name\":\"Areton\",\"url\":\"https:\/\/areton-ltd.com\/\",\"logo\":{\"@type\":\"ImageObject\",\"inLanguage\":\"es\",\"@id\":\"https:\/\/areton-ltd.com\/#\/schema\/logo\/image\/\",\"url\":\"https:\/\/areton-ltd.com\/wp-content\/uploads\/2024\/05\/logo.png\",\"contentUrl\":\"https:\/\/areton-ltd.com\/wp-content\/uploads\/2024\/05\/logo.png\",\"width\":400,\"height\":400,\"caption\":\"Areton\"},\"image\":{\"@id\":\"https:\/\/areton-ltd.com\/#\/schema\/logo\/image\/\"},\"sameAs\":[\"https:\/\/www.facebook.com\/aretonEU\/\"],\"email\":\"info@areton-ltd.com\",\"telephone\":\"+44 7830 885825\",\"legalName\":\"Aretom LTD\",\"vatID\":\"09397231\",\"publishingPrinciples\":\"https:\/\/areton-ltd.com\/about-us\/\",\"ownershipFundingInfo\":\"https:\/\/areton-ltd.com\/about-us\/\"}]}<\/script>\n<!-- \/ Yoast SEO Premium plugin. -->","yoast_head_json":{"title":"Portable Professional HIFU Rental - Areton","robots":{"index":"index","follow":"follow","max-snippet":"max-snippet:-1","max-image-preview":"max-image-preview:large","max-video-preview":"max-video-preview:-1"},"canonical":"https:\/\/areton-ltd.com\/es\/portable-professional-hifu-rental\/","og_locale":"es_ES","og_type":"article","og_title":"Portable Professional HIFU Rental","og_description":"We have made it extremely easy for you to rent the Portable Professional Areton HIFU TOO! Only \u00a3260 including VAT","og_url":"https:\/\/areton-ltd.com\/es\/portable-professional-hifu-rental\/","og_site_name":"Areton","article_publisher":"https:\/\/www.facebook.com\/aretonEU\/","article_modified_time":"2024-02-02T07:00:27+00:00","og_image":[{"url":"http:\/\/areton-ltd.com\/wp-content\/uploads\/2017\/10\/490835948258013097.jpg","type":"","width":"","height":""}],"twitter_card":"summary_large_image","twitter_misc":{"Tiempo de lectura":"2 minutos"},"schema":{"@context":"https:\/\/schema.org","@graph":[{"@type":"WebPage","@id":"https:\/\/areton-ltd.com\/es\/portable-professional-hifu-rental\/","url":"https:\/\/areton-ltd.com\/es\/portable-professional-hifu-rental\/","name":"Portable Professional HIFU Rental - Areton","isPartOf":{"@id":"https:\/\/areton-ltd.com\/#website"},"primaryImageOfPage":{"@id":"https:\/\/areton-ltd.com\/es\/portable-professional-hifu-rental\/#primaryimage"},"image":{"@id":"https:\/\/areton-ltd.com\/es\/portable-professional-hifu-rental\/#primaryimage"},"thumbnailUrl":"http:\/\/areton-ltd.com\/wp-content\/uploads\/2017\/10\/490835948258013097.jpg","datePublished":"2017-10-07T09:38:13+00:00","dateModified":"2024-02-02T07:00:27+00:00","breadcrumb":{"@id":"https:\/\/areton-ltd.com\/es\/portable-professional-hifu-rental\/#breadcrumb"},"inLanguage":"es","potentialAction":[{"@type":"ReadAction","target":["https:\/\/areton-ltd.com\/es\/portable-professional-hifu-rental\/"]}]},{"@type":"ImageObject","inLanguage":"es","@id":"https:\/\/areton-ltd.com\/es\/portable-professional-hifu-rental\/#primaryimage","url":"http:\/\/areton-ltd.com\/wp-content\/uploads\/2017\/10\/490835948258013097.jpg","contentUrl":"http:\/\/areton-ltd.com\/wp-content\/uploads\/2017\/10\/490835948258013097.jpg"},{"@type":"BreadcrumbList","@id":"https:\/\/areton-ltd.com\/es\/portable-professional-hifu-rental\/#breadcrumb","itemListElement":[{"@type":"ListItem","position":1,"name":"Home","item":"https:\/\/areton-ltd.com\/"},{"@type":"ListItem","position":2,"name":"Portable Professional HIFU Rental"}]},{"@type":"WebSite","@id":"https:\/\/areton-ltd.com\/#website","url":"https:\/\/areton-ltd.com\/","name":"Areton LTD","description":"Organic Skin Care &amp; Hair Care Products","publisher":{"@id":"https:\/\/areton-ltd.com\/#organization"},"potentialAction":[{"@type":"SearchAction","target":{"@type":"EntryPoint","urlTemplate":"https:\/\/areton-ltd.com\/?s={search_term_string}"},"query-input":{"@type":"PropertyValueSpecification","valueRequired":true,"valueName":"search_term_string"}}],"inLanguage":"es"},{"@type":"Organization","@id":"https:\/\/areton-ltd.com\/#organization","name":"Areton","url":"https:\/\/areton-ltd.com\/","logo":{"@type":"ImageObject","inLanguage":"es","@id":"https:\/\/areton-ltd.com\/#\/schema\/logo\/image\/","url":"https:\/\/areton-ltd.com\/wp-content\/uploads\/2024\/05\/logo.png","contentUrl":"https:\/\/areton-ltd.com\/wp-content\/uploads\/2024\/05\/logo.png","width":400,"height":400,"caption":"Areton"},"image":{"@id":"https:\/\/areton-ltd.com\/#\/schema\/logo\/image\/"},"sameAs":["https:\/\/www.facebook.com\/aretonEU\/"],"email":"info@areton-ltd.com","telephone":"+44 7830 885825","legalName":"Aretom LTD","vatID":"09397231","publishingPrinciples":"https:\/\/areton-ltd.com\/about-us\/","ownershipFundingInfo":"https:\/\/areton-ltd.com\/about-us\/"}]}},"_links":{"self":[{"href":"https:\/\/areton-ltd.com\/es\/wp-json\/wp\/v2\/pages\/2253","targetHints":{"allow":["GET"]}}],"collection":[{"href":"https:\/\/areton-ltd.com\/es\/wp-json\/wp\/v2\/pages"}],"about":[{"href":"https:\/\/areton-ltd.com\/es\/wp-json\/wp\/v2\/types\/page"}],"author":[{"embeddable":true,"href":"https:\/\/areton-ltd.com\/es\/wp-json\/wp\/v2\/users\/5"}],"replies":[{"embeddable":true,"href":"https:\/\/areton-ltd.com\/es\/wp-json\/wp\/v2\/comments?post=2253"}],"version-history":[{"count":6,"href":"https:\/\/areton-ltd.com\/es\/wp-json\/wp\/v2\/pages\/2253\/revisions"}],"predecessor-version":[{"id":16680,"href":"https:\/\/areton-ltd.com\/es\/wp-json\/wp\/v2\/pages\/2253\/revisions\/16680"}],"wp:attachment":[{"href":"https:\/\/areton-ltd.com\/es\/wp-json\/wp\/v2\/media?parent=2253"}],"curies":[{"name":"wp","href":"https:\/\/api.w.org\/{rel}","templated":true}]}}