{"id":2225,"date":"2017-09-16T08:13:34","date_gmt":"2017-09-16T08:13:34","guid":{"rendered":"http:\/\/areton-ltd.com\/?page_id=2225"},"modified":"2024-02-01T11:01:01","modified_gmt":"2024-02-01T11:01:01","slug":"hifu-3-in-1-rental","status":"publish","type":"page","link":"https:\/\/areton-ltd.com\/es\/hifu-3-in-1-rental\/","title":{"rendered":"Alquiler del HIFU 3 en 1"},"content":{"rendered":"<div data-elementor-type=\"wp-page\" data-elementor-id=\"2225\" class=\"elementor elementor-2225\">\n\t\t\t\t<div class=\"wd-negative-gap elementor-element elementor-element-44277b36 e-flex e-con-boxed wpr-particle-no wpr-jarallax-no wpr-parallax-no wpr-sticky-section-no e-con e-parent\" data-id=\"44277b36\" data-element_type=\"container\" data-e-type=\"container\" data-settings=\"{&quot;ekit_has_onepagescroll_dot&quot;:&quot;yes&quot;}\">\n\t\t\t\t\t<div class=\"e-con-inner\">\n\t\t\t\t<div class=\"elementor-element elementor-element-571796ee color-scheme-inherit text-left elementor-widget elementor-widget-text-editor\" data-id=\"571796ee\" data-element_type=\"widget\" data-e-type=\"widget\" data-settings=\"{&quot;ekit_we_effect_on&quot;:&quot;none&quot;}\" data-widget_type=\"text-editor.default\">\n\t\t\t\t<div class=\"elementor-widget-container\">\n\t\t\t\t\t\t\t\t\t<header class=\"entry-header\"><h1 class=\"entry-title\">Alquiler del HIFU 3 en 1<\/h1><\/header><div class=\"entry-content clear\"><div class=\"wpb-content-wrapper\"><div class=\"vc_row wpb_row vc_row-fluid\"><div class=\"wpb_column vc_column_container vc_col-sm-12\"><div class=\"vc_column-inner\"><div class=\"wpb_wrapper\"><div class=\"wpb_text_column wpb_content_element\"><div class=\"wpb_wrapper\"><div class=\"wpb_text_column wpb_content_element\"><div class=\"wpb_wrapper\"><h2>\u00a1Hemos hecho que sea extremadamente f\u00e1cil para usted alquilar el Areton HIFU 3 en 1 TAMBI\u00c9N! \u00a1Solo \u00a3160 IVA incluido al mes!<\/h2><\/div><\/div><div class=\"vc_separator wpb_content_element vc_separator_align_center vc_sep_width_100 vc_sep_pos_align_center vc_separator_no_text vc_sep_color_grey\"><img fetchpriority=\"high\" decoding=\"async\" class=\"aligncenter wp-image-16664 size-medium\" src=\"http:\/\/areton.co.uk\/wp-content\/uploads\/2024\/02\/3-in-hifu-300x300.webp\" alt=\"\" width=\"300\" height=\"300\" srcset=\"https:\/\/areton-ltd.com\/wp-content\/uploads\/2024\/02\/3-in-hifu-300x300.webp 300w, https:\/\/areton-ltd.com\/wp-content\/uploads\/2024\/02\/3-in-hifu-150x150.webp 150w, https:\/\/areton-ltd.com\/wp-content\/uploads\/2024\/02\/3-in-hifu.webp 500w\" sizes=\"(max-width: 300px) 100vw, 300px\" \/><\/div><\/div><div><div class=\"wpb_text_column wpb_content_element\"><div class=\"wpb_wrapper\"><h3>No se requieren dep\u00f3sitos<\/h3><p><img decoding=\"async\" class=\"size-full wp-image-16665 aligncenter\" src=\"http:\/\/areton.co.uk\/wp-content\/uploads\/2024\/02\/Medical-3-in-1-HIFU-Machine-for.webp\" alt=\"\" width=\"300\" height=\"300\" srcset=\"https:\/\/areton-ltd.com\/wp-content\/uploads\/2024\/02\/Medical-3-in-1-HIFU-Machine-for.webp 300w, https:\/\/areton-ltd.com\/wp-content\/uploads\/2024\/02\/Medical-3-in-1-HIFU-Machine-for-150x150.webp 150w\" sizes=\"(max-width: 300px) 100vw, 300px\" \/><\/p><div class=\"wpb_text_column wpb_content_element\"><div class=\"wpb_wrapper\"><h3>Si es una sociedad limitada o un comerciante en el Reino Unido, ahora puede alquilar el dispositivo HIFU 3 en 1 de Areton en lugar de comprarlo directamente. Esta es la soluci\u00f3n perfecta si desea probar el dispositivo sin comprometerse con un alto gasto de capital.<\/h3><\/div><p><img decoding=\"async\" class=\"wp-image-16666 aligncenter\" src=\"http:\/\/areton.co.uk\/wp-content\/uploads\/2024\/02\/3-in-hifu-2-1-300x300.webp\" alt=\"\" width=\"300\" height=\"300\" srcset=\"https:\/\/areton-ltd.com\/wp-content\/uploads\/2024\/02\/3-in-hifu-2-1-300x300.webp 300w, https:\/\/areton-ltd.com\/wp-content\/uploads\/2024\/02\/3-in-hifu-2-1-150x150.webp 150w, https:\/\/areton-ltd.com\/wp-content\/uploads\/2024\/02\/3-in-hifu-2-1.webp 500w\" sizes=\"(max-width: 300px) 100vw, 300px\" \/><\/p><h2>Ventajas<\/h2><p>\u00a0<\/p><ul><li>Es de nuestro inter\u00e9s que usted siga trabajando, por lo tanto, si el dispositivo se estropea durante el alquiler, lo repararemos o lo reemplazaremos de forma gratuita. Esto significa tranquilidad para usted.<\/li><li>Su empresa no necesitar\u00e1 asignar todos los recursos en efectivo para comprar la unidad directamente. Esto le permite directamente a su empresa tener m\u00e1s dinero extra para concentrarse en sus actividades comerciales cuando m\u00e1s lo necesita.<\/li><li>Respetaremos cualquier garant\u00eda durante todo el per\u00edodo de alquiler. Despu\u00e9s de todo, nos interesa asegurarnos de que el dispositivo funcione y que usted mantenga el alquiler. (Los cartuchos adicionales tambi\u00e9n son de alquiler adicional)<\/li><li>Entrega GRATIS en el Reino Unido.<\/li><li>No es necesario pagar intereses a entidades financieras.<\/li><\/ul><p><img loading=\"lazy\" decoding=\"async\" class=\"aligncenter wp-image-16667 size-full\" src=\"http:\/\/areton.co.uk\/wp-content\/uploads\/2024\/02\/3-in-one.webp\" alt=\"\" width=\"1024\" height=\"883\" srcset=\"https:\/\/areton-ltd.com\/wp-content\/uploads\/2024\/02\/3-in-one.webp 1024w, https:\/\/areton-ltd.com\/wp-content\/uploads\/2024\/02\/3-in-one-600x517.webp 600w, https:\/\/areton-ltd.com\/wp-content\/uploads\/2024\/02\/3-in-one-150x129.webp 150w, https:\/\/areton-ltd.com\/wp-content\/uploads\/2024\/02\/3-in-one-348x300.webp 348w, https:\/\/areton-ltd.com\/wp-content\/uploads\/2024\/02\/3-in-one-928x800.webp 928w, https:\/\/areton-ltd.com\/wp-content\/uploads\/2024\/02\/3-in-one-768x662.webp 768w\" sizes=\"(max-width: 1024px) 100vw, 1024px\" \/><\/p><div class=\"wpb_wrapper\"><div class=\"wpb_text_column wpb_content_element\"><div class=\"wpb_wrapper\"><h2>Haga clic en el bot\u00f3n de abajo de su pedido para alquilar el dispositivo HIFU 3 en 1 de Areton. El plazo m\u00ednimo es de 4 meses. Primero realice el pago de 4 meses de alquiler (\u00a3 260 x 6 meses =) \u00a3 1,560 + IVA incluido. Los pagos mensuales continuos de 160 libras al mes solo se aplicar\u00e1n despu\u00e9s de los primeros 6 meses. Si desea devolver la unidad despu\u00e9s de 6 meses de alquiler, se cancelar\u00e1 esta configuraci\u00f3n de pago continuo.<\/h2><p><a href=\"https:\/\/www.paypal.com\/cgi-bin\/webscr?cmd=_s-xclick&amp;hosted_button_id=AESADLHGS36DC\"><img loading=\"lazy\" decoding=\"async\" class=\"size-medium wp-image-16670 aligncenter\" src=\"http:\/\/areton.co.uk\/wp-content\/uploads\/2024\/02\/monthly-payments-removebg-preview-400x176.png\" alt=\"\" width=\"400\" height=\"176\" srcset=\"https:\/\/areton-ltd.com\/wp-content\/uploads\/2024\/02\/monthly-payments-removebg-preview-400x176.png 400w, https:\/\/areton-ltd.com\/wp-content\/uploads\/2024\/02\/monthly-payments-removebg-preview-150x66.png 150w, https:\/\/areton-ltd.com\/wp-content\/uploads\/2024\/02\/monthly-payments-removebg-preview.png 430w\" sizes=\"(max-width: 400px) 100vw, 400px\" \/><\/a><\/p><p>Haga clic en este enlace para suscribirse al pago mensual de \u00a3 260 y pagar el per\u00edodo m\u00ednimo de alquiler de 6 meses. La suscripci\u00f3n finalizar\u00e1 tan pronto como recibamos su unidad despu\u00e9s del alquiler m\u00ednimo de 6 meses. Una vez que haya realizado el pago, espere al menos 4 semanas para recibir el dispositivo. Si va a alquilar el dispositivo para un evento o trabajo en particular, aseg\u00farese de contratarlo con suficiente antelaci\u00f3n para asegurarse de tener el juego completo a tiempo.<\/p><h3>T\u00e9rminos clave<\/h3><ul><li>S\u00f3lo las sociedades limitadas y comerciantes del Reino Unido.<\/li><li>Plazo m\u00ednimo de alquiler son de 6 meses.<\/li><li>El plazo m\u00ednimo de alquiler mensual no incluye consumibles extras.<\/li><li><strong>Pagos mensuales posteriores 160\u20ac + IVA INCLUIDO.<\/strong><\/li><li>Sin dep\u00f3sitos.<\/li><li>.\u00a0<strong>Sin compromisos despu\u00e9s de los primeros 6 meses de alquiler.<\/strong>\u00a0Siguiendo el contrato (se hace pago sobre la marcha).<\/li><\/ul><p>Los pagos de alquiler no contribuyen a la compra de la unidad. Si tiene alguna pregunta\u00a0<a href=\"https:\/\/areton-ltd.com\/contact\/\"><strong>no dude en contactarnos.<\/strong><\/a>.<\/p><p>Por favor lea los\u00a0<a href=\"https:\/\/areton-ltd.com\/beautyteck-hire-terms-and-conditions\/\">t\u00e9rminos y condiciones<\/a>\u00a0antes de contratar el dispositivo HIFU.<\/p><\/div><\/div><\/div><\/div><\/div><\/div><\/div><\/div><\/div><\/div><\/div><\/div><\/div><\/div>\t\t\t\t\t\t\t\t<\/div>\n\t\t\t\t<\/div>\n\t\t\t\t\t<\/div>\n\t\t\t\t<\/div>\n\t\t\t\t<\/div>","protected":false},"excerpt":{"rendered":"<p>HIFU 3 in 1 Rental We have made it extremely easy for you to rent the 3 in 1 Areton<\/p>","protected":false},"author":5,"featured_media":0,"parent":0,"menu_order":0,"comment_status":"closed","ping_status":"closed","template":"","meta":{"_monsterinsights_skip_tracking":false,"_monsterinsights_sitenote_active":false,"_monsterinsights_sitenote_note":"","_monsterinsights_sitenote_category":0,"footnotes":""},"class_list":["post-2225","page","type-page","status-publish","hentry"],"yoast_head":"<!-- This site is optimized with the Yoast SEO Premium plugin v22.8 (Yoast SEO v27.2) - https:\/\/yoast.com\/product\/yoast-seo-premium-wordpress\/ -->\n<title>HIFU 3 in 1 Rental - Areton<\/title>\n<meta name=\"robots\" content=\"index, follow, max-snippet:-1, max-image-preview:large, max-video-preview:-1\" \/>\n<link rel=\"canonical\" href=\"https:\/\/areton-ltd.com\/es\/hifu-3-in-1-rental\/\" \/>\n<meta property=\"og:locale\" content=\"es_ES\" \/>\n<meta property=\"og:type\" content=\"article\" \/>\n<meta property=\"og:title\" content=\"HIFU 3 in 1 Rental\" \/>\n<meta property=\"og:description\" content=\"HIFU 3 in 1 Rental We have made it extremely easy for you to rent the 3 in 1 Areton\" \/>\n<meta property=\"og:url\" content=\"https:\/\/areton-ltd.com\/es\/hifu-3-in-1-rental\/\" \/>\n<meta property=\"og:site_name\" content=\"Areton\" \/>\n<meta property=\"article:publisher\" content=\"https:\/\/www.facebook.com\/aretonEU\/\" \/>\n<meta property=\"article:modified_time\" content=\"2024-02-01T11:01:01+00:00\" \/>\n<meta property=\"og:image\" content=\"http:\/\/areton.co.uk\/wp-content\/uploads\/2024\/02\/3-in-hifu-300x300.webp\" \/>\n<meta name=\"twitter:card\" content=\"summary_large_image\" \/>\n<meta name=\"twitter:label1\" content=\"Tiempo de lectura\" \/>\n\t<meta name=\"twitter:data1\" content=\"2 minutos\" \/>\n<script type=\"application\/ld+json\" class=\"yoast-schema-graph\">{\"@context\":\"https:\/\/schema.org\",\"@graph\":[{\"@type\":\"WebPage\",\"@id\":\"https:\/\/areton-ltd.com\/es\/hifu-3-in-1-rental\/\",\"url\":\"https:\/\/areton-ltd.com\/es\/hifu-3-in-1-rental\/\",\"name\":\"HIFU 3 in 1 Rental - Areton\",\"isPartOf\":{\"@id\":\"https:\/\/areton-ltd.com\/#website\"},\"primaryImageOfPage\":{\"@id\":\"https:\/\/areton-ltd.com\/es\/hifu-3-in-1-rental\/#primaryimage\"},\"image\":{\"@id\":\"https:\/\/areton-ltd.com\/es\/hifu-3-in-1-rental\/#primaryimage\"},\"thumbnailUrl\":\"http:\/\/areton.co.uk\/wp-content\/uploads\/2024\/02\/3-in-hifu-300x300.webp\",\"datePublished\":\"2017-09-16T08:13:34+00:00\",\"dateModified\":\"2024-02-01T11:01:01+00:00\",\"breadcrumb\":{\"@id\":\"https:\/\/areton-ltd.com\/es\/hifu-3-in-1-rental\/#breadcrumb\"},\"inLanguage\":\"es\",\"potentialAction\":[{\"@type\":\"ReadAction\",\"target\":[\"https:\/\/areton-ltd.com\/es\/hifu-3-in-1-rental\/\"]}]},{\"@type\":\"ImageObject\",\"inLanguage\":\"es\",\"@id\":\"https:\/\/areton-ltd.com\/es\/hifu-3-in-1-rental\/#primaryimage\",\"url\":\"http:\/\/areton.co.uk\/wp-content\/uploads\/2024\/02\/3-in-hifu-300x300.webp\",\"contentUrl\":\"http:\/\/areton.co.uk\/wp-content\/uploads\/2024\/02\/3-in-hifu-300x300.webp\"},{\"@type\":\"BreadcrumbList\",\"@id\":\"https:\/\/areton-ltd.com\/es\/hifu-3-in-1-rental\/#breadcrumb\",\"itemListElement\":[{\"@type\":\"ListItem\",\"position\":1,\"name\":\"Home\",\"item\":\"https:\/\/areton-ltd.com\/\"},{\"@type\":\"ListItem\",\"position\":2,\"name\":\"HIFU 3 in 1 Rental\"}]},{\"@type\":\"WebSite\",\"@id\":\"https:\/\/areton-ltd.com\/#website\",\"url\":\"https:\/\/areton-ltd.com\/\",\"name\":\"Areton LTD\",\"description\":\"Organic Skin Care &amp; Hair Care Products\",\"publisher\":{\"@id\":\"https:\/\/areton-ltd.com\/#organization\"},\"potentialAction\":[{\"@type\":\"SearchAction\",\"target\":{\"@type\":\"EntryPoint\",\"urlTemplate\":\"https:\/\/areton-ltd.com\/?s={search_term_string}\"},\"query-input\":{\"@type\":\"PropertyValueSpecification\",\"valueRequired\":true,\"valueName\":\"search_term_string\"}}],\"inLanguage\":\"es\"},{\"@type\":\"Organization\",\"@id\":\"https:\/\/areton-ltd.com\/#organization\",\"name\":\"Areton\",\"url\":\"https:\/\/areton-ltd.com\/\",\"logo\":{\"@type\":\"ImageObject\",\"inLanguage\":\"es\",\"@id\":\"https:\/\/areton-ltd.com\/#\/schema\/logo\/image\/\",\"url\":\"https:\/\/areton-ltd.com\/wp-content\/uploads\/2024\/05\/logo.png\",\"contentUrl\":\"https:\/\/areton-ltd.com\/wp-content\/uploads\/2024\/05\/logo.png\",\"width\":400,\"height\":400,\"caption\":\"Areton\"},\"image\":{\"@id\":\"https:\/\/areton-ltd.com\/#\/schema\/logo\/image\/\"},\"sameAs\":[\"https:\/\/www.facebook.com\/aretonEU\/\"],\"email\":\"info@areton-ltd.com\",\"telephone\":\"+44 7830 885825\",\"legalName\":\"Aretom LTD\",\"vatID\":\"09397231\",\"publishingPrinciples\":\"https:\/\/areton-ltd.com\/about-us\/\",\"ownershipFundingInfo\":\"https:\/\/areton-ltd.com\/about-us\/\"}]}<\/script>\n<!-- \/ Yoast SEO Premium plugin. -->","yoast_head_json":{"title":"HIFU 3 in 1 Rental - Areton","robots":{"index":"index","follow":"follow","max-snippet":"max-snippet:-1","max-image-preview":"max-image-preview:large","max-video-preview":"max-video-preview:-1"},"canonical":"https:\/\/areton-ltd.com\/es\/hifu-3-in-1-rental\/","og_locale":"es_ES","og_type":"article","og_title":"HIFU 3 in 1 Rental","og_description":"HIFU 3 in 1 Rental We have made it extremely easy for you to rent the 3 in 1 Areton","og_url":"https:\/\/areton-ltd.com\/es\/hifu-3-in-1-rental\/","og_site_name":"Areton","article_publisher":"https:\/\/www.facebook.com\/aretonEU\/","article_modified_time":"2024-02-01T11:01:01+00:00","og_image":[{"url":"http:\/\/areton.co.uk\/wp-content\/uploads\/2024\/02\/3-in-hifu-300x300.webp","type":"","width":"","height":""}],"twitter_card":"summary_large_image","twitter_misc":{"Tiempo de lectura":"2 minutos"},"schema":{"@context":"https:\/\/schema.org","@graph":[{"@type":"WebPage","@id":"https:\/\/areton-ltd.com\/es\/hifu-3-in-1-rental\/","url":"https:\/\/areton-ltd.com\/es\/hifu-3-in-1-rental\/","name":"HIFU 3 in 1 Rental - Areton","isPartOf":{"@id":"https:\/\/areton-ltd.com\/#website"},"primaryImageOfPage":{"@id":"https:\/\/areton-ltd.com\/es\/hifu-3-in-1-rental\/#primaryimage"},"image":{"@id":"https:\/\/areton-ltd.com\/es\/hifu-3-in-1-rental\/#primaryimage"},"thumbnailUrl":"http:\/\/areton.co.uk\/wp-content\/uploads\/2024\/02\/3-in-hifu-300x300.webp","datePublished":"2017-09-16T08:13:34+00:00","dateModified":"2024-02-01T11:01:01+00:00","breadcrumb":{"@id":"https:\/\/areton-ltd.com\/es\/hifu-3-in-1-rental\/#breadcrumb"},"inLanguage":"es","potentialAction":[{"@type":"ReadAction","target":["https:\/\/areton-ltd.com\/es\/hifu-3-in-1-rental\/"]}]},{"@type":"ImageObject","inLanguage":"es","@id":"https:\/\/areton-ltd.com\/es\/hifu-3-in-1-rental\/#primaryimage","url":"http:\/\/areton.co.uk\/wp-content\/uploads\/2024\/02\/3-in-hifu-300x300.webp","contentUrl":"http:\/\/areton.co.uk\/wp-content\/uploads\/2024\/02\/3-in-hifu-300x300.webp"},{"@type":"BreadcrumbList","@id":"https:\/\/areton-ltd.com\/es\/hifu-3-in-1-rental\/#breadcrumb","itemListElement":[{"@type":"ListItem","position":1,"name":"Home","item":"https:\/\/areton-ltd.com\/"},{"@type":"ListItem","position":2,"name":"HIFU 3 in 1 Rental"}]},{"@type":"WebSite","@id":"https:\/\/areton-ltd.com\/#website","url":"https:\/\/areton-ltd.com\/","name":"Areton LTD","description":"Organic Skin Care &amp; Hair Care Products","publisher":{"@id":"https:\/\/areton-ltd.com\/#organization"},"potentialAction":[{"@type":"SearchAction","target":{"@type":"EntryPoint","urlTemplate":"https:\/\/areton-ltd.com\/?s={search_term_string}"},"query-input":{"@type":"PropertyValueSpecification","valueRequired":true,"valueName":"search_term_string"}}],"inLanguage":"es"},{"@type":"Organization","@id":"https:\/\/areton-ltd.com\/#organization","name":"Areton","url":"https:\/\/areton-ltd.com\/","logo":{"@type":"ImageObject","inLanguage":"es","@id":"https:\/\/areton-ltd.com\/#\/schema\/logo\/image\/","url":"https:\/\/areton-ltd.com\/wp-content\/uploads\/2024\/05\/logo.png","contentUrl":"https:\/\/areton-ltd.com\/wp-content\/uploads\/2024\/05\/logo.png","width":400,"height":400,"caption":"Areton"},"image":{"@id":"https:\/\/areton-ltd.com\/#\/schema\/logo\/image\/"},"sameAs":["https:\/\/www.facebook.com\/aretonEU\/"],"email":"info@areton-ltd.com","telephone":"+44 7830 885825","legalName":"Aretom LTD","vatID":"09397231","publishingPrinciples":"https:\/\/areton-ltd.com\/about-us\/","ownershipFundingInfo":"https:\/\/areton-ltd.com\/about-us\/"}]}},"_links":{"self":[{"href":"https:\/\/areton-ltd.com\/es\/wp-json\/wp\/v2\/pages\/2225","targetHints":{"allow":["GET"]}}],"collection":[{"href":"https:\/\/areton-ltd.com\/es\/wp-json\/wp\/v2\/pages"}],"about":[{"href":"https:\/\/areton-ltd.com\/es\/wp-json\/wp\/v2\/types\/page"}],"author":[{"embeddable":true,"href":"https:\/\/areton-ltd.com\/es\/wp-json\/wp\/v2\/users\/5"}],"replies":[{"embeddable":true,"href":"https:\/\/areton-ltd.com\/es\/wp-json\/wp\/v2\/comments?post=2225"}],"version-history":[{"count":3,"href":"https:\/\/areton-ltd.com\/es\/wp-json\/wp\/v2\/pages\/2225\/revisions"}],"predecessor-version":[{"id":16673,"href":"https:\/\/areton-ltd.com\/es\/wp-json\/wp\/v2\/pages\/2225\/revisions\/16673"}],"wp:attachment":[{"href":"https:\/\/areton-ltd.com\/es\/wp-json\/wp\/v2\/media?parent=2225"}],"curies":[{"name":"wp","href":"https:\/\/api.w.org\/{rel}","templated":true}]}}