{"id":2207,"date":"2017-09-15T08:08:23","date_gmt":"2017-09-15T08:08:23","guid":{"rendered":"http:\/\/areton-ltd.com\/?page_id=2207"},"modified":"2017-09-15T08:08:23","modified_gmt":"2017-09-15T08:08:23","slug":"hifu-consumables","status":"publish","type":"page","link":"https:\/\/areton-ltd.com\/es\/hifu-consumables\/","title":{"rendered":"Consumibles HIFU de 5000 disparos"},"content":{"rendered":"<h1 style=\"text-align: center;\">Los \u00fanicos consumibles para los dispositivos HIFU son los cascos ultras\u00f3nicos. Esto se debe a que el transductor de ultrasonido se desgasta con el tiempo.<\/h1>\n<h1 style=\"text-align: center;\">Hay dos opciones principales:<\/h1>\n<h3>(1) La opci\u00f3n de 5000 disparos (recomendada). Esta es la opci\u00f3n recomendada porque el cabezal ultras\u00f3nico dentro de la carcasa puede soportar dicho uso f\u00e1cilmente, por lo tanto, los disparos se realizar\u00e1n de manera uniforme durante la operaci\u00f3n de 5000 disparos.<\/h3>\n<p><img fetchpriority=\"high\" decoding=\"async\" class=\"aligncenter size-full wp-image-2501\" src=\"http:\/\/areton-ltd.com\/wp-content\/uploads\/2017\/09\/Head-pieces.jpg\" alt=\"\" width=\"648\" height=\"156\" \/><\/p>\n<h3>(2) La opci\u00f3n de los 10.000 disparos. En esta opci\u00f3n, el transductor ultras\u00f3nico perder\u00e1 gradualmente su potencia operativa despu\u00e9s de 7000 a 8000 disparos. Por lo tanto los \u00faltimos disparos pueden tener una distribuci\u00f3n desigual. Esto no compromete la seguridad de funcionamiento de la unidad. <a href=\"http:\/\/areton-ltd.com\/hifu-consumables-10000-shots\/\" rel=\"noopener\">Click Here for this option.<\/a><\/h3>\n<h1><\/h1>\n<h1 style=\"text-align: center;\"><strong>Cartuchos faciales de 5000 Disparos.<\/strong><\/h1>\n<p>&nbsp;<\/p>\n<h3>Estiramiento de la piel, de la cara y rejuvenecimiento de la piel. Tres cartuchos de profundidad de 1,0 mm, 3,0 mm y 4,5 mm <strong>249 \u00a3 m\u00e1s IVA por tocado. Cada casco puede disparar aproximadamente 5000 disparos. Aproximadamente 25 tratamientos faciales por cartucho (esto depende de la forma en que se realiza el tratamiento, es decir, la cantidad de disparos por tratamiento facial)<\/strong><\/h3>\n<p>&nbsp;<\/p>\n<h1 style=\"text-align: center;\"><strong>Haga clic en la imagen a continuaci\u00f3n para realizar su pedido.\u00a0<\/strong><\/h1>\n<p>&nbsp;<\/p>\n<div id=\"attachment_2156\" style=\"width: 552px\" class=\"wp-caption aligncenter center\"><a href=\"https:\/\/www.paypal.com\/cgi-bin\/webscr?cmd=_s-xclick&amp;hosted_button_id=GYKNCRE5SNGD2\"><img decoding=\"async\" aria-describedby=\"caption-attachment-2156\" class=\"wp-image-2156 size-full\" src=\"http:\/\/areton-ltd.com\/wp-content\/uploads\/2017\/07\/cartridges-1-e1505528095419.jpg\" alt=\"\" width=\"542\" height=\"273\" \/><\/a><p id=\"caption-attachment-2156\" class=\"wp-caption-text\">Precio por cartucho de 5000 disparos \u00a3 249 m\u00e1s IVA. Haga clic en la imagen de arriba para realizar su pedido. Cont\u00e1ctenos inmediatamente despu\u00e9s de realizar su pedido para decirnos qu\u00e9 cartucho desea: 1,5 mm, 3,0 mm o 4,5 mm<\/p><\/div>\n<h1><\/h1>\n<h1><\/h1>\n<h1 style=\"text-align: center;\"><strong>Cartuchos vaginales de 5000 Disparos<\/strong><\/h1>\n<p>&nbsp;<\/p>\n<h4>El Estiramiento vaginal y rejuvenecimiento vaginal. Esto se hace a trav\u00e9s del software dedicado, as\u00ed como de los dos cartuchos dedicados con cabezal de 3,0 mm y 4,5 mm\u00a0 <strong>\u00a3299 m\u00e1s IVA por cartucho. Cada casco puede disparar aproximadamente 5000 tiros. Dura aproximadamente 20 tratamientos vaginales por cartucho (esto depende de la forma en que se realiza el tratamiento, es decir, la cantidad de disparos por tratamiento vaginal).\u00a0<\/strong><\/h4>\n<p>&nbsp;<\/p>\n<h1 style=\"text-align: center;\"><strong>Haga clic en la imagen a continuaci\u00f3n para realizar su pedido en l\u00ednea.\u00a0<\/strong><\/h1>\n<div id=\"attachment_2107\" style=\"width: 1440px\" class=\"wp-caption aligncenter\"><a href=\"https:\/\/www.paypal.com\/cgi-bin\/webscr?cmd=_s-xclick&amp;hosted_button_id=88YGTVQS55XV6\"><img decoding=\"async\" aria-describedby=\"caption-attachment-2107\" class=\"wp-image-2107 size-full\" src=\"http:\/\/areton-ltd.com\/wp-content\/uploads\/2017\/07\/IMG_20170713_175145-e1505528146945.jpg\" alt=\"\" width=\"1430\" height=\"851\" \/><\/a><p id=\"caption-attachment-2107\" class=\"wp-caption-text\">Precio por cartucho de 5000 disparos es de \u00a3 299 m\u00e1s IVA. Haga clic en la imagen de arriba para realizar su pedido. Cont\u00e1ctenos inmediatamente despu\u00e9s de realizar su pedido para decirnos qu\u00e9 cartucho desea: 3,0 mm o 4,5 mm.<\/p><\/div>\n<h1><\/h1>\n<h1><\/h1>\n<h1 style=\"text-align: center;\"><strong>Cartuchos de Contorno Corporal de 5000 Disparos.<\/strong><\/h1>\n<p>&nbsp;<\/p>\n<h4>El Contorno corporal y rejuvenecimiento de la piel corporal. Esto se hace a trav\u00e9s del software dedicado, as\u00ed como de los dos cartuchos dedicados con cabezal de 8,0 mm y 13,0 mm\u00a0 <strong>249 \u00a3 m\u00e1s IVA por tocado. Cada casco puede disparar aproximadamente 5000 disparos. Un total de \u00a3498 m\u00e1s IVA por cada 50 tratamientos corporales (esto depende de la forma en que se realiza el tratamiento, es decir, el n\u00famero de disparos por tratamiento corporal).<\/strong><\/h4>\n<h2 style=\"text-align: center;\"><strong>Haga clic en la imagen a continuaci\u00f3n para realizar su pedido en l\u00ednea.\u00a0<\/strong><\/h2>\n<ul>\n<li>\n<p><div id=\"attachment_2209\" style=\"width: 1010px\" class=\"wp-caption aligncenter\"><a href=\"https:\/\/www.paypal.com\/cgi-bin\/webscr?cmd=_s-xclick&amp;hosted_button_id=NXY7ZEZSFFXMQ\"><img loading=\"lazy\" decoding=\"async\" aria-describedby=\"caption-attachment-2209\" class=\"wp-image-2209 size-full\" src=\"http:\/\/areton-ltd.com\/wp-content\/uploads\/2017\/09\/Cartridges-b-font-1-5mm-3mm-4-5mm.jpg\" alt=\"\" width=\"1000\" height=\"753\" \/><\/a><p id=\"caption-attachment-2209\" class=\"wp-caption-text\">Precio por cartucho de 5000 disparos \u00a3 249 m\u00e1s IVA. Haga clic en la imagen de arriba para realizar su pedido. Cont\u00e1ctenos inmediatamente despu\u00e9s de realizar su pedido para decirnos qu\u00e9 cartucho desea: 8,0 mm o 13,0 mm<\/p><\/div><\/li>\n<\/ul>\n<p>&nbsp;<\/p>","protected":false},"excerpt":{"rendered":"<p>Los \u00fanicos consumibles para los dispositivos HIFU son los cascos ultras\u00f3nicos. Esto se debe a que el transductor de ultrasonido se desgasta con el tiempo.<\/p>","protected":false},"author":5,"featured_media":0,"parent":0,"menu_order":0,"comment_status":"closed","ping_status":"closed","template":"","meta":{"_monsterinsights_skip_tracking":false,"_monsterinsights_sitenote_active":false,"_monsterinsights_sitenote_note":"","_monsterinsights_sitenote_category":0,"footnotes":""},"class_list":["post-2207","page","type-page","status-publish","hentry"],"yoast_head":"<!-- This site is optimized with the Yoast SEO Premium plugin v22.8 (Yoast SEO v27.2) - https:\/\/yoast.com\/product\/yoast-seo-premium-wordpress\/ -->\n<title>HIFU consumables 5000 shots - Areton<\/title>\n<meta name=\"robots\" content=\"index, follow, max-snippet:-1, max-image-preview:large, max-video-preview:-1\" \/>\n<link rel=\"canonical\" href=\"https:\/\/areton-ltd.com\/es\/hifu-consumables\/\" \/>\n<meta property=\"og:locale\" content=\"es_ES\" \/>\n<meta property=\"og:type\" content=\"article\" \/>\n<meta property=\"og:title\" content=\"HIFU consumables 5000 shots\" \/>\n<meta property=\"og:description\" content=\"The only consumables for HIFU Devices are the ultrasonic headpieces. This is because the ultrasound transducer wears out over time.\" \/>\n<meta property=\"og:url\" content=\"https:\/\/areton-ltd.com\/es\/hifu-consumables\/\" \/>\n<meta property=\"og:site_name\" content=\"Areton\" \/>\n<meta property=\"article:publisher\" content=\"https:\/\/www.facebook.com\/aretonEU\/\" \/>\n<meta property=\"og:image\" content=\"http:\/\/areton-ltd.com\/wp-content\/uploads\/2017\/09\/Head-pieces.jpg\" \/>\n<meta name=\"twitter:card\" content=\"summary_large_image\" \/>\n<meta name=\"twitter:label1\" content=\"Tiempo de lectura\" \/>\n\t<meta name=\"twitter:data1\" content=\"2 minutos\" \/>\n<script type=\"application\/ld+json\" class=\"yoast-schema-graph\">{\"@context\":\"https:\/\/schema.org\",\"@graph\":[{\"@type\":\"WebPage\",\"@id\":\"https:\/\/areton-ltd.com\/es\/hifu-consumables\/\",\"url\":\"https:\/\/areton-ltd.com\/es\/hifu-consumables\/\",\"name\":\"HIFU consumables 5000 shots - Areton\",\"isPartOf\":{\"@id\":\"https:\/\/areton-ltd.com\/#website\"},\"primaryImageOfPage\":{\"@id\":\"https:\/\/areton-ltd.com\/es\/hifu-consumables\/#primaryimage\"},\"image\":{\"@id\":\"https:\/\/areton-ltd.com\/es\/hifu-consumables\/#primaryimage\"},\"thumbnailUrl\":\"http:\/\/areton-ltd.com\/wp-content\/uploads\/2017\/09\/Head-pieces.jpg\",\"datePublished\":\"2017-09-15T08:08:23+00:00\",\"breadcrumb\":{\"@id\":\"https:\/\/areton-ltd.com\/es\/hifu-consumables\/#breadcrumb\"},\"inLanguage\":\"es\",\"potentialAction\":[{\"@type\":\"ReadAction\",\"target\":[\"https:\/\/areton-ltd.com\/es\/hifu-consumables\/\"]}]},{\"@type\":\"ImageObject\",\"inLanguage\":\"es\",\"@id\":\"https:\/\/areton-ltd.com\/es\/hifu-consumables\/#primaryimage\",\"url\":\"http:\/\/areton-ltd.com\/wp-content\/uploads\/2017\/09\/Head-pieces.jpg\",\"contentUrl\":\"http:\/\/areton-ltd.com\/wp-content\/uploads\/2017\/09\/Head-pieces.jpg\"},{\"@type\":\"BreadcrumbList\",\"@id\":\"https:\/\/areton-ltd.com\/es\/hifu-consumables\/#breadcrumb\",\"itemListElement\":[{\"@type\":\"ListItem\",\"position\":1,\"name\":\"Home\",\"item\":\"https:\/\/areton-ltd.com\/\"},{\"@type\":\"ListItem\",\"position\":2,\"name\":\"HIFU consumables 5000 shots\"}]},{\"@type\":\"WebSite\",\"@id\":\"https:\/\/areton-ltd.com\/#website\",\"url\":\"https:\/\/areton-ltd.com\/\",\"name\":\"Areton LTD\",\"description\":\"Organic Skin Care &amp; Hair Care Products\",\"publisher\":{\"@id\":\"https:\/\/areton-ltd.com\/#organization\"},\"potentialAction\":[{\"@type\":\"SearchAction\",\"target\":{\"@type\":\"EntryPoint\",\"urlTemplate\":\"https:\/\/areton-ltd.com\/?s={search_term_string}\"},\"query-input\":{\"@type\":\"PropertyValueSpecification\",\"valueRequired\":true,\"valueName\":\"search_term_string\"}}],\"inLanguage\":\"es\"},{\"@type\":\"Organization\",\"@id\":\"https:\/\/areton-ltd.com\/#organization\",\"name\":\"Areton\",\"url\":\"https:\/\/areton-ltd.com\/\",\"logo\":{\"@type\":\"ImageObject\",\"inLanguage\":\"es\",\"@id\":\"https:\/\/areton-ltd.com\/#\/schema\/logo\/image\/\",\"url\":\"https:\/\/areton-ltd.com\/wp-content\/uploads\/2024\/05\/logo.png\",\"contentUrl\":\"https:\/\/areton-ltd.com\/wp-content\/uploads\/2024\/05\/logo.png\",\"width\":400,\"height\":400,\"caption\":\"Areton\"},\"image\":{\"@id\":\"https:\/\/areton-ltd.com\/#\/schema\/logo\/image\/\"},\"sameAs\":[\"https:\/\/www.facebook.com\/aretonEU\/\"],\"email\":\"info@areton-ltd.com\",\"telephone\":\"+44 7830 885825\",\"legalName\":\"Aretom LTD\",\"vatID\":\"09397231\",\"publishingPrinciples\":\"https:\/\/areton-ltd.com\/about-us\/\",\"ownershipFundingInfo\":\"https:\/\/areton-ltd.com\/about-us\/\"}]}<\/script>\n<!-- \/ Yoast SEO Premium plugin. -->","yoast_head_json":{"title":"HIFU consumables 5000 shots - Areton","robots":{"index":"index","follow":"follow","max-snippet":"max-snippet:-1","max-image-preview":"max-image-preview:large","max-video-preview":"max-video-preview:-1"},"canonical":"https:\/\/areton-ltd.com\/es\/hifu-consumables\/","og_locale":"es_ES","og_type":"article","og_title":"HIFU consumables 5000 shots","og_description":"The only consumables for HIFU Devices are the ultrasonic headpieces. This is because the ultrasound transducer wears out over time.","og_url":"https:\/\/areton-ltd.com\/es\/hifu-consumables\/","og_site_name":"Areton","article_publisher":"https:\/\/www.facebook.com\/aretonEU\/","og_image":[{"url":"http:\/\/areton-ltd.com\/wp-content\/uploads\/2017\/09\/Head-pieces.jpg","type":"","width":"","height":""}],"twitter_card":"summary_large_image","twitter_misc":{"Tiempo de lectura":"2 minutos"},"schema":{"@context":"https:\/\/schema.org","@graph":[{"@type":"WebPage","@id":"https:\/\/areton-ltd.com\/es\/hifu-consumables\/","url":"https:\/\/areton-ltd.com\/es\/hifu-consumables\/","name":"HIFU consumables 5000 shots - Areton","isPartOf":{"@id":"https:\/\/areton-ltd.com\/#website"},"primaryImageOfPage":{"@id":"https:\/\/areton-ltd.com\/es\/hifu-consumables\/#primaryimage"},"image":{"@id":"https:\/\/areton-ltd.com\/es\/hifu-consumables\/#primaryimage"},"thumbnailUrl":"http:\/\/areton-ltd.com\/wp-content\/uploads\/2017\/09\/Head-pieces.jpg","datePublished":"2017-09-15T08:08:23+00:00","breadcrumb":{"@id":"https:\/\/areton-ltd.com\/es\/hifu-consumables\/#breadcrumb"},"inLanguage":"es","potentialAction":[{"@type":"ReadAction","target":["https:\/\/areton-ltd.com\/es\/hifu-consumables\/"]}]},{"@type":"ImageObject","inLanguage":"es","@id":"https:\/\/areton-ltd.com\/es\/hifu-consumables\/#primaryimage","url":"http:\/\/areton-ltd.com\/wp-content\/uploads\/2017\/09\/Head-pieces.jpg","contentUrl":"http:\/\/areton-ltd.com\/wp-content\/uploads\/2017\/09\/Head-pieces.jpg"},{"@type":"BreadcrumbList","@id":"https:\/\/areton-ltd.com\/es\/hifu-consumables\/#breadcrumb","itemListElement":[{"@type":"ListItem","position":1,"name":"Home","item":"https:\/\/areton-ltd.com\/"},{"@type":"ListItem","position":2,"name":"HIFU consumables 5000 shots"}]},{"@type":"WebSite","@id":"https:\/\/areton-ltd.com\/#website","url":"https:\/\/areton-ltd.com\/","name":"Areton LTD","description":"Organic Skin Care &amp; Hair Care Products","publisher":{"@id":"https:\/\/areton-ltd.com\/#organization"},"potentialAction":[{"@type":"SearchAction","target":{"@type":"EntryPoint","urlTemplate":"https:\/\/areton-ltd.com\/?s={search_term_string}"},"query-input":{"@type":"PropertyValueSpecification","valueRequired":true,"valueName":"search_term_string"}}],"inLanguage":"es"},{"@type":"Organization","@id":"https:\/\/areton-ltd.com\/#organization","name":"Areton","url":"https:\/\/areton-ltd.com\/","logo":{"@type":"ImageObject","inLanguage":"es","@id":"https:\/\/areton-ltd.com\/#\/schema\/logo\/image\/","url":"https:\/\/areton-ltd.com\/wp-content\/uploads\/2024\/05\/logo.png","contentUrl":"https:\/\/areton-ltd.com\/wp-content\/uploads\/2024\/05\/logo.png","width":400,"height":400,"caption":"Areton"},"image":{"@id":"https:\/\/areton-ltd.com\/#\/schema\/logo\/image\/"},"sameAs":["https:\/\/www.facebook.com\/aretonEU\/"],"email":"info@areton-ltd.com","telephone":"+44 7830 885825","legalName":"Aretom LTD","vatID":"09397231","publishingPrinciples":"https:\/\/areton-ltd.com\/about-us\/","ownershipFundingInfo":"https:\/\/areton-ltd.com\/about-us\/"}]}},"_links":{"self":[{"href":"https:\/\/areton-ltd.com\/es\/wp-json\/wp\/v2\/pages\/2207","targetHints":{"allow":["GET"]}}],"collection":[{"href":"https:\/\/areton-ltd.com\/es\/wp-json\/wp\/v2\/pages"}],"about":[{"href":"https:\/\/areton-ltd.com\/es\/wp-json\/wp\/v2\/types\/page"}],"author":[{"embeddable":true,"href":"https:\/\/areton-ltd.com\/es\/wp-json\/wp\/v2\/users\/5"}],"replies":[{"embeddable":true,"href":"https:\/\/areton-ltd.com\/es\/wp-json\/wp\/v2\/comments?post=2207"}],"version-history":[{"count":0,"href":"https:\/\/areton-ltd.com\/es\/wp-json\/wp\/v2\/pages\/2207\/revisions"}],"wp:attachment":[{"href":"https:\/\/areton-ltd.com\/es\/wp-json\/wp\/v2\/media?parent=2207"}],"curies":[{"name":"wp","href":"https:\/\/api.w.org\/{rel}","templated":true}]}}