{"id":1916,"date":"2017-07-07T02:11:02","date_gmt":"2017-07-07T02:11:02","guid":{"rendered":"http:\/\/areton-ltd.com\/?page_id=1916"},"modified":"2024-02-02T07:41:23","modified_gmt":"2024-02-02T07:41:23","slug":"multi-line-hifu","status":"publish","type":"page","link":"https:\/\/areton-ltd.com\/es\/multi-line-hifu\/","title":{"rendered":"HIFU multil\u00ednea"},"content":{"rendered":"<div data-elementor-type=\"wp-page\" data-elementor-id=\"1916\" class=\"elementor elementor-1916\">\n\t\t\t\t<div class=\"elementor-element elementor-element-44bf4d12 e-flex e-con-boxed wpr-particle-no wpr-jarallax-no wpr-parallax-no wpr-sticky-section-no e-con e-parent\" data-id=\"44bf4d12\" data-element_type=\"container\" data-e-type=\"container\" data-settings=\"{&quot;ekit_has_onepagescroll_dot&quot;:&quot;yes&quot;}\">\n\t\t\t\t\t<div class=\"e-con-inner\">\n\t\t\t\t<div class=\"elementor-element elementor-element-5e1a3a18 color-scheme-inherit text-left elementor-widget elementor-widget-text-editor\" data-id=\"5e1a3a18\" data-element_type=\"widget\" data-e-type=\"widget\" data-settings=\"{&quot;ekit_we_effect_on&quot;:&quot;none&quot;}\" data-widget_type=\"text-editor.default\">\n\t\t\t\t<div class=\"elementor-widget-container\">\n\t\t\t\t\t\t\t\t\t<p>\u00a0<\/p><h1 style=\"text-align: center;\"><b>El Areton <\/b><span style=\"color: #000000;\"><b>Multil\u00ednea<\/b><\/span><b>\u00a0HIFU<\/b><\/h1><div id=\"attachment_2549\" style=\"width: 580px\" class=\"wp-caption aligncenter center\"><img fetchpriority=\"high\" decoding=\"async\" aria-describedby=\"caption-attachment-2549\" class=\"wp-image-2549 size-full\" src=\"http:\/\/areton-ltd.com\/wp-content\/uploads\/2017\/07\/ok-e1510610554637.png\" alt=\"\" width=\"570\" height=\"118\" \/><p id=\"caption-attachment-2549\" class=\"wp-caption-text\">El HIFU tradicional (a la derecha) s\u00f3lo puede disparar una l\u00ednea a la vez. El HIFU multil\u00ednea de Areton puede disparar varias l\u00edneas a la vez.<\/p><\/div><p>\u00a0<\/p><h3 style=\"text-align: center;\"><strong>Lo \u00faltimo en HIFU para el rostro y el cuerpo. Este nuevo dispositivo compacto permite al profesional de la est\u00e9tica trabajar de forma m\u00e1s eficaz y con mayor velocidad que los HIFU tradicionales de una sola l\u00ednea.<\/strong><\/h3><p><iframe title=\"Areton Multiline HIFU\" width=\"500\" height=\"281\" src=\"https:\/\/www.youtube.com\/embed\/LWTPlqlpBpI?feature=oembed\" frameborder=\"0\" allow=\"accelerometer; autoplay; clipboard-write; encrypted-media; gyroscope; picture-in-picture; web-share\" referrerpolicy=\"strict-origin-when-cross-origin\" allowfullscreen><\/iframe><\/p><p>\u00a0<\/p><h2 style=\"text-align: center;\">El Precio de este Dispositivo para Europa Continental es de 5980 Euros M\u00e1s 20% IVA y m\u00e1s Empaque y Entrega.<\/h2><p><a href=\"https:\/\/www.paypal.com\/cgi-bin\/webscr?cmd=_s-xclick&amp;hosted_button_id=2VSD5254X856W\"><img decoding=\"async\" class=\"aligncenter wp-image-3707 size-full\" src=\"https:\/\/areton-ltd.com\/wp-content\/uploads\/2019\/02\/buy-now.png\" alt=\"\" width=\"355\" height=\"228\" \/><\/a><\/p><h2 style=\"text-align: center;\">Cartuchos incluidos como en esta oferta con profundidades de penetraci\u00f3n de 3,0 mm, 4,5 mm, 8,0 mm y 13 mm.<\/h2><h2 style=\"text-align: center;\">Los cartuchos con profundidades de 1,5 mm, 6,0 mm y 10,0 mm tambi\u00e9n se pueden comprar por separado.<\/h2><p>\u00a0<\/p><h2 style=\"text-align: center;\">Para obtener una capacitaci\u00f3n, consulte los siguientes videos de capacitaci\u00f3n. Todos nuestros clientes tambi\u00e9n tendr\u00e1n la acreditaci\u00f3n de Areton Training Online despu\u00e9s de aprobar nuestras pruebas en l\u00ednea.<\/h2><p>\u00a0<\/p><p><iframe src=\"https:\/\/www.youtube.com\/embed\/CncaoTH9vxs?rel=0&amp;controls=0\" width=\"860\" height=\"425\" frameborder=\"0\" allowfullscreen=\"allowfullscreen\"><span data-mce-type=\"bookmark\" style=\"display: inline-block; width: 0px; overflow: hidden; line-height: 0;\" class=\"mce_SELRES_start\"><\/span><\/iframe><\/p><p>\u00a0<\/p><h3 style=\"text-align: center;\">Este nuevo dise\u00f1o permite al operador reducir dr\u00e1sticamente el tiempo de tratamiento, ya que un solo disparo puede producir varias l\u00edneas. Por lo tanto, con este dispositivo, su empresa tiene una ventaja competitiva frente a otras cl\u00ednicas que operan unidades m\u00e1s caras y no actualizadas.<\/h3><p><iframe src=\"https:\/\/www.youtube.com\/embed\/yvUqHo-CaDg?rel=0\" width=\"860\" height=\"425\" frameborder=\"0\" allowfullscreen=\"allowfullscreen\"><span data-mce-type=\"bookmark\" style=\"display: inline-block; width: 0px; overflow: hidden; line-height: 0;\" class=\"mce_SELRES_start\"><\/span><\/iframe><\/p><h3>Las profundidades de penetraci\u00f3n ofrecidas son adecuadas tanto para el lifting facial como para el cuerpo<\/h3><p><iframe src=\"https:\/\/www.youtube.com\/embed\/Jjfc-fDb1H8\" width=\"860\" height=\"425\" frameborder=\"0\" allowfullscreen=\"allowfullscreen\"><\/iframe><\/p><p>\u00a0<\/p><h3 style=\"text-align: center;\">Este dispositivo ha sido dise\u00f1ado para ser port\u00e1til y liviano. Usted dispone de cartuchos est\u00e1ndar de 3,5 mm y 4,5 mm para tratamientos faciales.<\/h3><p><iframe src=\"https:\/\/www.youtube.com\/embed\/1lxbwOA5_64?rel=0\" width=\"860\" height=\"425\" frameborder=\"0\" allowfullscreen=\"allowfullscreen\"><\/iframe><br \/><iframe src=\"https:\/\/www.youtube.com\/embed\/fsQB4TKHqlI\" width=\"860\" height=\"425\" frameborder=\"0\" allowfullscreen=\"allowfullscreen\"><\/iframe><\/p><ol><li>El dispositivo HIFU con capacidad de hasta 275 puntos por disparo en m\u00faltiples l\u00edneas.<\/li><li>Los cartuchos est\u00e1ndar: 3,0 mm y 4,5 mm, 8,0 mm y 13,0 mm (el cartucho del cuerpo es opcional). Cada cartucho dispara hasta 10000 l\u00edneas. 275 puntos por disparo en varias l\u00edneas.<\/li><li>Los cartuchos opcionales que puede elegir entre cartuchos de contorno corporal de 6,0 mm, 10 mm y 16 mm.<\/li><\/ol><p><iframe src=\"https:\/\/www.youtube.com\/embed\/bXCdlYK1oXk?rel=0\" width=\"860\" height=\"425\" frameborder=\"0\" allowfullscreen=\"allowfullscreen\"><\/iframe><br \/><iframe src=\"https:\/\/www.youtube.com\/embed\/wyJfXCTdqj8\" width=\"853\" height=\"480\" frameborder=\"0\" allowfullscreen=\"allowfullscreen\"><\/iframe><\/p>\t\t\t\t\t\t\t\t<\/div>\n\t\t\t\t<\/div>\n\t\t\t\t\t<\/div>\n\t\t\t\t<\/div>\n\t\t\t\t<\/div>","protected":false},"excerpt":{"rendered":"<p>\u00a0 The Areton Multi-Line\u00a0HIFU \u00a0 The Latest Face and Body HIFU. This New Compact Device Allows the Aesthetic Practitioner to<\/p>","protected":false},"author":5,"featured_media":0,"parent":0,"menu_order":0,"comment_status":"closed","ping_status":"closed","template":"","meta":{"_monsterinsights_skip_tracking":false,"_monsterinsights_sitenote_active":false,"_monsterinsights_sitenote_note":"","_monsterinsights_sitenote_category":0,"footnotes":""},"class_list":["post-1916","page","type-page","status-publish","hentry"],"yoast_head":"<!-- This site is optimized with the Yoast SEO Premium plugin v22.8 (Yoast SEO v27.2) - https:\/\/yoast.com\/product\/yoast-seo-premium-wordpress\/ -->\n<title>Multi Line HIFU - Areton<\/title>\n<meta name=\"robots\" content=\"index, follow, max-snippet:-1, max-image-preview:large, max-video-preview:-1\" \/>\n<link rel=\"canonical\" href=\"https:\/\/areton-ltd.com\/es\/multi-line-hifu\/\" \/>\n<meta property=\"og:locale\" content=\"es_ES\" \/>\n<meta property=\"og:type\" content=\"article\" \/>\n<meta property=\"og:title\" content=\"Multi Line HIFU\" \/>\n<meta property=\"og:description\" content=\"\u00a0 The Areton Multi-Line\u00a0HIFU \u00a0 The Latest Face and Body HIFU. This New Compact Device Allows the Aesthetic Practitioner to\" \/>\n<meta property=\"og:url\" content=\"https:\/\/areton-ltd.com\/es\/multi-line-hifu\/\" \/>\n<meta property=\"og:site_name\" content=\"Areton\" \/>\n<meta property=\"article:publisher\" content=\"https:\/\/www.facebook.com\/aretonEU\/\" \/>\n<meta property=\"article:modified_time\" content=\"2024-02-02T07:41:23+00:00\" \/>\n<meta property=\"og:image\" content=\"http:\/\/areton-ltd.com\/wp-content\/uploads\/2017\/07\/ok-e1510610554637.png\" \/>\n<meta name=\"twitter:card\" content=\"summary_large_image\" \/>\n<meta name=\"twitter:label1\" content=\"Tiempo de lectura\" \/>\n\t<meta name=\"twitter:data1\" content=\"1 minuto\" \/>\n<script type=\"application\/ld+json\" class=\"yoast-schema-graph\">{\"@context\":\"https:\/\/schema.org\",\"@graph\":[{\"@type\":\"WebPage\",\"@id\":\"https:\/\/areton-ltd.com\/multi-line-hifu\/\",\"url\":\"https:\/\/areton-ltd.com\/multi-line-hifu\/\",\"name\":\"Multi Line HIFU - Areton\",\"isPartOf\":{\"@id\":\"https:\/\/areton-ltd.com\/#website\"},\"primaryImageOfPage\":{\"@id\":\"https:\/\/areton-ltd.com\/multi-line-hifu\/#primaryimage\"},\"image\":{\"@id\":\"https:\/\/areton-ltd.com\/multi-line-hifu\/#primaryimage\"},\"thumbnailUrl\":\"http:\/\/areton-ltd.com\/wp-content\/uploads\/2017\/07\/ok-e1510610554637.png\",\"datePublished\":\"2017-07-07T02:11:02+00:00\",\"dateModified\":\"2024-02-02T07:41:23+00:00\",\"breadcrumb\":{\"@id\":\"https:\/\/areton-ltd.com\/multi-line-hifu\/#breadcrumb\"},\"inLanguage\":\"es\",\"potentialAction\":[{\"@type\":\"ReadAction\",\"target\":[\"https:\/\/areton-ltd.com\/multi-line-hifu\/\"]}]},{\"@type\":\"ImageObject\",\"inLanguage\":\"es\",\"@id\":\"https:\/\/areton-ltd.com\/multi-line-hifu\/#primaryimage\",\"url\":\"http:\/\/areton-ltd.com\/wp-content\/uploads\/2017\/07\/ok-e1510610554637.png\",\"contentUrl\":\"http:\/\/areton-ltd.com\/wp-content\/uploads\/2017\/07\/ok-e1510610554637.png\"},{\"@type\":\"BreadcrumbList\",\"@id\":\"https:\/\/areton-ltd.com\/multi-line-hifu\/#breadcrumb\",\"itemListElement\":[{\"@type\":\"ListItem\",\"position\":1,\"name\":\"Home\",\"item\":\"https:\/\/areton-ltd.com\/\"},{\"@type\":\"ListItem\",\"position\":2,\"name\":\"Multi Line HIFU\"}]},{\"@type\":\"WebSite\",\"@id\":\"https:\/\/areton-ltd.com\/#website\",\"url\":\"https:\/\/areton-ltd.com\/\",\"name\":\"Areton LTD\",\"description\":\"Organic Skin Care &amp; Hair Care Products\",\"publisher\":{\"@id\":\"https:\/\/areton-ltd.com\/#organization\"},\"potentialAction\":[{\"@type\":\"SearchAction\",\"target\":{\"@type\":\"EntryPoint\",\"urlTemplate\":\"https:\/\/areton-ltd.com\/?s={search_term_string}\"},\"query-input\":{\"@type\":\"PropertyValueSpecification\",\"valueRequired\":true,\"valueName\":\"search_term_string\"}}],\"inLanguage\":\"es\"},{\"@type\":\"Organization\",\"@id\":\"https:\/\/areton-ltd.com\/#organization\",\"name\":\"Areton\",\"url\":\"https:\/\/areton-ltd.com\/\",\"logo\":{\"@type\":\"ImageObject\",\"inLanguage\":\"es\",\"@id\":\"https:\/\/areton-ltd.com\/#\/schema\/logo\/image\/\",\"url\":\"https:\/\/areton-ltd.com\/wp-content\/uploads\/2024\/05\/logo.png\",\"contentUrl\":\"https:\/\/areton-ltd.com\/wp-content\/uploads\/2024\/05\/logo.png\",\"width\":400,\"height\":400,\"caption\":\"Areton\"},\"image\":{\"@id\":\"https:\/\/areton-ltd.com\/#\/schema\/logo\/image\/\"},\"sameAs\":[\"https:\/\/www.facebook.com\/aretonEU\/\"],\"email\":\"info@areton-ltd.com\",\"telephone\":\"+44 7830 885825\",\"legalName\":\"Aretom LTD\",\"vatID\":\"09397231\",\"publishingPrinciples\":\"https:\/\/areton-ltd.com\/about-us\/\",\"ownershipFundingInfo\":\"https:\/\/areton-ltd.com\/about-us\/\"}]}<\/script>\n<!-- \/ Yoast SEO Premium plugin. -->","yoast_head_json":{"title":"Multi Line HIFU - Areton","robots":{"index":"index","follow":"follow","max-snippet":"max-snippet:-1","max-image-preview":"max-image-preview:large","max-video-preview":"max-video-preview:-1"},"canonical":"https:\/\/areton-ltd.com\/es\/multi-line-hifu\/","og_locale":"es_ES","og_type":"article","og_title":"Multi Line HIFU","og_description":"\u00a0 The Areton Multi-Line\u00a0HIFU \u00a0 The Latest Face and Body HIFU. This New Compact Device Allows the Aesthetic Practitioner to","og_url":"https:\/\/areton-ltd.com\/es\/multi-line-hifu\/","og_site_name":"Areton","article_publisher":"https:\/\/www.facebook.com\/aretonEU\/","article_modified_time":"2024-02-02T07:41:23+00:00","og_image":[{"url":"http:\/\/areton-ltd.com\/wp-content\/uploads\/2017\/07\/ok-e1510610554637.png","type":"","width":"","height":""}],"twitter_card":"summary_large_image","twitter_misc":{"Tiempo de lectura":"1 minuto"},"schema":{"@context":"https:\/\/schema.org","@graph":[{"@type":"WebPage","@id":"https:\/\/areton-ltd.com\/multi-line-hifu\/","url":"https:\/\/areton-ltd.com\/multi-line-hifu\/","name":"Multi Line HIFU - Areton","isPartOf":{"@id":"https:\/\/areton-ltd.com\/#website"},"primaryImageOfPage":{"@id":"https:\/\/areton-ltd.com\/multi-line-hifu\/#primaryimage"},"image":{"@id":"https:\/\/areton-ltd.com\/multi-line-hifu\/#primaryimage"},"thumbnailUrl":"http:\/\/areton-ltd.com\/wp-content\/uploads\/2017\/07\/ok-e1510610554637.png","datePublished":"2017-07-07T02:11:02+00:00","dateModified":"2024-02-02T07:41:23+00:00","breadcrumb":{"@id":"https:\/\/areton-ltd.com\/multi-line-hifu\/#breadcrumb"},"inLanguage":"es","potentialAction":[{"@type":"ReadAction","target":["https:\/\/areton-ltd.com\/multi-line-hifu\/"]}]},{"@type":"ImageObject","inLanguage":"es","@id":"https:\/\/areton-ltd.com\/multi-line-hifu\/#primaryimage","url":"http:\/\/areton-ltd.com\/wp-content\/uploads\/2017\/07\/ok-e1510610554637.png","contentUrl":"http:\/\/areton-ltd.com\/wp-content\/uploads\/2017\/07\/ok-e1510610554637.png"},{"@type":"BreadcrumbList","@id":"https:\/\/areton-ltd.com\/multi-line-hifu\/#breadcrumb","itemListElement":[{"@type":"ListItem","position":1,"name":"Home","item":"https:\/\/areton-ltd.com\/"},{"@type":"ListItem","position":2,"name":"Multi Line HIFU"}]},{"@type":"WebSite","@id":"https:\/\/areton-ltd.com\/#website","url":"https:\/\/areton-ltd.com\/","name":"Areton LTD","description":"Organic Skin Care &amp; Hair Care Products","publisher":{"@id":"https:\/\/areton-ltd.com\/#organization"},"potentialAction":[{"@type":"SearchAction","target":{"@type":"EntryPoint","urlTemplate":"https:\/\/areton-ltd.com\/?s={search_term_string}"},"query-input":{"@type":"PropertyValueSpecification","valueRequired":true,"valueName":"search_term_string"}}],"inLanguage":"es"},{"@type":"Organization","@id":"https:\/\/areton-ltd.com\/#organization","name":"Areton","url":"https:\/\/areton-ltd.com\/","logo":{"@type":"ImageObject","inLanguage":"es","@id":"https:\/\/areton-ltd.com\/#\/schema\/logo\/image\/","url":"https:\/\/areton-ltd.com\/wp-content\/uploads\/2024\/05\/logo.png","contentUrl":"https:\/\/areton-ltd.com\/wp-content\/uploads\/2024\/05\/logo.png","width":400,"height":400,"caption":"Areton"},"image":{"@id":"https:\/\/areton-ltd.com\/#\/schema\/logo\/image\/"},"sameAs":["https:\/\/www.facebook.com\/aretonEU\/"],"email":"info@areton-ltd.com","telephone":"+44 7830 885825","legalName":"Aretom LTD","vatID":"09397231","publishingPrinciples":"https:\/\/areton-ltd.com\/about-us\/","ownershipFundingInfo":"https:\/\/areton-ltd.com\/about-us\/"}]}},"_links":{"self":[{"href":"https:\/\/areton-ltd.com\/es\/wp-json\/wp\/v2\/pages\/1916","targetHints":{"allow":["GET"]}}],"collection":[{"href":"https:\/\/areton-ltd.com\/es\/wp-json\/wp\/v2\/pages"}],"about":[{"href":"https:\/\/areton-ltd.com\/es\/wp-json\/wp\/v2\/types\/page"}],"author":[{"embeddable":true,"href":"https:\/\/areton-ltd.com\/es\/wp-json\/wp\/v2\/users\/5"}],"replies":[{"embeddable":true,"href":"https:\/\/areton-ltd.com\/es\/wp-json\/wp\/v2\/comments?post=1916"}],"version-history":[{"count":3,"href":"https:\/\/areton-ltd.com\/es\/wp-json\/wp\/v2\/pages\/1916\/revisions"}],"predecessor-version":[{"id":16692,"href":"https:\/\/areton-ltd.com\/es\/wp-json\/wp\/v2\/pages\/1916\/revisions\/16692"}],"wp:attachment":[{"href":"https:\/\/areton-ltd.com\/es\/wp-json\/wp\/v2\/media?parent=1916"}],"curies":[{"name":"wp","href":"https:\/\/api.w.org\/{rel}","templated":true}]}}