{"id":1864,"date":"2017-07-02T07:32:17","date_gmt":"2017-07-02T07:32:17","guid":{"rendered":"http:\/\/areton-ltd.com\/?page_id=1864"},"modified":"2017-07-02T07:32:17","modified_gmt":"2017-07-02T07:32:17","slug":"rf-microneedler-rental","status":"publish","type":"page","link":"https:\/\/areton-ltd.com\/es\/rf-microneedler-rental\/","title":{"rendered":"Alquiler de la microaguja de Radiofrecuencia"},"content":{"rendered":"<h1><\/h1>\n<h1 style=\"text-align: center;\">En el Reino Unido, hemos facilitado al m\u00e1ximo su trabajo con la microaguja de radiofrecuencia ultra fraccional de Arteon.<\/h1>\n<h1 style=\"text-align: center;\">Pagos mensuales s\u00f3lo \u00a3360 IVA incluido.<\/h1>\n<p><img fetchpriority=\"high\" decoding=\"async\" class=\"aligncenter size-full wp-image-1905\" src=\"http:\/\/areton-ltd.com\/wp-content\/uploads\/2017\/07\/areton-RF-microneeder2.jpg\" alt=\"\" width=\"713\" height=\"375\" \/><\/p>\n<h4 style=\"text-align: center;\">Si su empresa tiene su sede en el Reino Unido y se dedica al negocio de la est\u00e9tica, ahora puede alquilar la microaguja de radiofrecuencia ultra-fraccional de Areton en lugar de comprarlo directamente. Esta es la soluci\u00f3n perfecta si desea probar el dispositivo sin comprometerse con un alto gasto de capital.<strong>\u00a0Puede quedarle con este incre\u00edble dispositivo por solo \u00a3 360 por mes calendario<\/strong><\/h4>\n<p>&nbsp;<\/p>\n<h2><\/h2>\n<h2 style=\"text-align: center;\">Ventajas<\/h2>\n<ul>\n<li><strong>Contrato m\u00ednimo de 5 meses.<\/strong><\/li>\n<li>Respetaremos cualquier garant\u00eda durante todo el per\u00edodo de alquiler. Despu\u00e9s de todo, nos interesa asegurarnos de que el dispositivo funcione y que usted mantenga el alquiler.<\/li>\n<li>Su empresa no necesitar\u00e1 asignar todos los recursos en efectivo para comprar la unidad directamente.<\/li>\n<li>Esto le permite a su empresa tener m\u00e1s dinero extra para concentrarse en sus actividades comerciales cuando m\u00e1s lo necesita.<\/li>\n<li>No es necesario pagar intereses a entidades financieras.<\/li>\n<li><\/li>\n<\/ul>\n<h2 style=\"text-align: center;\">C\u00f3mo iniciar el alquiler del dispositivo de la Microaguja de Radiofrecuencia Fraccional Ultra de Areton. Primero inicie los pagos mensuales automatizados a trav\u00e9s de Paypal haciendo clic en el bot\u00f3n a continuaci\u00f3n y siga los pasos descritos por PayPal. Los primeros 5 meses de alquiler cuestan \u00a3 360 x 5 meses = \u00a3 1800, + IVA incluido.<\/h2>\n<h3><\/h3>\n<h3><\/h3>\n<div id=\"attachment_632\" style=\"width: 440px\" class=\"wp-caption aligncenter centre center\"><a href=\"https:\/\/www.paypal.com\/cgi-bin\/webscr?cmd=_s-xclick&amp;hosted_button_id=9BL34XKA32TSE\"><img decoding=\"async\" aria-describedby=\"caption-attachment-632\" class=\"wp-image-632 size-full\" src=\"https:\/\/areton-ltd.com\/wp-content\/uploads\/2018\/08\/monthly-payments.jpg\" width=\"430\" height=\"189\" \/><\/a><p id=\"caption-attachment-632\" class=\"wp-caption-text\">Haga clic en este enlace para suscribirse al pago mensual de \u00a3 360 y pagar el per\u00edodo m\u00ednimo de alquiler de 5 meses. La suscripci\u00f3n finalizar\u00e1 tan pronto como recibamos su unidad despu\u00e9s del alquiler m\u00ednimo de 5 meses. Una vez que haya realizado el pago, espere al menos 4 semanas para recibir el dispositivo. Si va a alquilar el dispositivo para un evento o trabajo en particular, aseg\u00farese de contratarlo con suficiente antelaci\u00f3n para asegurarse de tener el juego completo a tiempo.<\/p><\/div>\n<h3><\/h3>\n<h2 style=\"text-align: center;\"><\/h2>\n<p>&nbsp;<\/p>\n<h3><\/h3>\n<h3 style=\"text-align: center;\">T\u00e9rminos clave:<\/h3>\n<ul>\n<li>Las Sociedades limitadas del Reino Unido e independientes del Reino Unido \u00fanicamente.<\/li>\n<li><strong>Pagos mensuales posteriores 360 GBP IVA INCLUIDO.<\/strong><\/li>\n<li>Sin dep\u00f3sitos.<\/li>\n<li>Plazo m\u00ednimo de 5 meses <strong>Sin compromisos.<\/strong><\/li>\n<li>El precio no incluye consumibles (puntas desechables) ni mantenimiento de rutina.<\/li>\n<\/ul>\n<p>&nbsp;<\/p>\n<p>&nbsp;<\/p>\n<p><strong>Tenga en cuenta que este precio no cubre el costo de ning\u00fan consumible. Para conocer los precios de los consumibles, HAGA CLIC AQU\u00cd.<\/strong><\/p>\n<p><strong>Si tiene alguna pregunta, no dude en contactarnos.<\/strong><\/p>\n<p>&nbsp;<\/p>","protected":false},"excerpt":{"rendered":"<p>In the UK we have made it as easy as possible for your work with the Areton Ultra Fractional Radio<\/p>","protected":false},"author":5,"featured_media":0,"parent":0,"menu_order":0,"comment_status":"closed","ping_status":"closed","template":"","meta":{"_monsterinsights_skip_tracking":false,"_monsterinsights_sitenote_active":false,"_monsterinsights_sitenote_note":"","_monsterinsights_sitenote_category":0,"footnotes":""},"class_list":["post-1864","page","type-page","status-publish","hentry"],"yoast_head":"<!-- This site is optimized with the Yoast SEO Premium plugin v22.8 (Yoast SEO v27.2) - https:\/\/yoast.com\/product\/yoast-seo-premium-wordpress\/ -->\n<title>RF Microneedler Rental - Areton<\/title>\n<meta name=\"robots\" content=\"index, follow, max-snippet:-1, max-image-preview:large, max-video-preview:-1\" \/>\n<link rel=\"canonical\" href=\"https:\/\/areton-ltd.com\/es\/rf-microneedler-rental\/\" \/>\n<meta property=\"og:locale\" content=\"es_ES\" \/>\n<meta property=\"og:type\" content=\"article\" \/>\n<meta property=\"og:title\" content=\"RF Microneedler Rental\" \/>\n<meta property=\"og:description\" content=\"In the UK we have made it as easy as possible for your work with the Areton Ultra Fractional Radio\" \/>\n<meta property=\"og:url\" content=\"https:\/\/areton-ltd.com\/es\/rf-microneedler-rental\/\" \/>\n<meta property=\"og:site_name\" content=\"Areton\" \/>\n<meta property=\"article:publisher\" content=\"https:\/\/www.facebook.com\/aretonEU\/\" \/>\n<meta property=\"og:image\" content=\"http:\/\/areton-ltd.com\/wp-content\/uploads\/2017\/07\/areton-RF-microneeder2.jpg\" \/>\n<meta name=\"twitter:card\" content=\"summary_large_image\" \/>\n<meta name=\"twitter:label1\" content=\"Tiempo de lectura\" \/>\n\t<meta name=\"twitter:data1\" content=\"2 minutos\" \/>\n<script type=\"application\/ld+json\" class=\"yoast-schema-graph\">{\"@context\":\"https:\/\/schema.org\",\"@graph\":[{\"@type\":\"WebPage\",\"@id\":\"https:\/\/areton-ltd.com\/es\/rf-microneedler-rental\/\",\"url\":\"https:\/\/areton-ltd.com\/es\/rf-microneedler-rental\/\",\"name\":\"RF Microneedler Rental - Areton\",\"isPartOf\":{\"@id\":\"https:\/\/areton-ltd.com\/#website\"},\"primaryImageOfPage\":{\"@id\":\"https:\/\/areton-ltd.com\/es\/rf-microneedler-rental\/#primaryimage\"},\"image\":{\"@id\":\"https:\/\/areton-ltd.com\/es\/rf-microneedler-rental\/#primaryimage\"},\"thumbnailUrl\":\"http:\/\/areton-ltd.com\/wp-content\/uploads\/2017\/07\/areton-RF-microneeder2.jpg\",\"datePublished\":\"2017-07-02T07:32:17+00:00\",\"breadcrumb\":{\"@id\":\"https:\/\/areton-ltd.com\/es\/rf-microneedler-rental\/#breadcrumb\"},\"inLanguage\":\"es\",\"potentialAction\":[{\"@type\":\"ReadAction\",\"target\":[\"https:\/\/areton-ltd.com\/es\/rf-microneedler-rental\/\"]}]},{\"@type\":\"ImageObject\",\"inLanguage\":\"es\",\"@id\":\"https:\/\/areton-ltd.com\/es\/rf-microneedler-rental\/#primaryimage\",\"url\":\"http:\/\/areton-ltd.com\/wp-content\/uploads\/2017\/07\/areton-RF-microneeder2.jpg\",\"contentUrl\":\"http:\/\/areton-ltd.com\/wp-content\/uploads\/2017\/07\/areton-RF-microneeder2.jpg\"},{\"@type\":\"BreadcrumbList\",\"@id\":\"https:\/\/areton-ltd.com\/es\/rf-microneedler-rental\/#breadcrumb\",\"itemListElement\":[{\"@type\":\"ListItem\",\"position\":1,\"name\":\"Home\",\"item\":\"https:\/\/areton-ltd.com\/\"},{\"@type\":\"ListItem\",\"position\":2,\"name\":\"RF Microneedler Rental\"}]},{\"@type\":\"WebSite\",\"@id\":\"https:\/\/areton-ltd.com\/#website\",\"url\":\"https:\/\/areton-ltd.com\/\",\"name\":\"Areton LTD\",\"description\":\"Organic Skin Care &amp; Hair Care Products\",\"publisher\":{\"@id\":\"https:\/\/areton-ltd.com\/#organization\"},\"potentialAction\":[{\"@type\":\"SearchAction\",\"target\":{\"@type\":\"EntryPoint\",\"urlTemplate\":\"https:\/\/areton-ltd.com\/?s={search_term_string}\"},\"query-input\":{\"@type\":\"PropertyValueSpecification\",\"valueRequired\":true,\"valueName\":\"search_term_string\"}}],\"inLanguage\":\"es\"},{\"@type\":\"Organization\",\"@id\":\"https:\/\/areton-ltd.com\/#organization\",\"name\":\"Areton\",\"url\":\"https:\/\/areton-ltd.com\/\",\"logo\":{\"@type\":\"ImageObject\",\"inLanguage\":\"es\",\"@id\":\"https:\/\/areton-ltd.com\/#\/schema\/logo\/image\/\",\"url\":\"https:\/\/areton-ltd.com\/wp-content\/uploads\/2024\/05\/logo.png\",\"contentUrl\":\"https:\/\/areton-ltd.com\/wp-content\/uploads\/2024\/05\/logo.png\",\"width\":400,\"height\":400,\"caption\":\"Areton\"},\"image\":{\"@id\":\"https:\/\/areton-ltd.com\/#\/schema\/logo\/image\/\"},\"sameAs\":[\"https:\/\/www.facebook.com\/aretonEU\/\"],\"email\":\"info@areton-ltd.com\",\"telephone\":\"+44 7830 885825\",\"legalName\":\"Aretom LTD\",\"vatID\":\"09397231\",\"publishingPrinciples\":\"https:\/\/areton-ltd.com\/about-us\/\",\"ownershipFundingInfo\":\"https:\/\/areton-ltd.com\/about-us\/\"}]}<\/script>\n<!-- \/ Yoast SEO Premium plugin. -->","yoast_head_json":{"title":"RF Microneedler Rental - Areton","robots":{"index":"index","follow":"follow","max-snippet":"max-snippet:-1","max-image-preview":"max-image-preview:large","max-video-preview":"max-video-preview:-1"},"canonical":"https:\/\/areton-ltd.com\/es\/rf-microneedler-rental\/","og_locale":"es_ES","og_type":"article","og_title":"RF Microneedler Rental","og_description":"In the UK we have made it as easy as possible for your work with the Areton Ultra Fractional Radio","og_url":"https:\/\/areton-ltd.com\/es\/rf-microneedler-rental\/","og_site_name":"Areton","article_publisher":"https:\/\/www.facebook.com\/aretonEU\/","og_image":[{"url":"http:\/\/areton-ltd.com\/wp-content\/uploads\/2017\/07\/areton-RF-microneeder2.jpg","type":"","width":"","height":""}],"twitter_card":"summary_large_image","twitter_misc":{"Tiempo de lectura":"2 minutos"},"schema":{"@context":"https:\/\/schema.org","@graph":[{"@type":"WebPage","@id":"https:\/\/areton-ltd.com\/es\/rf-microneedler-rental\/","url":"https:\/\/areton-ltd.com\/es\/rf-microneedler-rental\/","name":"RF Microneedler Rental - Areton","isPartOf":{"@id":"https:\/\/areton-ltd.com\/#website"},"primaryImageOfPage":{"@id":"https:\/\/areton-ltd.com\/es\/rf-microneedler-rental\/#primaryimage"},"image":{"@id":"https:\/\/areton-ltd.com\/es\/rf-microneedler-rental\/#primaryimage"},"thumbnailUrl":"http:\/\/areton-ltd.com\/wp-content\/uploads\/2017\/07\/areton-RF-microneeder2.jpg","datePublished":"2017-07-02T07:32:17+00:00","breadcrumb":{"@id":"https:\/\/areton-ltd.com\/es\/rf-microneedler-rental\/#breadcrumb"},"inLanguage":"es","potentialAction":[{"@type":"ReadAction","target":["https:\/\/areton-ltd.com\/es\/rf-microneedler-rental\/"]}]},{"@type":"ImageObject","inLanguage":"es","@id":"https:\/\/areton-ltd.com\/es\/rf-microneedler-rental\/#primaryimage","url":"http:\/\/areton-ltd.com\/wp-content\/uploads\/2017\/07\/areton-RF-microneeder2.jpg","contentUrl":"http:\/\/areton-ltd.com\/wp-content\/uploads\/2017\/07\/areton-RF-microneeder2.jpg"},{"@type":"BreadcrumbList","@id":"https:\/\/areton-ltd.com\/es\/rf-microneedler-rental\/#breadcrumb","itemListElement":[{"@type":"ListItem","position":1,"name":"Home","item":"https:\/\/areton-ltd.com\/"},{"@type":"ListItem","position":2,"name":"RF Microneedler Rental"}]},{"@type":"WebSite","@id":"https:\/\/areton-ltd.com\/#website","url":"https:\/\/areton-ltd.com\/","name":"Areton LTD","description":"Organic Skin Care &amp; Hair Care Products","publisher":{"@id":"https:\/\/areton-ltd.com\/#organization"},"potentialAction":[{"@type":"SearchAction","target":{"@type":"EntryPoint","urlTemplate":"https:\/\/areton-ltd.com\/?s={search_term_string}"},"query-input":{"@type":"PropertyValueSpecification","valueRequired":true,"valueName":"search_term_string"}}],"inLanguage":"es"},{"@type":"Organization","@id":"https:\/\/areton-ltd.com\/#organization","name":"Areton","url":"https:\/\/areton-ltd.com\/","logo":{"@type":"ImageObject","inLanguage":"es","@id":"https:\/\/areton-ltd.com\/#\/schema\/logo\/image\/","url":"https:\/\/areton-ltd.com\/wp-content\/uploads\/2024\/05\/logo.png","contentUrl":"https:\/\/areton-ltd.com\/wp-content\/uploads\/2024\/05\/logo.png","width":400,"height":400,"caption":"Areton"},"image":{"@id":"https:\/\/areton-ltd.com\/#\/schema\/logo\/image\/"},"sameAs":["https:\/\/www.facebook.com\/aretonEU\/"],"email":"info@areton-ltd.com","telephone":"+44 7830 885825","legalName":"Aretom LTD","vatID":"09397231","publishingPrinciples":"https:\/\/areton-ltd.com\/about-us\/","ownershipFundingInfo":"https:\/\/areton-ltd.com\/about-us\/"}]}},"_links":{"self":[{"href":"https:\/\/areton-ltd.com\/es\/wp-json\/wp\/v2\/pages\/1864","targetHints":{"allow":["GET"]}}],"collection":[{"href":"https:\/\/areton-ltd.com\/es\/wp-json\/wp\/v2\/pages"}],"about":[{"href":"https:\/\/areton-ltd.com\/es\/wp-json\/wp\/v2\/types\/page"}],"author":[{"embeddable":true,"href":"https:\/\/areton-ltd.com\/es\/wp-json\/wp\/v2\/users\/5"}],"replies":[{"embeddable":true,"href":"https:\/\/areton-ltd.com\/es\/wp-json\/wp\/v2\/comments?post=1864"}],"version-history":[{"count":0,"href":"https:\/\/areton-ltd.com\/es\/wp-json\/wp\/v2\/pages\/1864\/revisions"}],"wp:attachment":[{"href":"https:\/\/areton-ltd.com\/es\/wp-json\/wp\/v2\/media?parent=1864"}],"curies":[{"name":"wp","href":"https:\/\/api.w.org\/{rel}","templated":true}]}}