{"id":1814,"date":"2017-06-19T03:53:24","date_gmt":"2017-06-19T03:53:24","guid":{"rendered":"http:\/\/areton-ltd.com\/?page_id=1814"},"modified":"2017-06-19T03:53:24","modified_gmt":"2017-06-19T03:53:24","slug":"ultrasound","status":"publish","type":"page","link":"https:\/\/areton-ltd.com\/es\/ultrasound\/","title":{"rendered":"Ultrasonido"},"content":{"rendered":"<p><a href=\"#procedures\"><strong>El motivo de los Procedimientos de P\u00e9rdida de Grasa por el Ultrasonido Localizado.<\/strong><\/a><\/p>\n<p><a href=\"#treatments\"><strong>\u00bfQu\u00e9 es la Cavitaci\u00f3n Ultras\u00f3nica y por qu\u00e9 se combina con tratamientos de Radiofrecuencia?<\/strong><\/a><\/p>\n<p><a href=\"#work\"><strong>\u00a0\u00bfC\u00f3mo funciona la cavitaci\u00f3n ultras\u00f3nica?<\/strong><\/a><\/p>\n<p><a href=\"#khz\"><strong>Los principios b\u00e1sicos de la Lipo-Cavitaci\u00f3n y por qu\u00e9 utilizar 40 KHz.<\/strong><\/a><\/p>\n<p><a href=\"#cavitation\"><strong>Radiofrecuencia tripolar utilizada junto con la cavitaci\u00f3n.<\/strong><\/a><\/p>\n<p>&nbsp;<\/p>\n<p>&nbsp;<\/p>\n<p><iframe src=\"https:\/\/www.youtube.com\/embed\/coUzGMfKC9c\" width=\"860\" height=\"425\" frameborder=\"0\" allowfullscreen=\"allowfullscreen\"><\/iframe><a name=\"procedures\"><\/a><\/p>\n<p>&nbsp;<\/p>\n<p>&nbsp;<\/p>\n<p><strong>El motivo de los Procedimientos de P\u00e9rdida de Grasa por el Ultrasonido Localizado.<\/strong><\/p>\n<p>Si est\u00e1 tratando de ponerse en forma para la pr\u00f3xima temporada de fiestas navide\u00f1as o eventos importantes, pero la dieta y el ejercicio no ayudan mucho a sus \u00e1reas problem\u00e1ticas, puede haber una raz\u00f3n. Los m\u00e9todos tradicionales de p\u00e9rdida de peso pueden hacer que su cuerpo entre en modo de conservaci\u00f3n, lo que ralentiza su metabolismo y dificulta la eliminaci\u00f3n de grasa. Afortunadamente, los avances cient\u00edficos han encontrado una manera de disminuir la grasa sin que el cuerpo entre en p\u00e1nico.<\/p>\n<p>Hay muchos procedimientos de p\u00e9rdida y reducci\u00f3n de grasa disponibles, pero algunos son m\u00e1s invasivos que otros. Sin embargo usted si ya es activo y come saludablemente, pero tiene \u00e1reas de su cuerpo que simplemente no parecen responder a la dieta y al ejercicio, la lipo-cavitaci\u00f3n puede ser una opci\u00f3n a considerar para obtener el cuerpo que desea. Es un procedimiento no invasivo que ayuda al cuerpo a liberar c\u00e9lulas grasas no deseadas con la ayuda de ondas ultras\u00f3nicas.<\/p>\n<p><img fetchpriority=\"high\" decoding=\"async\" class=\"aligncenter size-full wp-image-1732\" src=\"http:\/\/areton-ltd.com\/wp-content\/uploads\/2017\/06\/ultrasound.jpg\" alt=\"\" width=\"582\" height=\"269\" \/><\/p>\n<p>Este tipo de procedimiento no pretende sustituir una dieta saludable y ejercicio constante. \u00c9stas son la \u00fanica respuesta sostenible para mantener un buen f\u00edsico y mantenerse saludable a largo plazo. Cualquier tratamiento de cavitaci\u00f3n debe utilizarse junto con un buen r\u00e9gimen diet\u00e9tico y un estilo de vida activo.<\/p>\n<p><img decoding=\"async\" class=\"aligncenter size-full wp-image-1734\" src=\"http:\/\/areton-ltd.com\/wp-content\/uploads\/2017\/06\/ultrasound-cav.jpg\" alt=\"\" width=\"1280\" height=\"720\" \/><\/p>\n<p>La cavitaci\u00f3n ultras\u00f3nica se puede utilizar para abordar las siguientes \u00e1reas problem\u00e1ticas:<\/p>\n<ul>\n<li>Flancos del abdomen<\/li>\n<li>Muslos (alforjas, interior y exterior)<\/li>\n<li>Nalgas<\/li>\n<li>Cara (barbilla y mejillas)<\/li>\n<li>Parte superior de los brazos<\/li>\n<li>Cintura (michelines)<\/li>\n<li>Espalda (L\u00ednea de sujetador)<\/li>\n<li>Caderas (Alforjas)<\/li>\n<li>Rodillas Tobillos<\/li>\n<\/ul>\n<p><a name=\"treatments\"><\/a><\/p>\n<p>&nbsp;<\/p>\n<p>&nbsp;<\/p>\n<p><strong>Qu\u00e9 es la Cavitaci\u00f3n Ultras\u00f3nica y por qu\u00e9 se combina con tratamientos de Radiofrecuencia.<\/strong><\/p>\n<p>Este tipo de procedimiento est\u00e9tico recibe varios nombres diferentes. Cavitaci\u00f3n por Ultrasonido; Cavitaci\u00f3n; Ultra cavitaci\u00f3n; Contorno Corporal; Escultura corporal; cavitaci\u00f3n ultras\u00f3nica entre otros.<\/p>\n<p>El procedimiento de cavitaci\u00f3n por ultrasonido utiliza ultrasonido y ondas de radio para descomponer las c\u00e9lulas grasas y la celulitis sin afectar los \u00f3rganos y c\u00e9lulas cercanas. Las c\u00e9lulas grasas alteradas se procesar\u00e1n a trav\u00e9s del sistema digestivo de forma natural. A diferencia de los tratamientos quir\u00fargicos para la p\u00e9rdida de grasa, con la cavitaci\u00f3n por ultrasonido no hay dolor, cicatrices, sangrado ni riesgo de infecci\u00f3n ni tiempo de inactividad necesario para la recuperaci\u00f3n.<\/p>\n<p><img decoding=\"async\" class=\"aligncenter size-full wp-image-1725\" src=\"http:\/\/areton-ltd.com\/wp-content\/uploads\/2017\/06\/ULTRASOUND1.jpg\" alt=\"\" width=\"600\" height=\"323\" \/><\/p>\n<p>La cavitaci\u00f3n por ultrasonido es un proceso en el que el poder del ultrasonido rompe naturalmente las c\u00e9lulas grasas en un \u00e1rea localizada de tratamiento y luego permite que el cuerpo mueva naturalmente la grasa y las toxinas del \u00e1rea a trav\u00e9s del proceso de desintoxicaci\u00f3n natural del cuerpo. Cuando se combina con la radiofrecuencia (RF) Tripolar, tambi\u00e9n estira y tonifica la piel reduciendo la flacidez, las arrugas y la apariencia de la celulitis.<br \/>\n<a name=\"work\"><\/a><br \/>\n<strong>\u00a0<\/strong><\/p>\n<p>&nbsp;<\/p>\n<p><strong>\u00bfC\u00f3mo funciona la cavitaci\u00f3n ultras\u00f3nica?<\/strong><\/p>\n<p>El t\u00e9rmino \"ultras\u00f3nico\" se refiere a la frecuencia del sonido que el o\u00eddo humano no puede percibir. Una man\u00edpulo de de cavitaci\u00f3n ultras\u00f3nica (transductor) emitir\u00e1 un sonido que no podemos escuchar mientras vibra. Medimos los tiempos de vibraci\u00f3n por segundo como frecuencia del sonido y lo llamamos Hertz. Los humanos pueden o\u00edr entre 20 hercios y 20.000 hercios. No podemos escuchar nada por encima o por debajo de estos niveles. Por lo tanto, las ondas sonoras con una frecuencia superior a 20.000 hercios las llamamos ultras\u00f3nicas.<\/p>\n<p><img loading=\"lazy\" decoding=\"async\" class=\"aligncenter size-full wp-image-1802\" src=\"http:\/\/areton-ltd.com\/wp-content\/uploads\/2017\/06\/lipocavitation-1.jpg\" alt=\"\" width=\"600\" height=\"200\" \/><\/p>\n<p>La cavitaci\u00f3n ultras\u00f3nica es esencialmente un tratamiento que implica potentes ondas sonoras que se introducen en las c\u00e9lulas grasas. Generalmente es un procedimiento est\u00e9tico profesional para perder grasa que se realiza en cl\u00ednicas de est\u00e9tica y SPA. No es quir\u00fargico y no requiere anestesia y es simplemente un tratamiento est\u00e9tico no invasivo.<\/p>\n<p>&nbsp;<\/p>\n<p><img loading=\"lazy\" decoding=\"async\" class=\"aligncenter size-full wp-image-1728\" src=\"http:\/\/areton-ltd.com\/wp-content\/uploads\/2017\/06\/Ultrasonic-cavitation-howcavitationworks.jpg\" alt=\"\" width=\"591\" height=\"714\" \/><\/p>\n<p>&nbsp;<\/p>\n<p>El dispositivo de ultrasonido utilizado en la lipo-cavitaci\u00f3n se llama transductor y est\u00e1 calibrado para apuntar \u00fanicamente a las c\u00e9lulas grasas (veremos c\u00f3mo se hace esto m\u00e1s adelante en esta secci\u00f3n). Cuando las ondas ultras\u00f3nicas se dirigen hacia el \u00e1rea del tejido adiposo, rompen las membranas de las c\u00e9lulas grasas. Debido a que el dispositivo est\u00e1 calibrado para apuntar \u00fanicamente a las c\u00e9lulas grasas, no se producir\u00e1n otros da\u00f1os a los tejidos u \u00f3rganos circundantes.<\/p>\n<p><img loading=\"lazy\" decoding=\"async\" class=\"aligncenter size-full wp-image-1731\" src=\"http:\/\/areton-ltd.com\/wp-content\/uploads\/2017\/06\/ultrasound-cavitation.jpg\" alt=\"\" width=\"695\" height=\"300\" \/><\/p>\n<p>A determinadas frecuencias, las vibraciones provocadas por las ondas sonoras producen una fuerte onda de presi\u00f3n sobre las membranas de las c\u00e9lulas grasas. Normalmente una membrana de c\u00e9lulas grasas no puede soportar esta presi\u00f3n, se romper\u00e1 derramando su contenido graso. Este producto l\u00edquido sale del cuerpo a trav\u00e9s de los canales normales del metabolismo del cuerpo.<br \/>\n<a name=\"khz\"><\/a><br \/>\n<strong>Los principios b\u00e1sicos de la Lipo-Cavitaci\u00f3n y por qu\u00e9 utilizar 40 KHz.<\/strong><\/p>\n<p>Durante el procedimiento, las ondas ultras\u00f3nicas comienzan a descomponer las c\u00e9lulas grasas objetivo. Esto hace que liberen triglic\u00e9ridos y otras sustancias grasas que son un componente clave del tejido fl\u00e1cido. Durante la semana posterior a un tratamiento de la lipo-cavitaci\u00f3n, el cuerpo procesar\u00e1 el exceso de triglic\u00e9ridos y sustancias grasas mediante procesos fisiol\u00f3gicos normales. El material de desecho de las c\u00e9lulas grasas descompuestas se procesa a trav\u00e9s del h\u00edgado y se libera del cuerpo a trav\u00e9s del sudor y la eliminaci\u00f3n digestiva.<\/p>\n<p><iframe src=\"https:\/\/www.youtube.com\/embed\/vORn7DYhHC4\" width=\"860\" height=\"425\" frameborder=\"0\" allowfullscreen=\"allowfullscreen\"><\/iframe><\/p>\n<p>Como se mencion\u00f3 anteriormente, las ondas de ultrasonido de los tratamientos de lipo-cavitaci\u00f3n se dirigen \u00fanicamente a las c\u00e9lulas grasas. \u00bfC\u00f3mo es posible atacar \u00fanicamente las c\u00e9lulas grasas y descomponerlas? \u00bfPero c\u00f3mo se hace esto? La principal frecuencia operativa del transductor es la clave para saber c\u00f3mo el dispositivo de la lipo-cavitaci\u00f3n puede apuntar a las c\u00e9lulas grasas solas.<\/p>\n<p><img loading=\"lazy\" decoding=\"async\" class=\"aligncenter size-full wp-image-1743\" src=\"http:\/\/areton-ltd.com\/wp-content\/uploads\/2017\/06\/cavitation-20slimming-20machine-20penetration-20depth.png\" alt=\"\" width=\"621\" height=\"423\" \/><\/p>\n<p>Las ondas de ultrasonido de los dispositivos de la lipo-cavitaci\u00f3n normalmente est\u00e1n sintonizadas a 40 kHz, esto se debe a dos razones:<\/p>\n<ol>\n<li>40 kHz tiene la capacidad de penetrar en las capas m\u00e1s profundas de la piel y llegar a las c\u00e9lulas grasas.<\/li>\n<li>Adem\u00e1s, 40 kHz solo resuena con las c\u00e9lulas grasas sin impactar la capa superior de la piel. El calor provocado por la resonancia de las c\u00e9lulas grasas s\u00f3lo se limita al tejido adiposo y no a la piel (epidermis y dermis). En otras palabras, la epidermis y la dermis no se ven afectadas por este tipo de tratamiento ultras\u00f3nico debido a esta frecuencia en particular.<\/li>\n<\/ol>\n<p>&nbsp;<\/p>\n<p>&nbsp;<\/p>\n<p><img loading=\"lazy\" decoding=\"async\" class=\"aligncenter size-full wp-image-1726\" src=\"http:\/\/areton-ltd.com\/wp-content\/uploads\/2017\/06\/ultrasound-at-40KHz.jpg\" alt=\"\" width=\"600\" height=\"450\" \/><\/p>\n<p>&nbsp;<\/p>\n<p>Las c\u00e9lulas grasas resuenan a 40 kHz, esto significa que cuando est\u00e1n sujetas a esta frecuencia de sonido vibrar\u00e1n en conjunto con la onda de compresi\u00f3n del dispositivo de ultrasonido. El siguiente esquema le ayudar\u00e1 a comprender el concepto m\u00e1s f\u00e1cilmente.\u00a0<img loading=\"lazy\" decoding=\"async\" class=\"aligncenter size-full wp-image-1744\" src=\"http:\/\/areton-ltd.com\/wp-content\/uploads\/2017\/06\/cavitation-explained.jpg\" alt=\"\" width=\"946\" height=\"730\" \/><br \/>\n<a name=\"cavitation\"><\/a><\/p>\n<p>&nbsp;<\/p>\n<p>&nbsp;<\/p>\n<p>&nbsp;<\/p>\n<p><strong>Radiofrecuencia tripolar utilizada junto con la cavitaci\u00f3n.<\/strong><\/p>\n<p>La tecnolog\u00eda de radiofrecuencia (RF) tripolar es un tratamiento est\u00e9tico innovador, f\u00e1cil de usar y extremadamente eficiente que se combina con la cavitaci\u00f3n para brindar efectos visibles de rejuvenecimiento y estiramiento corporal y facial desde el primer tratamiento. Los dos tipos diferentes de tratamientos (cavitaci\u00f3n por ultrasonido a 40 KHz y radiofrecuencia tripolar) se combinan para ofrecer los mejores resultados posibles de contorno corporal.<\/p>\n<p><img loading=\"lazy\" decoding=\"async\" class=\"aligncenter size-full wp-image-1737\" src=\"http:\/\/areton-ltd.com\/wp-content\/uploads\/2017\/06\/RADIO-FREQUENCY-SKIN-TIGHTENING-.png\" alt=\"\" width=\"722\" height=\"407\" \/><\/p>\n<p><em>Tratamientos Tripolares de Radio Frecuencia de manera efectiva:<\/em><\/p>\n<ul>\n<li>Reducir la apariencia de l\u00edneas finas y las arrugas.<\/li>\n<li>Reafirma y rejuvenece la piel.<\/li>\n<li>Contornea la piel del rostro<\/li>\n<li>Esculpe el cuerpo y reduce los dep\u00f3sitos de grasa no deseados.<\/li>\n<li>Reduce la apariencia de la celulitis.<\/li>\n<li>Mejora la apariencia de las estr\u00edas.<\/li>\n<\/ul>\n<p><img loading=\"lazy\" decoding=\"async\" class=\"aligncenter size-full wp-image-1738\" src=\"http:\/\/areton-ltd.com\/wp-content\/uploads\/2017\/06\/tripolar-RF.jpg\" alt=\"\" width=\"1280\" height=\"720\" \/><\/p>\n<p>La radiofrecuencia tripolar proporciona sin dolor energ\u00eda de la radiofrecuencia (RF) \u00f3ptima y enfocada a la piel y a las capas de grasa subcut\u00e1nea. La energ\u00eda controlada se suministra a trav\u00e9s de tres o m\u00e1s electrodos y se limita al \u00e1rea de tratamiento. Esta entrega enfocada da como resultado mejores resultados del tratamiento de cavitaci\u00f3n por ultrasonido.<\/p>\n<p>Los tratamientos de Radiofrecuencia Tripolar permiten a los profesionales de la est\u00e9tica mejorar los resultados obtenidos con los tratamientos de Cavitaci\u00f3n. Los tratamientos corporales dirigidos reducen las c\u00e9lulas grasas de la capa de la hipodermis, ayudan a la eliminaci\u00f3n de la grasa y aceleran la regeneraci\u00f3n del col\u00e1geno y estimulan la regeneraci\u00f3n de las fibras de col\u00e1geno en la capa de la dermis.<\/p>\n<p><em>Tecnolog\u00eda superior de la tercera generaci\u00f3n.<\/em><strong><img loading=\"lazy\" decoding=\"async\" class=\"size-full wp-image-1739 aligncenter\" src=\"http:\/\/areton-ltd.com\/wp-content\/uploads\/2017\/06\/tripolar-RF2.jpg\" alt=\"\" width=\"428\" height=\"329\" \/><\/strong><\/p>\n<p>Dado que las tecnolog\u00edas de Radiofrecuencia monopolar de primera generaci\u00f3n y bipolar de segunda generaci\u00f3n no est\u00e1n enfocadas, generalmente requieren mucha m\u00e1s energ\u00eda para lograr resultados que calientan la piel que est\u00e1 cerca de los electrodos. Esto a veces causa malestar y otras veces dolor.<\/p>\n<p>&nbsp;<\/p>\n<p><em>Trate las \u00e1reas delicadas.<\/em><\/p>\n<p>La tecnolog\u00eda tripolar permite el tratamiento de l\u00edneas finas y zonas muy delicadas del rostro sin provocar da\u00f1os ni dolor. Estas incluyen \u00e1reas alrededor de los labios (perioral) y alrededor de los ojos (periorbitaria).<\/p>\n<p>&nbsp;<\/p>\n<p><em>Regeneraci\u00f3n de col\u00e1geno inducida por la Radiofrecuencia.<\/em><\/p>\n<p>Las fibras el\u00e1sticas de la piel, el col\u00e1geno y la elastina, son producidas por fibroblastos. A medida que se calientan, se contraen y las hebras de col\u00e1geno se acercan, lo que da como resultado una piel estirada inmediatamente. El efecto de calentamiento profundo, a su vez, acelera el metabolismo de las c\u00e9lulas grasas para aumentar la regeneraci\u00f3n del col\u00e1geno durante todo el tratamiento. El resultado deseado: una piel m\u00e1s tersa y de aspecto m\u00e1s joven de forma inmediata y una remodelaci\u00f3n cut\u00e1nea a largo plazo.<\/p>\n<p>&nbsp;<\/p>\n<p><em>Reducci\u00f3n de grasas mediante la reabsorci\u00f3n<\/em><\/p>\n<p>Calentar las c\u00e9lulas grasas acelera el metabolismo y hace que se encojan. El aumento de temperatura obliga a las c\u00e9lulas grasas a secretar \u00e1cidos grasos (grasa l\u00edquida), que se eliminan a trav\u00e9s de la sangre y el sistema linf\u00e1tico. El resultado deseado: reducci\u00f3n de la grasa y la circunferencia y minimizaci\u00f3n de la apariencia de la celulitis.<\/p>","protected":false},"excerpt":{"rendered":"<p>The reason for Localised Ultrasonic Fat Loss Procedures. What is Ultrasonic Cavitation and why it is combined with Radio Frequency<\/p>","protected":false},"author":5,"featured_media":0,"parent":0,"menu_order":0,"comment_status":"closed","ping_status":"closed","template":"","meta":{"_monsterinsights_skip_tracking":false,"_monsterinsights_sitenote_active":false,"_monsterinsights_sitenote_note":"","_monsterinsights_sitenote_category":0,"footnotes":""},"class_list":["post-1814","page","type-page","status-publish","hentry"],"yoast_head":"<!-- This site is optimized with the Yoast SEO Premium plugin v22.8 (Yoast SEO v27.2) - https:\/\/yoast.com\/product\/yoast-seo-premium-wordpress\/ -->\n<title>Ultrasound - Areton<\/title>\n<meta name=\"robots\" content=\"index, follow, max-snippet:-1, max-image-preview:large, max-video-preview:-1\" \/>\n<link rel=\"canonical\" href=\"https:\/\/areton-ltd.com\/es\/ultrasound\/\" \/>\n<meta property=\"og:locale\" content=\"es_ES\" \/>\n<meta property=\"og:type\" content=\"article\" \/>\n<meta property=\"og:title\" content=\"Ultrasound\" \/>\n<meta property=\"og:description\" content=\"The reason for Localised Ultrasonic Fat Loss Procedures. What is Ultrasonic Cavitation and why it is combined with Radio Frequency\" \/>\n<meta property=\"og:url\" content=\"https:\/\/areton-ltd.com\/es\/ultrasound\/\" \/>\n<meta property=\"og:site_name\" content=\"Areton\" \/>\n<meta property=\"article:publisher\" content=\"https:\/\/www.facebook.com\/aretonEU\/\" \/>\n<meta property=\"og:image\" content=\"http:\/\/areton-ltd.com\/wp-content\/uploads\/2017\/06\/ultrasound.jpg\" \/>\n<meta name=\"twitter:card\" content=\"summary_large_image\" \/>\n<meta name=\"twitter:label1\" content=\"Tiempo de lectura\" \/>\n\t<meta name=\"twitter:data1\" content=\"7 minutos\" \/>\n<script type=\"application\/ld+json\" class=\"yoast-schema-graph\">{\"@context\":\"https:\/\/schema.org\",\"@graph\":[{\"@type\":\"WebPage\",\"@id\":\"https:\/\/areton-ltd.com\/es\/ultrasound\/\",\"url\":\"https:\/\/areton-ltd.com\/es\/ultrasound\/\",\"name\":\"Ultrasound - Areton\",\"isPartOf\":{\"@id\":\"https:\/\/areton-ltd.com\/#website\"},\"primaryImageOfPage\":{\"@id\":\"https:\/\/areton-ltd.com\/es\/ultrasound\/#primaryimage\"},\"image\":{\"@id\":\"https:\/\/areton-ltd.com\/es\/ultrasound\/#primaryimage\"},\"thumbnailUrl\":\"http:\/\/areton-ltd.com\/wp-content\/uploads\/2017\/06\/ultrasound.jpg\",\"datePublished\":\"2017-06-19T03:53:24+00:00\",\"breadcrumb\":{\"@id\":\"https:\/\/areton-ltd.com\/es\/ultrasound\/#breadcrumb\"},\"inLanguage\":\"es\",\"potentialAction\":[{\"@type\":\"ReadAction\",\"target\":[\"https:\/\/areton-ltd.com\/es\/ultrasound\/\"]}]},{\"@type\":\"ImageObject\",\"inLanguage\":\"es\",\"@id\":\"https:\/\/areton-ltd.com\/es\/ultrasound\/#primaryimage\",\"url\":\"http:\/\/areton-ltd.com\/wp-content\/uploads\/2017\/06\/ultrasound.jpg\",\"contentUrl\":\"http:\/\/areton-ltd.com\/wp-content\/uploads\/2017\/06\/ultrasound.jpg\"},{\"@type\":\"BreadcrumbList\",\"@id\":\"https:\/\/areton-ltd.com\/es\/ultrasound\/#breadcrumb\",\"itemListElement\":[{\"@type\":\"ListItem\",\"position\":1,\"name\":\"Home\",\"item\":\"https:\/\/areton-ltd.com\/\"},{\"@type\":\"ListItem\",\"position\":2,\"name\":\"Ultrasound\"}]},{\"@type\":\"WebSite\",\"@id\":\"https:\/\/areton-ltd.com\/#website\",\"url\":\"https:\/\/areton-ltd.com\/\",\"name\":\"Areton LTD\",\"description\":\"Organic Skin Care &amp; Hair Care Products\",\"publisher\":{\"@id\":\"https:\/\/areton-ltd.com\/#organization\"},\"potentialAction\":[{\"@type\":\"SearchAction\",\"target\":{\"@type\":\"EntryPoint\",\"urlTemplate\":\"https:\/\/areton-ltd.com\/?s={search_term_string}\"},\"query-input\":{\"@type\":\"PropertyValueSpecification\",\"valueRequired\":true,\"valueName\":\"search_term_string\"}}],\"inLanguage\":\"es\"},{\"@type\":\"Organization\",\"@id\":\"https:\/\/areton-ltd.com\/#organization\",\"name\":\"Areton\",\"url\":\"https:\/\/areton-ltd.com\/\",\"logo\":{\"@type\":\"ImageObject\",\"inLanguage\":\"es\",\"@id\":\"https:\/\/areton-ltd.com\/#\/schema\/logo\/image\/\",\"url\":\"https:\/\/areton-ltd.com\/wp-content\/uploads\/2024\/05\/logo.png\",\"contentUrl\":\"https:\/\/areton-ltd.com\/wp-content\/uploads\/2024\/05\/logo.png\",\"width\":400,\"height\":400,\"caption\":\"Areton\"},\"image\":{\"@id\":\"https:\/\/areton-ltd.com\/#\/schema\/logo\/image\/\"},\"sameAs\":[\"https:\/\/www.facebook.com\/aretonEU\/\"],\"email\":\"info@areton-ltd.com\",\"telephone\":\"+44 7830 885825\",\"legalName\":\"Aretom LTD\",\"vatID\":\"09397231\",\"publishingPrinciples\":\"https:\/\/areton-ltd.com\/about-us\/\",\"ownershipFundingInfo\":\"https:\/\/areton-ltd.com\/about-us\/\"}]}<\/script>\n<!-- \/ Yoast SEO Premium plugin. -->","yoast_head_json":{"title":"Ultrasound - Areton","robots":{"index":"index","follow":"follow","max-snippet":"max-snippet:-1","max-image-preview":"max-image-preview:large","max-video-preview":"max-video-preview:-1"},"canonical":"https:\/\/areton-ltd.com\/es\/ultrasound\/","og_locale":"es_ES","og_type":"article","og_title":"Ultrasound","og_description":"The reason for Localised Ultrasonic Fat Loss Procedures. What is Ultrasonic Cavitation and why it is combined with Radio Frequency","og_url":"https:\/\/areton-ltd.com\/es\/ultrasound\/","og_site_name":"Areton","article_publisher":"https:\/\/www.facebook.com\/aretonEU\/","og_image":[{"url":"http:\/\/areton-ltd.com\/wp-content\/uploads\/2017\/06\/ultrasound.jpg","type":"","width":"","height":""}],"twitter_card":"summary_large_image","twitter_misc":{"Tiempo de lectura":"7 minutos"},"schema":{"@context":"https:\/\/schema.org","@graph":[{"@type":"WebPage","@id":"https:\/\/areton-ltd.com\/es\/ultrasound\/","url":"https:\/\/areton-ltd.com\/es\/ultrasound\/","name":"Ultrasound - Areton","isPartOf":{"@id":"https:\/\/areton-ltd.com\/#website"},"primaryImageOfPage":{"@id":"https:\/\/areton-ltd.com\/es\/ultrasound\/#primaryimage"},"image":{"@id":"https:\/\/areton-ltd.com\/es\/ultrasound\/#primaryimage"},"thumbnailUrl":"http:\/\/areton-ltd.com\/wp-content\/uploads\/2017\/06\/ultrasound.jpg","datePublished":"2017-06-19T03:53:24+00:00","breadcrumb":{"@id":"https:\/\/areton-ltd.com\/es\/ultrasound\/#breadcrumb"},"inLanguage":"es","potentialAction":[{"@type":"ReadAction","target":["https:\/\/areton-ltd.com\/es\/ultrasound\/"]}]},{"@type":"ImageObject","inLanguage":"es","@id":"https:\/\/areton-ltd.com\/es\/ultrasound\/#primaryimage","url":"http:\/\/areton-ltd.com\/wp-content\/uploads\/2017\/06\/ultrasound.jpg","contentUrl":"http:\/\/areton-ltd.com\/wp-content\/uploads\/2017\/06\/ultrasound.jpg"},{"@type":"BreadcrumbList","@id":"https:\/\/areton-ltd.com\/es\/ultrasound\/#breadcrumb","itemListElement":[{"@type":"ListItem","position":1,"name":"Home","item":"https:\/\/areton-ltd.com\/"},{"@type":"ListItem","position":2,"name":"Ultrasound"}]},{"@type":"WebSite","@id":"https:\/\/areton-ltd.com\/#website","url":"https:\/\/areton-ltd.com\/","name":"Areton LTD","description":"Organic Skin Care &amp; Hair Care Products","publisher":{"@id":"https:\/\/areton-ltd.com\/#organization"},"potentialAction":[{"@type":"SearchAction","target":{"@type":"EntryPoint","urlTemplate":"https:\/\/areton-ltd.com\/?s={search_term_string}"},"query-input":{"@type":"PropertyValueSpecification","valueRequired":true,"valueName":"search_term_string"}}],"inLanguage":"es"},{"@type":"Organization","@id":"https:\/\/areton-ltd.com\/#organization","name":"Areton","url":"https:\/\/areton-ltd.com\/","logo":{"@type":"ImageObject","inLanguage":"es","@id":"https:\/\/areton-ltd.com\/#\/schema\/logo\/image\/","url":"https:\/\/areton-ltd.com\/wp-content\/uploads\/2024\/05\/logo.png","contentUrl":"https:\/\/areton-ltd.com\/wp-content\/uploads\/2024\/05\/logo.png","width":400,"height":400,"caption":"Areton"},"image":{"@id":"https:\/\/areton-ltd.com\/#\/schema\/logo\/image\/"},"sameAs":["https:\/\/www.facebook.com\/aretonEU\/"],"email":"info@areton-ltd.com","telephone":"+44 7830 885825","legalName":"Aretom LTD","vatID":"09397231","publishingPrinciples":"https:\/\/areton-ltd.com\/about-us\/","ownershipFundingInfo":"https:\/\/areton-ltd.com\/about-us\/"}]}},"_links":{"self":[{"href":"https:\/\/areton-ltd.com\/es\/wp-json\/wp\/v2\/pages\/1814","targetHints":{"allow":["GET"]}}],"collection":[{"href":"https:\/\/areton-ltd.com\/es\/wp-json\/wp\/v2\/pages"}],"about":[{"href":"https:\/\/areton-ltd.com\/es\/wp-json\/wp\/v2\/types\/page"}],"author":[{"embeddable":true,"href":"https:\/\/areton-ltd.com\/es\/wp-json\/wp\/v2\/users\/5"}],"replies":[{"embeddable":true,"href":"https:\/\/areton-ltd.com\/es\/wp-json\/wp\/v2\/comments?post=1814"}],"version-history":[{"count":0,"href":"https:\/\/areton-ltd.com\/es\/wp-json\/wp\/v2\/pages\/1814\/revisions"}],"wp:attachment":[{"href":"https:\/\/areton-ltd.com\/es\/wp-json\/wp\/v2\/media?parent=1814"}],"curies":[{"name":"wp","href":"https:\/\/api.w.org\/{rel}","templated":true}]}}