{"id":1796,"date":"2017-06-17T10:17:27","date_gmt":"2017-06-17T10:17:27","guid":{"rendered":"http:\/\/areton-ltd.com\/?page_id=1796"},"modified":"2024-02-05T10:31:36","modified_gmt":"2024-02-05T10:31:36","slug":"body-sculptor-rental-option","status":"publish","type":"page","link":"https:\/\/areton-ltd.com\/es\/body-sculptor-rental-option\/","title":{"rendered":"La Opci\u00f3n del alquiler del escultor corporal"},"content":{"rendered":"<h1 style=\"text-align: center;\">Hemos hecho que sea extremadamente f\u00e1cil para usted probar el Escultor corporal de Areton en el Reino Unido, \u00a1solo 290 GBP, IVA incluido, al mes! \u00a1SIN contratos m\u00ednimos!<\/h1>\n<p><img fetchpriority=\"high\" decoding=\"async\" class=\"aligncenter size-full wp-image-1699\" src=\"http:\/\/areton-ltd.com\/wp-content\/uploads\/2017\/06\/body-sculptor.png\" alt=\"\" width=\"683\" height=\"703\" \/><\/p>\n<h4 style=\"text-align: center;\">Si es una sociedad limitada o un comerciante individual con sede en el Reino Unido, ahora puede alquilar <a href=\"http:\/\/areton-ltd.com\/body-sculptor\/\">el escultor corporal de Areton<\/a>\u00a0en lugar de comprarlo directamente. Esta es la soluci\u00f3n perfecta si desea probar el dispositivo sin comprometerse con un alto gasto de capital. <strong>\u00a1Puede probar <a href=\"http:\/\/areton-ltd.com\/body-sculptor\/\">Escultor corporal<\/a>\u00a0por solo 290 libras (IVA incluido) durante el primer mes y conservarlo por el mismo precio mensual! \u00a1Sin contrato m\u00ednimo! <\/strong>(As\u00ed que usted puede conservarlo durante un mes s\u00f3lo si quiere).<\/h4>\n<h3 style=\"text-align: center;\">No hay dep\u00f3sito. Con esta opci\u00f3n, puedes probar el <a href=\"http:\/\/areton-ltd.com\/body-sculptor\/\">Escultor corporal<\/a>\u00a0por una cantidad muy peque\u00f1a sin el compromiso de comprar el dispositivo, y puede conservarlo en r\u00e9gimen de alquiler si usted lo desea.<\/h3>\n<h2><img decoding=\"async\" class=\"aligncenter size-full wp-image-1784\" src=\"http:\/\/areton-ltd.com\/wp-content\/uploads\/2017\/06\/rent.jpg\" alt=\"\" width=\"700\" height=\"525\" \/><\/h2>\n<h2 style=\"text-align: center;\">Ventajas<\/h2>\n<ul>\n<li><strong>Firme el contrato desde el principio.<\/strong> Sin plazo m\u00ednimo (esta es una oferta limitada). Usted podr\u00e1 decidir cancelar el alquiler sin el costo adicional y sin compromisos. Esta es una gran ventaja frente a todas las dem\u00e1s ofertas disponibles de otras empresas. Tambi\u00e9n es una gran ventaja frente a los compromisos mensuales est\u00e1ndar de 3 a 5 a\u00f1os que ofrecen las instituciones financieras, que tendr\u00e1 que cumplir incluso si luego ya no desea el equipo.<\/li>\n<li>Respetaremos cualquier garant\u00eda durante todo el per\u00edodo de alquiler. Despu\u00e9s de todo, nos interesa asegurarnos de que el dispositivo funcione y que usted mantenga el alquiler.<\/li>\n<li>Su empresa no necesitar\u00e1 asignar todos los recursos en efectivo para comprar la unidad directamente.<\/li>\n<li>Esto le permite a su empresa tener m\u00e1s dinero extra para concentrarse en sus actividades comerciales cuando m\u00e1s lo necesita.<\/li>\n<li>Usted Puede alquilarlo solo durante un mes para probar la unidad y devolverla por s\u00f3lo 290 GBP + IVA incluido. Un mes completo suele ser suficiente para probar la unidad, mucho m\u00e1s tiempo del que tendr\u00eda durante cualquiera de nuestras visitas o seminarios en vivo (donde solo puede mirar). \u00a1Esta es la opci\u00f3n preferida para aquellos que quieren ver los resultados en sus propios modelos!<\/li>\n<li>No es necesario pagar intereses a entidades financieras.<\/li>\n<\/ul>\n<h2 style=\"text-align: center;\">Haga clic en el bot\u00f3n a continuaci\u00f3n para realizar su pedido de alquiler del Escultor corporal de Areton (Areton Body Sculptor.)<\/h2>\n<h3><\/h3>\n<div id=\"attachment_632\" style=\"width: 440px\" class=\"wp-caption aligncenter centre center\"><a href=\"https:\/\/www.paypal.com\/cgi-bin\/webscr?cmd=_s-xclick&amp;hosted_button_id=2RA5V7BCXG5VS\"><img decoding=\"async\" aria-describedby=\"caption-attachment-632\" class=\"wp-image-632 size-full\" src=\"https:\/\/areton-ltd.com\/wp-content\/uploads\/2018\/08\/monthly-payments.jpg\" width=\"430\" height=\"189\" \/><\/a><p id=\"caption-attachment-632\" class=\"wp-caption-text\">Haga clic en este enlace para suscribirse al pago mensual de 290 GBP. La suscripci\u00f3n finalizar\u00e1 tan pronto como recibamos su unidad. Espere al menos 5 d\u00edas h\u00e1biles para recibir el dispositivo. Si va a alquilar el dispositivo para un evento o trabajo en particular, aseg\u00farese de contratarlo con suficiente antelaci\u00f3n para asegurarse de tener el juego completo a tiempo.<\/p><\/div>\n<h3 style=\"text-align: center;\">T\u00e9rminos clave<\/h3>\n<ul>\n<li>Las Sociedades limitadas del Reino Unido e independientes del Reino Unido \u00fanicamente.<\/li>\n<li><strong>Pagos mensuales posteriores 290 GBP + IVA INCLUIDO.<\/strong><\/li>\n<li>Sin dep\u00f3sitos.<\/li>\n<li>Plazo M\u00ednimo NINGUNO. <strong>Sin compromisos.<\/strong> Siguiendo el contrato (pague sobre la marcha). As\u00ed que puede probarlo durante un mes s\u00f3lo si usted lo desea.<\/li>\n<\/ul>\n<p>Si tiene alguna pregunta, no dude en contactarnos.<\/p>\n<p>Tenga en cuenta que actualmente no se ofrecen \"exenciones de da\u00f1os\" ni \"exenciones de da\u00f1os Plus\", por lo que el arrendatario deber\u00e1 contratar su propio seguro para cubrir dichos riesgos si as\u00ed lo desea. Aseg\u00farese de comprender y aceptar los T\u00e9rminos y condiciones de alquiler est\u00e1ndar, ya que forman parte integral de nuestro contrato de alquiler. Los gastos de env\u00edo para devoluciones correr\u00e1n a cargo del arrendatario. Para ver los T\u00e9rminos y condiciones completos, <a href=\"http:\/\/areton.co.uk\/hire-terms-and-conditions\/\" target=\"_blank\" rel=\"noopener\"><strong>Haga clic aqu\u00ed<\/strong><\/a>.<\/p>","protected":false},"excerpt":{"rendered":"<p>We have made it extremely easy for you to trial the Areton Body Sculptor\u00a0in the UK, only 290 GBP including<\/p>","protected":false},"author":5,"featured_media":0,"parent":0,"menu_order":0,"comment_status":"closed","ping_status":"closed","template":"","meta":{"_monsterinsights_skip_tracking":false,"_monsterinsights_sitenote_active":false,"_monsterinsights_sitenote_note":"","_monsterinsights_sitenote_category":0,"footnotes":""},"class_list":["post-1796","page","type-page","status-publish","hentry"],"yoast_head":"<!-- This site is optimized with the Yoast SEO Premium plugin v22.8 (Yoast SEO v27.2) - https:\/\/yoast.com\/product\/yoast-seo-premium-wordpress\/ -->\n<title>Body Sculptor Rental Option - Areton<\/title>\n<meta name=\"robots\" content=\"index, follow, max-snippet:-1, max-image-preview:large, max-video-preview:-1\" \/>\n<link rel=\"canonical\" href=\"https:\/\/areton-ltd.com\/es\/body-sculptor-rental-option\/\" \/>\n<meta property=\"og:locale\" content=\"es_ES\" \/>\n<meta property=\"og:type\" content=\"article\" \/>\n<meta property=\"og:title\" content=\"Body Sculptor Rental Option\" \/>\n<meta property=\"og:description\" content=\"We have made it extremely easy for you to trial the Areton Body Sculptor\u00a0in the UK, only 290 GBP including\" \/>\n<meta property=\"og:url\" content=\"https:\/\/areton-ltd.com\/es\/body-sculptor-rental-option\/\" \/>\n<meta property=\"og:site_name\" content=\"Areton\" \/>\n<meta property=\"article:publisher\" content=\"https:\/\/www.facebook.com\/aretonEU\/\" \/>\n<meta property=\"article:modified_time\" content=\"2024-02-05T10:31:36+00:00\" \/>\n<meta property=\"og:image\" content=\"http:\/\/areton-ltd.com\/wp-content\/uploads\/2017\/06\/body-sculptor.png\" \/>\n<meta name=\"twitter:card\" content=\"summary_large_image\" \/>\n<meta name=\"twitter:label1\" content=\"Tiempo de lectura\" \/>\n\t<meta name=\"twitter:data1\" content=\"3 minutos\" \/>\n<script type=\"application\/ld+json\" class=\"yoast-schema-graph\">{\"@context\":\"https:\/\/schema.org\",\"@graph\":[{\"@type\":\"WebPage\",\"@id\":\"https:\/\/areton-ltd.com\/es\/body-sculptor-rental-option\/\",\"url\":\"https:\/\/areton-ltd.com\/es\/body-sculptor-rental-option\/\",\"name\":\"Body Sculptor Rental Option - Areton\",\"isPartOf\":{\"@id\":\"https:\/\/areton-ltd.com\/#website\"},\"primaryImageOfPage\":{\"@id\":\"https:\/\/areton-ltd.com\/es\/body-sculptor-rental-option\/#primaryimage\"},\"image\":{\"@id\":\"https:\/\/areton-ltd.com\/es\/body-sculptor-rental-option\/#primaryimage\"},\"thumbnailUrl\":\"http:\/\/areton-ltd.com\/wp-content\/uploads\/2017\/06\/body-sculptor.png\",\"datePublished\":\"2017-06-17T10:17:27+00:00\",\"dateModified\":\"2024-02-05T10:31:36+00:00\",\"breadcrumb\":{\"@id\":\"https:\/\/areton-ltd.com\/es\/body-sculptor-rental-option\/#breadcrumb\"},\"inLanguage\":\"es\",\"potentialAction\":[{\"@type\":\"ReadAction\",\"target\":[\"https:\/\/areton-ltd.com\/es\/body-sculptor-rental-option\/\"]}]},{\"@type\":\"ImageObject\",\"inLanguage\":\"es\",\"@id\":\"https:\/\/areton-ltd.com\/es\/body-sculptor-rental-option\/#primaryimage\",\"url\":\"http:\/\/areton-ltd.com\/wp-content\/uploads\/2017\/06\/body-sculptor.png\",\"contentUrl\":\"http:\/\/areton-ltd.com\/wp-content\/uploads\/2017\/06\/body-sculptor.png\"},{\"@type\":\"BreadcrumbList\",\"@id\":\"https:\/\/areton-ltd.com\/es\/body-sculptor-rental-option\/#breadcrumb\",\"itemListElement\":[{\"@type\":\"ListItem\",\"position\":1,\"name\":\"Home\",\"item\":\"https:\/\/areton-ltd.com\/\"},{\"@type\":\"ListItem\",\"position\":2,\"name\":\"Body Sculptor Rental Option\"}]},{\"@type\":\"WebSite\",\"@id\":\"https:\/\/areton-ltd.com\/#website\",\"url\":\"https:\/\/areton-ltd.com\/\",\"name\":\"Areton LTD\",\"description\":\"Organic Skin Care &amp; Hair Care Products\",\"publisher\":{\"@id\":\"https:\/\/areton-ltd.com\/#organization\"},\"potentialAction\":[{\"@type\":\"SearchAction\",\"target\":{\"@type\":\"EntryPoint\",\"urlTemplate\":\"https:\/\/areton-ltd.com\/?s={search_term_string}\"},\"query-input\":{\"@type\":\"PropertyValueSpecification\",\"valueRequired\":true,\"valueName\":\"search_term_string\"}}],\"inLanguage\":\"es\"},{\"@type\":\"Organization\",\"@id\":\"https:\/\/areton-ltd.com\/#organization\",\"name\":\"Areton\",\"url\":\"https:\/\/areton-ltd.com\/\",\"logo\":{\"@type\":\"ImageObject\",\"inLanguage\":\"es\",\"@id\":\"https:\/\/areton-ltd.com\/#\/schema\/logo\/image\/\",\"url\":\"https:\/\/areton-ltd.com\/wp-content\/uploads\/2024\/05\/logo.png\",\"contentUrl\":\"https:\/\/areton-ltd.com\/wp-content\/uploads\/2024\/05\/logo.png\",\"width\":400,\"height\":400,\"caption\":\"Areton\"},\"image\":{\"@id\":\"https:\/\/areton-ltd.com\/#\/schema\/logo\/image\/\"},\"sameAs\":[\"https:\/\/www.facebook.com\/aretonEU\/\"],\"email\":\"info@areton-ltd.com\",\"telephone\":\"+44 7830 885825\",\"legalName\":\"Aretom LTD\",\"vatID\":\"09397231\",\"publishingPrinciples\":\"https:\/\/areton-ltd.com\/about-us\/\",\"ownershipFundingInfo\":\"https:\/\/areton-ltd.com\/about-us\/\"}]}<\/script>\n<!-- \/ Yoast SEO Premium plugin. -->","yoast_head_json":{"title":"Body Sculptor Rental Option - Areton","robots":{"index":"index","follow":"follow","max-snippet":"max-snippet:-1","max-image-preview":"max-image-preview:large","max-video-preview":"max-video-preview:-1"},"canonical":"https:\/\/areton-ltd.com\/es\/body-sculptor-rental-option\/","og_locale":"es_ES","og_type":"article","og_title":"Body Sculptor Rental Option","og_description":"We have made it extremely easy for you to trial the Areton Body Sculptor\u00a0in the UK, only 290 GBP including","og_url":"https:\/\/areton-ltd.com\/es\/body-sculptor-rental-option\/","og_site_name":"Areton","article_publisher":"https:\/\/www.facebook.com\/aretonEU\/","article_modified_time":"2024-02-05T10:31:36+00:00","og_image":[{"url":"http:\/\/areton-ltd.com\/wp-content\/uploads\/2017\/06\/body-sculptor.png","type":"","width":"","height":""}],"twitter_card":"summary_large_image","twitter_misc":{"Tiempo de lectura":"3 minutos"},"schema":{"@context":"https:\/\/schema.org","@graph":[{"@type":"WebPage","@id":"https:\/\/areton-ltd.com\/es\/body-sculptor-rental-option\/","url":"https:\/\/areton-ltd.com\/es\/body-sculptor-rental-option\/","name":"Body Sculptor Rental Option - Areton","isPartOf":{"@id":"https:\/\/areton-ltd.com\/#website"},"primaryImageOfPage":{"@id":"https:\/\/areton-ltd.com\/es\/body-sculptor-rental-option\/#primaryimage"},"image":{"@id":"https:\/\/areton-ltd.com\/es\/body-sculptor-rental-option\/#primaryimage"},"thumbnailUrl":"http:\/\/areton-ltd.com\/wp-content\/uploads\/2017\/06\/body-sculptor.png","datePublished":"2017-06-17T10:17:27+00:00","dateModified":"2024-02-05T10:31:36+00:00","breadcrumb":{"@id":"https:\/\/areton-ltd.com\/es\/body-sculptor-rental-option\/#breadcrumb"},"inLanguage":"es","potentialAction":[{"@type":"ReadAction","target":["https:\/\/areton-ltd.com\/es\/body-sculptor-rental-option\/"]}]},{"@type":"ImageObject","inLanguage":"es","@id":"https:\/\/areton-ltd.com\/es\/body-sculptor-rental-option\/#primaryimage","url":"http:\/\/areton-ltd.com\/wp-content\/uploads\/2017\/06\/body-sculptor.png","contentUrl":"http:\/\/areton-ltd.com\/wp-content\/uploads\/2017\/06\/body-sculptor.png"},{"@type":"BreadcrumbList","@id":"https:\/\/areton-ltd.com\/es\/body-sculptor-rental-option\/#breadcrumb","itemListElement":[{"@type":"ListItem","position":1,"name":"Home","item":"https:\/\/areton-ltd.com\/"},{"@type":"ListItem","position":2,"name":"Body Sculptor Rental Option"}]},{"@type":"WebSite","@id":"https:\/\/areton-ltd.com\/#website","url":"https:\/\/areton-ltd.com\/","name":"Areton LTD","description":"Organic Skin Care &amp; Hair Care Products","publisher":{"@id":"https:\/\/areton-ltd.com\/#organization"},"potentialAction":[{"@type":"SearchAction","target":{"@type":"EntryPoint","urlTemplate":"https:\/\/areton-ltd.com\/?s={search_term_string}"},"query-input":{"@type":"PropertyValueSpecification","valueRequired":true,"valueName":"search_term_string"}}],"inLanguage":"es"},{"@type":"Organization","@id":"https:\/\/areton-ltd.com\/#organization","name":"Areton","url":"https:\/\/areton-ltd.com\/","logo":{"@type":"ImageObject","inLanguage":"es","@id":"https:\/\/areton-ltd.com\/#\/schema\/logo\/image\/","url":"https:\/\/areton-ltd.com\/wp-content\/uploads\/2024\/05\/logo.png","contentUrl":"https:\/\/areton-ltd.com\/wp-content\/uploads\/2024\/05\/logo.png","width":400,"height":400,"caption":"Areton"},"image":{"@id":"https:\/\/areton-ltd.com\/#\/schema\/logo\/image\/"},"sameAs":["https:\/\/www.facebook.com\/aretonEU\/"],"email":"info@areton-ltd.com","telephone":"+44 7830 885825","legalName":"Aretom LTD","vatID":"09397231","publishingPrinciples":"https:\/\/areton-ltd.com\/about-us\/","ownershipFundingInfo":"https:\/\/areton-ltd.com\/about-us\/"}]}},"_links":{"self":[{"href":"https:\/\/areton-ltd.com\/es\/wp-json\/wp\/v2\/pages\/1796","targetHints":{"allow":["GET"]}}],"collection":[{"href":"https:\/\/areton-ltd.com\/es\/wp-json\/wp\/v2\/pages"}],"about":[{"href":"https:\/\/areton-ltd.com\/es\/wp-json\/wp\/v2\/types\/page"}],"author":[{"embeddable":true,"href":"https:\/\/areton-ltd.com\/es\/wp-json\/wp\/v2\/users\/5"}],"replies":[{"embeddable":true,"href":"https:\/\/areton-ltd.com\/es\/wp-json\/wp\/v2\/comments?post=1796"}],"version-history":[{"count":1,"href":"https:\/\/areton-ltd.com\/es\/wp-json\/wp\/v2\/pages\/1796\/revisions"}],"predecessor-version":[{"id":17111,"href":"https:\/\/areton-ltd.com\/es\/wp-json\/wp\/v2\/pages\/1796\/revisions\/17111"}],"wp:attachment":[{"href":"https:\/\/areton-ltd.com\/es\/wp-json\/wp\/v2\/media?parent=1796"}],"curies":[{"name":"wp","href":"https:\/\/api.w.org\/{rel}","templated":true}]}}