{"id":1719,"date":"2017-06-13T10:42:06","date_gmt":"2017-06-13T10:42:06","guid":{"rendered":"http:\/\/areton-ltd.com\/?page_id=1719"},"modified":"2024-02-05T10:10:12","modified_gmt":"2024-02-05T10:10:12","slug":"body-sculptor","status":"publish","type":"page","link":"https:\/\/areton-ltd.com\/es\/body-sculptor\/","title":{"rendered":"Escultor corporal"},"content":{"rendered":"<h1 style=\"text-align: center;\">Escultor corporal<\/h1>\n<h2 style=\"text-align: center;\">Los beneficios<\/h2>\n<ul>\n<li>Muy eficaz en la destrucci\u00f3n de c\u00e9lulas grasas.<\/li>\n<li>Unidad compacta.<\/li>\n<li>Dise\u00f1o elegante.<\/li>\n<li>Interfaz de usuario simple e intuitiva.<\/li>\n<li>Eficaz en la rotura por ultrasonido de las c\u00e9lulas grasas a 40 KHz.<\/li>\n<li>3 opciones pulsadas \u00fanicas de la funci\u00f3n de ultrasonido.<\/li>\n<li>2 cabezales tripolares de estiramiento cut\u00e1neo con Radiofrecuencia.<\/li>\n<li>Cabezal tripolar para entregar las tres corrientes efectivas de Alta Frecuencia a la vez.<\/li>\n<li>Radiofrecuencia corporal capaz de funcionar desde niveles muy bajos hasta ajustes muy altos. Cabezal tripolar para entregar tres corrientes efectivas de alta frecuencia a la vez.<\/li>\n<li>Formaci\u00f3n completa impartida online. Varios v\u00eddeos y contenidos disponibles para su referencia.<\/li>\n<li>L\u00ednea de ayuda de Areton para cualquier duda que pueda tener relacionada con el funcionamiento de la unidad y los tratamientos.<\/li>\n<\/ul>\n<p><img fetchpriority=\"high\" decoding=\"async\" class=\"aligncenter size-full wp-image-1793\" src=\"http:\/\/areton-ltd.com\/wp-content\/uploads\/2017\/06\/Skin-Rejuvenation.jpg\" alt=\"\" width=\"1335\" height=\"367\" \/><\/p>\n<h3 style=\"text-align: center;\"><strong>Intensidad de Radiofrecuencia de leve a muy alta.<\/strong><\/h3>\n<p>La intensidad de la Radiofrecuencia de la unidad abarca desde ajustes de potencia muy bajos que apenas se pueden sentir hasta tratamientos de alta intensidad que solo son posibles con unidades grandes y voluminosas. Esto se aplica a las piezas de los man\u00edpulos de Radiofrecuencia tanto para el rostro como para el cuerpo.<\/p>\n<ul>\n<li>20 niveles de potencia de la pieza del man\u00edpulo de Radiofrecuencia. La pieza del man\u00edpulo de Radiofrecuencia para la cara en el nivel uno ofrece potencia de Radiofrecuencia de muy baja intensidad en el nivel de potencia m\u00e1s bajo. Mientras que el nivel de potencia m\u00e1s alto ofrece una potencia elevada que a veces supera la de unidades voluminosas. Esto hace que el dispositivo \u201cAreton Body Sculptor\u201d sea una herramienta muy vers\u00e1til que puede proporcionar una estimulaci\u00f3n de col\u00e1geno muy poderosa y un ajuste que antes solo era posible con unidades voluminosas y costosas.<\/li>\n<li>10 niveles de potencia corporal con la Radiofrecuencia<\/li>\n<\/ul>\n<h3 style=\"text-align: center;\"><strong>Ultrasonido dirigido a c\u00e9lulas grasas a 40 KHz.<\/strong><\/h3>\n<p><img decoding=\"async\" class=\"size-full wp-image-1747 aligncenter\" src=\"http:\/\/areton-ltd.com\/wp-content\/uploads\/2017\/06\/ultrasonic-cavitation-illustration.png\" alt=\"\" width=\"400\" height=\"420\" \/>No s\u00f3lo la intensidad de la unidad que funciona a 40 KHz la convierte en una unidad profesional, sino que tambi\u00e9n las ondas pulsadas seleccionables hacen de esta cavitaci\u00f3n una herramienta profesional vers\u00e1til.<\/p>\n<p>10 niveles de intensidad.<\/p>\n<p>Para modos de operaci\u00f3n:<\/p>\n<ol>\n<li>Onda continua de 40 KHz. 10 niveles de potencia.<\/li>\n<li>Onda Pulsada Lenta. 10 niveles de potencia.<\/li>\n<li>Onda Pulsada de Media Velocidad. 10 niveles de potencia<\/li>\n<li>Onda Pulsada R\u00e1pida. 10 niveles de potencia.<\/li>\n<\/ol>\n<h2 style=\"text-align: center;\"><strong>\u00bfQu\u00e9 incluye el dispositivo Body Sculptor Areton?<\/strong><\/h2>\n<ol>\n<li>La unidad con un a\u00f1o de garant\u00eda de Areton Ltd.<\/li>\n<li>Soporte por v\u00eda Skype de Areton Ltd sobre los diversos tratamientos posibles con la unidad.<\/li>\n<li>Formaci\u00f3n online sobre todos los tratamientos.<\/li>\n<li>Certificado de finalizaci\u00f3n de la formaci\u00f3n tras haber superado las pruebas online.<\/li>\n<\/ol>","protected":false},"excerpt":{"rendered":"<p>Body Sculptor The benefits: Very Effective in Fat cell Destruction. Compact unit. Slick design. Simple and intuitive user interface. Effective<\/p>","protected":false},"author":5,"featured_media":0,"parent":0,"menu_order":0,"comment_status":"closed","ping_status":"closed","template":"","meta":{"_monsterinsights_skip_tracking":false,"_monsterinsights_sitenote_active":false,"_monsterinsights_sitenote_note":"","_monsterinsights_sitenote_category":0,"footnotes":""},"class_list":["post-1719","page","type-page","status-publish","hentry"],"yoast_head":"<!-- This site is optimized with the Yoast SEO Premium plugin v22.8 (Yoast SEO v27.2) - https:\/\/yoast.com\/product\/yoast-seo-premium-wordpress\/ -->\n<title>Body Sculptor - Areton<\/title>\n<meta name=\"robots\" content=\"index, follow, max-snippet:-1, max-image-preview:large, max-video-preview:-1\" \/>\n<link rel=\"canonical\" href=\"https:\/\/areton-ltd.com\/es\/body-sculptor\/\" \/>\n<meta property=\"og:locale\" content=\"es_ES\" \/>\n<meta property=\"og:type\" content=\"article\" \/>\n<meta property=\"og:title\" content=\"Body Sculptor\" \/>\n<meta property=\"og:description\" content=\"Body Sculptor The benefits: Very Effective in Fat cell Destruction. Compact unit. Slick design. Simple and intuitive user interface. Effective\" \/>\n<meta property=\"og:url\" content=\"https:\/\/areton-ltd.com\/es\/body-sculptor\/\" \/>\n<meta property=\"og:site_name\" content=\"Areton\" \/>\n<meta property=\"article:publisher\" content=\"https:\/\/www.facebook.com\/aretonEU\/\" \/>\n<meta property=\"article:modified_time\" content=\"2024-02-05T10:10:12+00:00\" \/>\n<meta property=\"og:image\" content=\"http:\/\/areton-ltd.com\/wp-content\/uploads\/2017\/06\/Skin-Rejuvenation.jpg\" \/>\n<meta name=\"twitter:card\" content=\"summary_large_image\" \/>\n<meta name=\"twitter:label1\" content=\"Tiempo de lectura\" \/>\n\t<meta name=\"twitter:data1\" content=\"2 minutos\" \/>\n<script type=\"application\/ld+json\" class=\"yoast-schema-graph\">{\"@context\":\"https:\/\/schema.org\",\"@graph\":[{\"@type\":\"WebPage\",\"@id\":\"https:\/\/areton-ltd.com\/es\/body-sculptor\/\",\"url\":\"https:\/\/areton-ltd.com\/es\/body-sculptor\/\",\"name\":\"Body Sculptor - Areton\",\"isPartOf\":{\"@id\":\"https:\/\/areton-ltd.com\/#website\"},\"primaryImageOfPage\":{\"@id\":\"https:\/\/areton-ltd.com\/es\/body-sculptor\/#primaryimage\"},\"image\":{\"@id\":\"https:\/\/areton-ltd.com\/es\/body-sculptor\/#primaryimage\"},\"thumbnailUrl\":\"http:\/\/areton-ltd.com\/wp-content\/uploads\/2017\/06\/Skin-Rejuvenation.jpg\",\"datePublished\":\"2017-06-13T10:42:06+00:00\",\"dateModified\":\"2024-02-05T10:10:12+00:00\",\"breadcrumb\":{\"@id\":\"https:\/\/areton-ltd.com\/es\/body-sculptor\/#breadcrumb\"},\"inLanguage\":\"es\",\"potentialAction\":[{\"@type\":\"ReadAction\",\"target\":[\"https:\/\/areton-ltd.com\/es\/body-sculptor\/\"]}]},{\"@type\":\"ImageObject\",\"inLanguage\":\"es\",\"@id\":\"https:\/\/areton-ltd.com\/es\/body-sculptor\/#primaryimage\",\"url\":\"http:\/\/areton-ltd.com\/wp-content\/uploads\/2017\/06\/Skin-Rejuvenation.jpg\",\"contentUrl\":\"http:\/\/areton-ltd.com\/wp-content\/uploads\/2017\/06\/Skin-Rejuvenation.jpg\"},{\"@type\":\"BreadcrumbList\",\"@id\":\"https:\/\/areton-ltd.com\/es\/body-sculptor\/#breadcrumb\",\"itemListElement\":[{\"@type\":\"ListItem\",\"position\":1,\"name\":\"Home\",\"item\":\"https:\/\/areton-ltd.com\/\"},{\"@type\":\"ListItem\",\"position\":2,\"name\":\"Body Sculptor\"}]},{\"@type\":\"WebSite\",\"@id\":\"https:\/\/areton-ltd.com\/#website\",\"url\":\"https:\/\/areton-ltd.com\/\",\"name\":\"Areton LTD\",\"description\":\"Organic Skin Care &amp; Hair Care Products\",\"publisher\":{\"@id\":\"https:\/\/areton-ltd.com\/#organization\"},\"potentialAction\":[{\"@type\":\"SearchAction\",\"target\":{\"@type\":\"EntryPoint\",\"urlTemplate\":\"https:\/\/areton-ltd.com\/?s={search_term_string}\"},\"query-input\":{\"@type\":\"PropertyValueSpecification\",\"valueRequired\":true,\"valueName\":\"search_term_string\"}}],\"inLanguage\":\"es\"},{\"@type\":\"Organization\",\"@id\":\"https:\/\/areton-ltd.com\/#organization\",\"name\":\"Areton\",\"url\":\"https:\/\/areton-ltd.com\/\",\"logo\":{\"@type\":\"ImageObject\",\"inLanguage\":\"es\",\"@id\":\"https:\/\/areton-ltd.com\/#\/schema\/logo\/image\/\",\"url\":\"https:\/\/areton-ltd.com\/wp-content\/uploads\/2024\/05\/logo.png\",\"contentUrl\":\"https:\/\/areton-ltd.com\/wp-content\/uploads\/2024\/05\/logo.png\",\"width\":400,\"height\":400,\"caption\":\"Areton\"},\"image\":{\"@id\":\"https:\/\/areton-ltd.com\/#\/schema\/logo\/image\/\"},\"sameAs\":[\"https:\/\/www.facebook.com\/aretonEU\/\"],\"email\":\"info@areton-ltd.com\",\"telephone\":\"+44 7830 885825\",\"legalName\":\"Aretom LTD\",\"vatID\":\"09397231\",\"publishingPrinciples\":\"https:\/\/areton-ltd.com\/about-us\/\",\"ownershipFundingInfo\":\"https:\/\/areton-ltd.com\/about-us\/\"}]}<\/script>\n<!-- \/ Yoast SEO Premium plugin. -->","yoast_head_json":{"title":"Body Sculptor - Areton","robots":{"index":"index","follow":"follow","max-snippet":"max-snippet:-1","max-image-preview":"max-image-preview:large","max-video-preview":"max-video-preview:-1"},"canonical":"https:\/\/areton-ltd.com\/es\/body-sculptor\/","og_locale":"es_ES","og_type":"article","og_title":"Body Sculptor","og_description":"Body Sculptor The benefits: Very Effective in Fat cell Destruction. Compact unit. Slick design. Simple and intuitive user interface. Effective","og_url":"https:\/\/areton-ltd.com\/es\/body-sculptor\/","og_site_name":"Areton","article_publisher":"https:\/\/www.facebook.com\/aretonEU\/","article_modified_time":"2024-02-05T10:10:12+00:00","og_image":[{"url":"http:\/\/areton-ltd.com\/wp-content\/uploads\/2017\/06\/Skin-Rejuvenation.jpg","type":"","width":"","height":""}],"twitter_card":"summary_large_image","twitter_misc":{"Tiempo de lectura":"2 minutos"},"schema":{"@context":"https:\/\/schema.org","@graph":[{"@type":"WebPage","@id":"https:\/\/areton-ltd.com\/es\/body-sculptor\/","url":"https:\/\/areton-ltd.com\/es\/body-sculptor\/","name":"Body Sculptor - Areton","isPartOf":{"@id":"https:\/\/areton-ltd.com\/#website"},"primaryImageOfPage":{"@id":"https:\/\/areton-ltd.com\/es\/body-sculptor\/#primaryimage"},"image":{"@id":"https:\/\/areton-ltd.com\/es\/body-sculptor\/#primaryimage"},"thumbnailUrl":"http:\/\/areton-ltd.com\/wp-content\/uploads\/2017\/06\/Skin-Rejuvenation.jpg","datePublished":"2017-06-13T10:42:06+00:00","dateModified":"2024-02-05T10:10:12+00:00","breadcrumb":{"@id":"https:\/\/areton-ltd.com\/es\/body-sculptor\/#breadcrumb"},"inLanguage":"es","potentialAction":[{"@type":"ReadAction","target":["https:\/\/areton-ltd.com\/es\/body-sculptor\/"]}]},{"@type":"ImageObject","inLanguage":"es","@id":"https:\/\/areton-ltd.com\/es\/body-sculptor\/#primaryimage","url":"http:\/\/areton-ltd.com\/wp-content\/uploads\/2017\/06\/Skin-Rejuvenation.jpg","contentUrl":"http:\/\/areton-ltd.com\/wp-content\/uploads\/2017\/06\/Skin-Rejuvenation.jpg"},{"@type":"BreadcrumbList","@id":"https:\/\/areton-ltd.com\/es\/body-sculptor\/#breadcrumb","itemListElement":[{"@type":"ListItem","position":1,"name":"Home","item":"https:\/\/areton-ltd.com\/"},{"@type":"ListItem","position":2,"name":"Body Sculptor"}]},{"@type":"WebSite","@id":"https:\/\/areton-ltd.com\/#website","url":"https:\/\/areton-ltd.com\/","name":"Areton LTD","description":"Organic Skin Care &amp; Hair Care Products","publisher":{"@id":"https:\/\/areton-ltd.com\/#organization"},"potentialAction":[{"@type":"SearchAction","target":{"@type":"EntryPoint","urlTemplate":"https:\/\/areton-ltd.com\/?s={search_term_string}"},"query-input":{"@type":"PropertyValueSpecification","valueRequired":true,"valueName":"search_term_string"}}],"inLanguage":"es"},{"@type":"Organization","@id":"https:\/\/areton-ltd.com\/#organization","name":"Areton","url":"https:\/\/areton-ltd.com\/","logo":{"@type":"ImageObject","inLanguage":"es","@id":"https:\/\/areton-ltd.com\/#\/schema\/logo\/image\/","url":"https:\/\/areton-ltd.com\/wp-content\/uploads\/2024\/05\/logo.png","contentUrl":"https:\/\/areton-ltd.com\/wp-content\/uploads\/2024\/05\/logo.png","width":400,"height":400,"caption":"Areton"},"image":{"@id":"https:\/\/areton-ltd.com\/#\/schema\/logo\/image\/"},"sameAs":["https:\/\/www.facebook.com\/aretonEU\/"],"email":"info@areton-ltd.com","telephone":"+44 7830 885825","legalName":"Aretom LTD","vatID":"09397231","publishingPrinciples":"https:\/\/areton-ltd.com\/about-us\/","ownershipFundingInfo":"https:\/\/areton-ltd.com\/about-us\/"}]}},"_links":{"self":[{"href":"https:\/\/areton-ltd.com\/es\/wp-json\/wp\/v2\/pages\/1719","targetHints":{"allow":["GET"]}}],"collection":[{"href":"https:\/\/areton-ltd.com\/es\/wp-json\/wp\/v2\/pages"}],"about":[{"href":"https:\/\/areton-ltd.com\/es\/wp-json\/wp\/v2\/types\/page"}],"author":[{"embeddable":true,"href":"https:\/\/areton-ltd.com\/es\/wp-json\/wp\/v2\/users\/5"}],"replies":[{"embeddable":true,"href":"https:\/\/areton-ltd.com\/es\/wp-json\/wp\/v2\/comments?post=1719"}],"version-history":[{"count":1,"href":"https:\/\/areton-ltd.com\/es\/wp-json\/wp\/v2\/pages\/1719\/revisions"}],"predecessor-version":[{"id":17086,"href":"https:\/\/areton-ltd.com\/es\/wp-json\/wp\/v2\/pages\/1719\/revisions\/17086"}],"wp:attachment":[{"href":"https:\/\/areton-ltd.com\/es\/wp-json\/wp\/v2\/media?parent=1719"}],"curies":[{"name":"wp","href":"https:\/\/api.w.org\/{rel}","templated":true}]}}