{"id":1698,"date":"2017-06-12T03:45:47","date_gmt":"2017-06-12T03:45:47","guid":{"rendered":"http:\/\/areton-ltd.com\/?page_id=1698"},"modified":"2017-06-12T03:45:47","modified_gmt":"2017-06-12T03:45:47","slug":"body-sculptor-manual","status":"publish","type":"page","link":"https:\/\/areton-ltd.com\/es\/body-sculptor-manual\/","title":{"rendered":"Manual del escultor corporal"},"content":{"rendered":"<h1 style=\"text-align: center;\">Escultor corporal de Areton (Radiofrecuencia tripolar + cavitaci\u00f3n)<\/h1>\n<h1 style=\"text-align: center;\"><a href=\"#manual\">Manual en l\u00ednea<\/a><\/h1>\n<h1 style=\"text-align: center;\"><a href=\"#training\">Videos de entrenamiento<\/a><\/h1>\n<div id=\"attachment_1699\" style=\"width: 693px\" class=\"wp-caption aligncenter\"><img fetchpriority=\"high\" decoding=\"async\" aria-describedby=\"caption-attachment-1699\" class=\"wp-image-1699 size-full\" src=\"http:\/\/areton-ltd.com\/wp-content\/uploads\/2017\/06\/body-sculptor.png\" alt=\"\" width=\"683\" height=\"703\" \/><p id=\"caption-attachment-1699\" class=\"wp-caption-text\">Vista frontal del sistema<\/p><\/div>\n<p><a name=\"manual\"><\/a><\/p>\n<p>&nbsp;<\/p>\n<p>&nbsp;<\/p>\n<p style=\"text-align: center;\"><strong>Lea este manual antes de utilizar el producto. Cualquier otro material de instrucci\u00f3n de capacitaci\u00f3n, incluidos videos y material de capacitaci\u00f3n, no debe interpretarse como un sustituto del manual de instrucciones. Las aplicaciones de este producto son meramente est\u00e9ticas, el fabricante no hace afirmaciones de aplicaciones m\u00e9dicas.<\/strong><br \/>\n<strong> Si hay alg\u00fan cambio, nuestra empresa se reserva el derecho de interpretaci\u00f3n final.<\/strong><\/p>\n<p style=\"text-align: center;\"><strong>Introducci\u00f3n.<\/strong><\/p>\n<p style=\"text-align: center;\">Las fuertes ondas de ultrasonido a frecuencias espec\u00edficas promueven la absorci\u00f3n del tejido graso (incluida la celulitis) y reafirman la piel. Los ultrasonidos tambi\u00e9n mejoran la elasticidad de la piel con efectos duraderos. Los tratamientos tripolares de Radio Frecuencia tienen la funci\u00f3n de estirar y reafirmar la piel.<\/p>\n<p style=\"text-align: center;\"><strong>Funciones y principios de funcionamiento.<\/strong><\/p>\n<p><em>1. Reducci\u00f3n de grasa por ultrasonido.<\/em><br \/>\nEl cabezal del ultrasonido que funciona a 40 KHz se dirige a las c\u00e9lulas grasas, lo que hace que las c\u00e9lulas resuenen y en consecuencia, las descompongan. La grasa es  absorbida y eliminada por el sistema linf\u00e1tico. Tenga en cuenta que cualquier tratamiento de eliminaci\u00f3n de grasa tambi\u00e9n debe ir acompa\u00f1ado de ejercicio f\u00edsico constante y sostenido y una dieta baja en calor\u00edas. Esta t\u00e9cnica es una ayuda para la p\u00e9rdida de grasa.<\/p>\n<p>&nbsp;<\/p>\n<div id=\"attachment_1705\" style=\"width: 826px\" class=\"wp-caption aligncenter\"><img decoding=\"async\" aria-describedby=\"caption-attachment-1705\" class=\"wp-image-1705 size-full\" src=\"http:\/\/areton-ltd.com\/wp-content\/uploads\/2017\/06\/Ultrasound-handpiece.jpg\" alt=\"\" width=\"816\" height=\"384\" \/><p id=\"caption-attachment-1705\" class=\"wp-caption-text\">Transductor ultras\u00f3nico<\/p><\/div>\n<p><em>2 Radiofrecuencia (RF).<\/em><\/p>\n<p>Se aplica sobre la piel una onda sinusoidal de bajo voltaje a 10 MHz. Cuando la onda de Radiofrecuencia act\u00faa sobre la piel, la fibra de col\u00e1geno de la piel se calienta de 45 grados a 65 grados dependiendo del ajuste de intensidad del dispositivo y la velocidad de movimiento de la pieza de mano, provocando un proceso de regeneraci\u00f3n de col\u00e1geno, restaurando la firmeza y elasticidad de la piel. .<\/p>\n<p>&nbsp;<\/p>\n<div id=\"attachment_1703\" style=\"width: 720px\" class=\"wp-caption aligncenter\"><img decoding=\"async\" aria-describedby=\"caption-attachment-1703\" class=\"wp-image-1703 size-full\" src=\"http:\/\/areton-ltd.com\/wp-content\/uploads\/2017\/06\/RF-Face-Handle.jpg\" alt=\"\" width=\"710\" height=\"498\" \/><p id=\"caption-attachment-1703\" class=\"wp-caption-text\">Cabezal de Radiofrecuencia tripolar facial.<\/p><\/div>\n<p>&nbsp;<\/p>\n<p>&nbsp;<\/p>\n<p><em>\u00bfCu\u00e1les son los efectos del Ultrasonido a 40KHz combinado con la Radiofrecuencia tripolar?<\/em><br \/>\n\u2666 Reafirma la piel fl\u00e1cida de brazos, piernas, muslos, nalgas, cintura, espalda y abdomen.<\/p>\n<p>\u2666 Ayuda a perder grasa corporal localizada. Los tratamientos deben combinarse con una dieta adecuada y ejercicio regular.<br \/>\n\u2666 Mejorar la apariencia de la celulitis.<br \/>\n\u2666 La radiofrecuencia en el rostro tonifica y reafirma la piel al promover el nuevo crecimiento del col\u00e1geno.<\/p>\n<p>&nbsp;<\/p>\n<div id=\"attachment_1704\" style=\"width: 645px\" class=\"wp-caption aligncenter\"><img loading=\"lazy\" decoding=\"async\" aria-describedby=\"caption-attachment-1704\" class=\"wp-image-1704 size-full\" src=\"http:\/\/areton-ltd.com\/wp-content\/uploads\/2017\/06\/RF-Body-handle.jpg\" alt=\"\" width=\"635\" height=\"379\" \/><p id=\"caption-attachment-1704\" class=\"wp-caption-text\">Cabezal de Radiofrecuencia tripolar corporal<\/p><\/div>\n<p>&nbsp;<\/p>\n<p><strong>Ventajas t\u00e9cnicas<\/strong><\/p>\n<ol>\n<li>\u00a0Dise\u00f1o compacto y elegante.<\/li>\n<li>\u00a010 niveles de potencia corporal de Radiofrecuencia<\/li>\n<li>\u00a020 niveles de potencia facial de radiofrecuencia<\/li>\n<li>Onda Continua Ultras\u00f3nica a 40 KHz m\u00e1s tres modos pulsados \u200b\u200bmodulados. 10 niveles de potencia por modo.<\/li>\n<li>Interfaz sencilla, f\u00e1cil e intuitiva de operar.<\/li>\n<li>Bajo costo, r\u00e1pido retorno de la inversi\u00f3n.<\/li>\n<\/ol>\n<p>&nbsp;<\/p>\n<p><strong>Contraindicaciones. Evite el tratamiento en los siguientes casos:<\/strong><br \/>\n1. Mujeres en estado de embarazo o que puedan estarlo<br \/>\n2. Cardi\u00f3patas<br \/>\n3. Personas con enfermedades vasculares<br \/>\n4. Personas con marcapasos<br \/>\n5. Personas con termombosis o tromboflebitis.<br \/>\n6. Personas en tratamiento con anticoagulantes<br \/>\n7. Personas que se han sometido a un trasplante<br \/>\n8. Personas con pr\u00f3tesis o implantes met\u00e1licos grandes<br \/>\n9. Diab\u00e9ticos<br \/>\n10. epil\u00e9pticos<\/p>\n<p>&nbsp;<\/p>\n<p><strong>Gu\u00eda de inicio r\u00e1pido<\/strong><\/p>\n<ul>\n<li>Conecte la unidad a la fuente de alimentaci\u00f3n a trav\u00e9s del cable proporcionado.<\/li>\n<li>Encienda la unidad usando el interruptor rojo en la parte posterior de la unidad.<\/li>\n<\/ul>\n<div id=\"attachment_1714\" style=\"width: 310px\" class=\"wp-caption alignnone\"><img loading=\"lazy\" decoding=\"async\" aria-describedby=\"caption-attachment-1714\" class=\"wp-image-1714 size-medium\" src=\"http:\/\/areton-ltd.com\/wp-content\/uploads\/2017\/06\/IMG_20170612_164348-e1497686639969-300x157.jpg\" alt=\"\" width=\"300\" height=\"157\" \/><p id=\"caption-attachment-1714\" class=\"wp-caption-text\">interruptor trasero<\/p><\/div>\n<div id=\"attachment_1707\" style=\"width: 310px\" class=\"wp-caption alignright\"><img loading=\"lazy\" decoding=\"async\" aria-describedby=\"caption-attachment-1707\" class=\"wp-image-1707 size-medium\" src=\"http:\/\/areton-ltd.com\/wp-content\/uploads\/2017\/06\/screen-300x152.jpg\" alt=\"\" width=\"300\" height=\"152\" \/><p id=\"caption-attachment-1707\" class=\"wp-caption-text\">Interfaz de usuario<\/p><\/div>\n<ul>\n<li>Conecte los tres cabezales al lado rojo de la unidad. Los primeros dos enchufes del frente de la unidad tienen tres clavijas cada uno. El primer enchufe desde la parte frontal de la unidad es el enchufe de Radiofrecuencia del cuerpo. El segundo es el conector frontal de Radiofrecuencia. El \u00faltimo con cuatro pines es el cabezal de cavitaci\u00f3n por ultrasonido.<\/li>\n<li>Inserte y gire la llave en el frente de la unidad.<\/li>\n<\/ul>\n<p><iframe src=\"https:\/\/www.youtube.com\/embed\/dcHBU01Zmz4\" width=\"890\" height=\"600\" frameborder=\"0\" allowfullscreen=\"allowfullscreen\"><\/iframe><\/p>\n<p>&nbsp;<\/p>\n<p><strong>Instrucciones b\u00e1sicas de uso:<\/strong><\/p>\n<p>1. Aplique una cantidad suficiente de gel (gel de conducci\u00f3n de ultrasonidos).<br \/>\n2. Mantenga el aplicador ultras\u00f3nico en pleno contacto con el \u00e1rea de tratamiento.<br \/>\n3. No mantenga el aplicador ultras\u00f3nico y de Radiofrecuencia en el mismo lugar durante m\u00e1s de 2 segundos y siga moviendo los aplicadores constantemente. Mantener los aplicadores en el mismo lugar durante demasiado tiempo podr\u00eda provocar tratamientos intensos en la zona espec\u00edfica tratada.<br \/>\n4. Evite tratar \u00e1reas \u00f3seas (es decir, rodillas y frente) y no lo use directamente en las articulaciones.<br \/>\n5. En caso de descansar durante el tratamiento, haga \u201cPAUSA\u201d y luego \u201cDET\u00c9NGASE\u201d.<br \/>\n6. Despu\u00e9s de 2 horas de funcionamiento continuo del dispositivo, permita que descanse unos 20 minutos.<br \/>\n7. Tratamiento con Radiofrecuencia: Presione el bot\u00f3n \u201cRF\u201d en la interfaz de tratamiento con Radiofrecuencia, aparecer\u00e1 el tratamiento corporal por defecto, presione dos veces el bot\u00f3n \u201cRF\u201d para ingresar a la interfaz de tratamiento facial.<br \/>\n8. Tratamiento de cavitaci\u00f3n: presione \"40 K\" en la interfaz de tratamiento de cavitaci\u00f3n<\/p>\n<p>&nbsp;<\/p>\n<p>&nbsp;<\/p>\n<p>&nbsp;<\/p>\n<p><strong>Especificaciones t\u00e9cnicas:<\/strong><\/p>\n<p>1. Frecuencia de la radiofrecuencia: 1 MHz<br \/>\n2. Intensidad de Radiofrecuencia: m\u00e1x. 60J\/cm3<br \/>\n3. Frecuencia de cavitaci\u00f3n: 35 KHz-45 KHz<br \/>\n4. Potencia: 50W<br \/>\n5. Voltaje: AC230V\u00b110%,50Hz\u00b11Hz\/AC110V\u00b110%,60Hz\u00b11Hz<br \/>\n6. Peso bruto: 7 kg.<br \/>\n7. Tama\u00f1o del empaque: 41*33*20cm<br \/>\n<a name=\"training\"><\/a><\/p>\n<p>&nbsp;<\/p>\n<p>&nbsp;<\/p>\n<p><strong>V\u00eddeo de entrenamiento de Radiofrecuencia facial.<\/strong><\/p>\n<p><iframe src=\"https:\/\/www.youtube.com\/embed\/FNhg992XQAw\" width=\"890\" height=\"600\" frameborder=\"0\" allowfullscreen=\"allowfullscreen\"><\/iframe><\/p>\n<p><strong>V\u00eddeos de entrenamiento sobre la cavitaci\u00f3n ultras\u00f3nica y la Radiofrecuencia corporal<\/strong><\/p>\n<p><iframe src=\"https:\/\/www.youtube.com\/embed\/Nb4H0lbguUg\" width=\"890\" height=\"600\" frameborder=\"0\" allowfullscreen=\"allowfullscreen\"><\/iframe><\/p>\n<p><iframe src=\"https:\/\/www.youtube.com\/embed\/_AhMO1i4GEc\" width=\"890\" height=\"600\" frameborder=\"0\" allowfullscreen=\"allowfullscreen\"><\/iframe><\/p>\n<p><iframe src=\"https:\/\/www.youtube.com\/embed\/awMXlqi5CJY\" width=\"890\" height=\"600\" frameborder=\"0\" allowfullscreen=\"allowfullscreen\"><\/iframe><\/p>","protected":false},"excerpt":{"rendered":"<p>Areton Body Sculptor (Tripolar RF+Cavitation) Online Manual Training Videos &nbsp; &nbsp; Please read through this manual before using the product.<\/p>","protected":false},"author":5,"featured_media":0,"parent":0,"menu_order":0,"comment_status":"closed","ping_status":"closed","template":"","meta":{"_monsterinsights_skip_tracking":false,"_monsterinsights_sitenote_active":false,"_monsterinsights_sitenote_note":"","_monsterinsights_sitenote_category":0,"footnotes":""},"class_list":["post-1698","page","type-page","status-publish","hentry"],"yoast_head":"<!-- This site is optimized with the Yoast SEO Premium plugin v22.8 (Yoast SEO v27.2) - https:\/\/yoast.com\/product\/yoast-seo-premium-wordpress\/ -->\n<title>Body Sculptor Manual - Areton<\/title>\n<meta name=\"robots\" content=\"index, follow, max-snippet:-1, max-image-preview:large, max-video-preview:-1\" \/>\n<link rel=\"canonical\" href=\"https:\/\/areton-ltd.com\/es\/body-sculptor-manual\/\" \/>\n<meta property=\"og:locale\" content=\"es_ES\" \/>\n<meta property=\"og:type\" content=\"article\" \/>\n<meta property=\"og:title\" content=\"Body Sculptor Manual\" \/>\n<meta property=\"og:description\" content=\"Areton Body Sculptor (Tripolar RF+Cavitation) Online Manual Training Videos &nbsp; &nbsp; Please read through this manual before using the product.\" \/>\n<meta property=\"og:url\" content=\"https:\/\/areton-ltd.com\/es\/body-sculptor-manual\/\" \/>\n<meta property=\"og:site_name\" content=\"Areton\" \/>\n<meta property=\"article:publisher\" content=\"https:\/\/www.facebook.com\/aretonEU\/\" \/>\n<meta property=\"og:image\" content=\"http:\/\/areton-ltd.com\/wp-content\/uploads\/2017\/06\/body-sculptor.png\" \/>\n<meta name=\"twitter:card\" content=\"summary_large_image\" \/>\n<meta name=\"twitter:label1\" content=\"Tiempo de lectura\" \/>\n\t<meta name=\"twitter:data1\" content=\"4 minutos\" \/>\n<script type=\"application\/ld+json\" class=\"yoast-schema-graph\">{\"@context\":\"https:\/\/schema.org\",\"@graph\":[{\"@type\":\"WebPage\",\"@id\":\"https:\/\/areton-ltd.com\/es\/body-sculptor-manual\/\",\"url\":\"https:\/\/areton-ltd.com\/es\/body-sculptor-manual\/\",\"name\":\"Body Sculptor Manual - Areton\",\"isPartOf\":{\"@id\":\"https:\/\/areton-ltd.com\/#website\"},\"primaryImageOfPage\":{\"@id\":\"https:\/\/areton-ltd.com\/es\/body-sculptor-manual\/#primaryimage\"},\"image\":{\"@id\":\"https:\/\/areton-ltd.com\/es\/body-sculptor-manual\/#primaryimage\"},\"thumbnailUrl\":\"http:\/\/areton-ltd.com\/wp-content\/uploads\/2017\/06\/body-sculptor.png\",\"datePublished\":\"2017-06-12T03:45:47+00:00\",\"breadcrumb\":{\"@id\":\"https:\/\/areton-ltd.com\/es\/body-sculptor-manual\/#breadcrumb\"},\"inLanguage\":\"es\",\"potentialAction\":[{\"@type\":\"ReadAction\",\"target\":[\"https:\/\/areton-ltd.com\/es\/body-sculptor-manual\/\"]}]},{\"@type\":\"ImageObject\",\"inLanguage\":\"es\",\"@id\":\"https:\/\/areton-ltd.com\/es\/body-sculptor-manual\/#primaryimage\",\"url\":\"http:\/\/areton-ltd.com\/wp-content\/uploads\/2017\/06\/body-sculptor.png\",\"contentUrl\":\"http:\/\/areton-ltd.com\/wp-content\/uploads\/2017\/06\/body-sculptor.png\"},{\"@type\":\"BreadcrumbList\",\"@id\":\"https:\/\/areton-ltd.com\/es\/body-sculptor-manual\/#breadcrumb\",\"itemListElement\":[{\"@type\":\"ListItem\",\"position\":1,\"name\":\"Home\",\"item\":\"https:\/\/areton-ltd.com\/\"},{\"@type\":\"ListItem\",\"position\":2,\"name\":\"Body Sculptor Manual\"}]},{\"@type\":\"WebSite\",\"@id\":\"https:\/\/areton-ltd.com\/#website\",\"url\":\"https:\/\/areton-ltd.com\/\",\"name\":\"Areton LTD\",\"description\":\"Organic Skin Care &amp; Hair Care Products\",\"publisher\":{\"@id\":\"https:\/\/areton-ltd.com\/#organization\"},\"potentialAction\":[{\"@type\":\"SearchAction\",\"target\":{\"@type\":\"EntryPoint\",\"urlTemplate\":\"https:\/\/areton-ltd.com\/?s={search_term_string}\"},\"query-input\":{\"@type\":\"PropertyValueSpecification\",\"valueRequired\":true,\"valueName\":\"search_term_string\"}}],\"inLanguage\":\"es\"},{\"@type\":\"Organization\",\"@id\":\"https:\/\/areton-ltd.com\/#organization\",\"name\":\"Areton\",\"url\":\"https:\/\/areton-ltd.com\/\",\"logo\":{\"@type\":\"ImageObject\",\"inLanguage\":\"es\",\"@id\":\"https:\/\/areton-ltd.com\/#\/schema\/logo\/image\/\",\"url\":\"https:\/\/areton-ltd.com\/wp-content\/uploads\/2024\/05\/logo.png\",\"contentUrl\":\"https:\/\/areton-ltd.com\/wp-content\/uploads\/2024\/05\/logo.png\",\"width\":400,\"height\":400,\"caption\":\"Areton\"},\"image\":{\"@id\":\"https:\/\/areton-ltd.com\/#\/schema\/logo\/image\/\"},\"sameAs\":[\"https:\/\/www.facebook.com\/aretonEU\/\"],\"email\":\"info@areton-ltd.com\",\"telephone\":\"+44 7830 885825\",\"legalName\":\"Aretom LTD\",\"vatID\":\"09397231\",\"publishingPrinciples\":\"https:\/\/areton-ltd.com\/about-us\/\",\"ownershipFundingInfo\":\"https:\/\/areton-ltd.com\/about-us\/\"}]}<\/script>\n<!-- \/ Yoast SEO Premium plugin. -->","yoast_head_json":{"title":"Body Sculptor Manual - Areton","robots":{"index":"index","follow":"follow","max-snippet":"max-snippet:-1","max-image-preview":"max-image-preview:large","max-video-preview":"max-video-preview:-1"},"canonical":"https:\/\/areton-ltd.com\/es\/body-sculptor-manual\/","og_locale":"es_ES","og_type":"article","og_title":"Body Sculptor Manual","og_description":"Areton Body Sculptor (Tripolar RF+Cavitation) Online Manual Training Videos &nbsp; &nbsp; Please read through this manual before using the product.","og_url":"https:\/\/areton-ltd.com\/es\/body-sculptor-manual\/","og_site_name":"Areton","article_publisher":"https:\/\/www.facebook.com\/aretonEU\/","og_image":[{"url":"http:\/\/areton-ltd.com\/wp-content\/uploads\/2017\/06\/body-sculptor.png","type":"","width":"","height":""}],"twitter_card":"summary_large_image","twitter_misc":{"Tiempo de lectura":"4 minutos"},"schema":{"@context":"https:\/\/schema.org","@graph":[{"@type":"WebPage","@id":"https:\/\/areton-ltd.com\/es\/body-sculptor-manual\/","url":"https:\/\/areton-ltd.com\/es\/body-sculptor-manual\/","name":"Body Sculptor Manual - Areton","isPartOf":{"@id":"https:\/\/areton-ltd.com\/#website"},"primaryImageOfPage":{"@id":"https:\/\/areton-ltd.com\/es\/body-sculptor-manual\/#primaryimage"},"image":{"@id":"https:\/\/areton-ltd.com\/es\/body-sculptor-manual\/#primaryimage"},"thumbnailUrl":"http:\/\/areton-ltd.com\/wp-content\/uploads\/2017\/06\/body-sculptor.png","datePublished":"2017-06-12T03:45:47+00:00","breadcrumb":{"@id":"https:\/\/areton-ltd.com\/es\/body-sculptor-manual\/#breadcrumb"},"inLanguage":"es","potentialAction":[{"@type":"ReadAction","target":["https:\/\/areton-ltd.com\/es\/body-sculptor-manual\/"]}]},{"@type":"ImageObject","inLanguage":"es","@id":"https:\/\/areton-ltd.com\/es\/body-sculptor-manual\/#primaryimage","url":"http:\/\/areton-ltd.com\/wp-content\/uploads\/2017\/06\/body-sculptor.png","contentUrl":"http:\/\/areton-ltd.com\/wp-content\/uploads\/2017\/06\/body-sculptor.png"},{"@type":"BreadcrumbList","@id":"https:\/\/areton-ltd.com\/es\/body-sculptor-manual\/#breadcrumb","itemListElement":[{"@type":"ListItem","position":1,"name":"Home","item":"https:\/\/areton-ltd.com\/"},{"@type":"ListItem","position":2,"name":"Body Sculptor Manual"}]},{"@type":"WebSite","@id":"https:\/\/areton-ltd.com\/#website","url":"https:\/\/areton-ltd.com\/","name":"Areton LTD","description":"Organic Skin Care &amp; Hair Care Products","publisher":{"@id":"https:\/\/areton-ltd.com\/#organization"},"potentialAction":[{"@type":"SearchAction","target":{"@type":"EntryPoint","urlTemplate":"https:\/\/areton-ltd.com\/?s={search_term_string}"},"query-input":{"@type":"PropertyValueSpecification","valueRequired":true,"valueName":"search_term_string"}}],"inLanguage":"es"},{"@type":"Organization","@id":"https:\/\/areton-ltd.com\/#organization","name":"Areton","url":"https:\/\/areton-ltd.com\/","logo":{"@type":"ImageObject","inLanguage":"es","@id":"https:\/\/areton-ltd.com\/#\/schema\/logo\/image\/","url":"https:\/\/areton-ltd.com\/wp-content\/uploads\/2024\/05\/logo.png","contentUrl":"https:\/\/areton-ltd.com\/wp-content\/uploads\/2024\/05\/logo.png","width":400,"height":400,"caption":"Areton"},"image":{"@id":"https:\/\/areton-ltd.com\/#\/schema\/logo\/image\/"},"sameAs":["https:\/\/www.facebook.com\/aretonEU\/"],"email":"info@areton-ltd.com","telephone":"+44 7830 885825","legalName":"Aretom LTD","vatID":"09397231","publishingPrinciples":"https:\/\/areton-ltd.com\/about-us\/","ownershipFundingInfo":"https:\/\/areton-ltd.com\/about-us\/"}]}},"_links":{"self":[{"href":"https:\/\/areton-ltd.com\/es\/wp-json\/wp\/v2\/pages\/1698","targetHints":{"allow":["GET"]}}],"collection":[{"href":"https:\/\/areton-ltd.com\/es\/wp-json\/wp\/v2\/pages"}],"about":[{"href":"https:\/\/areton-ltd.com\/es\/wp-json\/wp\/v2\/types\/page"}],"author":[{"embeddable":true,"href":"https:\/\/areton-ltd.com\/es\/wp-json\/wp\/v2\/users\/5"}],"replies":[{"embeddable":true,"href":"https:\/\/areton-ltd.com\/es\/wp-json\/wp\/v2\/comments?post=1698"}],"version-history":[{"count":0,"href":"https:\/\/areton-ltd.com\/es\/wp-json\/wp\/v2\/pages\/1698\/revisions"}],"wp:attachment":[{"href":"https:\/\/areton-ltd.com\/es\/wp-json\/wp\/v2\/media?parent=1698"}],"curies":[{"name":"wp","href":"https:\/\/api.w.org\/{rel}","templated":true}]}}